{"id":1020,"date":"2025-07-12T16:48:34","date_gmt":"2025-07-12T16:48:34","guid":{"rendered":"https:\/\/afrosinogros.com\/?post_type=product&#038;p=1020"},"modified":"2025-07-12T16:48:34","modified_gmt":"2025-07-12T16:48:34","slug":"colonne-de-douche-psa1003bn-elegance-minimaliste-en-finition-gris-brosse","status":"publish","type":"product","link":"https:\/\/afrosinogros.com\/zh\/product\/colonne-de-douche-psa1003bn-elegance-minimaliste-en-finition-gris-brosse\/","title":{"rendered":"Colonne de douche PSA1003BN \u2013 \u00c9l\u00e9gance minimaliste en finition gris bross\u00e9"},"content":{"rendered":"<p data-start=\"229\" data-end=\"542\">La <strong data-start=\"232\" data-end=\"263\">colonne de douche PSA1003BN<\/strong> est pens\u00e9e pour allier <strong data-start=\"287\" data-end=\"305\">design moderne<\/strong>, <strong data-start=\"307\" data-end=\"321\">robustesse<\/strong> et <strong data-start=\"325\" data-end=\"350\">confort d\u2019utilisation<\/strong>. Avec sa finition <strong data-start=\"369\" data-end=\"389\">gris bross\u00e9 (BN)<\/strong> et son style \u00e9pur\u00e9, elle s\u2019adapte parfaitement aux salles de bain contemporaines, que ce soit dans les projets r\u00e9sidentiels, h\u00f4teliers ou haut de gamme.<\/p>\n<p data-start=\"544\" data-end=\"697\">Dot\u00e9e d\u2019une structure solide, elle offre une exp\u00e9rience de douche agr\u00e9able gr\u00e2ce \u00e0 une <strong data-start=\"631\" data-end=\"665\">distribution homog\u00e8ne de l\u2019eau<\/strong> et une <strong data-start=\"673\" data-end=\"696\">installation facile<\/strong>.<\/p>\n<p data-start=\"699\" data-end=\"731\">\ud83d\udcbc <strong data-start=\"702\" data-end=\"729\">Utilisation recommand\u00e9e<\/strong> :<\/p>\n<ul data-start=\"732\" data-end=\"912\">\n<li data-start=\"732\" data-end=\"769\">\n<p data-start=\"734\" data-end=\"769\">Projets r\u00e9sidentiels et h\u00f4teliers<\/p>\n<\/li>\n<li data-start=\"770\" data-end=\"830\">\n<p data-start=\"772\" data-end=\"830\">Logements meubl\u00e9s, chantiers de r\u00e9novation haut de gamme<\/p>\n<\/li>\n<li data-start=\"831\" data-end=\"912\">\n<p data-start=\"833\" data-end=\"912\">Convient aux professionnels du sanitaire, d\u00e9corateurs et promoteurs immobiliers<\/p>\n<\/li>\n<\/ul>\n<p data-start=\"914\" data-end=\"1098\">\ud83d\udccc Finition gris mat bross\u00e9 r\u00e9sistante \u00e0 l\u2019humidit\u00e9 et \u00e0 la corrosion<br data-start=\"983\" data-end=\"986\" \/>\ud83d\udccc Structure robuste \u2013 id\u00e9ale pour un usage fr\u00e9quent<br data-start=\"1038\" data-end=\"1041\" \/>\ud83d\udccc Produit conforme aux standards internationaux d\u2019export<\/p>","protected":false},"excerpt":{"rendered":"<h3 data-start=\"1105\" data-end=\"1141\">\u2728 <strong data-start=\"1111\" data-end=\"1141\">Caract\u00e9ristiques produit :<\/strong><\/h3>\n<p data-start=\"1143\" data-end=\"1480\">\u2705 <strong data-start=\"1145\" data-end=\"1155\">Mod\u00e8le<\/strong> : PSA1003BN<br data-start=\"1167\" data-end=\"1170\" \/>\u2705 <strong data-start=\"1172\" data-end=\"1180\">Type<\/strong> : Colonne de douche compl\u00e8te<br data-start=\"1209\" data-end=\"1212\" \/>\u2705 <strong data-start=\"1214\" data-end=\"1226\">Finition<\/strong> : Gris bross\u00e9 (BN \u2013 Brushed Nickel)<br data-start=\"1262\" data-end=\"1265\" \/>\u2705 <strong data-start=\"1267\" data-end=\"1285\">Poids unitaire<\/strong> : 2,5 kg<br data-start=\"1294\" data-end=\"1297\" \/>\u2705 <strong data-start=\"1299\" data-end=\"1315\">Installation<\/strong> : Montage mural avec raccords standards<br data-start=\"1355\" data-end=\"1358\" \/>\u2705 <strong data-start=\"1360\" data-end=\"1372\">Mat\u00e9riau<\/strong> : Acier inox ou alliage trait\u00e9 avec finition nickel bross\u00e9<br data-start=\"1431\" data-end=\"1434\" \/>\u2705 <strong data-start=\"1436\" data-end=\"1445\">Style<\/strong> : Moderne, \u00e9pur\u00e9, finition premium<\/p>\n<hr data-start=\"1482\" data-end=\"1485\" \/>\n<p data-start=\"1487\" data-end=\"1520\">\ud83d\udce6 <strong data-start=\"1490\" data-end=\"1520\">Informations logistiques :<\/strong><\/p>\n<ul data-start=\"1522\" data-end=\"1702\">\n<li data-start=\"1522\" data-end=\"1602\">\n<p data-start=\"1524\" data-end=\"1602\"><strong data-start=\"1524\" data-end=\"1543\">Conditionnement<\/strong> : 1 pi\u00e8ce par bo\u00eete \/ 10 bo\u00eetes par carton (1pc x 10bxs)<\/p>\n<\/li>\n<li data-start=\"1603\" data-end=\"1642\">\n<p data-start=\"1605\" data-end=\"1642\"><strong data-start=\"1605\" data-end=\"1631\">Poids total par carton<\/strong> : ~25 kg<\/p>\n<\/li>\n<li data-start=\"1643\" data-end=\"1666\">\n<p data-start=\"1645\" data-end=\"1666\"><strong data-start=\"1645\" data-end=\"1656\">Origine<\/strong> : Chine<\/p>\n<\/li>\n<li data-start=\"1667\" data-end=\"1702\">\n<p data-start=\"1669\" data-end=\"1702\"><strong data-start=\"1669\" data-end=\"1690\">R\u00e9f\u00e9rence produit<\/strong> : PSA1003BN<\/p>\n<\/li>\n<\/ul>\n<hr data-start=\"1704\" data-end=\"1707\" \/>\n<p data-start=\"1709\" data-end=\"1752\">\ud83d\ude9b <strong data-start=\"1712\" data-end=\"1752\">Conditions de commande &amp; livraison :<\/strong><\/p>\n<p data-start=\"1754\" data-end=\"2003\">\ud83d\uded2 <strong data-start=\"1757\" data-end=\"1784\">Commande minimale (MOQ)<\/strong> : 10 pi\u00e8ces (1 carton)<br data-start=\"1807\" data-end=\"1810\" \/>\ud83d\ude9a <strong data-start=\"1813\" data-end=\"1834\">Livraison offerte<\/strong> \u00e0 partir de 30 pi\u00e8ces (3 cartons ou plus)<br data-start=\"1876\" data-end=\"1879\" \/>\u26a0\ufe0f <strong data-start=\"1882\" data-end=\"1916\">Commande entre 10 et 29 pi\u00e8ces<\/strong> : frais de transport en sus<br data-start=\"1944\" data-end=\"1947\" \/>\u2705 <strong data-start=\"1949\" data-end=\"2003\">Disponible uniquement en finition gris bross\u00e9 (BN)<\/strong><\/p>","protected":false},"featured_media":997,"comment_status":"open","ping_status":"closed","template":"","meta":{"_uag_custom_page_level_css":""},"product_brand":[99],"product_cat":[63],"product_tag":[],"class_list":{"0":"post-1020","1":"product","2":"type-product","3":"status-publish","4":"has-post-thumbnail","6":"product_brand-doli","7":"product_cat-equipements-de-salle-de-bain","9":"first","10":"instock","11":"taxable","12":"shipping-taxable","13":"purchasable","14":"product-type-simple"},"yoast_head":"<!-- This site is optimized with the Yoast SEO plugin v27.3 - https:\/\/yoast.com\/product\/yoast-seo-wordpress\/ -->\n<title>Colonne de douche PSA1003BN \u2013 \u00c9l\u00e9gance minimaliste en finition gris bross\u00e9 - AfroSino<\/title>\n<meta name=\"robots\" content=\"index, follow, max-snippet:-1, max-image-preview:large, max-video-preview:-1\" \/>\n<link rel=\"canonical\" href=\"https:\/\/afrosinogros.com\/zh\/product\/colonne-de-douche-psa1003bn-elegance-minimaliste-en-finition-gris-brosse\/\" \/>\n<meta property=\"og:locale\" content=\"zh_CN\" \/>\n<meta property=\"og:type\" content=\"article\" \/>\n<meta property=\"og:title\" content=\"Colonne de douche PSA1003BN \u2013 \u00c9l\u00e9gance minimaliste en finition gris bross\u00e9 - AfroSino\" \/>\n<meta property=\"og:description\" content=\"\u2728 Caract\u00e9ristiques produit : \u2705 Mod\u00e8le : PSA1003BN\u2705 Type : Colonne de douche compl\u00e8te\u2705 Finition : Gris bross\u00e9 (BN \u2013 Brushed Nickel)\u2705 Poids unitaire : 2,5 kg\u2705 Installation : Montage mural avec raccords standards\u2705 Mat\u00e9riau : Acier inox ou alliage trait\u00e9 avec finition nickel bross\u00e9\u2705 Style : Moderne, \u00e9pur\u00e9, finition premium    \ud83d\udce6 Informations logistiques :     Conditionnement : 1 pi\u00e8ce par bo\u00eete \/ 10 bo\u00eetes par carton (1pc x 10bxs)    Poids total par carton : ~25 kg    Origine : Chine    R\u00e9f\u00e9rence produit : PSA1003BN     \ud83d\ude9b Conditions de commande &amp; livraison : \ud83d\uded2 Commande minimale (MOQ) : 10 pi\u00e8ces (1 carton)\ud83d\ude9a Livraison offerte \u00e0 partir de 30 pi\u00e8ces (3 cartons ou plus)\u26a0\ufe0f Commande entre 10 et 29 pi\u00e8ces : frais de transport en sus\u2705 Disponible uniquement en finition gris bross\u00e9 (BN)\" \/>\n<meta property=\"og:url\" content=\"https:\/\/afrosinogros.com\/zh\/product\/colonne-de-douche-psa1003bn-elegance-minimaliste-en-finition-gris-brosse\/\" \/>\n<meta property=\"og:site_name\" content=\"AfroSino\" \/>\n<meta property=\"og:image\" content=\"https:\/\/afrosinogros.com\/wp-content\/uploads\/2025\/07\/PSA1003BN.png\" \/>\n\t<meta property=\"og:image:width\" content=\"800\" \/>\n\t<meta property=\"og:image:height\" content=\"1150\" \/>\n\t<meta property=\"og:image:type\" content=\"image\/png\" \/>\n<meta name=\"twitter:card\" content=\"summary_large_image\" \/>\n<meta name=\"twitter:label1\" content=\"\u9884\u8ba1\u9605\u8bfb\u65f6\u95f4\" \/>\n\t<meta name=\"twitter:data1\" content=\"1 \u5206\" \/>\n<script type=\"application\/ld+json\" class=\"yoast-schema-graph\">{\"@context\":\"https:\\\/\\\/schema.org\",\"@graph\":[{\"@type\":\"WebPage\",\"@id\":\"https:\\\/\\\/afrosinogros.com\\\/product\\\/colonne-de-douche-psa1003bn-elegance-minimaliste-en-finition-gris-brosse\\\/\",\"url\":\"https:\\\/\\\/afrosinogros.com\\\/product\\\/colonne-de-douche-psa1003bn-elegance-minimaliste-en-finition-gris-brosse\\\/\",\"name\":\"Colonne de douche PSA1003BN \u2013 \u00c9l\u00e9gance minimaliste en finition gris bross\u00e9 - AfroSino\",\"isPartOf\":{\"@id\":\"https:\\\/\\\/afrosinogros.com\\\/#website\"},\"primaryImageOfPage\":{\"@id\":\"https:\\\/\\\/afrosinogros.com\\\/product\\\/colonne-de-douche-psa1003bn-elegance-minimaliste-en-finition-gris-brosse\\\/#primaryimage\"},\"image\":{\"@id\":\"https:\\\/\\\/afrosinogros.com\\\/product\\\/colonne-de-douche-psa1003bn-elegance-minimaliste-en-finition-gris-brosse\\\/#primaryimage\"},\"thumbnailUrl\":\"https:\\\/\\\/afrosinogros.com\\\/wp-content\\\/uploads\\\/2025\\\/07\\\/PSA1003BN.png\",\"datePublished\":\"2025-07-12T16:48:34+00:00\",\"breadcrumb\":{\"@id\":\"https:\\\/\\\/afrosinogros.com\\\/product\\\/colonne-de-douche-psa1003bn-elegance-minimaliste-en-finition-gris-brosse\\\/#breadcrumb\"},\"inLanguage\":\"zh-Hans\",\"potentialAction\":[{\"@type\":\"ReadAction\",\"target\":[\"https:\\\/\\\/afrosinogros.com\\\/product\\\/colonne-de-douche-psa1003bn-elegance-minimaliste-en-finition-gris-brosse\\\/\"]}]},{\"@type\":\"ImageObject\",\"inLanguage\":\"zh-Hans\",\"@id\":\"https:\\\/\\\/afrosinogros.com\\\/product\\\/colonne-de-douche-psa1003bn-elegance-minimaliste-en-finition-gris-brosse\\\/#primaryimage\",\"url\":\"https:\\\/\\\/afrosinogros.com\\\/wp-content\\\/uploads\\\/2025\\\/07\\\/PSA1003BN.png\",\"contentUrl\":\"https:\\\/\\\/afrosinogros.com\\\/wp-content\\\/uploads\\\/2025\\\/07\\\/PSA1003BN.png\",\"width\":800,\"height\":1150},{\"@type\":\"BreadcrumbList\",\"@id\":\"https:\\\/\\\/afrosinogros.com\\\/product\\\/colonne-de-douche-psa1003bn-elegance-minimaliste-en-finition-gris-brosse\\\/#breadcrumb\",\"itemListElement\":[{\"@type\":\"ListItem\",\"position\":1,\"name\":\"Home\",\"item\":\"https:\\\/\\\/afrosinogros.com\\\/\"},{\"@type\":\"ListItem\",\"position\":2,\"name\":\"Magasin\",\"item\":\"https:\\\/\\\/afrosinogros.com\\\/magasin\\\/\"},{\"@type\":\"ListItem\",\"position\":3,\"name\":\"Colonne de douche PSA1003BN \u2013 \u00c9l\u00e9gance minimaliste en finition gris bross\u00e9\"}]},{\"@type\":\"WebSite\",\"@id\":\"https:\\\/\\\/afrosinogros.com\\\/#website\",\"url\":\"https:\\\/\\\/afrosinogros.com\\\/\",\"name\":\"AfroSino\",\"description\":\"Officiel site web\",\"publisher\":{\"@id\":\"https:\\\/\\\/afrosinogros.com\\\/#organization\"},\"potentialAction\":[{\"@type\":\"SearchAction\",\"target\":{\"@type\":\"EntryPoint\",\"urlTemplate\":\"https:\\\/\\\/afrosinogros.com\\\/?s={search_term_string}\"},\"query-input\":{\"@type\":\"PropertyValueSpecification\",\"valueRequired\":true,\"valueName\":\"search_term_string\"}}],\"inLanguage\":\"zh-Hans\"},{\"@type\":\"Organization\",\"@id\":\"https:\\\/\\\/afrosinogros.com\\\/#organization\",\"name\":\"AfroSino\",\"url\":\"https:\\\/\\\/afrosinogros.com\\\/\",\"logo\":{\"@type\":\"ImageObject\",\"inLanguage\":\"zh-Hans\",\"@id\":\"https:\\\/\\\/afrosinogros.com\\\/#\\\/schema\\\/logo\\\/image\\\/\",\"url\":\"https:\\\/\\\/afrosinogros.com\\\/wp-content\\\/uploads\\\/2025\\\/09\\\/cropped-afrosino_logo_optimized-removebg-preview.png\",\"contentUrl\":\"https:\\\/\\\/afrosinogros.com\\\/wp-content\\\/uploads\\\/2025\\\/09\\\/cropped-afrosino_logo_optimized-removebg-preview.png\",\"width\":512,\"height\":512,\"caption\":\"AfroSino\"},\"image\":{\"@id\":\"https:\\\/\\\/afrosinogros.com\\\/#\\\/schema\\\/logo\\\/image\\\/\"}}]}<\/script>\n<!-- \/ Yoast SEO plugin. -->","yoast_head_json":{"title":"Colonne de douche PSA1003BN \u2013 \u00c9l\u00e9gance minimaliste en finition gris bross\u00e9 - AfroSino","robots":{"index":"index","follow":"follow","max-snippet":"max-snippet:-1","max-image-preview":"max-image-preview:large","max-video-preview":"max-video-preview:-1"},"canonical":"https:\/\/afrosinogros.com\/zh\/product\/colonne-de-douche-psa1003bn-elegance-minimaliste-en-finition-gris-brosse\/","og_locale":"zh_CN","og_type":"article","og_title":"Colonne de douche PSA1003BN \u2013 \u00c9l\u00e9gance minimaliste en finition gris bross\u00e9 - AfroSino","og_description":"\u2728 Caract\u00e9ristiques produit : \u2705 Mod\u00e8le : PSA1003BN\u2705 Type : Colonne de douche compl\u00e8te\u2705 Finition : Gris bross\u00e9 (BN \u2013 Brushed Nickel)\u2705 Poids unitaire : 2,5 kg\u2705 Installation : Montage mural avec raccords standards\u2705 Mat\u00e9riau : Acier inox ou alliage trait\u00e9 avec finition nickel bross\u00e9\u2705 Style : Moderne, \u00e9pur\u00e9, finition premium    \ud83d\udce6 Informations logistiques :     Conditionnement : 1 pi\u00e8ce par bo\u00eete \/ 10 bo\u00eetes par carton (1pc x 10bxs)    Poids total par carton : ~25 kg    Origine : Chine    R\u00e9f\u00e9rence produit : PSA1003BN     \ud83d\ude9b Conditions de commande &amp; livraison : \ud83d\uded2 Commande minimale (MOQ) : 10 pi\u00e8ces (1 carton)\ud83d\ude9a Livraison offerte \u00e0 partir de 30 pi\u00e8ces (3 cartons ou plus)\u26a0\ufe0f Commande entre 10 et 29 pi\u00e8ces : frais de transport en sus\u2705 Disponible uniquement en finition gris bross\u00e9 (BN)","og_url":"https:\/\/afrosinogros.com\/zh\/product\/colonne-de-douche-psa1003bn-elegance-minimaliste-en-finition-gris-brosse\/","og_site_name":"AfroSino","og_image":[{"width":800,"height":1150,"url":"https:\/\/afrosinogros.com\/wp-content\/uploads\/2025\/07\/PSA1003BN.png","type":"image\/png"}],"twitter_card":"summary_large_image","twitter_misc":{"\u9884\u8ba1\u9605\u8bfb\u65f6\u95f4":"1 \u5206"},"schema":{"@context":"https:\/\/schema.org","@graph":[{"@type":"WebPage","@id":"https:\/\/afrosinogros.com\/product\/colonne-de-douche-psa1003bn-elegance-minimaliste-en-finition-gris-brosse\/","url":"https:\/\/afrosinogros.com\/product\/colonne-de-douche-psa1003bn-elegance-minimaliste-en-finition-gris-brosse\/","name":"Colonne de douche PSA1003BN \u2013 \u00c9l\u00e9gance minimaliste en finition gris bross\u00e9 - AfroSino","isPartOf":{"@id":"https:\/\/afrosinogros.com\/#website"},"primaryImageOfPage":{"@id":"https:\/\/afrosinogros.com\/product\/colonne-de-douche-psa1003bn-elegance-minimaliste-en-finition-gris-brosse\/#primaryimage"},"image":{"@id":"https:\/\/afrosinogros.com\/product\/colonne-de-douche-psa1003bn-elegance-minimaliste-en-finition-gris-brosse\/#primaryimage"},"thumbnailUrl":"https:\/\/afrosinogros.com\/wp-content\/uploads\/2025\/07\/PSA1003BN.png","datePublished":"2025-07-12T16:48:34+00:00","breadcrumb":{"@id":"https:\/\/afrosinogros.com\/product\/colonne-de-douche-psa1003bn-elegance-minimaliste-en-finition-gris-brosse\/#breadcrumb"},"inLanguage":"zh-Hans","potentialAction":[{"@type":"ReadAction","target":["https:\/\/afrosinogros.com\/product\/colonne-de-douche-psa1003bn-elegance-minimaliste-en-finition-gris-brosse\/"]}]},{"@type":"ImageObject","inLanguage":"zh-Hans","@id":"https:\/\/afrosinogros.com\/product\/colonne-de-douche-psa1003bn-elegance-minimaliste-en-finition-gris-brosse\/#primaryimage","url":"https:\/\/afrosinogros.com\/wp-content\/uploads\/2025\/07\/PSA1003BN.png","contentUrl":"https:\/\/afrosinogros.com\/wp-content\/uploads\/2025\/07\/PSA1003BN.png","width":800,"height":1150},{"@type":"BreadcrumbList","@id":"https:\/\/afrosinogros.com\/product\/colonne-de-douche-psa1003bn-elegance-minimaliste-en-finition-gris-brosse\/#breadcrumb","itemListElement":[{"@type":"ListItem","position":1,"name":"Home","item":"https:\/\/afrosinogros.com\/"},{"@type":"ListItem","position":2,"name":"Magasin","item":"https:\/\/afrosinogros.com\/magasin\/"},{"@type":"ListItem","position":3,"name":"Colonne de douche PSA1003BN \u2013 \u00c9l\u00e9gance minimaliste en finition gris bross\u00e9"}]},{"@type":"WebSite","@id":"https:\/\/afrosinogros.com\/#website","url":"https:\/\/afrosinogros.com\/","name":"AfroSino","description":"Officiel site web","publisher":{"@id":"https:\/\/afrosinogros.com\/#organization"},"potentialAction":[{"@type":"SearchAction","target":{"@type":"EntryPoint","urlTemplate":"https:\/\/afrosinogros.com\/?s={search_term_string}"},"query-input":{"@type":"PropertyValueSpecification","valueRequired":true,"valueName":"search_term_string"}}],"inLanguage":"zh-Hans"},{"@type":"Organization","@id":"https:\/\/afrosinogros.com\/#organization","name":"AfroSino","url":"https:\/\/afrosinogros.com\/","logo":{"@type":"ImageObject","inLanguage":"zh-Hans","@id":"https:\/\/afrosinogros.com\/#\/schema\/logo\/image\/","url":"https:\/\/afrosinogros.com\/wp-content\/uploads\/2025\/09\/cropped-afrosino_logo_optimized-removebg-preview.png","contentUrl":"https:\/\/afrosinogros.com\/wp-content\/uploads\/2025\/09\/cropped-afrosino_logo_optimized-removebg-preview.png","width":512,"height":512,"caption":"AfroSino"},"image":{"@id":"https:\/\/afrosinogros.com\/#\/schema\/logo\/image\/"}}]}},"uagb_featured_image_src":{"full":["https:\/\/afrosinogros.com\/wp-content\/uploads\/2025\/07\/PSA1003BN.png",800,1150,false],"thumbnail":["https:\/\/afrosinogros.com\/wp-content\/uploads\/2025\/07\/PSA1003BN-150x150.png",150,150,true],"medium":["https:\/\/afrosinogros.com\/wp-content\/uploads\/2025\/07\/PSA1003BN-209x300.png",209,300,true],"medium_large":["https:\/\/afrosinogros.com\/wp-content\/uploads\/2025\/07\/PSA1003BN-768x1104.png",768,1104,true],"large":["https:\/\/afrosinogros.com\/wp-content\/uploads\/2025\/07\/PSA1003BN-712x1024.png",712,1024,true],"1536x1536":["https:\/\/afrosinogros.com\/wp-content\/uploads\/2025\/07\/PSA1003BN.png",800,1150,false],"2048x2048":["https:\/\/afrosinogros.com\/wp-content\/uploads\/2025\/07\/PSA1003BN.png",800,1150,false],"trp-custom-language-flag":["https:\/\/afrosinogros.com\/wp-content\/uploads\/2025\/07\/PSA1003BN-8x12.png",8,12,true],"woocommerce_archive_thumbnail":["https:\/\/afrosinogros.com\/wp-content\/uploads\/2025\/07\/PSA1003BN-300x431.png",300,431,true],"woocommerce_thumbnail":["https:\/\/afrosinogros.com\/wp-content\/uploads\/2025\/07\/PSA1003BN-300x300.png",300,300,true],"woocommerce_single":["https:\/\/afrosinogros.com\/wp-content\/uploads\/2025\/07\/PSA1003BN-600x863.png",600,863,true],"woocommerce_gallery_thumbnail":["https:\/\/afrosinogros.com\/wp-content\/uploads\/2025\/07\/PSA1003BN-100x100.png",100,100,true]},"uagb_author_info":{"display_name":"admin","author_link":"https:\/\/afrosinogros.com\/zh\/author\/"},"uagb_comment_info":0,"uagb_excerpt":"\u2728 Caract\u00e9ristiques produit : \u2705 Mod\u00e8le : PSA1003BN\u2705 Type : Colonne de douche compl\u00e8te\u2705 Finition : Gris bross\u00e9 (BN \u2013 Brushed Nickel)\u2705 Poids unitaire : 2,5 kg\u2705 Installation : Montage mural avec raccords standards\u2705 Mat\u00e9riau : Acier inox ou alliage trait\u00e9 avec finition nickel bross\u00e9\u2705 Style : Moderne, \u00e9pur\u00e9, finition premium \ud83d\udce6 Informations logistiques :&hellip;","jetpack_sharing_enabled":true,"_links":{"self":[{"href":"https:\/\/afrosinogros.com\/zh\/wp-json\/wp\/v2\/product\/1020","targetHints":{"allow":["GET"]}}],"collection":[{"href":"https:\/\/afrosinogros.com\/zh\/wp-json\/wp\/v2\/product"}],"about":[{"href":"https:\/\/afrosinogros.com\/zh\/wp-json\/wp\/v2\/types\/product"}],"replies":[{"embeddable":true,"href":"https:\/\/afrosinogros.com\/zh\/wp-json\/wp\/v2\/comments?post=1020"}],"wp:featuredmedia":[{"embeddable":true,"href":"https:\/\/afrosinogros.com\/zh\/wp-json\/wp\/v2\/media\/997"}],"wp:attachment":[{"href":"https:\/\/afrosinogros.com\/zh\/wp-json\/wp\/v2\/media?parent=1020"}],"wp:term":[{"taxonomy":"product_brand","embeddable":true,"href":"https:\/\/afrosinogros.com\/zh\/wp-json\/wp\/v2\/product_brand?post=1020"},{"taxonomy":"product_cat","embeddable":true,"href":"https:\/\/afrosinogros.com\/zh\/wp-json\/wp\/v2\/product_cat?post=1020"},{"taxonomy":"product_tag","embeddable":true,"href":"https:\/\/afrosinogros.com\/zh\/wp-json\/wp\/v2\/product_tag?post=1020"}],"curies":[{"name":"wp","href":"https:\/\/api.w.org\/{rel}","templated":true}]}}