{"id":1032,"date":"2025-07-12T17:38:47","date_gmt":"2025-07-12T17:38:47","guid":{"rendered":"https:\/\/afrosinogros.com\/?post_type=product&#038;p=1032"},"modified":"2025-07-12T17:38:47","modified_gmt":"2025-07-12T17:38:47","slug":"serrure-avec-poignee-de-luxe-dlz1010-elegance-securite-et-finitions-haut-de-gamme","status":"publish","type":"product","link":"https:\/\/afrosinogros.com\/zh\/product\/serrure-avec-poignee-de-luxe-dlz1010-elegance-securite-et-finitions-haut-de-gamme\/","title":{"rendered":"Serrure avec poign\u00e9e de luxe DLZ1010 \u2013 \u00c9l\u00e9gance, s\u00e9curit\u00e9 et finitions haut de gamme"},"content":{"rendered":"<p data-start=\"286\" data-end=\"674\">La <strong data-start=\"289\" data-end=\"300\">DLZ1010<\/strong> est une serrure avec poign\u00e9e int\u00e9gr\u00e9e con\u00e7ue pour les projets <strong data-start=\"363\" data-end=\"380\">haut standing<\/strong>. Avec son <strong data-start=\"391\" data-end=\"417\">corps massif de 1,8 kg<\/strong>, elle garantit \u00e0 la fois <strong data-start=\"443\" data-end=\"457\">robustesse<\/strong>, <strong data-start=\"459\" data-end=\"473\">durabilit\u00e9<\/strong> et <strong data-start=\"477\" data-end=\"505\">esth\u00e9tique contemporaine<\/strong>. D\u00e9clin\u00e9e en <strong data-start=\"519\" data-end=\"536\">gris mat (NP)<\/strong> ou <strong data-start=\"540\" data-end=\"561\">noir intense (BN)<\/strong>, cette serrure s\u2019impose comme un choix incontournable pour les architectes, promoteurs ou d\u00e9corateurs exigeants.<\/p>\n<p data-start=\"676\" data-end=\"859\">Con\u00e7ue pour les <strong data-start=\"692\" data-end=\"736\">portes int\u00e9rieures ou d\u2019entr\u00e9e privative<\/strong>, elle offre une <strong data-start=\"753\" data-end=\"775\">exp\u00e9rience premium<\/strong>, adapt\u00e9e aux r\u00e9sidences modernes, villas, suites h\u00f4teli\u00e8res et bureaux de prestige.<\/p>\n<p data-start=\"861\" data-end=\"893\">\ud83d\udcbc <strong data-start=\"864\" data-end=\"891\">Utilisation recommand\u00e9e<\/strong> :<\/p>\n<ul data-start=\"894\" data-end=\"1115\">\n<li data-start=\"894\" data-end=\"966\">\n<p data-start=\"896\" data-end=\"966\">Villas, h\u00f4tels 4-5 \u00e9toiles, r\u00e9sidences de luxe, espaces de direction<\/p>\n<\/li>\n<li data-start=\"967\" data-end=\"1044\">\n<p data-start=\"969\" data-end=\"1044\">Id\u00e9al pour promoteurs immobiliers, architectes, distributeurs sp\u00e9cialis\u00e9s<\/p>\n<\/li>\n<li data-start=\"1045\" data-end=\"1115\">\n<p data-start=\"1047\" data-end=\"1115\">Installation sur portes en bois massif, acier, ou composite renforc\u00e9<\/p>\n<\/li>\n<\/ul>\n<p data-start=\"1117\" data-end=\"1301\">\ud83d\udccc M\u00e9canisme renforc\u00e9 anti-effraction<br data-start=\"1154\" data-end=\"1157\" \/>\ud83d\udccc Finitions premium r\u00e9sistantes aux rayures, \u00e0 l\u2019oxydation et \u00e0 l\u2019humidit\u00e9<br data-start=\"1232\" data-end=\"1235\" \/>\ud83d\udccc Produit test\u00e9 \u2013 conforme aux standards haut de gamme \u00e0 l\u2019export<\/p>","protected":false},"excerpt":{"rendered":"<h3 data-start=\"1308\" data-end=\"1344\">\u2728 <strong data-start=\"1314\" data-end=\"1344\">Caract\u00e9ristiques produit :<\/strong><\/h3>\n<p data-start=\"1346\" data-end=\"1471\">\u2705 <strong data-start=\"1348\" data-end=\"1358\">Mod\u00e8le<\/strong> : DLZ1010<br data-start=\"1368\" data-end=\"1371\" \/>\u2705 <strong data-start=\"1373\" data-end=\"1381\">Type<\/strong> : Serrure compl\u00e8te avec poign\u00e9e int\u00e9gr\u00e9e \u2013 version luxe<br data-start=\"1437\" data-end=\"1440\" \/>\u2705 <strong data-start=\"1442\" data-end=\"1467\">Finitions disponibles<\/strong> :<\/p>\n<ul data-start=\"1472\" data-end=\"1783\">\n<li data-start=\"1472\" data-end=\"1516\">\n<p data-start=\"1474\" data-end=\"1516\"><strong data-start=\"1474\" data-end=\"1487\">DLZ1010NP<\/strong> : Gris mat (Nickel Polish)<\/p>\n<\/li>\n<li data-start=\"1517\" data-end=\"1783\">\n<p data-start=\"1519\" data-end=\"1783\"><strong data-start=\"1519\" data-end=\"1532\">DLZ1010BN<\/strong> : Noir intense (Black Nickel)<br data-start=\"1562\" data-end=\"1565\" \/>\u2705 <strong data-start=\"1567\" data-end=\"1585\">Poids unitaire<\/strong> : 1,8 kg<br data-start=\"1594\" data-end=\"1597\" \/>\u2705 <strong data-start=\"1599\" data-end=\"1615\">Installation<\/strong> : Entraxe standard, visserie incluse<br data-start=\"1652\" data-end=\"1655\" \/>\u2705 <strong data-start=\"1657\" data-end=\"1669\">Mat\u00e9riau<\/strong> : Alliage zinc\/acier haute densit\u00e9, traitement surface anti-usure<br data-start=\"1735\" data-end=\"1738\" \/>\u2705 <strong data-start=\"1740\" data-end=\"1749\">Style<\/strong> : Moderne, \u00e9l\u00e9gant, haut standing<\/p>\n<\/li>\n<\/ul>\n<hr data-start=\"1785\" data-end=\"1788\" \/>\n<p data-start=\"1790\" data-end=\"1823\">\ud83d\udce6 <strong data-start=\"1793\" data-end=\"1823\">Informations logistiques :<\/strong><\/p>\n<ul data-start=\"1825\" data-end=\"2018\">\n<li data-start=\"1825\" data-end=\"1905\">\n<p data-start=\"1827\" data-end=\"1905\"><strong data-start=\"1827\" data-end=\"1846\">Conditionnement<\/strong> : 1 pi\u00e8ce par bo\u00eete \/ 50 bo\u00eetes par carton (1pc x 50bxs)<\/p>\n<\/li>\n<li data-start=\"1906\" data-end=\"1945\">\n<p data-start=\"1908\" data-end=\"1945\"><strong data-start=\"1908\" data-end=\"1934\">Poids total par carton<\/strong> : ~90 kg<\/p>\n<\/li>\n<li data-start=\"1946\" data-end=\"1969\">\n<p data-start=\"1948\" data-end=\"1969\"><strong data-start=\"1948\" data-end=\"1959\">Origine<\/strong> : Chine<\/p>\n<\/li>\n<li data-start=\"1970\" data-end=\"2018\">\n<p data-start=\"1972\" data-end=\"2018\"><strong data-start=\"1972\" data-end=\"1994\">R\u00e9f\u00e9rences produit<\/strong> : DLZ1010NP \/ DLZ1010BN<\/p>\n<\/li>\n<\/ul>\n<hr data-start=\"2020\" data-end=\"2023\" \/>\n<p data-start=\"2025\" data-end=\"2068\">\ud83d\ude9b <strong data-start=\"2028\" data-end=\"2068\">Conditions de commande &amp; livraison :<\/strong><\/p>\n<p data-start=\"2070\" data-end=\"2324\">\ud83d\uded2 <strong data-start=\"2073\" data-end=\"2100\">Commande minimale (MOQ)<\/strong> : 50 pi\u00e8ces (1 carton)<br data-start=\"2123\" data-end=\"2126\" \/>\ud83d\ude9a <strong data-start=\"2129\" data-end=\"2150\">Livraison offerte<\/strong> \u00e0 partir de 100 pi\u00e8ces (2 cartons ou plus)<br data-start=\"2193\" data-end=\"2196\" \/>\u26a0\ufe0f <strong data-start=\"2199\" data-end=\"2233\">Commande entre 50 et 99 pi\u00e8ces<\/strong> : livraison non incluse<br data-start=\"2257\" data-end=\"2260\" \/>\u2705 <strong data-start=\"2262\" data-end=\"2324\">Commande mixte possible entre les deux finitions (NP \/ BN)<\/strong><\/p>","protected":false},"featured_media":1015,"comment_status":"open","ping_status":"closed","template":"","meta":{"_uag_custom_page_level_css":""},"product_brand":[99],"product_cat":[62],"product_tag":[],"class_list":{"0":"post-1032","1":"product","2":"type-product","3":"status-publish","4":"has-post-thumbnail","6":"product_brand-doli","7":"product_cat-quincaillerie-ferronnerie","9":"first","10":"instock","11":"taxable","12":"shipping-taxable","13":"purchasable","14":"product-type-variable"},"yoast_head":"<!-- This site is optimized with the Yoast SEO plugin v27.3 - https:\/\/yoast.com\/product\/yoast-seo-wordpress\/ -->\n<title>Serrure avec poign\u00e9e de luxe DLZ1010 \u2013 \u00c9l\u00e9gance, s\u00e9curit\u00e9 et finitions haut de gamme - AfroSino<\/title>\n<meta name=\"robots\" content=\"index, follow, max-snippet:-1, max-image-preview:large, max-video-preview:-1\" \/>\n<link rel=\"canonical\" href=\"https:\/\/afrosinogros.com\/zh\/product\/serrure-avec-poignee-de-luxe-dlz1010-elegance-securite-et-finitions-haut-de-gamme\/\" \/>\n<meta property=\"og:locale\" content=\"zh_CN\" \/>\n<meta property=\"og:type\" content=\"article\" \/>\n<meta property=\"og:title\" content=\"Serrure avec poign\u00e9e de luxe DLZ1010 \u2013 \u00c9l\u00e9gance, s\u00e9curit\u00e9 et finitions haut de gamme - AfroSino\" \/>\n<meta property=\"og:description\" content=\"\u2728 Caract\u00e9ristiques produit : \u2705 Mod\u00e8le : DLZ1010\u2705 Type : Serrure compl\u00e8te avec poign\u00e9e int\u00e9gr\u00e9e \u2013 version luxe\u2705 Finitions disponibles :     DLZ1010NP : Gris mat (Nickel Polish)    DLZ1010BN : Noir intense (Black Nickel)\u2705 Poids unitaire : 1,8 kg\u2705 Installation : Entraxe standard, visserie incluse\u2705 Mat\u00e9riau : Alliage zinc\/acier haute densit\u00e9, traitement surface anti-usure\u2705 Style : Moderne, \u00e9l\u00e9gant, haut standing     \ud83d\udce6 Informations logistiques :     Conditionnement : 1 pi\u00e8ce par bo\u00eete \/ 50 bo\u00eetes par carton (1pc x 50bxs)    Poids total par carton : ~90 kg    Origine : Chine    R\u00e9f\u00e9rences produit : DLZ1010NP \/ DLZ1010BN     \ud83d\ude9b Conditions de commande &amp; livraison : \ud83d\uded2 Commande minimale (MOQ) : 50 pi\u00e8ces (1 carton)\ud83d\ude9a Livraison offerte \u00e0 partir de 100 pi\u00e8ces (2 cartons ou plus)\u26a0\ufe0f Commande entre 50 et 99 pi\u00e8ces : livraison non incluse\u2705 Commande mixte possible entre les deux finitions (NP \/ BN)\" \/>\n<meta property=\"og:url\" content=\"https:\/\/afrosinogros.com\/zh\/product\/serrure-avec-poignee-de-luxe-dlz1010-elegance-securite-et-finitions-haut-de-gamme\/\" \/>\n<meta property=\"og:site_name\" content=\"AfroSino\" \/>\n<meta property=\"og:image\" content=\"https:\/\/afrosinogros.com\/wp-content\/uploads\/2025\/07\/DSC00461.jpg\" \/>\n\t<meta property=\"og:image:width\" content=\"800\" \/>\n\t<meta property=\"og:image:height\" content=\"1124\" \/>\n\t<meta property=\"og:image:type\" content=\"image\/jpeg\" \/>\n<meta name=\"twitter:card\" content=\"summary_large_image\" \/>\n<meta name=\"twitter:label1\" content=\"\u9884\u8ba1\u9605\u8bfb\u65f6\u95f4\" \/>\n\t<meta name=\"twitter:data1\" content=\"1 \u5206\" \/>\n<script type=\"application\/ld+json\" class=\"yoast-schema-graph\">{\"@context\":\"https:\\\/\\\/schema.org\",\"@graph\":[{\"@type\":\"WebPage\",\"@id\":\"https:\\\/\\\/afrosinogros.com\\\/product\\\/serrure-avec-poignee-de-luxe-dlz1010-elegance-securite-et-finitions-haut-de-gamme\\\/\",\"url\":\"https:\\\/\\\/afrosinogros.com\\\/product\\\/serrure-avec-poignee-de-luxe-dlz1010-elegance-securite-et-finitions-haut-de-gamme\\\/\",\"name\":\"Serrure avec poign\u00e9e de luxe DLZ1010 \u2013 \u00c9l\u00e9gance, s\u00e9curit\u00e9 et finitions haut de gamme - AfroSino\",\"isPartOf\":{\"@id\":\"https:\\\/\\\/afrosinogros.com\\\/#website\"},\"primaryImageOfPage\":{\"@id\":\"https:\\\/\\\/afrosinogros.com\\\/product\\\/serrure-avec-poignee-de-luxe-dlz1010-elegance-securite-et-finitions-haut-de-gamme\\\/#primaryimage\"},\"image\":{\"@id\":\"https:\\\/\\\/afrosinogros.com\\\/product\\\/serrure-avec-poignee-de-luxe-dlz1010-elegance-securite-et-finitions-haut-de-gamme\\\/#primaryimage\"},\"thumbnailUrl\":\"https:\\\/\\\/afrosinogros.com\\\/wp-content\\\/uploads\\\/2025\\\/07\\\/DSC00461.jpg\",\"datePublished\":\"2025-07-12T17:38:47+00:00\",\"breadcrumb\":{\"@id\":\"https:\\\/\\\/afrosinogros.com\\\/product\\\/serrure-avec-poignee-de-luxe-dlz1010-elegance-securite-et-finitions-haut-de-gamme\\\/#breadcrumb\"},\"inLanguage\":\"zh-Hans\",\"potentialAction\":[{\"@type\":\"ReadAction\",\"target\":[\"https:\\\/\\\/afrosinogros.com\\\/product\\\/serrure-avec-poignee-de-luxe-dlz1010-elegance-securite-et-finitions-haut-de-gamme\\\/\"]}]},{\"@type\":\"ImageObject\",\"inLanguage\":\"zh-Hans\",\"@id\":\"https:\\\/\\\/afrosinogros.com\\\/product\\\/serrure-avec-poignee-de-luxe-dlz1010-elegance-securite-et-finitions-haut-de-gamme\\\/#primaryimage\",\"url\":\"https:\\\/\\\/afrosinogros.com\\\/wp-content\\\/uploads\\\/2025\\\/07\\\/DSC00461.jpg\",\"contentUrl\":\"https:\\\/\\\/afrosinogros.com\\\/wp-content\\\/uploads\\\/2025\\\/07\\\/DSC00461.jpg\",\"width\":800,\"height\":1124},{\"@type\":\"BreadcrumbList\",\"@id\":\"https:\\\/\\\/afrosinogros.com\\\/product\\\/serrure-avec-poignee-de-luxe-dlz1010-elegance-securite-et-finitions-haut-de-gamme\\\/#breadcrumb\",\"itemListElement\":[{\"@type\":\"ListItem\",\"position\":1,\"name\":\"Home\",\"item\":\"https:\\\/\\\/afrosinogros.com\\\/\"},{\"@type\":\"ListItem\",\"position\":2,\"name\":\"Magasin\",\"item\":\"https:\\\/\\\/afrosinogros.com\\\/magasin\\\/\"},{\"@type\":\"ListItem\",\"position\":3,\"name\":\"Serrure avec poign\u00e9e de luxe DLZ1010 \u2013 \u00c9l\u00e9gance, s\u00e9curit\u00e9 et finitions haut de gamme\"}]},{\"@type\":\"WebSite\",\"@id\":\"https:\\\/\\\/afrosinogros.com\\\/#website\",\"url\":\"https:\\\/\\\/afrosinogros.com\\\/\",\"name\":\"AfroSino\",\"description\":\"Officiel site web\",\"publisher\":{\"@id\":\"https:\\\/\\\/afrosinogros.com\\\/#organization\"},\"potentialAction\":[{\"@type\":\"SearchAction\",\"target\":{\"@type\":\"EntryPoint\",\"urlTemplate\":\"https:\\\/\\\/afrosinogros.com\\\/?s={search_term_string}\"},\"query-input\":{\"@type\":\"PropertyValueSpecification\",\"valueRequired\":true,\"valueName\":\"search_term_string\"}}],\"inLanguage\":\"zh-Hans\"},{\"@type\":\"Organization\",\"@id\":\"https:\\\/\\\/afrosinogros.com\\\/#organization\",\"name\":\"AfroSino\",\"url\":\"https:\\\/\\\/afrosinogros.com\\\/\",\"logo\":{\"@type\":\"ImageObject\",\"inLanguage\":\"zh-Hans\",\"@id\":\"https:\\\/\\\/afrosinogros.com\\\/#\\\/schema\\\/logo\\\/image\\\/\",\"url\":\"https:\\\/\\\/afrosinogros.com\\\/wp-content\\\/uploads\\\/2025\\\/09\\\/cropped-afrosino_logo_optimized-removebg-preview.png\",\"contentUrl\":\"https:\\\/\\\/afrosinogros.com\\\/wp-content\\\/uploads\\\/2025\\\/09\\\/cropped-afrosino_logo_optimized-removebg-preview.png\",\"width\":512,\"height\":512,\"caption\":\"AfroSino\"},\"image\":{\"@id\":\"https:\\\/\\\/afrosinogros.com\\\/#\\\/schema\\\/logo\\\/image\\\/\"}}]}<\/script>\n<!-- \/ Yoast SEO plugin. -->","yoast_head_json":{"title":"Serrure avec poign\u00e9e de luxe DLZ1010 \u2013 \u00c9l\u00e9gance, s\u00e9curit\u00e9 et finitions haut de gamme - AfroSino","robots":{"index":"index","follow":"follow","max-snippet":"max-snippet:-1","max-image-preview":"max-image-preview:large","max-video-preview":"max-video-preview:-1"},"canonical":"https:\/\/afrosinogros.com\/zh\/product\/serrure-avec-poignee-de-luxe-dlz1010-elegance-securite-et-finitions-haut-de-gamme\/","og_locale":"zh_CN","og_type":"article","og_title":"Serrure avec poign\u00e9e de luxe DLZ1010 \u2013 \u00c9l\u00e9gance, s\u00e9curit\u00e9 et finitions haut de gamme - AfroSino","og_description":"\u2728 Caract\u00e9ristiques produit : \u2705 Mod\u00e8le : DLZ1010\u2705 Type : Serrure compl\u00e8te avec poign\u00e9e int\u00e9gr\u00e9e \u2013 version luxe\u2705 Finitions disponibles :     DLZ1010NP : Gris mat (Nickel Polish)    DLZ1010BN : Noir intense (Black Nickel)\u2705 Poids unitaire : 1,8 kg\u2705 Installation : Entraxe standard, visserie incluse\u2705 Mat\u00e9riau : Alliage zinc\/acier haute densit\u00e9, traitement surface anti-usure\u2705 Style : Moderne, \u00e9l\u00e9gant, haut standing     \ud83d\udce6 Informations logistiques :     Conditionnement : 1 pi\u00e8ce par bo\u00eete \/ 50 bo\u00eetes par carton (1pc x 50bxs)    Poids total par carton : ~90 kg    Origine : Chine    R\u00e9f\u00e9rences produit : DLZ1010NP \/ DLZ1010BN     \ud83d\ude9b Conditions de commande &amp; livraison : \ud83d\uded2 Commande minimale (MOQ) : 50 pi\u00e8ces (1 carton)\ud83d\ude9a Livraison offerte \u00e0 partir de 100 pi\u00e8ces (2 cartons ou plus)\u26a0\ufe0f Commande entre 50 et 99 pi\u00e8ces : livraison non incluse\u2705 Commande mixte possible entre les deux finitions (NP \/ BN)","og_url":"https:\/\/afrosinogros.com\/zh\/product\/serrure-avec-poignee-de-luxe-dlz1010-elegance-securite-et-finitions-haut-de-gamme\/","og_site_name":"AfroSino","og_image":[{"width":800,"height":1124,"url":"https:\/\/afrosinogros.com\/wp-content\/uploads\/2025\/07\/DSC00461.jpg","type":"image\/jpeg"}],"twitter_card":"summary_large_image","twitter_misc":{"\u9884\u8ba1\u9605\u8bfb\u65f6\u95f4":"1 \u5206"},"schema":{"@context":"https:\/\/schema.org","@graph":[{"@type":"WebPage","@id":"https:\/\/afrosinogros.com\/product\/serrure-avec-poignee-de-luxe-dlz1010-elegance-securite-et-finitions-haut-de-gamme\/","url":"https:\/\/afrosinogros.com\/product\/serrure-avec-poignee-de-luxe-dlz1010-elegance-securite-et-finitions-haut-de-gamme\/","name":"Serrure avec poign\u00e9e de luxe DLZ1010 \u2013 \u00c9l\u00e9gance, s\u00e9curit\u00e9 et finitions haut de gamme - AfroSino","isPartOf":{"@id":"https:\/\/afrosinogros.com\/#website"},"primaryImageOfPage":{"@id":"https:\/\/afrosinogros.com\/product\/serrure-avec-poignee-de-luxe-dlz1010-elegance-securite-et-finitions-haut-de-gamme\/#primaryimage"},"image":{"@id":"https:\/\/afrosinogros.com\/product\/serrure-avec-poignee-de-luxe-dlz1010-elegance-securite-et-finitions-haut-de-gamme\/#primaryimage"},"thumbnailUrl":"https:\/\/afrosinogros.com\/wp-content\/uploads\/2025\/07\/DSC00461.jpg","datePublished":"2025-07-12T17:38:47+00:00","breadcrumb":{"@id":"https:\/\/afrosinogros.com\/product\/serrure-avec-poignee-de-luxe-dlz1010-elegance-securite-et-finitions-haut-de-gamme\/#breadcrumb"},"inLanguage":"zh-Hans","potentialAction":[{"@type":"ReadAction","target":["https:\/\/afrosinogros.com\/product\/serrure-avec-poignee-de-luxe-dlz1010-elegance-securite-et-finitions-haut-de-gamme\/"]}]},{"@type":"ImageObject","inLanguage":"zh-Hans","@id":"https:\/\/afrosinogros.com\/product\/serrure-avec-poignee-de-luxe-dlz1010-elegance-securite-et-finitions-haut-de-gamme\/#primaryimage","url":"https:\/\/afrosinogros.com\/wp-content\/uploads\/2025\/07\/DSC00461.jpg","contentUrl":"https:\/\/afrosinogros.com\/wp-content\/uploads\/2025\/07\/DSC00461.jpg","width":800,"height":1124},{"@type":"BreadcrumbList","@id":"https:\/\/afrosinogros.com\/product\/serrure-avec-poignee-de-luxe-dlz1010-elegance-securite-et-finitions-haut-de-gamme\/#breadcrumb","itemListElement":[{"@type":"ListItem","position":1,"name":"Home","item":"https:\/\/afrosinogros.com\/"},{"@type":"ListItem","position":2,"name":"Magasin","item":"https:\/\/afrosinogros.com\/magasin\/"},{"@type":"ListItem","position":3,"name":"Serrure avec poign\u00e9e de luxe DLZ1010 \u2013 \u00c9l\u00e9gance, s\u00e9curit\u00e9 et finitions haut de gamme"}]},{"@type":"WebSite","@id":"https:\/\/afrosinogros.com\/#website","url":"https:\/\/afrosinogros.com\/","name":"AfroSino","description":"Officiel site web","publisher":{"@id":"https:\/\/afrosinogros.com\/#organization"},"potentialAction":[{"@type":"SearchAction","target":{"@type":"EntryPoint","urlTemplate":"https:\/\/afrosinogros.com\/?s={search_term_string}"},"query-input":{"@type":"PropertyValueSpecification","valueRequired":true,"valueName":"search_term_string"}}],"inLanguage":"zh-Hans"},{"@type":"Organization","@id":"https:\/\/afrosinogros.com\/#organization","name":"AfroSino","url":"https:\/\/afrosinogros.com\/","logo":{"@type":"ImageObject","inLanguage":"zh-Hans","@id":"https:\/\/afrosinogros.com\/#\/schema\/logo\/image\/","url":"https:\/\/afrosinogros.com\/wp-content\/uploads\/2025\/09\/cropped-afrosino_logo_optimized-removebg-preview.png","contentUrl":"https:\/\/afrosinogros.com\/wp-content\/uploads\/2025\/09\/cropped-afrosino_logo_optimized-removebg-preview.png","width":512,"height":512,"caption":"AfroSino"},"image":{"@id":"https:\/\/afrosinogros.com\/#\/schema\/logo\/image\/"}}]}},"uagb_featured_image_src":{"full":["https:\/\/afrosinogros.com\/wp-content\/uploads\/2025\/07\/DSC00461.jpg",800,1124,false],"thumbnail":["https:\/\/afrosinogros.com\/wp-content\/uploads\/2025\/07\/DSC00461-150x150.jpg",150,150,true],"medium":["https:\/\/afrosinogros.com\/wp-content\/uploads\/2025\/07\/DSC00461-214x300.jpg",214,300,true],"medium_large":["https:\/\/afrosinogros.com\/wp-content\/uploads\/2025\/07\/DSC00461-768x1079.jpg",768,1079,true],"large":["https:\/\/afrosinogros.com\/wp-content\/uploads\/2025\/07\/DSC00461-729x1024.jpg",729,1024,true],"1536x1536":["https:\/\/afrosinogros.com\/wp-content\/uploads\/2025\/07\/DSC00461.jpg",800,1124,false],"2048x2048":["https:\/\/afrosinogros.com\/wp-content\/uploads\/2025\/07\/DSC00461.jpg",800,1124,false],"trp-custom-language-flag":["https:\/\/afrosinogros.com\/wp-content\/uploads\/2025\/07\/DSC00461-9x12.jpg",9,12,true],"woocommerce_archive_thumbnail":["https:\/\/afrosinogros.com\/wp-content\/uploads\/2025\/07\/DSC00461-300x422.jpg",300,422,true],"woocommerce_thumbnail":["https:\/\/afrosinogros.com\/wp-content\/uploads\/2025\/07\/DSC00461-300x300.jpg",300,300,true],"woocommerce_single":["https:\/\/afrosinogros.com\/wp-content\/uploads\/2025\/07\/DSC00461-600x843.jpg",600,843,true],"woocommerce_gallery_thumbnail":["https:\/\/afrosinogros.com\/wp-content\/uploads\/2025\/07\/DSC00461-100x100.jpg",100,100,true]},"uagb_author_info":{"display_name":"admin","author_link":"https:\/\/afrosinogros.com\/zh\/author\/"},"uagb_comment_info":0,"uagb_excerpt":"\u2728 Caract\u00e9ristiques produit : \u2705 Mod\u00e8le : DLZ1010\u2705 Type : Serrure compl\u00e8te avec poign\u00e9e int\u00e9gr\u00e9e \u2013 version luxe\u2705 Finitions disponibles : DLZ1010NP : Gris mat (Nickel Polish) DLZ1010BN : Noir intense (Black Nickel)\u2705 Poids unitaire : 1,8 kg\u2705 Installation : Entraxe standard, visserie incluse\u2705 Mat\u00e9riau : Alliage zinc\/acier haute densit\u00e9, traitement surface anti-usure\u2705 Style :&hellip;","jetpack_sharing_enabled":true,"_links":{"self":[{"href":"https:\/\/afrosinogros.com\/zh\/wp-json\/wp\/v2\/product\/1032","targetHints":{"allow":["GET"]}}],"collection":[{"href":"https:\/\/afrosinogros.com\/zh\/wp-json\/wp\/v2\/product"}],"about":[{"href":"https:\/\/afrosinogros.com\/zh\/wp-json\/wp\/v2\/types\/product"}],"replies":[{"embeddable":true,"href":"https:\/\/afrosinogros.com\/zh\/wp-json\/wp\/v2\/comments?post=1032"}],"wp:featuredmedia":[{"embeddable":true,"href":"https:\/\/afrosinogros.com\/zh\/wp-json\/wp\/v2\/media\/1015"}],"wp:attachment":[{"href":"https:\/\/afrosinogros.com\/zh\/wp-json\/wp\/v2\/media?parent=1032"}],"wp:term":[{"taxonomy":"product_brand","embeddable":true,"href":"https:\/\/afrosinogros.com\/zh\/wp-json\/wp\/v2\/product_brand?post=1032"},{"taxonomy":"product_cat","embeddable":true,"href":"https:\/\/afrosinogros.com\/zh\/wp-json\/wp\/v2\/product_cat?post=1032"},{"taxonomy":"product_tag","embeddable":true,"href":"https:\/\/afrosinogros.com\/zh\/wp-json\/wp\/v2\/product_tag?post=1032"}],"curies":[{"name":"wp","href":"https:\/\/api.w.org\/{rel}","templated":true}]}}