{"id":1162,"date":"2025-09-20T13:11:24","date_gmt":"2025-09-20T13:11:24","guid":{"rendered":"https:\/\/afrosinogros.com\/?post_type=product&#038;p=1162"},"modified":"2025-09-20T13:13:33","modified_gmt":"2025-09-20T13:13:33","slug":"armoire-de-toilette-murale-bca1002-40bk-elegance-praticite","status":"publish","type":"product","link":"https:\/\/afrosinogros.com\/zh\/product\/armoire-de-toilette-murale-bca1002-40bk-elegance-praticite\/","title":{"rendered":"Armoire de toilette murale BCA1002-40BK \u2013 \u00c9l\u00e9gance &#038; praticit\u00e9"},"content":{"rendered":"<p data-start=\"183\" data-end=\"460\">Apportez une touche moderne et fonctionnelle \u00e0 vos salles de bain avec l\u2019<strong data-start=\"256\" data-end=\"299\">armoire de toilette murale BCA1002-40BK<\/strong>. Son design minimaliste et ses finitions soign\u00e9es en font un choix id\u00e9al aussi bien pour les r\u00e9sidences priv\u00e9es que pour les projets h\u00f4teliers ou immobiliers.<\/p>\n<h3 data-start=\"462\" data-end=\"496\"><\/h3>","protected":false},"excerpt":{"rendered":"<h3 data-start=\"462\" data-end=\"496\">\u2728 Caract\u00e9ristiques produit :<\/h3>\n<p data-start=\"497\" data-end=\"775\">\u2705 <strong data-start=\"499\" data-end=\"509\">Mod\u00e8le<\/strong> : BCA1002-40BK<br data-start=\"524\" data-end=\"527\" \/>\u2705 <strong data-start=\"529\" data-end=\"543\">Dimensions<\/strong> : 380 \u00d7 330 \u00d7 300 mm<br data-start=\"564\" data-end=\"567\" \/>\u2705 <strong data-start=\"569\" data-end=\"593\">Couleurs disponibles<\/strong> : Noir \/ Blanc \u26ab\u26aa<br data-start=\"611\" data-end=\"614\" \/>\u2705 <strong data-start=\"616\" data-end=\"625\">Style<\/strong> : Moderne &amp; minimaliste<br data-start=\"649\" data-end=\"652\" \/>\u2705 <strong data-start=\"654\" data-end=\"666\">Mat\u00e9riau<\/strong> : Structure r\u00e9sistante \u00e0 l\u2019humidit\u00e9 et facile \u00e0 entretenir<br data-start=\"725\" data-end=\"728\" \/>\u2705 <strong data-start=\"730\" data-end=\"742\">Fixation<\/strong> : Murale, robuste et s\u00e9curis\u00e9e<\/p>\n<h3 data-start=\"777\" data-end=\"811\">\ud83d\udcbc Utilisation recommand\u00e9e :<\/h3>\n<ul data-start=\"812\" data-end=\"933\">\n<li data-start=\"812\" data-end=\"839\">\n<p data-start=\"814\" data-end=\"839\">Projets r\u00e9sidentiels \ud83c\udfe0<\/p>\n<\/li>\n<li data-start=\"840\" data-end=\"876\">\n<p data-start=\"842\" data-end=\"876\">H\u00f4tels et r\u00e9sidences meubl\u00e9es \ud83c\udfe8<\/p>\n<\/li>\n<li data-start=\"877\" data-end=\"933\">\n<p data-start=\"879\" data-end=\"933\">Architectes, d\u00e9corateurs et distributeurs sanitaires<\/p>\n<\/li>\n<\/ul>\n<h3 data-start=\"935\" data-end=\"970\">\ud83d\udce6 Informations logistiques :<\/h3>\n<p data-start=\"971\" data-end=\"1160\">\ud83d\udce6 <strong data-start=\"974\" data-end=\"993\">Conditionnement<\/strong> : 1 pi\u00e8ce par carton<br data-start=\"1014\" data-end=\"1017\" \/>\ud83d\udccd <strong data-start=\"1020\" data-end=\"1031\">Origine<\/strong> : Importation Asie \u2013 qualit\u00e9 certifi\u00e9e<br data-start=\"1070\" data-end=\"1073\" \/>\ud83d\ude9b <strong data-start=\"1076\" data-end=\"1093\">Disponibilit\u00e9<\/strong> : Vente en gros et en d\u00e9tail avec livraison rapide C\u00f4te d\u2019Ivoire<\/p>","protected":false},"featured_media":1164,"comment_status":"open","ping_status":"closed","template":"","meta":{"_uag_custom_page_level_css":""},"product_brand":[],"product_cat":[63,60],"product_tag":[],"class_list":{"0":"post-1162","1":"product","2":"type-product","3":"status-publish","4":"has-post-thumbnail","6":"product_cat-equipements-de-salle-de-bain","7":"product_cat-materiaux-et-equipements-de-construction","9":"first","10":"instock","11":"sale","12":"taxable","13":"shipping-taxable","14":"purchasable","15":"product-type-variable"},"yoast_head":"<!-- This site is optimized with the Yoast SEO plugin v27.3 - https:\/\/yoast.com\/product\/yoast-seo-wordpress\/ -->\n<title>Armoire de toilette murale BCA1002-40BK \u2013 \u00c9l\u00e9gance &amp; praticit\u00e9 - AfroSino<\/title>\n<meta name=\"robots\" content=\"index, follow, max-snippet:-1, max-image-preview:large, max-video-preview:-1\" \/>\n<link rel=\"canonical\" href=\"https:\/\/afrosinogros.com\/zh\/product\/armoire-de-toilette-murale-bca1002-40bk-elegance-praticite\/\" \/>\n<meta property=\"og:locale\" content=\"zh_CN\" \/>\n<meta property=\"og:type\" content=\"article\" \/>\n<meta property=\"og:title\" content=\"Armoire de toilette murale BCA1002-40BK \u2013 \u00c9l\u00e9gance &amp; praticit\u00e9 - AfroSino\" \/>\n<meta property=\"og:description\" content=\"\u2728 Caract\u00e9ristiques produit : \u2705 Mod\u00e8le : BCA1002-40BK\u2705 Dimensions : 380 \u00d7 330 \u00d7 300 mm\u2705 Couleurs disponibles : Noir \/ Blanc \u26ab\u26aa\u2705 Style : Moderne &amp; minimaliste\u2705 Mat\u00e9riau : Structure r\u00e9sistante \u00e0 l\u2019humidit\u00e9 et facile \u00e0 entretenir\u2705 Fixation : Murale, robuste et s\u00e9curis\u00e9e  \ud83d\udcbc Utilisation recommand\u00e9e :    Projets r\u00e9sidentiels \ud83c\udfe0    H\u00f4tels et r\u00e9sidences meubl\u00e9es \ud83c\udfe8    Architectes, d\u00e9corateurs et distributeurs sanitaires   \ud83d\udce6 Informations logistiques : \ud83d\udce6 Conditionnement : 1 pi\u00e8ce par carton\ud83d\udccd Origine : Importation Asie \u2013 qualit\u00e9 certifi\u00e9e\ud83d\ude9b Disponibilit\u00e9 : Vente en gros et en d\u00e9tail avec livraison rapide C\u00f4te d\u2019Ivoire\" \/>\n<meta property=\"og:url\" content=\"https:\/\/afrosinogros.com\/zh\/product\/armoire-de-toilette-murale-bca1002-40bk-elegance-praticite\/\" \/>\n<meta property=\"og:site_name\" content=\"AfroSino\" \/>\n<meta property=\"article:modified_time\" content=\"2025-09-20T13:13:33+00:00\" \/>\n<meta property=\"og:image\" content=\"https:\/\/afrosinogros.com\/wp-content\/uploads\/2025\/09\/BCA1003.jpg\" \/>\n\t<meta property=\"og:image:width\" content=\"712\" \/>\n\t<meta property=\"og:image:height\" content=\"1066\" \/>\n\t<meta property=\"og:image:type\" content=\"image\/jpeg\" \/>\n<meta name=\"twitter:card\" content=\"summary_large_image\" \/>\n<meta name=\"twitter:label1\" content=\"\u9884\u8ba1\u9605\u8bfb\u65f6\u95f4\" \/>\n\t<meta name=\"twitter:data1\" content=\"1 \u5206\" \/>\n<script type=\"application\/ld+json\" class=\"yoast-schema-graph\">{\"@context\":\"https:\\\/\\\/schema.org\",\"@graph\":[{\"@type\":\"WebPage\",\"@id\":\"https:\\\/\\\/afrosinogros.com\\\/product\\\/armoire-de-toilette-murale-bca1002-40bk-elegance-praticite\\\/\",\"url\":\"https:\\\/\\\/afrosinogros.com\\\/product\\\/armoire-de-toilette-murale-bca1002-40bk-elegance-praticite\\\/\",\"name\":\"Armoire de toilette murale BCA1002-40BK \u2013 \u00c9l\u00e9gance & praticit\u00e9 - AfroSino\",\"isPartOf\":{\"@id\":\"https:\\\/\\\/afrosinogros.com\\\/#website\"},\"primaryImageOfPage\":{\"@id\":\"https:\\\/\\\/afrosinogros.com\\\/product\\\/armoire-de-toilette-murale-bca1002-40bk-elegance-praticite\\\/#primaryimage\"},\"image\":{\"@id\":\"https:\\\/\\\/afrosinogros.com\\\/product\\\/armoire-de-toilette-murale-bca1002-40bk-elegance-praticite\\\/#primaryimage\"},\"thumbnailUrl\":\"https:\\\/\\\/afrosinogros.com\\\/wp-content\\\/uploads\\\/2025\\\/09\\\/BCA1003.jpg\",\"datePublished\":\"2025-09-20T13:11:24+00:00\",\"dateModified\":\"2025-09-20T13:13:33+00:00\",\"breadcrumb\":{\"@id\":\"https:\\\/\\\/afrosinogros.com\\\/product\\\/armoire-de-toilette-murale-bca1002-40bk-elegance-praticite\\\/#breadcrumb\"},\"inLanguage\":\"zh-Hans\",\"potentialAction\":[{\"@type\":\"ReadAction\",\"target\":[\"https:\\\/\\\/afrosinogros.com\\\/product\\\/armoire-de-toilette-murale-bca1002-40bk-elegance-praticite\\\/\"]}]},{\"@type\":\"ImageObject\",\"inLanguage\":\"zh-Hans\",\"@id\":\"https:\\\/\\\/afrosinogros.com\\\/product\\\/armoire-de-toilette-murale-bca1002-40bk-elegance-praticite\\\/#primaryimage\",\"url\":\"https:\\\/\\\/afrosinogros.com\\\/wp-content\\\/uploads\\\/2025\\\/09\\\/BCA1003.jpg\",\"contentUrl\":\"https:\\\/\\\/afrosinogros.com\\\/wp-content\\\/uploads\\\/2025\\\/09\\\/BCA1003.jpg\",\"width\":712,\"height\":1066},{\"@type\":\"BreadcrumbList\",\"@id\":\"https:\\\/\\\/afrosinogros.com\\\/product\\\/armoire-de-toilette-murale-bca1002-40bk-elegance-praticite\\\/#breadcrumb\",\"itemListElement\":[{\"@type\":\"ListItem\",\"position\":1,\"name\":\"Home\",\"item\":\"https:\\\/\\\/afrosinogros.com\\\/\"},{\"@type\":\"ListItem\",\"position\":2,\"name\":\"Magasin\",\"item\":\"https:\\\/\\\/afrosinogros.com\\\/magasin\\\/\"},{\"@type\":\"ListItem\",\"position\":3,\"name\":\"Armoire de toilette murale BCA1002-40BK \u2013 \u00c9l\u00e9gance &#038; praticit\u00e9\"}]},{\"@type\":\"WebSite\",\"@id\":\"https:\\\/\\\/afrosinogros.com\\\/#website\",\"url\":\"https:\\\/\\\/afrosinogros.com\\\/\",\"name\":\"AfroSino\",\"description\":\"Officiel site web\",\"publisher\":{\"@id\":\"https:\\\/\\\/afrosinogros.com\\\/#organization\"},\"potentialAction\":[{\"@type\":\"SearchAction\",\"target\":{\"@type\":\"EntryPoint\",\"urlTemplate\":\"https:\\\/\\\/afrosinogros.com\\\/?s={search_term_string}\"},\"query-input\":{\"@type\":\"PropertyValueSpecification\",\"valueRequired\":true,\"valueName\":\"search_term_string\"}}],\"inLanguage\":\"zh-Hans\"},{\"@type\":\"Organization\",\"@id\":\"https:\\\/\\\/afrosinogros.com\\\/#organization\",\"name\":\"AfroSino\",\"url\":\"https:\\\/\\\/afrosinogros.com\\\/\",\"logo\":{\"@type\":\"ImageObject\",\"inLanguage\":\"zh-Hans\",\"@id\":\"https:\\\/\\\/afrosinogros.com\\\/#\\\/schema\\\/logo\\\/image\\\/\",\"url\":\"https:\\\/\\\/afrosinogros.com\\\/wp-content\\\/uploads\\\/2025\\\/09\\\/cropped-afrosino_logo_optimized-removebg-preview.png\",\"contentUrl\":\"https:\\\/\\\/afrosinogros.com\\\/wp-content\\\/uploads\\\/2025\\\/09\\\/cropped-afrosino_logo_optimized-removebg-preview.png\",\"width\":512,\"height\":512,\"caption\":\"AfroSino\"},\"image\":{\"@id\":\"https:\\\/\\\/afrosinogros.com\\\/#\\\/schema\\\/logo\\\/image\\\/\"}}]}<\/script>\n<!-- \/ Yoast SEO plugin. -->","yoast_head_json":{"title":"Armoire de toilette murale BCA1002-40BK \u2013 \u00c9l\u00e9gance & praticit\u00e9 - AfroSino","robots":{"index":"index","follow":"follow","max-snippet":"max-snippet:-1","max-image-preview":"max-image-preview:large","max-video-preview":"max-video-preview:-1"},"canonical":"https:\/\/afrosinogros.com\/zh\/product\/armoire-de-toilette-murale-bca1002-40bk-elegance-praticite\/","og_locale":"zh_CN","og_type":"article","og_title":"Armoire de toilette murale BCA1002-40BK \u2013 \u00c9l\u00e9gance & praticit\u00e9 - AfroSino","og_description":"\u2728 Caract\u00e9ristiques produit : \u2705 Mod\u00e8le : BCA1002-40BK\u2705 Dimensions : 380 \u00d7 330 \u00d7 300 mm\u2705 Couleurs disponibles : Noir \/ Blanc \u26ab\u26aa\u2705 Style : Moderne &amp; minimaliste\u2705 Mat\u00e9riau : Structure r\u00e9sistante \u00e0 l\u2019humidit\u00e9 et facile \u00e0 entretenir\u2705 Fixation : Murale, robuste et s\u00e9curis\u00e9e  \ud83d\udcbc Utilisation recommand\u00e9e :    Projets r\u00e9sidentiels \ud83c\udfe0    H\u00f4tels et r\u00e9sidences meubl\u00e9es \ud83c\udfe8    Architectes, d\u00e9corateurs et distributeurs sanitaires   \ud83d\udce6 Informations logistiques : \ud83d\udce6 Conditionnement : 1 pi\u00e8ce par carton\ud83d\udccd Origine : Importation Asie \u2013 qualit\u00e9 certifi\u00e9e\ud83d\ude9b Disponibilit\u00e9 : Vente en gros et en d\u00e9tail avec livraison rapide C\u00f4te d\u2019Ivoire","og_url":"https:\/\/afrosinogros.com\/zh\/product\/armoire-de-toilette-murale-bca1002-40bk-elegance-praticite\/","og_site_name":"AfroSino","article_modified_time":"2025-09-20T13:13:33+00:00","og_image":[{"width":712,"height":1066,"url":"https:\/\/afrosinogros.com\/wp-content\/uploads\/2025\/09\/BCA1003.jpg","type":"image\/jpeg"}],"twitter_card":"summary_large_image","twitter_misc":{"\u9884\u8ba1\u9605\u8bfb\u65f6\u95f4":"1 \u5206"},"schema":{"@context":"https:\/\/schema.org","@graph":[{"@type":"WebPage","@id":"https:\/\/afrosinogros.com\/product\/armoire-de-toilette-murale-bca1002-40bk-elegance-praticite\/","url":"https:\/\/afrosinogros.com\/product\/armoire-de-toilette-murale-bca1002-40bk-elegance-praticite\/","name":"Armoire de toilette murale BCA1002-40BK \u2013 \u00c9l\u00e9gance & praticit\u00e9 - AfroSino","isPartOf":{"@id":"https:\/\/afrosinogros.com\/#website"},"primaryImageOfPage":{"@id":"https:\/\/afrosinogros.com\/product\/armoire-de-toilette-murale-bca1002-40bk-elegance-praticite\/#primaryimage"},"image":{"@id":"https:\/\/afrosinogros.com\/product\/armoire-de-toilette-murale-bca1002-40bk-elegance-praticite\/#primaryimage"},"thumbnailUrl":"https:\/\/afrosinogros.com\/wp-content\/uploads\/2025\/09\/BCA1003.jpg","datePublished":"2025-09-20T13:11:24+00:00","dateModified":"2025-09-20T13:13:33+00:00","breadcrumb":{"@id":"https:\/\/afrosinogros.com\/product\/armoire-de-toilette-murale-bca1002-40bk-elegance-praticite\/#breadcrumb"},"inLanguage":"zh-Hans","potentialAction":[{"@type":"ReadAction","target":["https:\/\/afrosinogros.com\/product\/armoire-de-toilette-murale-bca1002-40bk-elegance-praticite\/"]}]},{"@type":"ImageObject","inLanguage":"zh-Hans","@id":"https:\/\/afrosinogros.com\/product\/armoire-de-toilette-murale-bca1002-40bk-elegance-praticite\/#primaryimage","url":"https:\/\/afrosinogros.com\/wp-content\/uploads\/2025\/09\/BCA1003.jpg","contentUrl":"https:\/\/afrosinogros.com\/wp-content\/uploads\/2025\/09\/BCA1003.jpg","width":712,"height":1066},{"@type":"BreadcrumbList","@id":"https:\/\/afrosinogros.com\/product\/armoire-de-toilette-murale-bca1002-40bk-elegance-praticite\/#breadcrumb","itemListElement":[{"@type":"ListItem","position":1,"name":"Home","item":"https:\/\/afrosinogros.com\/"},{"@type":"ListItem","position":2,"name":"Magasin","item":"https:\/\/afrosinogros.com\/magasin\/"},{"@type":"ListItem","position":3,"name":"Armoire de toilette murale BCA1002-40BK \u2013 \u00c9l\u00e9gance &#038; praticit\u00e9"}]},{"@type":"WebSite","@id":"https:\/\/afrosinogros.com\/#website","url":"https:\/\/afrosinogros.com\/","name":"AfroSino","description":"Officiel site web","publisher":{"@id":"https:\/\/afrosinogros.com\/#organization"},"potentialAction":[{"@type":"SearchAction","target":{"@type":"EntryPoint","urlTemplate":"https:\/\/afrosinogros.com\/?s={search_term_string}"},"query-input":{"@type":"PropertyValueSpecification","valueRequired":true,"valueName":"search_term_string"}}],"inLanguage":"zh-Hans"},{"@type":"Organization","@id":"https:\/\/afrosinogros.com\/#organization","name":"AfroSino","url":"https:\/\/afrosinogros.com\/","logo":{"@type":"ImageObject","inLanguage":"zh-Hans","@id":"https:\/\/afrosinogros.com\/#\/schema\/logo\/image\/","url":"https:\/\/afrosinogros.com\/wp-content\/uploads\/2025\/09\/cropped-afrosino_logo_optimized-removebg-preview.png","contentUrl":"https:\/\/afrosinogros.com\/wp-content\/uploads\/2025\/09\/cropped-afrosino_logo_optimized-removebg-preview.png","width":512,"height":512,"caption":"AfroSino"},"image":{"@id":"https:\/\/afrosinogros.com\/#\/schema\/logo\/image\/"}}]}},"uagb_featured_image_src":{"full":["https:\/\/afrosinogros.com\/wp-content\/uploads\/2025\/09\/BCA1003.jpg",712,1066,false],"thumbnail":["https:\/\/afrosinogros.com\/wp-content\/uploads\/2025\/09\/BCA1003-150x150.jpg",150,150,true],"medium":["https:\/\/afrosinogros.com\/wp-content\/uploads\/2025\/09\/BCA1003-200x300.jpg",200,300,true],"medium_large":["https:\/\/afrosinogros.com\/wp-content\/uploads\/2025\/09\/BCA1003.jpg",712,1066,false],"large":["https:\/\/afrosinogros.com\/wp-content\/uploads\/2025\/09\/BCA1003-684x1024.jpg",684,1024,true],"1536x1536":["https:\/\/afrosinogros.com\/wp-content\/uploads\/2025\/09\/BCA1003.jpg",712,1066,false],"2048x2048":["https:\/\/afrosinogros.com\/wp-content\/uploads\/2025\/09\/BCA1003.jpg",712,1066,false],"trp-custom-language-flag":["https:\/\/afrosinogros.com\/wp-content\/uploads\/2025\/09\/BCA1003-8x12.jpg",8,12,true],"woocommerce_archive_thumbnail":["https:\/\/afrosinogros.com\/wp-content\/uploads\/2025\/09\/BCA1003-300x449.jpg",300,449,true],"woocommerce_thumbnail":["https:\/\/afrosinogros.com\/wp-content\/uploads\/2025\/09\/BCA1003-300x300.jpg",300,300,true],"woocommerce_single":["https:\/\/afrosinogros.com\/wp-content\/uploads\/2025\/09\/BCA1003-600x898.jpg",600,898,true],"woocommerce_gallery_thumbnail":["https:\/\/afrosinogros.com\/wp-content\/uploads\/2025\/09\/BCA1003-100x100.jpg",100,100,true]},"uagb_author_info":{"display_name":"admin","author_link":"https:\/\/afrosinogros.com\/zh\/author\/"},"uagb_comment_info":0,"uagb_excerpt":"\u2728 Caract\u00e9ristiques produit : \u2705 Mod\u00e8le : BCA1002-40BK\u2705 Dimensions : 380 \u00d7 330 \u00d7 300 mm\u2705 Couleurs disponibles : Noir \/ Blanc \u26ab\u26aa\u2705 Style : Moderne &amp; minimaliste\u2705 Mat\u00e9riau : Structure r\u00e9sistante \u00e0 l\u2019humidit\u00e9 et facile \u00e0 entretenir\u2705 Fixation : Murale, robuste et s\u00e9curis\u00e9e \ud83d\udcbc Utilisation recommand\u00e9e : Projets r\u00e9sidentiels \ud83c\udfe0 H\u00f4tels et r\u00e9sidences meubl\u00e9es&hellip;","jetpack_sharing_enabled":true,"_links":{"self":[{"href":"https:\/\/afrosinogros.com\/zh\/wp-json\/wp\/v2\/product\/1162","targetHints":{"allow":["GET"]}}],"collection":[{"href":"https:\/\/afrosinogros.com\/zh\/wp-json\/wp\/v2\/product"}],"about":[{"href":"https:\/\/afrosinogros.com\/zh\/wp-json\/wp\/v2\/types\/product"}],"replies":[{"embeddable":true,"href":"https:\/\/afrosinogros.com\/zh\/wp-json\/wp\/v2\/comments?post=1162"}],"wp:featuredmedia":[{"embeddable":true,"href":"https:\/\/afrosinogros.com\/zh\/wp-json\/wp\/v2\/media\/1164"}],"wp:attachment":[{"href":"https:\/\/afrosinogros.com\/zh\/wp-json\/wp\/v2\/media?parent=1162"}],"wp:term":[{"taxonomy":"product_brand","embeddable":true,"href":"https:\/\/afrosinogros.com\/zh\/wp-json\/wp\/v2\/product_brand?post=1162"},{"taxonomy":"product_cat","embeddable":true,"href":"https:\/\/afrosinogros.com\/zh\/wp-json\/wp\/v2\/product_cat?post=1162"},{"taxonomy":"product_tag","embeddable":true,"href":"https:\/\/afrosinogros.com\/zh\/wp-json\/wp\/v2\/product_tag?post=1162"}],"curies":[{"name":"wp","href":"https:\/\/api.w.org\/{rel}","templated":true}]}}