{"id":1253,"date":"2025-10-29T12:18:17","date_gmt":"2025-10-29T12:18:17","guid":{"rendered":"https:\/\/afrosinogros.com\/?post_type=product&#038;p=1253"},"modified":"2025-10-29T12:18:19","modified_gmt":"2025-10-29T12:18:19","slug":"gilet-de-securite-jaune-personnalise-2-bandes-reflechissantes-3m","status":"publish","type":"product","link":"https:\/\/afrosinogros.com\/zh\/product\/gilet-de-securite-jaune-personnalise-2-bandes-reflechissantes-3m\/","title":{"rendered":"Gilet de s\u00e9curit\u00e9 jaune personnalis\u00e9 \u2013 2 bandes r\u00e9fl\u00e9chissantes 3M"},"content":{"rendered":"<p data-start=\"75\" data-end=\"335\">Restez visible et en s\u00e9curit\u00e9 sur tous vos chantiers avec ce <strong data-start=\"136\" data-end=\"168\">gilet de s\u00e9curit\u00e9 jaune fluo<\/strong> de haute qualit\u00e9. L\u00e9ger, pratique et personnalisable, il est id\u00e9al pour les travailleurs, agents de s\u00e9curit\u00e9, livreurs ou tout personnel intervenant en zone \u00e0 risque.<\/p>\n<p data-start=\"337\" data-end=\"586\">\ud83d\udcbc <strong data-start=\"340\" data-end=\"369\">Utilisation recommand\u00e9e :<\/strong><br \/>\n\u2714\ufe0f Travaux de construction, logistique, manutention<br data-start=\"421\" data-end=\"424\" \/>\u2714\ufe0f Agents de s\u00e9curit\u00e9, personnel d\u2019\u00e9v\u00e9nementiel<br data-start=\"471\" data-end=\"474\" \/>\u2714\ufe0f Utilisation routi\u00e8re ou en ext\u00e9rieur la nuit<br data-start=\"521\" data-end=\"524\" \/>\u2714\ufe0f Id\u00e9al pour personnalisation avec logo ou nom d\u2019entreprise<\/p>\n<p data-start=\"1377\" data-end=\"1486\" data-is-last-node=\"\" data-is-only-node=\"\">\ud83d\udd06 <strong data-start=\"1380\" data-end=\"1428\">Visibilit\u00e9, confort et image professionnelle<\/strong> \u2014 le gilet id\u00e9al pour une s\u00e9curit\u00e9 assur\u00e9e au quotidien !<\/p>\n<p data-start=\"1740\" data-end=\"1896\" data-is-last-node=\"\" data-is-only-node=\"\">","protected":false},"excerpt":{"rendered":"<p>\u2728 <strong data-start=\"970\" data-end=\"1000\">Caract\u00e9ristiques produit :<\/strong><br \/>\n\u2705 Mati\u00e8re : polyester l\u00e9ger et respirant<br data-start=\"1041\" data-end=\"1044\" \/>\u2705 Bandes r\u00e9fl\u00e9chissantes 3M haute performance<br data-start=\"1089\" data-end=\"1092\" \/>\u2705 Conforme \u00e0 la norme <strong data-start=\"1114\" data-end=\"1146\">EN ISO 20471 : 2013 classe 2<\/strong><br data-start=\"1146\" data-end=\"1149\" \/>\u2705 Fermeture avant \u00e0 velcro<br data-start=\"1175\" data-end=\"1178\" \/>\u2705 Conditionnement : 600 pi\u00e8ces \/ carton<\/p>\n<p>\ud83d\udd39 <strong data-start=\"591\" data-end=\"609\">Points forts :<\/strong><br \/>\n\ud83d\udc9b <strong data-start=\"613\" data-end=\"643\">Couleur jaune fluorescente<\/strong> \u2192 visibilit\u00e9 optimale de jour comme de nuit<br data-start=\"687\" data-end=\"690\" \/>\u2728 <strong data-start=\"692\" data-end=\"736\">2 bandes r\u00e9fl\u00e9chissantes 3M horizontales<\/strong> \u2192 s\u00e9curit\u00e9 accrue dans les zones sombres<br data-start=\"777\" data-end=\"780\" \/>\ud83d\udccf <strong data-start=\"783\" data-end=\"806\">Tailles disponibles<\/strong> : M, L, XL, 2XL, 3XL<br data-start=\"827\" data-end=\"830\" \/>\ud83d\udd12 <strong data-start=\"833\" data-end=\"868\">Fermeture par 2 velcros solides<\/strong> \u2192 ajustement facile et rapide<br data-start=\"898\" data-end=\"901\" \/>\ud83c\udfa8 <strong data-start=\"904\" data-end=\"923\">Personnalisable<\/strong> \u2192 impression possible (logo, texte, nom)<\/p>","protected":false},"featured_media":1254,"comment_status":"open","ping_status":"closed","template":"","meta":{"_uag_custom_page_level_css":""},"product_brand":[],"product_cat":[60,62],"product_tag":[],"class_list":{"0":"post-1253","1":"product","2":"type-product","3":"status-publish","4":"has-post-thumbnail","6":"product_cat-materiaux-et-equipements-de-construction","7":"product_cat-quincaillerie-ferronnerie","9":"first","10":"instock","11":"taxable","12":"shipping-taxable","13":"purchasable","14":"product-type-simple"},"yoast_head":"<!-- This site is optimized with the Yoast SEO plugin v27.3 - https:\/\/yoast.com\/product\/yoast-seo-wordpress\/ -->\n<title>Gilet de s\u00e9curit\u00e9 jaune personnalis\u00e9 \u2013 2 bandes r\u00e9fl\u00e9chissantes 3M - AfroSino<\/title>\n<meta name=\"robots\" content=\"index, follow, max-snippet:-1, max-image-preview:large, max-video-preview:-1\" \/>\n<link rel=\"canonical\" href=\"https:\/\/afrosinogros.com\/zh\/product\/gilet-de-securite-jaune-personnalise-2-bandes-reflechissantes-3m\/\" \/>\n<meta property=\"og:locale\" content=\"zh_CN\" \/>\n<meta property=\"og:type\" content=\"article\" \/>\n<meta property=\"og:title\" content=\"Gilet de s\u00e9curit\u00e9 jaune personnalis\u00e9 \u2013 2 bandes r\u00e9fl\u00e9chissantes 3M - AfroSino\" \/>\n<meta property=\"og:description\" content=\"\u2728 Caract\u00e9ristiques produit : \u2705 Mati\u00e8re : polyester l\u00e9ger et respirant\u2705 Bandes r\u00e9fl\u00e9chissantes 3M haute performance\u2705 Conforme \u00e0 la norme EN ISO 20471 : 2013 classe 2\u2705 Fermeture avant \u00e0 velcro\u2705 Conditionnement : 600 pi\u00e8ces \/ carton  \ud83d\udd39 Points forts : \ud83d\udc9b Couleur jaune fluorescente \u2192 visibilit\u00e9 optimale de jour comme de nuit\u2728 2 bandes r\u00e9fl\u00e9chissantes 3M horizontales \u2192 s\u00e9curit\u00e9 accrue dans les zones sombres\ud83d\udccf Tailles disponibles : M, L, XL, 2XL, 3XL\ud83d\udd12 Fermeture par 2 velcros solides \u2192 ajustement facile et rapide\ud83c\udfa8 Personnalisable \u2192 impression possible (logo, texte, nom)\" \/>\n<meta property=\"og:url\" content=\"https:\/\/afrosinogros.com\/zh\/product\/gilet-de-securite-jaune-personnalise-2-bandes-reflechissantes-3m\/\" \/>\n<meta property=\"og:site_name\" content=\"AfroSino\" \/>\n<meta property=\"article:modified_time\" content=\"2025-10-29T12:18:19+00:00\" \/>\n<meta property=\"og:image\" content=\"https:\/\/afrosinogros.com\/wp-content\/uploads\/2025\/10\/Capture-decran-2025-10-29-11290.jpg\" \/>\n\t<meta property=\"og:image:width\" content=\"843\" \/>\n\t<meta property=\"og:image:height\" content=\"795\" \/>\n\t<meta property=\"og:image:type\" content=\"image\/jpeg\" \/>\n<meta name=\"twitter:card\" content=\"summary_large_image\" \/>\n<meta name=\"twitter:label1\" content=\"\u9884\u8ba1\u9605\u8bfb\u65f6\u95f4\" \/>\n\t<meta name=\"twitter:data1\" content=\"1 \u5206\" \/>\n<script type=\"application\/ld+json\" class=\"yoast-schema-graph\">{\"@context\":\"https:\\\/\\\/schema.org\",\"@graph\":[{\"@type\":\"WebPage\",\"@id\":\"https:\\\/\\\/afrosinogros.com\\\/product\\\/gilet-de-securite-jaune-personnalise-2-bandes-reflechissantes-3m\\\/\",\"url\":\"https:\\\/\\\/afrosinogros.com\\\/product\\\/gilet-de-securite-jaune-personnalise-2-bandes-reflechissantes-3m\\\/\",\"name\":\"Gilet de s\u00e9curit\u00e9 jaune personnalis\u00e9 \u2013 2 bandes r\u00e9fl\u00e9chissantes 3M - AfroSino\",\"isPartOf\":{\"@id\":\"https:\\\/\\\/afrosinogros.com\\\/#website\"},\"primaryImageOfPage\":{\"@id\":\"https:\\\/\\\/afrosinogros.com\\\/product\\\/gilet-de-securite-jaune-personnalise-2-bandes-reflechissantes-3m\\\/#primaryimage\"},\"image\":{\"@id\":\"https:\\\/\\\/afrosinogros.com\\\/product\\\/gilet-de-securite-jaune-personnalise-2-bandes-reflechissantes-3m\\\/#primaryimage\"},\"thumbnailUrl\":\"https:\\\/\\\/afrosinogros.com\\\/wp-content\\\/uploads\\\/2025\\\/10\\\/Capture-decran-2025-10-29-11290.jpg\",\"datePublished\":\"2025-10-29T12:18:17+00:00\",\"dateModified\":\"2025-10-29T12:18:19+00:00\",\"breadcrumb\":{\"@id\":\"https:\\\/\\\/afrosinogros.com\\\/product\\\/gilet-de-securite-jaune-personnalise-2-bandes-reflechissantes-3m\\\/#breadcrumb\"},\"inLanguage\":\"zh-Hans\",\"potentialAction\":[{\"@type\":\"ReadAction\",\"target\":[\"https:\\\/\\\/afrosinogros.com\\\/product\\\/gilet-de-securite-jaune-personnalise-2-bandes-reflechissantes-3m\\\/\"]}]},{\"@type\":\"ImageObject\",\"inLanguage\":\"zh-Hans\",\"@id\":\"https:\\\/\\\/afrosinogros.com\\\/product\\\/gilet-de-securite-jaune-personnalise-2-bandes-reflechissantes-3m\\\/#primaryimage\",\"url\":\"https:\\\/\\\/afrosinogros.com\\\/wp-content\\\/uploads\\\/2025\\\/10\\\/Capture-decran-2025-10-29-11290.jpg\",\"contentUrl\":\"https:\\\/\\\/afrosinogros.com\\\/wp-content\\\/uploads\\\/2025\\\/10\\\/Capture-decran-2025-10-29-11290.jpg\",\"width\":843,\"height\":795},{\"@type\":\"BreadcrumbList\",\"@id\":\"https:\\\/\\\/afrosinogros.com\\\/product\\\/gilet-de-securite-jaune-personnalise-2-bandes-reflechissantes-3m\\\/#breadcrumb\",\"itemListElement\":[{\"@type\":\"ListItem\",\"position\":1,\"name\":\"Home\",\"item\":\"https:\\\/\\\/afrosinogros.com\\\/\"},{\"@type\":\"ListItem\",\"position\":2,\"name\":\"Magasin\",\"item\":\"https:\\\/\\\/afrosinogros.com\\\/magasin\\\/\"},{\"@type\":\"ListItem\",\"position\":3,\"name\":\"Gilet de s\u00e9curit\u00e9 jaune personnalis\u00e9 \u2013 2 bandes r\u00e9fl\u00e9chissantes 3M\"}]},{\"@type\":\"WebSite\",\"@id\":\"https:\\\/\\\/afrosinogros.com\\\/#website\",\"url\":\"https:\\\/\\\/afrosinogros.com\\\/\",\"name\":\"AfroSino\",\"description\":\"Officiel site web\",\"publisher\":{\"@id\":\"https:\\\/\\\/afrosinogros.com\\\/#organization\"},\"potentialAction\":[{\"@type\":\"SearchAction\",\"target\":{\"@type\":\"EntryPoint\",\"urlTemplate\":\"https:\\\/\\\/afrosinogros.com\\\/?s={search_term_string}\"},\"query-input\":{\"@type\":\"PropertyValueSpecification\",\"valueRequired\":true,\"valueName\":\"search_term_string\"}}],\"inLanguage\":\"zh-Hans\"},{\"@type\":\"Organization\",\"@id\":\"https:\\\/\\\/afrosinogros.com\\\/#organization\",\"name\":\"AfroSino\",\"url\":\"https:\\\/\\\/afrosinogros.com\\\/\",\"logo\":{\"@type\":\"ImageObject\",\"inLanguage\":\"zh-Hans\",\"@id\":\"https:\\\/\\\/afrosinogros.com\\\/#\\\/schema\\\/logo\\\/image\\\/\",\"url\":\"https:\\\/\\\/afrosinogros.com\\\/wp-content\\\/uploads\\\/2025\\\/09\\\/cropped-afrosino_logo_optimized-removebg-preview.png\",\"contentUrl\":\"https:\\\/\\\/afrosinogros.com\\\/wp-content\\\/uploads\\\/2025\\\/09\\\/cropped-afrosino_logo_optimized-removebg-preview.png\",\"width\":512,\"height\":512,\"caption\":\"AfroSino\"},\"image\":{\"@id\":\"https:\\\/\\\/afrosinogros.com\\\/#\\\/schema\\\/logo\\\/image\\\/\"}}]}<\/script>\n<!-- \/ Yoast SEO plugin. -->","yoast_head_json":{"title":"Gilet de s\u00e9curit\u00e9 jaune personnalis\u00e9 \u2013 2 bandes r\u00e9fl\u00e9chissantes 3M - AfroSino","robots":{"index":"index","follow":"follow","max-snippet":"max-snippet:-1","max-image-preview":"max-image-preview:large","max-video-preview":"max-video-preview:-1"},"canonical":"https:\/\/afrosinogros.com\/zh\/product\/gilet-de-securite-jaune-personnalise-2-bandes-reflechissantes-3m\/","og_locale":"zh_CN","og_type":"article","og_title":"Gilet de s\u00e9curit\u00e9 jaune personnalis\u00e9 \u2013 2 bandes r\u00e9fl\u00e9chissantes 3M - AfroSino","og_description":"\u2728 Caract\u00e9ristiques produit : \u2705 Mati\u00e8re : polyester l\u00e9ger et respirant\u2705 Bandes r\u00e9fl\u00e9chissantes 3M haute performance\u2705 Conforme \u00e0 la norme EN ISO 20471 : 2013 classe 2\u2705 Fermeture avant \u00e0 velcro\u2705 Conditionnement : 600 pi\u00e8ces \/ carton  \ud83d\udd39 Points forts : \ud83d\udc9b Couleur jaune fluorescente \u2192 visibilit\u00e9 optimale de jour comme de nuit\u2728 2 bandes r\u00e9fl\u00e9chissantes 3M horizontales \u2192 s\u00e9curit\u00e9 accrue dans les zones sombres\ud83d\udccf Tailles disponibles : M, L, XL, 2XL, 3XL\ud83d\udd12 Fermeture par 2 velcros solides \u2192 ajustement facile et rapide\ud83c\udfa8 Personnalisable \u2192 impression possible (logo, texte, nom)","og_url":"https:\/\/afrosinogros.com\/zh\/product\/gilet-de-securite-jaune-personnalise-2-bandes-reflechissantes-3m\/","og_site_name":"AfroSino","article_modified_time":"2025-10-29T12:18:19+00:00","og_image":[{"width":843,"height":795,"url":"https:\/\/afrosinogros.com\/wp-content\/uploads\/2025\/10\/Capture-decran-2025-10-29-11290.jpg","type":"image\/jpeg"}],"twitter_card":"summary_large_image","twitter_misc":{"\u9884\u8ba1\u9605\u8bfb\u65f6\u95f4":"1 \u5206"},"schema":{"@context":"https:\/\/schema.org","@graph":[{"@type":"WebPage","@id":"https:\/\/afrosinogros.com\/product\/gilet-de-securite-jaune-personnalise-2-bandes-reflechissantes-3m\/","url":"https:\/\/afrosinogros.com\/product\/gilet-de-securite-jaune-personnalise-2-bandes-reflechissantes-3m\/","name":"Gilet de s\u00e9curit\u00e9 jaune personnalis\u00e9 \u2013 2 bandes r\u00e9fl\u00e9chissantes 3M - AfroSino","isPartOf":{"@id":"https:\/\/afrosinogros.com\/#website"},"primaryImageOfPage":{"@id":"https:\/\/afrosinogros.com\/product\/gilet-de-securite-jaune-personnalise-2-bandes-reflechissantes-3m\/#primaryimage"},"image":{"@id":"https:\/\/afrosinogros.com\/product\/gilet-de-securite-jaune-personnalise-2-bandes-reflechissantes-3m\/#primaryimage"},"thumbnailUrl":"https:\/\/afrosinogros.com\/wp-content\/uploads\/2025\/10\/Capture-decran-2025-10-29-11290.jpg","datePublished":"2025-10-29T12:18:17+00:00","dateModified":"2025-10-29T12:18:19+00:00","breadcrumb":{"@id":"https:\/\/afrosinogros.com\/product\/gilet-de-securite-jaune-personnalise-2-bandes-reflechissantes-3m\/#breadcrumb"},"inLanguage":"zh-Hans","potentialAction":[{"@type":"ReadAction","target":["https:\/\/afrosinogros.com\/product\/gilet-de-securite-jaune-personnalise-2-bandes-reflechissantes-3m\/"]}]},{"@type":"ImageObject","inLanguage":"zh-Hans","@id":"https:\/\/afrosinogros.com\/product\/gilet-de-securite-jaune-personnalise-2-bandes-reflechissantes-3m\/#primaryimage","url":"https:\/\/afrosinogros.com\/wp-content\/uploads\/2025\/10\/Capture-decran-2025-10-29-11290.jpg","contentUrl":"https:\/\/afrosinogros.com\/wp-content\/uploads\/2025\/10\/Capture-decran-2025-10-29-11290.jpg","width":843,"height":795},{"@type":"BreadcrumbList","@id":"https:\/\/afrosinogros.com\/product\/gilet-de-securite-jaune-personnalise-2-bandes-reflechissantes-3m\/#breadcrumb","itemListElement":[{"@type":"ListItem","position":1,"name":"Home","item":"https:\/\/afrosinogros.com\/"},{"@type":"ListItem","position":2,"name":"Magasin","item":"https:\/\/afrosinogros.com\/magasin\/"},{"@type":"ListItem","position":3,"name":"Gilet de s\u00e9curit\u00e9 jaune personnalis\u00e9 \u2013 2 bandes r\u00e9fl\u00e9chissantes 3M"}]},{"@type":"WebSite","@id":"https:\/\/afrosinogros.com\/#website","url":"https:\/\/afrosinogros.com\/","name":"AfroSino","description":"Officiel site web","publisher":{"@id":"https:\/\/afrosinogros.com\/#organization"},"potentialAction":[{"@type":"SearchAction","target":{"@type":"EntryPoint","urlTemplate":"https:\/\/afrosinogros.com\/?s={search_term_string}"},"query-input":{"@type":"PropertyValueSpecification","valueRequired":true,"valueName":"search_term_string"}}],"inLanguage":"zh-Hans"},{"@type":"Organization","@id":"https:\/\/afrosinogros.com\/#organization","name":"AfroSino","url":"https:\/\/afrosinogros.com\/","logo":{"@type":"ImageObject","inLanguage":"zh-Hans","@id":"https:\/\/afrosinogros.com\/#\/schema\/logo\/image\/","url":"https:\/\/afrosinogros.com\/wp-content\/uploads\/2025\/09\/cropped-afrosino_logo_optimized-removebg-preview.png","contentUrl":"https:\/\/afrosinogros.com\/wp-content\/uploads\/2025\/09\/cropped-afrosino_logo_optimized-removebg-preview.png","width":512,"height":512,"caption":"AfroSino"},"image":{"@id":"https:\/\/afrosinogros.com\/#\/schema\/logo\/image\/"}}]}},"uagb_featured_image_src":{"full":["https:\/\/afrosinogros.com\/wp-content\/uploads\/2025\/10\/Capture-decran-2025-10-29-11290.jpg",843,795,false],"thumbnail":["https:\/\/afrosinogros.com\/wp-content\/uploads\/2025\/10\/Capture-decran-2025-10-29-11290-150x150.jpg",150,150,true],"medium":["https:\/\/afrosinogros.com\/wp-content\/uploads\/2025\/10\/Capture-decran-2025-10-29-11290-300x283.jpg",300,283,true],"medium_large":["https:\/\/afrosinogros.com\/wp-content\/uploads\/2025\/10\/Capture-decran-2025-10-29-11290-768x724.jpg",768,724,true],"large":["https:\/\/afrosinogros.com\/wp-content\/uploads\/2025\/10\/Capture-decran-2025-10-29-11290.jpg",843,795,false],"1536x1536":["https:\/\/afrosinogros.com\/wp-content\/uploads\/2025\/10\/Capture-decran-2025-10-29-11290.jpg",843,795,false],"2048x2048":["https:\/\/afrosinogros.com\/wp-content\/uploads\/2025\/10\/Capture-decran-2025-10-29-11290.jpg",843,795,false],"trp-custom-language-flag":["https:\/\/afrosinogros.com\/wp-content\/uploads\/2025\/10\/Capture-decran-2025-10-29-11290-13x12.jpg",13,12,true],"woocommerce_archive_thumbnail":["https:\/\/afrosinogros.com\/wp-content\/uploads\/2025\/10\/Capture-decran-2025-10-29-11290-300x283.jpg",300,283,true],"woocommerce_thumbnail":["https:\/\/afrosinogros.com\/wp-content\/uploads\/2025\/10\/Capture-decran-2025-10-29-11290-300x300.jpg",300,300,true],"woocommerce_single":["https:\/\/afrosinogros.com\/wp-content\/uploads\/2025\/10\/Capture-decran-2025-10-29-11290-600x566.jpg",600,566,true],"woocommerce_gallery_thumbnail":["https:\/\/afrosinogros.com\/wp-content\/uploads\/2025\/10\/Capture-decran-2025-10-29-11290-100x100.jpg",100,100,true]},"uagb_author_info":{"display_name":"admin","author_link":"https:\/\/afrosinogros.com\/zh\/author\/"},"uagb_comment_info":0,"uagb_excerpt":"\u2728 Caract\u00e9ristiques produit : \u2705 Mati\u00e8re : polyester l\u00e9ger et respirant\u2705 Bandes r\u00e9fl\u00e9chissantes 3M haute performance\u2705 Conforme \u00e0 la norme EN ISO 20471 : 2013 classe 2\u2705 Fermeture avant \u00e0 velcro\u2705 Conditionnement : 600 pi\u00e8ces \/ carton \ud83d\udd39 Points forts : \ud83d\udc9b Couleur jaune fluorescente \u2192 visibilit\u00e9 optimale de jour comme de nuit\u2728 2 bandes&hellip;","jetpack_sharing_enabled":true,"_links":{"self":[{"href":"https:\/\/afrosinogros.com\/zh\/wp-json\/wp\/v2\/product\/1253","targetHints":{"allow":["GET"]}}],"collection":[{"href":"https:\/\/afrosinogros.com\/zh\/wp-json\/wp\/v2\/product"}],"about":[{"href":"https:\/\/afrosinogros.com\/zh\/wp-json\/wp\/v2\/types\/product"}],"replies":[{"embeddable":true,"href":"https:\/\/afrosinogros.com\/zh\/wp-json\/wp\/v2\/comments?post=1253"}],"wp:featuredmedia":[{"embeddable":true,"href":"https:\/\/afrosinogros.com\/zh\/wp-json\/wp\/v2\/media\/1254"}],"wp:attachment":[{"href":"https:\/\/afrosinogros.com\/zh\/wp-json\/wp\/v2\/media?parent=1253"}],"wp:term":[{"taxonomy":"product_brand","embeddable":true,"href":"https:\/\/afrosinogros.com\/zh\/wp-json\/wp\/v2\/product_brand?post=1253"},{"taxonomy":"product_cat","embeddable":true,"href":"https:\/\/afrosinogros.com\/zh\/wp-json\/wp\/v2\/product_cat?post=1253"},{"taxonomy":"product_tag","embeddable":true,"href":"https:\/\/afrosinogros.com\/zh\/wp-json\/wp\/v2\/product_tag?post=1253"}],"curies":[{"name":"wp","href":"https:\/\/api.w.org\/{rel}","templated":true}]}}