{"id":1276,"date":"2025-11-06T18:10:01","date_gmt":"2025-11-06T18:10:01","guid":{"rendered":"https:\/\/afrosinogros.com\/?post_type=product&#038;p=1276"},"modified":"2025-11-06T18:10:03","modified_gmt":"2025-11-06T18:10:03","slug":"toilette-luxe-m001b-design-circulaire-moderne-confort-premium","status":"publish","type":"product","link":"https:\/\/afrosinogros.com\/zh\/product\/toilette-luxe-m001b-design-circulaire-moderne-confort-premium\/","title":{"rendered":"Toilette Luxe M001B \u2013 Design circulaire moderne &#038; confort premium"},"content":{"rendered":"<p data-start=\"1158\" data-end=\"1576\">\ud83d\udec1 <strong data-start=\"1161\" data-end=\"1189\">Description du produit :<\/strong><br data-start=\"1189\" data-end=\"1192\" \/>Le <strong data-start=\"1195\" data-end=\"1218\">toilette luxe M001B<\/strong> reprend les caract\u00e9ristiques haut de gamme du mod\u00e8le MT001A, mais avec une <strong data-start=\"1294\" data-end=\"1318\">forme ronde \u00e9l\u00e9gante<\/strong>, id\u00e9ale pour les salles de bain \u00e0 design doux et harmonieux. Son abattant soft-close garantit une fermeture silencieuse tandis que le m\u00e9canisme double chasse permet une \u00e9conomie d\u2019eau optimale. Sa c\u00e9ramique vitrifi\u00e9e assure hygi\u00e8ne, brillance et durabilit\u00e9.<\/p>\n<hr data-start=\"1578\" data-end=\"1581\" \/>\n<p data-start=\"1583\" data-end=\"1767\">\ud83d\udcbc <strong data-start=\"1586\" data-end=\"1615\">Utilisation recommand\u00e9e :<\/strong><br data-start=\"1615\" data-end=\"1618\" \/>\u2714 Maisons modernes, appartements de standing<br data-start=\"1662\" data-end=\"1665\" \/>\u2714 H\u00f4tels, r\u00e9sidences haut de gamme, suites<br data-start=\"1707\" data-end=\"1710\" \/>\u2714 Projets immobiliers contemporains &amp; r\u00e9novations de luxe<\/p>\n<hr data-start=\"1769\" data-end=\"1772\" \/>\n<p data-start=\"1774\" data-end=\"1797\">\ud83d\udccc <strong data-start=\"1777\" data-end=\"1795\">Points forts :<\/strong><\/p>\n<ul data-start=\"1798\" data-end=\"2057\">\n<li data-start=\"1798\" data-end=\"1846\">\n<p data-start=\"1800\" data-end=\"1846\">Design circulaire moderne &amp; esth\u00e9tique douce<\/p>\n<\/li>\n<li data-start=\"1847\" data-end=\"1895\">\n<p data-start=\"1849\" data-end=\"1895\">Abattant soft-close silencieux et anti-casse<\/p>\n<\/li>\n<li data-start=\"1896\" data-end=\"1946\">\n<p data-start=\"1898\" data-end=\"1946\">Double chasse d\u2019eau (3\/6L) pour \u00e9conomie d\u2019eau<\/p>\n<\/li>\n<li data-start=\"1947\" data-end=\"2002\">\n<p data-start=\"1949\" data-end=\"2002\">Surface brillante, facile \u00e0 nettoyer et anti-t\u00e2ches<\/p>\n<\/li>\n<li data-start=\"2003\" data-end=\"2057\">\n<p data-start=\"2005\" data-end=\"2057\">Produit conforme aux normes internationales d\u2019export<\/p>\n<\/li>\n<\/ul>","protected":false},"excerpt":{"rendered":"<p data-start=\"246\" data-end=\"674\">\u2728 <strong data-start=\"248\" data-end=\"278\">Caract\u00e9ristiques produit :<\/strong><br data-start=\"278\" data-end=\"281\" \/>\u2705 <strong data-start=\"283\" data-end=\"295\">Mod\u00e8le :<\/strong> M001B<br data-start=\"301\" data-end=\"304\" \/>\u2705 <strong data-start=\"306\" data-end=\"316\">Type :<\/strong> Toilette compl\u00e8te avec abattant + m\u00e9canisme de chasse<br data-start=\"370\" data-end=\"373\" \/>\u2705 <strong data-start=\"375\" data-end=\"387\">Design :<\/strong> Forme circulaire \/ arrondie<br data-start=\"415\" data-end=\"418\" \/>\u2705 <strong data-start=\"420\" data-end=\"431\">Style :<\/strong> Moderne, luxe et \u00e9pur\u00e9<br data-start=\"454\" data-end=\"457\" \/>\u2705 <strong data-start=\"459\" data-end=\"473\">Mat\u00e9riau :<\/strong> C\u00e9ramique vitrifi\u00e9e haute qualit\u00e9<br data-start=\"507\" data-end=\"510\" \/>\u2705 <strong data-start=\"512\" data-end=\"526\">Abattant :<\/strong> Inclus \u2013 syst\u00e8me soft-close (fermeture douce et silencieuse)<br data-start=\"587\" data-end=\"590\" \/>\u2705 <strong data-start=\"592\" data-end=\"607\">M\u00e9canisme :<\/strong> Double chasse d\u2019eau \u00e9co (3L \/ 6L)<br data-start=\"641\" data-end=\"644\" \/>\u2705 <strong data-start=\"646\" data-end=\"659\">Couleur :<\/strong> Blanc brillant<\/p>\n<hr data-start=\"676\" data-end=\"679\" \/>\n<p data-start=\"681\" data-end=\"716\">\ud83d\udce6 <strong data-start=\"684\" data-end=\"714\">Informations logistiques :<\/strong><\/p>\n<ul data-start=\"717\" data-end=\"886\">\n<li data-start=\"717\" data-end=\"761\">\n<p data-start=\"719\" data-end=\"761\"><strong data-start=\"719\" data-end=\"740\">Conditionnement :<\/strong> 1 pi\u00e8ce par carton<\/p>\n<\/li>\n<li data-start=\"762\" data-end=\"785\">\n<p data-start=\"764\" data-end=\"785\"><strong data-start=\"764\" data-end=\"777\">Origine :<\/strong> Chine<\/p>\n<\/li>\n<li data-start=\"786\" data-end=\"828\">\n<p data-start=\"788\" data-end=\"828\"><strong data-start=\"788\" data-end=\"811\">R\u00e9f\u00e9rence produit :<\/strong> AFROSINO-M001B<\/p>\n<\/li>\n<li data-start=\"829\" data-end=\"886\">\n<p data-start=\"831\" data-end=\"886\"><strong data-start=\"831\" data-end=\"862\">Poids &amp; dimensions carton :<\/strong> \u00e0 confirmer selon envoi<\/p>\n<\/li>\n<\/ul>\n<hr data-start=\"888\" data-end=\"891\" \/>\n<p data-start=\"893\" data-end=\"1151\">\ud83d\ude9b <strong data-start=\"896\" data-end=\"936\">Conditions de commande &amp; livraison :<\/strong><br data-start=\"936\" data-end=\"939\" \/>\ud83d\uded2 <strong data-start=\"942\" data-end=\"971\">Commande minimale (MOQ) :<\/strong> 5 pi\u00e8ces<br data-start=\"980\" data-end=\"983\" \/>\ud83d\ude9a <strong data-start=\"986\" data-end=\"1029\">Livraison offerte \u00e0 partir de 20 pi\u00e8ces<\/strong><br data-start=\"1029\" data-end=\"1032\" \/>\u26a0\ufe0f <strong data-start=\"1035\" data-end=\"1061\">Entre 5 et 19 pi\u00e8ces :<\/strong> transport \u00e0 la charge du client<br data-start=\"1093\" data-end=\"1096\" \/>\u2705 <strong data-start=\"1098\" data-end=\"1151\">Disponible uniquement en finition blanc c\u00e9ramique<\/strong><\/p>","protected":false},"featured_media":1279,"comment_status":"open","ping_status":"closed","template":"","meta":{"_uag_custom_page_level_css":""},"product_brand":[99],"product_cat":[60,108],"product_tag":[],"class_list":{"0":"post-1276","1":"product","2":"type-product","3":"status-publish","4":"has-post-thumbnail","6":"product_brand-doli","7":"product_cat-materiaux-et-equipements-de-construction","8":"product_cat-wclavabo","10":"first","11":"instock","12":"sale","13":"taxable","14":"shipping-taxable","15":"purchasable","16":"product-type-simple"},"yoast_head":"<!-- This site is optimized with the Yoast SEO plugin v27.3 - https:\/\/yoast.com\/product\/yoast-seo-wordpress\/ -->\n<title>Toilette Luxe M001B \u2013 Design circulaire moderne &amp; confort premium - AfroSino<\/title>\n<meta name=\"robots\" content=\"index, follow, max-snippet:-1, max-image-preview:large, max-video-preview:-1\" \/>\n<link rel=\"canonical\" href=\"https:\/\/afrosinogros.com\/zh\/product\/toilette-luxe-m001b-design-circulaire-moderne-confort-premium\/\" \/>\n<meta property=\"og:locale\" content=\"zh_CN\" \/>\n<meta property=\"og:type\" content=\"article\" \/>\n<meta property=\"og:title\" content=\"Toilette Luxe M001B \u2013 Design circulaire moderne &amp; confort premium - AfroSino\" \/>\n<meta property=\"og:description\" content=\"\u2728 Caract\u00e9ristiques produit :\u2705 Mod\u00e8le : M001B\u2705 Type : Toilette compl\u00e8te avec abattant + m\u00e9canisme de chasse\u2705 Design : Forme circulaire \/ arrondie\u2705 Style : Moderne, luxe et \u00e9pur\u00e9\u2705 Mat\u00e9riau : C\u00e9ramique vitrifi\u00e9e haute qualit\u00e9\u2705 Abattant : Inclus \u2013 syst\u00e8me soft-close (fermeture douce et silencieuse)\u2705 M\u00e9canisme : Double chasse d\u2019eau \u00e9co (3L \/ 6L)\u2705 Couleur : Blanc brillant    \ud83d\udce6 Informations logistiques :     Conditionnement : 1 pi\u00e8ce par carton    Origine : Chine    R\u00e9f\u00e9rence produit : AFROSINO-M001B    Poids &amp; dimensions carton : \u00e0 confirmer selon envoi     \ud83d\ude9b Conditions de commande &amp; livraison :\ud83d\uded2 Commande minimale (MOQ) : 5 pi\u00e8ces\ud83d\ude9a Livraison offerte \u00e0 partir de 20 pi\u00e8ces\u26a0\ufe0f Entre 5 et 19 pi\u00e8ces : transport \u00e0 la charge du client\u2705 Disponible uniquement en finition blanc c\u00e9ramique\" \/>\n<meta property=\"og:url\" content=\"https:\/\/afrosinogros.com\/zh\/product\/toilette-luxe-m001b-design-circulaire-moderne-confort-premium\/\" \/>\n<meta property=\"og:site_name\" content=\"AfroSino\" \/>\n<meta property=\"article:modified_time\" content=\"2025-11-06T18:10:03+00:00\" \/>\n<meta property=\"og:image\" content=\"https:\/\/afrosinogros.com\/wp-content\/uploads\/2025\/11\/Wc-Lux-MT001B2.png\" \/>\n\t<meta property=\"og:image:width\" content=\"800\" \/>\n\t<meta property=\"og:image:height\" content=\"1067\" \/>\n\t<meta property=\"og:image:type\" content=\"image\/png\" \/>\n<meta name=\"twitter:card\" content=\"summary_large_image\" \/>\n<meta name=\"twitter:label1\" content=\"\u9884\u8ba1\u9605\u8bfb\u65f6\u95f4\" \/>\n\t<meta name=\"twitter:data1\" content=\"1 \u5206\" \/>\n<script type=\"application\/ld+json\" class=\"yoast-schema-graph\">{\"@context\":\"https:\\\/\\\/schema.org\",\"@graph\":[{\"@type\":\"WebPage\",\"@id\":\"https:\\\/\\\/afrosinogros.com\\\/product\\\/toilette-luxe-m001b-design-circulaire-moderne-confort-premium\\\/\",\"url\":\"https:\\\/\\\/afrosinogros.com\\\/product\\\/toilette-luxe-m001b-design-circulaire-moderne-confort-premium\\\/\",\"name\":\"Toilette Luxe M001B \u2013 Design circulaire moderne & confort premium - AfroSino\",\"isPartOf\":{\"@id\":\"https:\\\/\\\/afrosinogros.com\\\/#website\"},\"primaryImageOfPage\":{\"@id\":\"https:\\\/\\\/afrosinogros.com\\\/product\\\/toilette-luxe-m001b-design-circulaire-moderne-confort-premium\\\/#primaryimage\"},\"image\":{\"@id\":\"https:\\\/\\\/afrosinogros.com\\\/product\\\/toilette-luxe-m001b-design-circulaire-moderne-confort-premium\\\/#primaryimage\"},\"thumbnailUrl\":\"https:\\\/\\\/afrosinogros.com\\\/wp-content\\\/uploads\\\/2025\\\/11\\\/Wc-Lux-MT001B2.png\",\"datePublished\":\"2025-11-06T18:10:01+00:00\",\"dateModified\":\"2025-11-06T18:10:03+00:00\",\"breadcrumb\":{\"@id\":\"https:\\\/\\\/afrosinogros.com\\\/product\\\/toilette-luxe-m001b-design-circulaire-moderne-confort-premium\\\/#breadcrumb\"},\"inLanguage\":\"zh-Hans\",\"potentialAction\":[{\"@type\":\"ReadAction\",\"target\":[\"https:\\\/\\\/afrosinogros.com\\\/product\\\/toilette-luxe-m001b-design-circulaire-moderne-confort-premium\\\/\"]}]},{\"@type\":\"ImageObject\",\"inLanguage\":\"zh-Hans\",\"@id\":\"https:\\\/\\\/afrosinogros.com\\\/product\\\/toilette-luxe-m001b-design-circulaire-moderne-confort-premium\\\/#primaryimage\",\"url\":\"https:\\\/\\\/afrosinogros.com\\\/wp-content\\\/uploads\\\/2025\\\/11\\\/Wc-Lux-MT001B2.png\",\"contentUrl\":\"https:\\\/\\\/afrosinogros.com\\\/wp-content\\\/uploads\\\/2025\\\/11\\\/Wc-Lux-MT001B2.png\",\"width\":800,\"height\":1067},{\"@type\":\"BreadcrumbList\",\"@id\":\"https:\\\/\\\/afrosinogros.com\\\/product\\\/toilette-luxe-m001b-design-circulaire-moderne-confort-premium\\\/#breadcrumb\",\"itemListElement\":[{\"@type\":\"ListItem\",\"position\":1,\"name\":\"Home\",\"item\":\"https:\\\/\\\/afrosinogros.com\\\/\"},{\"@type\":\"ListItem\",\"position\":2,\"name\":\"Magasin\",\"item\":\"https:\\\/\\\/afrosinogros.com\\\/magasin\\\/\"},{\"@type\":\"ListItem\",\"position\":3,\"name\":\"Toilette Luxe M001B \u2013 Design circulaire moderne &#038; confort premium\"}]},{\"@type\":\"WebSite\",\"@id\":\"https:\\\/\\\/afrosinogros.com\\\/#website\",\"url\":\"https:\\\/\\\/afrosinogros.com\\\/\",\"name\":\"AfroSino\",\"description\":\"Officiel site web\",\"publisher\":{\"@id\":\"https:\\\/\\\/afrosinogros.com\\\/#organization\"},\"potentialAction\":[{\"@type\":\"SearchAction\",\"target\":{\"@type\":\"EntryPoint\",\"urlTemplate\":\"https:\\\/\\\/afrosinogros.com\\\/?s={search_term_string}\"},\"query-input\":{\"@type\":\"PropertyValueSpecification\",\"valueRequired\":true,\"valueName\":\"search_term_string\"}}],\"inLanguage\":\"zh-Hans\"},{\"@type\":\"Organization\",\"@id\":\"https:\\\/\\\/afrosinogros.com\\\/#organization\",\"name\":\"AfroSino\",\"url\":\"https:\\\/\\\/afrosinogros.com\\\/\",\"logo\":{\"@type\":\"ImageObject\",\"inLanguage\":\"zh-Hans\",\"@id\":\"https:\\\/\\\/afrosinogros.com\\\/#\\\/schema\\\/logo\\\/image\\\/\",\"url\":\"https:\\\/\\\/afrosinogros.com\\\/wp-content\\\/uploads\\\/2025\\\/09\\\/cropped-afrosino_logo_optimized-removebg-preview.png\",\"contentUrl\":\"https:\\\/\\\/afrosinogros.com\\\/wp-content\\\/uploads\\\/2025\\\/09\\\/cropped-afrosino_logo_optimized-removebg-preview.png\",\"width\":512,\"height\":512,\"caption\":\"AfroSino\"},\"image\":{\"@id\":\"https:\\\/\\\/afrosinogros.com\\\/#\\\/schema\\\/logo\\\/image\\\/\"}}]}<\/script>\n<!-- \/ Yoast SEO plugin. -->","yoast_head_json":{"title":"Toilette Luxe M001B \u2013 Design circulaire moderne & confort premium - AfroSino","robots":{"index":"index","follow":"follow","max-snippet":"max-snippet:-1","max-image-preview":"max-image-preview:large","max-video-preview":"max-video-preview:-1"},"canonical":"https:\/\/afrosinogros.com\/zh\/product\/toilette-luxe-m001b-design-circulaire-moderne-confort-premium\/","og_locale":"zh_CN","og_type":"article","og_title":"Toilette Luxe M001B \u2013 Design circulaire moderne & confort premium - AfroSino","og_description":"\u2728 Caract\u00e9ristiques produit :\u2705 Mod\u00e8le : M001B\u2705 Type : Toilette compl\u00e8te avec abattant + m\u00e9canisme de chasse\u2705 Design : Forme circulaire \/ arrondie\u2705 Style : Moderne, luxe et \u00e9pur\u00e9\u2705 Mat\u00e9riau : C\u00e9ramique vitrifi\u00e9e haute qualit\u00e9\u2705 Abattant : Inclus \u2013 syst\u00e8me soft-close (fermeture douce et silencieuse)\u2705 M\u00e9canisme : Double chasse d\u2019eau \u00e9co (3L \/ 6L)\u2705 Couleur : Blanc brillant    \ud83d\udce6 Informations logistiques :     Conditionnement : 1 pi\u00e8ce par carton    Origine : Chine    R\u00e9f\u00e9rence produit : AFROSINO-M001B    Poids &amp; dimensions carton : \u00e0 confirmer selon envoi     \ud83d\ude9b Conditions de commande &amp; livraison :\ud83d\uded2 Commande minimale (MOQ) : 5 pi\u00e8ces\ud83d\ude9a Livraison offerte \u00e0 partir de 20 pi\u00e8ces\u26a0\ufe0f Entre 5 et 19 pi\u00e8ces : transport \u00e0 la charge du client\u2705 Disponible uniquement en finition blanc c\u00e9ramique","og_url":"https:\/\/afrosinogros.com\/zh\/product\/toilette-luxe-m001b-design-circulaire-moderne-confort-premium\/","og_site_name":"AfroSino","article_modified_time":"2025-11-06T18:10:03+00:00","og_image":[{"width":800,"height":1067,"url":"https:\/\/afrosinogros.com\/wp-content\/uploads\/2025\/11\/Wc-Lux-MT001B2.png","type":"image\/png"}],"twitter_card":"summary_large_image","twitter_misc":{"\u9884\u8ba1\u9605\u8bfb\u65f6\u95f4":"1 \u5206"},"schema":{"@context":"https:\/\/schema.org","@graph":[{"@type":"WebPage","@id":"https:\/\/afrosinogros.com\/product\/toilette-luxe-m001b-design-circulaire-moderne-confort-premium\/","url":"https:\/\/afrosinogros.com\/product\/toilette-luxe-m001b-design-circulaire-moderne-confort-premium\/","name":"Toilette Luxe M001B \u2013 Design circulaire moderne & confort premium - AfroSino","isPartOf":{"@id":"https:\/\/afrosinogros.com\/#website"},"primaryImageOfPage":{"@id":"https:\/\/afrosinogros.com\/product\/toilette-luxe-m001b-design-circulaire-moderne-confort-premium\/#primaryimage"},"image":{"@id":"https:\/\/afrosinogros.com\/product\/toilette-luxe-m001b-design-circulaire-moderne-confort-premium\/#primaryimage"},"thumbnailUrl":"https:\/\/afrosinogros.com\/wp-content\/uploads\/2025\/11\/Wc-Lux-MT001B2.png","datePublished":"2025-11-06T18:10:01+00:00","dateModified":"2025-11-06T18:10:03+00:00","breadcrumb":{"@id":"https:\/\/afrosinogros.com\/product\/toilette-luxe-m001b-design-circulaire-moderne-confort-premium\/#breadcrumb"},"inLanguage":"zh-Hans","potentialAction":[{"@type":"ReadAction","target":["https:\/\/afrosinogros.com\/product\/toilette-luxe-m001b-design-circulaire-moderne-confort-premium\/"]}]},{"@type":"ImageObject","inLanguage":"zh-Hans","@id":"https:\/\/afrosinogros.com\/product\/toilette-luxe-m001b-design-circulaire-moderne-confort-premium\/#primaryimage","url":"https:\/\/afrosinogros.com\/wp-content\/uploads\/2025\/11\/Wc-Lux-MT001B2.png","contentUrl":"https:\/\/afrosinogros.com\/wp-content\/uploads\/2025\/11\/Wc-Lux-MT001B2.png","width":800,"height":1067},{"@type":"BreadcrumbList","@id":"https:\/\/afrosinogros.com\/product\/toilette-luxe-m001b-design-circulaire-moderne-confort-premium\/#breadcrumb","itemListElement":[{"@type":"ListItem","position":1,"name":"Home","item":"https:\/\/afrosinogros.com\/"},{"@type":"ListItem","position":2,"name":"Magasin","item":"https:\/\/afrosinogros.com\/magasin\/"},{"@type":"ListItem","position":3,"name":"Toilette Luxe M001B \u2013 Design circulaire moderne &#038; confort premium"}]},{"@type":"WebSite","@id":"https:\/\/afrosinogros.com\/#website","url":"https:\/\/afrosinogros.com\/","name":"AfroSino","description":"Officiel site web","publisher":{"@id":"https:\/\/afrosinogros.com\/#organization"},"potentialAction":[{"@type":"SearchAction","target":{"@type":"EntryPoint","urlTemplate":"https:\/\/afrosinogros.com\/?s={search_term_string}"},"query-input":{"@type":"PropertyValueSpecification","valueRequired":true,"valueName":"search_term_string"}}],"inLanguage":"zh-Hans"},{"@type":"Organization","@id":"https:\/\/afrosinogros.com\/#organization","name":"AfroSino","url":"https:\/\/afrosinogros.com\/","logo":{"@type":"ImageObject","inLanguage":"zh-Hans","@id":"https:\/\/afrosinogros.com\/#\/schema\/logo\/image\/","url":"https:\/\/afrosinogros.com\/wp-content\/uploads\/2025\/09\/cropped-afrosino_logo_optimized-removebg-preview.png","contentUrl":"https:\/\/afrosinogros.com\/wp-content\/uploads\/2025\/09\/cropped-afrosino_logo_optimized-removebg-preview.png","width":512,"height":512,"caption":"AfroSino"},"image":{"@id":"https:\/\/afrosinogros.com\/#\/schema\/logo\/image\/"}}]}},"uagb_featured_image_src":{"full":["https:\/\/afrosinogros.com\/wp-content\/uploads\/2025\/11\/Wc-Lux-MT001B2.png",800,1067,false],"thumbnail":["https:\/\/afrosinogros.com\/wp-content\/uploads\/2025\/11\/Wc-Lux-MT001B2-150x150.png",150,150,true],"medium":["https:\/\/afrosinogros.com\/wp-content\/uploads\/2025\/11\/Wc-Lux-MT001B2-225x300.png",225,300,true],"medium_large":["https:\/\/afrosinogros.com\/wp-content\/uploads\/2025\/11\/Wc-Lux-MT001B2-768x1024.png",768,1024,true],"large":["https:\/\/afrosinogros.com\/wp-content\/uploads\/2025\/11\/Wc-Lux-MT001B2-768x1024.png",768,1024,true],"1536x1536":["https:\/\/afrosinogros.com\/wp-content\/uploads\/2025\/11\/Wc-Lux-MT001B2.png",800,1067,false],"2048x2048":["https:\/\/afrosinogros.com\/wp-content\/uploads\/2025\/11\/Wc-Lux-MT001B2.png",800,1067,false],"trp-custom-language-flag":["https:\/\/afrosinogros.com\/wp-content\/uploads\/2025\/11\/Wc-Lux-MT001B2-9x12.png",9,12,true],"woocommerce_archive_thumbnail":["https:\/\/afrosinogros.com\/wp-content\/uploads\/2025\/11\/Wc-Lux-MT001B2-300x400.png",300,400,true],"woocommerce_thumbnail":["https:\/\/afrosinogros.com\/wp-content\/uploads\/2025\/11\/Wc-Lux-MT001B2-300x300.png",300,300,true],"woocommerce_single":["https:\/\/afrosinogros.com\/wp-content\/uploads\/2025\/11\/Wc-Lux-MT001B2-600x800.png",600,800,true],"woocommerce_gallery_thumbnail":["https:\/\/afrosinogros.com\/wp-content\/uploads\/2025\/11\/Wc-Lux-MT001B2-100x100.png",100,100,true]},"uagb_author_info":{"display_name":"admin","author_link":"https:\/\/afrosinogros.com\/zh\/author\/"},"uagb_comment_info":0,"uagb_excerpt":"\u2728 Caract\u00e9ristiques produit :\u2705 Mod\u00e8le : M001B\u2705 Type : Toilette compl\u00e8te avec abattant + m\u00e9canisme de chasse\u2705 Design : Forme circulaire \/ arrondie\u2705 Style : Moderne, luxe et \u00e9pur\u00e9\u2705 Mat\u00e9riau : C\u00e9ramique vitrifi\u00e9e haute qualit\u00e9\u2705 Abattant : Inclus \u2013 syst\u00e8me soft-close (fermeture douce et silencieuse)\u2705 M\u00e9canisme : Double chasse d\u2019eau \u00e9co (3L \/ 6L)\u2705 Couleur&hellip;","jetpack_sharing_enabled":true,"_links":{"self":[{"href":"https:\/\/afrosinogros.com\/zh\/wp-json\/wp\/v2\/product\/1276","targetHints":{"allow":["GET"]}}],"collection":[{"href":"https:\/\/afrosinogros.com\/zh\/wp-json\/wp\/v2\/product"}],"about":[{"href":"https:\/\/afrosinogros.com\/zh\/wp-json\/wp\/v2\/types\/product"}],"replies":[{"embeddable":true,"href":"https:\/\/afrosinogros.com\/zh\/wp-json\/wp\/v2\/comments?post=1276"}],"wp:featuredmedia":[{"embeddable":true,"href":"https:\/\/afrosinogros.com\/zh\/wp-json\/wp\/v2\/media\/1279"}],"wp:attachment":[{"href":"https:\/\/afrosinogros.com\/zh\/wp-json\/wp\/v2\/media?parent=1276"}],"wp:term":[{"taxonomy":"product_brand","embeddable":true,"href":"https:\/\/afrosinogros.com\/zh\/wp-json\/wp\/v2\/product_brand?post=1276"},{"taxonomy":"product_cat","embeddable":true,"href":"https:\/\/afrosinogros.com\/zh\/wp-json\/wp\/v2\/product_cat?post=1276"},{"taxonomy":"product_tag","embeddable":true,"href":"https:\/\/afrosinogros.com\/zh\/wp-json\/wp\/v2\/product_tag?post=1276"}],"curies":[{"name":"wp","href":"https:\/\/api.w.org\/{rel}","templated":true}]}}