{"id":1292,"date":"2025-11-09T15:04:46","date_gmt":"2025-11-09T15:04:46","guid":{"rendered":"https:\/\/afrosinogros.com\/?post_type=product&#038;p=1292"},"modified":"2025-11-10T15:53:00","modified_gmt":"2025-11-10T15:53:00","slug":"ecran-daffichage-professionnel-android-windows","status":"publish","type":"product","link":"https:\/\/afrosinogros.com\/zh\/product\/ecran-daffichage-professionnel-android-windows\/","title":{"rendered":"\u00c9cran d\u2019Affichage Professionnel \u2013 Android \/ Windows"},"content":{"rendered":"<p>Les \u00e9crans digitaux <strong data-start=\"326\" data-end=\"338\">Almenpad<\/strong>, distribu\u00e9s par <strong data-start=\"355\" data-end=\"367\">Afrosino<\/strong>, offrent une solution moderne et \u00e9l\u00e9gante pour la communication visuelle dans tous types d\u2019espaces : h\u00f4tels, centres commerciaux, banques, h\u00f4pitaux, gares ou cin\u00e9mas.<\/p>\n<h3 data-start=\"1108\" data-end=\"1137\">\ud83c\udf10 <strong data-start=\"1115\" data-end=\"1137\">Utilisation id\u00e9ale<\/strong><\/h3>\n<ul data-start=\"1138\" data-end=\"1327\">\n<li data-start=\"1138\" data-end=\"1165\">\n<p data-start=\"1140\" data-end=\"1165\">\ud83c\udfe8 H\u00f4tels et r\u00e9ceptions<\/p>\n<\/li>\n<li data-start=\"1166\" data-end=\"1205\">\n<p data-start=\"1168\" data-end=\"1205\">\ud83c\udfe2 Centres commerciaux et boutiques<\/p>\n<\/li>\n<li data-start=\"1206\" data-end=\"1237\">\n<p data-start=\"1208\" data-end=\"1237\">\ud83c\udfe5 H\u00f4pitaux et institutions<\/p>\n<\/li>\n<li data-start=\"1238\" data-end=\"1263\">\n<p data-start=\"1240\" data-end=\"1263\">\ud83c\udfe6 Banques et agences<\/p>\n<\/li>\n<li data-start=\"1264\" data-end=\"1289\">\n<p data-start=\"1266\" data-end=\"1289\">\ud83d\ude89 Gares et a\u00e9roports<\/p>\n<\/li>\n<li data-start=\"1290\" data-end=\"1327\">\n<p data-start=\"1292\" data-end=\"1327\">\ud83c\udfac Cin\u00e9mas et salles de spectacle<\/p>\n<\/li>\n<\/ul>\n<hr data-start=\"1329\" data-end=\"1332\" \/>\n<h3 data-start=\"1334\" data-end=\"1354\">\ud83d\udc8e <strong data-start=\"1341\" data-end=\"1354\">Avantages<\/strong><\/h3>\n<p data-start=\"1355\" data-end=\"1552\">\u2705 Design \u00e9l\u00e9gant et ultra-fin<br data-start=\"1384\" data-end=\"1387\" \/>\u2705 Affichage haute luminosit\u00e9 pour usage int\u00e9rieur<br data-start=\"1436\" data-end=\"1439\" \/>\u2705 Fonction tactile en option<br data-start=\"1467\" data-end=\"1470\" \/>\u2705 Contenu g\u00e9rable \u00e0 distance via Internet<br data-start=\"1511\" data-end=\"1514\" \/>\u2705 Excellente stabilit\u00e9 et durabilit\u00e9<\/p>","protected":false},"excerpt":{"rendered":"<h3 data-start=\"541\" data-end=\"579\">\u2699\ufe0f <strong data-start=\"548\" data-end=\"579\">Caract\u00e9ristiques Techniques<\/strong><\/h3>\n<ul data-start=\"580\" data-end=\"1016\">\n<li data-start=\"580\" data-end=\"646\">\n<p data-start=\"582\" data-end=\"646\"><strong data-start=\"582\" data-end=\"610\">Syst\u00e8me d\u2019exploitation :<\/strong> Android 9.0 ou Windows (au choix)<\/p>\n<\/li>\n<li data-start=\"647\" data-end=\"697\">\n<p data-start=\"649\" data-end=\"697\"><strong data-start=\"649\" data-end=\"671\">Processeur (CPU) :<\/strong> Quad-Core A35 Processor<\/p>\n<\/li>\n<li data-start=\"698\" data-end=\"809\">\n<p data-start=\"700\" data-end=\"715\"><strong data-start=\"700\" data-end=\"713\">M\u00e9moire :<\/strong><\/p>\n<ul data-start=\"718\" data-end=\"809\">\n<li data-start=\"718\" data-end=\"763\">\n<p data-start=\"720\" data-end=\"763\">Version standard : 1 Go RAM + 8\/16 Go ROM<\/p>\n<\/li>\n<li data-start=\"766\" data-end=\"809\">\n<p data-start=\"768\" data-end=\"809\">Version avanc\u00e9e : 4 Go RAM + 128 Go ROM<\/p>\n<\/li>\n<\/ul>\n<\/li>\n<li data-start=\"810\" data-end=\"866\">\n<p data-start=\"812\" data-end=\"866\"><strong data-start=\"812\" data-end=\"828\">R\u00e9solution :<\/strong> 1920 \u00d7 1080 pixels @ 60Hz (Full HD)<\/p>\n<\/li>\n<li data-start=\"867\" data-end=\"897\">\n<p data-start=\"869\" data-end=\"897\"><strong data-start=\"869\" data-end=\"885\">Luminosit\u00e9 :<\/strong> 350 cd\/m\u00b2<\/p>\n<\/li>\n<li data-start=\"898\" data-end=\"924\">\n<p data-start=\"900\" data-end=\"924\"><strong data-start=\"900\" data-end=\"915\">Contraste :<\/strong> 5000:1<\/p>\n<\/li>\n<li data-start=\"925\" data-end=\"1016\">\n<p data-start=\"927\" data-end=\"955\"><strong data-start=\"927\" data-end=\"953\">Style d\u2019installation :<\/strong><\/p>\n<ul data-start=\"958\" data-end=\"1016\">\n<li data-start=\"958\" data-end=\"985\">\n<p data-start=\"960\" data-end=\"985\"><em data-start=\"960\" data-end=\"974\">Wall-Mounted<\/em> (murale)<\/p>\n<\/li>\n<li data-start=\"988\" data-end=\"1016\">\n<p data-start=\"990\" data-end=\"1016\"><em data-start=\"990\" data-end=\"1005\">Floor-Mounted<\/em> (sur pied)<\/p>\n<\/li>\n<\/ul>\n<\/li>\n<\/ul>","protected":false},"featured_media":1297,"comment_status":"open","ping_status":"closed","template":"","meta":{"_uag_custom_page_level_css":""},"product_brand":[109],"product_cat":[56,24],"product_tag":[],"class_list":{"0":"post-1292","1":"product","2":"type-product","3":"status-publish","4":"has-post-thumbnail","6":"product_brand-amenpad","7":"product_cat-appareils-pro-fours-frigos","8":"product_cat-electroniquetelephonie","10":"first","11":"instock","12":"sale","13":"taxable","14":"shipping-taxable","15":"purchasable","16":"product-type-simple"},"yoast_head":"<!-- This site is optimized with the Yoast SEO plugin v27.3 - https:\/\/yoast.com\/product\/yoast-seo-wordpress\/ -->\n<title>\u00c9cran d\u2019Affichage Professionnel \u2013 Android \/ Windows - AfroSino<\/title>\n<meta name=\"robots\" content=\"index, follow, max-snippet:-1, max-image-preview:large, max-video-preview:-1\" \/>\n<link rel=\"canonical\" href=\"https:\/\/afrosinogros.com\/zh\/product\/ecran-daffichage-professionnel-android-windows\/\" \/>\n<meta property=\"og:locale\" content=\"zh_CN\" \/>\n<meta property=\"og:type\" content=\"article\" \/>\n<meta property=\"og:title\" content=\"\u00c9cran d\u2019Affichage Professionnel \u2013 Android \/ Windows - AfroSino\" \/>\n<meta property=\"og:description\" content=\"\u2699\ufe0f Caract\u00e9ristiques Techniques    Syst\u00e8me d\u2019exploitation : Android 9.0 ou Windows (au choix)    Processeur (CPU) : Quad-Core A35 Processor    M\u00e9moire :     Version standard : 1 Go RAM + 8\/16 Go ROM    Version avanc\u00e9e : 4 Go RAM + 128 Go ROM      R\u00e9solution : 1920 \u00d7 1080 pixels @ 60Hz (Full HD)    Luminosit\u00e9 : 350 cd\/m\u00b2    Contraste : 5000:1    Style d\u2019installation :     Wall-Mounted (murale)    Floor-Mounted (sur pied)\" \/>\n<meta property=\"og:url\" content=\"https:\/\/afrosinogros.com\/zh\/product\/ecran-daffichage-professionnel-android-windows\/\" \/>\n<meta property=\"og:site_name\" content=\"AfroSino\" \/>\n<meta property=\"article:modified_time\" content=\"2025-11-10T15:53:00+00:00\" \/>\n<meta property=\"og:image\" content=\"https:\/\/afrosinogros.com\/wp-content\/uploads\/2025\/11\/Weixin-Image_20251109143128_63_4.jpg\" \/>\n\t<meta property=\"og:image:width\" content=\"899\" \/>\n\t<meta property=\"og:image:height\" content=\"1067\" \/>\n\t<meta property=\"og:image:type\" content=\"image\/jpeg\" \/>\n<meta name=\"twitter:card\" content=\"summary_large_image\" \/>\n<meta name=\"twitter:label1\" content=\"\u9884\u8ba1\u9605\u8bfb\u65f6\u95f4\" \/>\n\t<meta name=\"twitter:data1\" content=\"1 \u5206\" \/>\n<script type=\"application\/ld+json\" class=\"yoast-schema-graph\">{\"@context\":\"https:\\\/\\\/schema.org\",\"@graph\":[{\"@type\":\"WebPage\",\"@id\":\"https:\\\/\\\/afrosinogros.com\\\/product\\\/ecran-daffichage-professionnel-android-windows\\\/\",\"url\":\"https:\\\/\\\/afrosinogros.com\\\/product\\\/ecran-daffichage-professionnel-android-windows\\\/\",\"name\":\"\u00c9cran d\u2019Affichage Professionnel \u2013 Android \\\/ Windows - AfroSino\",\"isPartOf\":{\"@id\":\"https:\\\/\\\/afrosinogros.com\\\/#website\"},\"primaryImageOfPage\":{\"@id\":\"https:\\\/\\\/afrosinogros.com\\\/product\\\/ecran-daffichage-professionnel-android-windows\\\/#primaryimage\"},\"image\":{\"@id\":\"https:\\\/\\\/afrosinogros.com\\\/product\\\/ecran-daffichage-professionnel-android-windows\\\/#primaryimage\"},\"thumbnailUrl\":\"https:\\\/\\\/afrosinogros.com\\\/wp-content\\\/uploads\\\/2025\\\/11\\\/Weixin-Image_20251109143128_63_4.jpg\",\"datePublished\":\"2025-11-09T15:04:46+00:00\",\"dateModified\":\"2025-11-10T15:53:00+00:00\",\"breadcrumb\":{\"@id\":\"https:\\\/\\\/afrosinogros.com\\\/product\\\/ecran-daffichage-professionnel-android-windows\\\/#breadcrumb\"},\"inLanguage\":\"zh-Hans\",\"potentialAction\":[{\"@type\":\"ReadAction\",\"target\":[\"https:\\\/\\\/afrosinogros.com\\\/product\\\/ecran-daffichage-professionnel-android-windows\\\/\"]}]},{\"@type\":\"ImageObject\",\"inLanguage\":\"zh-Hans\",\"@id\":\"https:\\\/\\\/afrosinogros.com\\\/product\\\/ecran-daffichage-professionnel-android-windows\\\/#primaryimage\",\"url\":\"https:\\\/\\\/afrosinogros.com\\\/wp-content\\\/uploads\\\/2025\\\/11\\\/Weixin-Image_20251109143128_63_4.jpg\",\"contentUrl\":\"https:\\\/\\\/afrosinogros.com\\\/wp-content\\\/uploads\\\/2025\\\/11\\\/Weixin-Image_20251109143128_63_4.jpg\",\"width\":899,\"height\":1067},{\"@type\":\"BreadcrumbList\",\"@id\":\"https:\\\/\\\/afrosinogros.com\\\/product\\\/ecran-daffichage-professionnel-android-windows\\\/#breadcrumb\",\"itemListElement\":[{\"@type\":\"ListItem\",\"position\":1,\"name\":\"Home\",\"item\":\"https:\\\/\\\/afrosinogros.com\\\/\"},{\"@type\":\"ListItem\",\"position\":2,\"name\":\"Magasin\",\"item\":\"https:\\\/\\\/afrosinogros.com\\\/magasin\\\/\"},{\"@type\":\"ListItem\",\"position\":3,\"name\":\"\u00c9cran d\u2019Affichage Professionnel \u2013 Android \\\/ Windows\"}]},{\"@type\":\"WebSite\",\"@id\":\"https:\\\/\\\/afrosinogros.com\\\/#website\",\"url\":\"https:\\\/\\\/afrosinogros.com\\\/\",\"name\":\"AfroSino\",\"description\":\"Officiel site web\",\"publisher\":{\"@id\":\"https:\\\/\\\/afrosinogros.com\\\/#organization\"},\"potentialAction\":[{\"@type\":\"SearchAction\",\"target\":{\"@type\":\"EntryPoint\",\"urlTemplate\":\"https:\\\/\\\/afrosinogros.com\\\/?s={search_term_string}\"},\"query-input\":{\"@type\":\"PropertyValueSpecification\",\"valueRequired\":true,\"valueName\":\"search_term_string\"}}],\"inLanguage\":\"zh-Hans\"},{\"@type\":\"Organization\",\"@id\":\"https:\\\/\\\/afrosinogros.com\\\/#organization\",\"name\":\"AfroSino\",\"url\":\"https:\\\/\\\/afrosinogros.com\\\/\",\"logo\":{\"@type\":\"ImageObject\",\"inLanguage\":\"zh-Hans\",\"@id\":\"https:\\\/\\\/afrosinogros.com\\\/#\\\/schema\\\/logo\\\/image\\\/\",\"url\":\"https:\\\/\\\/afrosinogros.com\\\/wp-content\\\/uploads\\\/2025\\\/09\\\/cropped-afrosino_logo_optimized-removebg-preview.png\",\"contentUrl\":\"https:\\\/\\\/afrosinogros.com\\\/wp-content\\\/uploads\\\/2025\\\/09\\\/cropped-afrosino_logo_optimized-removebg-preview.png\",\"width\":512,\"height\":512,\"caption\":\"AfroSino\"},\"image\":{\"@id\":\"https:\\\/\\\/afrosinogros.com\\\/#\\\/schema\\\/logo\\\/image\\\/\"}}]}<\/script>\n<!-- \/ Yoast SEO plugin. -->","yoast_head_json":{"title":"\u00c9cran d\u2019Affichage Professionnel \u2013 Android \/ Windows - AfroSino","robots":{"index":"index","follow":"follow","max-snippet":"max-snippet:-1","max-image-preview":"max-image-preview:large","max-video-preview":"max-video-preview:-1"},"canonical":"https:\/\/afrosinogros.com\/zh\/product\/ecran-daffichage-professionnel-android-windows\/","og_locale":"zh_CN","og_type":"article","og_title":"\u00c9cran d\u2019Affichage Professionnel \u2013 Android \/ Windows - AfroSino","og_description":"\u2699\ufe0f Caract\u00e9ristiques Techniques    Syst\u00e8me d\u2019exploitation : Android 9.0 ou Windows (au choix)    Processeur (CPU) : Quad-Core A35 Processor    M\u00e9moire :     Version standard : 1 Go RAM + 8\/16 Go ROM    Version avanc\u00e9e : 4 Go RAM + 128 Go ROM      R\u00e9solution : 1920 \u00d7 1080 pixels @ 60Hz (Full HD)    Luminosit\u00e9 : 350 cd\/m\u00b2    Contraste : 5000:1    Style d\u2019installation :     Wall-Mounted (murale)    Floor-Mounted (sur pied)","og_url":"https:\/\/afrosinogros.com\/zh\/product\/ecran-daffichage-professionnel-android-windows\/","og_site_name":"AfroSino","article_modified_time":"2025-11-10T15:53:00+00:00","og_image":[{"width":899,"height":1067,"url":"https:\/\/afrosinogros.com\/wp-content\/uploads\/2025\/11\/Weixin-Image_20251109143128_63_4.jpg","type":"image\/jpeg"}],"twitter_card":"summary_large_image","twitter_misc":{"\u9884\u8ba1\u9605\u8bfb\u65f6\u95f4":"1 \u5206"},"schema":{"@context":"https:\/\/schema.org","@graph":[{"@type":"WebPage","@id":"https:\/\/afrosinogros.com\/product\/ecran-daffichage-professionnel-android-windows\/","url":"https:\/\/afrosinogros.com\/product\/ecran-daffichage-professionnel-android-windows\/","name":"\u00c9cran d\u2019Affichage Professionnel \u2013 Android \/ Windows - AfroSino","isPartOf":{"@id":"https:\/\/afrosinogros.com\/#website"},"primaryImageOfPage":{"@id":"https:\/\/afrosinogros.com\/product\/ecran-daffichage-professionnel-android-windows\/#primaryimage"},"image":{"@id":"https:\/\/afrosinogros.com\/product\/ecran-daffichage-professionnel-android-windows\/#primaryimage"},"thumbnailUrl":"https:\/\/afrosinogros.com\/wp-content\/uploads\/2025\/11\/Weixin-Image_20251109143128_63_4.jpg","datePublished":"2025-11-09T15:04:46+00:00","dateModified":"2025-11-10T15:53:00+00:00","breadcrumb":{"@id":"https:\/\/afrosinogros.com\/product\/ecran-daffichage-professionnel-android-windows\/#breadcrumb"},"inLanguage":"zh-Hans","potentialAction":[{"@type":"ReadAction","target":["https:\/\/afrosinogros.com\/product\/ecran-daffichage-professionnel-android-windows\/"]}]},{"@type":"ImageObject","inLanguage":"zh-Hans","@id":"https:\/\/afrosinogros.com\/product\/ecran-daffichage-professionnel-android-windows\/#primaryimage","url":"https:\/\/afrosinogros.com\/wp-content\/uploads\/2025\/11\/Weixin-Image_20251109143128_63_4.jpg","contentUrl":"https:\/\/afrosinogros.com\/wp-content\/uploads\/2025\/11\/Weixin-Image_20251109143128_63_4.jpg","width":899,"height":1067},{"@type":"BreadcrumbList","@id":"https:\/\/afrosinogros.com\/product\/ecran-daffichage-professionnel-android-windows\/#breadcrumb","itemListElement":[{"@type":"ListItem","position":1,"name":"Home","item":"https:\/\/afrosinogros.com\/"},{"@type":"ListItem","position":2,"name":"Magasin","item":"https:\/\/afrosinogros.com\/magasin\/"},{"@type":"ListItem","position":3,"name":"\u00c9cran d\u2019Affichage Professionnel \u2013 Android \/ Windows"}]},{"@type":"WebSite","@id":"https:\/\/afrosinogros.com\/#website","url":"https:\/\/afrosinogros.com\/","name":"AfroSino","description":"Officiel site web","publisher":{"@id":"https:\/\/afrosinogros.com\/#organization"},"potentialAction":[{"@type":"SearchAction","target":{"@type":"EntryPoint","urlTemplate":"https:\/\/afrosinogros.com\/?s={search_term_string}"},"query-input":{"@type":"PropertyValueSpecification","valueRequired":true,"valueName":"search_term_string"}}],"inLanguage":"zh-Hans"},{"@type":"Organization","@id":"https:\/\/afrosinogros.com\/#organization","name":"AfroSino","url":"https:\/\/afrosinogros.com\/","logo":{"@type":"ImageObject","inLanguage":"zh-Hans","@id":"https:\/\/afrosinogros.com\/#\/schema\/logo\/image\/","url":"https:\/\/afrosinogros.com\/wp-content\/uploads\/2025\/09\/cropped-afrosino_logo_optimized-removebg-preview.png","contentUrl":"https:\/\/afrosinogros.com\/wp-content\/uploads\/2025\/09\/cropped-afrosino_logo_optimized-removebg-preview.png","width":512,"height":512,"caption":"AfroSino"},"image":{"@id":"https:\/\/afrosinogros.com\/#\/schema\/logo\/image\/"}}]}},"uagb_featured_image_src":{"full":["https:\/\/afrosinogros.com\/wp-content\/uploads\/2025\/11\/Weixin-Image_20251109143128_63_4.jpg",899,1067,false],"thumbnail":["https:\/\/afrosinogros.com\/wp-content\/uploads\/2025\/11\/Weixin-Image_20251109143128_63_4-150x150.jpg",150,150,true],"medium":["https:\/\/afrosinogros.com\/wp-content\/uploads\/2025\/11\/Weixin-Image_20251109143128_63_4-253x300.jpg",253,300,true],"medium_large":["https:\/\/afrosinogros.com\/wp-content\/uploads\/2025\/11\/Weixin-Image_20251109143128_63_4-768x912.jpg",768,912,true],"large":["https:\/\/afrosinogros.com\/wp-content\/uploads\/2025\/11\/Weixin-Image_20251109143128_63_4-863x1024.jpg",863,1024,true],"1536x1536":["https:\/\/afrosinogros.com\/wp-content\/uploads\/2025\/11\/Weixin-Image_20251109143128_63_4.jpg",899,1067,false],"2048x2048":["https:\/\/afrosinogros.com\/wp-content\/uploads\/2025\/11\/Weixin-Image_20251109143128_63_4.jpg",899,1067,false],"trp-custom-language-flag":["https:\/\/afrosinogros.com\/wp-content\/uploads\/2025\/11\/Weixin-Image_20251109143128_63_4-10x12.jpg",10,12,true],"woocommerce_archive_thumbnail":["https:\/\/afrosinogros.com\/wp-content\/uploads\/2025\/11\/Weixin-Image_20251109143128_63_4-300x356.jpg",300,356,true],"woocommerce_thumbnail":["https:\/\/afrosinogros.com\/wp-content\/uploads\/2025\/11\/Weixin-Image_20251109143128_63_4-300x300.jpg",300,300,true],"woocommerce_single":["https:\/\/afrosinogros.com\/wp-content\/uploads\/2025\/11\/Weixin-Image_20251109143128_63_4-600x712.jpg",600,712,true],"woocommerce_gallery_thumbnail":["https:\/\/afrosinogros.com\/wp-content\/uploads\/2025\/11\/Weixin-Image_20251109143128_63_4-100x100.jpg",100,100,true]},"uagb_author_info":{"display_name":"admin","author_link":"https:\/\/afrosinogros.com\/zh\/author\/"},"uagb_comment_info":0,"uagb_excerpt":"\u2699\ufe0f Caract\u00e9ristiques Techniques Syst\u00e8me d\u2019exploitation : Android 9.0 ou Windows (au choix) Processeur (CPU) : Quad-Core A35 Processor M\u00e9moire : Version standard : 1 Go RAM + 8\/16 Go ROM Version avanc\u00e9e : 4 Go RAM + 128 Go ROM R\u00e9solution : 1920 \u00d7 1080 pixels @ 60Hz (Full HD) Luminosit\u00e9 : 350 cd\/m\u00b2 Contraste&hellip;","jetpack_sharing_enabled":true,"_links":{"self":[{"href":"https:\/\/afrosinogros.com\/zh\/wp-json\/wp\/v2\/product\/1292","targetHints":{"allow":["GET"]}}],"collection":[{"href":"https:\/\/afrosinogros.com\/zh\/wp-json\/wp\/v2\/product"}],"about":[{"href":"https:\/\/afrosinogros.com\/zh\/wp-json\/wp\/v2\/types\/product"}],"replies":[{"embeddable":true,"href":"https:\/\/afrosinogros.com\/zh\/wp-json\/wp\/v2\/comments?post=1292"}],"wp:featuredmedia":[{"embeddable":true,"href":"https:\/\/afrosinogros.com\/zh\/wp-json\/wp\/v2\/media\/1297"}],"wp:attachment":[{"href":"https:\/\/afrosinogros.com\/zh\/wp-json\/wp\/v2\/media?parent=1292"}],"wp:term":[{"taxonomy":"product_brand","embeddable":true,"href":"https:\/\/afrosinogros.com\/zh\/wp-json\/wp\/v2\/product_brand?post=1292"},{"taxonomy":"product_cat","embeddable":true,"href":"https:\/\/afrosinogros.com\/zh\/wp-json\/wp\/v2\/product_cat?post=1292"},{"taxonomy":"product_tag","embeddable":true,"href":"https:\/\/afrosinogros.com\/zh\/wp-json\/wp\/v2\/product_tag?post=1292"}],"curies":[{"name":"wp","href":"https:\/\/api.w.org\/{rel}","templated":true}]}}