{"id":760,"date":"2025-07-08T13:36:45","date_gmt":"2025-07-08T13:36:45","guid":{"rendered":"https:\/\/afrosinogros.com\/?post_type=product&#038;p=760"},"modified":"2025-07-08T20:02:52","modified_gmt":"2025-07-08T20:02:52","slug":"cigarette-electronique-fisco","status":"publish","type":"product","link":"https:\/\/afrosinogros.com\/zh\/product\/cigarette-electronique-fisco\/","title":{"rendered":"Cigarette \u00e9lectronique Fisco"},"content":{"rendered":"","protected":false},"excerpt":{"rendered":"<div style=\"background-color: red; color: white; padding: 10px; border-radius: 5px; margin-bottom: 10px;\">\ud83d\udd1e <strong>R\u00e9serv\u00e9 aux adultes de 18 ans et plus. Vente interdite aux mineurs.<\/strong><\/div>\n<p><strong>D\u00e9couvrez la nouvelle gamme Fisco<\/strong> de cigarettes \u00e9lectroniques haut de gamme, disponibles en 12 parfums exclusifs pour une exp\u00e9rience unique \u00e0 chaque bouff\u00e9e.<\/p>\n<ul>\n<li>\ud83d\udca8 Vape dense et saveurs intenses<\/li>\n<li>\ud83c\udfaf Vente exclusivement en gros (minimum 10 unit\u00e9s)<\/li>\n<li>\ud83d\udcb0 Prix d\u00e9gressif :\n<ul>\n<li>10 \u00e0 30 pi\u00e8ces : <strong>10 000 FCFA<\/strong><\/li>\n<li>31 pi\u00e8ces et + : <strong>8 500 FCFA<\/strong><\/li>\n<\/ul>\n<\/li>\n<\/ul>\n<p><strong>Faites vite, stock limit\u00e9 sur les parfums les plus demand\u00e9s !<\/strong><\/p>","protected":false},"featured_media":742,"comment_status":"open","ping_status":"closed","template":"","meta":{"_uag_custom_page_level_css":""},"product_brand":[],"product_cat":[69,68],"product_tag":[],"class_list":{"0":"post-760","1":"product","2":"type-product","3":"status-publish","4":"has-post-thumbnail","6":"product_cat-cigarettes-electroniques","7":"product_cat-produits-adultes","9":"first","10":"instock","11":"taxable","12":"shipping-taxable","13":"purchasable","14":"product-type-variable","15":"has-default-attributes"},"yoast_head":"<!-- This site is optimized with the Yoast SEO plugin v27.3 - https:\/\/yoast.com\/product\/yoast-seo-wordpress\/ -->\n<title>Cigarette \u00e9lectronique Fisco - AfroSino<\/title>\n<meta name=\"robots\" content=\"index, follow, max-snippet:-1, max-image-preview:large, max-video-preview:-1\" \/>\n<link rel=\"canonical\" href=\"https:\/\/afrosinogros.com\/zh\/product\/cigarette-electronique-fisco\/\" \/>\n<meta property=\"og:locale\" content=\"zh_CN\" \/>\n<meta property=\"og:type\" content=\"article\" \/>\n<meta property=\"og:title\" content=\"Cigarette \u00e9lectronique Fisco - AfroSino\" \/>\n<meta property=\"og:description\" content=\"\ud83d\udd1e R\u00e9serv\u00e9 aux adultes de 18 ans et plus. Vente interdite aux mineurs. D\u00e9couvrez la nouvelle gamme Fisco de cigarettes \u00e9lectroniques haut de gamme, disponibles en 12 parfums exclusifs pour une exp\u00e9rience unique \u00e0 chaque bouff\u00e9e.   \ud83d\udca8 Vape dense et saveurs intenses  \ud83c\udfaf Vente exclusivement en gros (minimum 10 unit\u00e9s)  \ud83d\udcb0 Prix d\u00e9gressif :   10 \u00e0 30 pi\u00e8ces : 10 000 FCFA  31 pi\u00e8ces et + : 8 500 FCFA    Faites vite, stock limit\u00e9 sur les parfums les plus demand\u00e9s !\" \/>\n<meta property=\"og:url\" content=\"https:\/\/afrosinogros.com\/zh\/product\/cigarette-electronique-fisco\/\" \/>\n<meta property=\"og:site_name\" content=\"AfroSino\" \/>\n<meta property=\"article:modified_time\" content=\"2025-07-08T20:02:52+00:00\" \/>\n<meta property=\"og:image\" content=\"https:\/\/afrosinogros.com\/wp-content\/uploads\/2025\/07\/6f73a6d9-d6fd-46d3-b4e5-3faafef7ac2d.jpeg\" \/>\n\t<meta property=\"og:image:width\" content=\"1280\" \/>\n\t<meta property=\"og:image:height\" content=\"1280\" \/>\n\t<meta property=\"og:image:type\" content=\"image\/jpeg\" \/>\n<meta name=\"twitter:card\" content=\"summary_large_image\" \/>\n<meta name=\"twitter:label1\" content=\"\u9884\u8ba1\u9605\u8bfb\u65f6\u95f4\" \/>\n\t<meta name=\"twitter:data1\" content=\"1 \u5206\" \/>\n<script type=\"application\/ld+json\" class=\"yoast-schema-graph\">{\"@context\":\"https:\\\/\\\/schema.org\",\"@graph\":[{\"@type\":\"WebPage\",\"@id\":\"https:\\\/\\\/afrosinogros.com\\\/product\\\/cigarette-electronique-fisco\\\/\",\"url\":\"https:\\\/\\\/afrosinogros.com\\\/product\\\/cigarette-electronique-fisco\\\/\",\"name\":\"Cigarette \u00e9lectronique Fisco - AfroSino\",\"isPartOf\":{\"@id\":\"https:\\\/\\\/afrosinogros.com\\\/#website\"},\"primaryImageOfPage\":{\"@id\":\"https:\\\/\\\/afrosinogros.com\\\/product\\\/cigarette-electronique-fisco\\\/#primaryimage\"},\"image\":{\"@id\":\"https:\\\/\\\/afrosinogros.com\\\/product\\\/cigarette-electronique-fisco\\\/#primaryimage\"},\"thumbnailUrl\":\"https:\\\/\\\/afrosinogros.com\\\/wp-content\\\/uploads\\\/2025\\\/07\\\/6f73a6d9-d6fd-46d3-b4e5-3faafef7ac2d.jpeg\",\"datePublished\":\"2025-07-08T13:36:45+00:00\",\"dateModified\":\"2025-07-08T20:02:52+00:00\",\"breadcrumb\":{\"@id\":\"https:\\\/\\\/afrosinogros.com\\\/product\\\/cigarette-electronique-fisco\\\/#breadcrumb\"},\"inLanguage\":\"zh-Hans\",\"potentialAction\":[{\"@type\":\"ReadAction\",\"target\":[\"https:\\\/\\\/afrosinogros.com\\\/product\\\/cigarette-electronique-fisco\\\/\"]}]},{\"@type\":\"ImageObject\",\"inLanguage\":\"zh-Hans\",\"@id\":\"https:\\\/\\\/afrosinogros.com\\\/product\\\/cigarette-electronique-fisco\\\/#primaryimage\",\"url\":\"https:\\\/\\\/afrosinogros.com\\\/wp-content\\\/uploads\\\/2025\\\/07\\\/6f73a6d9-d6fd-46d3-b4e5-3faafef7ac2d.jpeg\",\"contentUrl\":\"https:\\\/\\\/afrosinogros.com\\\/wp-content\\\/uploads\\\/2025\\\/07\\\/6f73a6d9-d6fd-46d3-b4e5-3faafef7ac2d.jpeg\",\"width\":1280,\"height\":1280},{\"@type\":\"BreadcrumbList\",\"@id\":\"https:\\\/\\\/afrosinogros.com\\\/product\\\/cigarette-electronique-fisco\\\/#breadcrumb\",\"itemListElement\":[{\"@type\":\"ListItem\",\"position\":1,\"name\":\"Home\",\"item\":\"https:\\\/\\\/afrosinogros.com\\\/\"},{\"@type\":\"ListItem\",\"position\":2,\"name\":\"Magasin\",\"item\":\"https:\\\/\\\/afrosinogros.com\\\/magasin\\\/\"},{\"@type\":\"ListItem\",\"position\":3,\"name\":\"Cigarette \u00e9lectronique Fisco\"}]},{\"@type\":\"WebSite\",\"@id\":\"https:\\\/\\\/afrosinogros.com\\\/#website\",\"url\":\"https:\\\/\\\/afrosinogros.com\\\/\",\"name\":\"AfroSino\",\"description\":\"Officiel site web\",\"publisher\":{\"@id\":\"https:\\\/\\\/afrosinogros.com\\\/#organization\"},\"potentialAction\":[{\"@type\":\"SearchAction\",\"target\":{\"@type\":\"EntryPoint\",\"urlTemplate\":\"https:\\\/\\\/afrosinogros.com\\\/?s={search_term_string}\"},\"query-input\":{\"@type\":\"PropertyValueSpecification\",\"valueRequired\":true,\"valueName\":\"search_term_string\"}}],\"inLanguage\":\"zh-Hans\"},{\"@type\":\"Organization\",\"@id\":\"https:\\\/\\\/afrosinogros.com\\\/#organization\",\"name\":\"AfroSino\",\"url\":\"https:\\\/\\\/afrosinogros.com\\\/\",\"logo\":{\"@type\":\"ImageObject\",\"inLanguage\":\"zh-Hans\",\"@id\":\"https:\\\/\\\/afrosinogros.com\\\/#\\\/schema\\\/logo\\\/image\\\/\",\"url\":\"https:\\\/\\\/afrosinogros.com\\\/wp-content\\\/uploads\\\/2025\\\/09\\\/cropped-afrosino_logo_optimized-removebg-preview.png\",\"contentUrl\":\"https:\\\/\\\/afrosinogros.com\\\/wp-content\\\/uploads\\\/2025\\\/09\\\/cropped-afrosino_logo_optimized-removebg-preview.png\",\"width\":512,\"height\":512,\"caption\":\"AfroSino\"},\"image\":{\"@id\":\"https:\\\/\\\/afrosinogros.com\\\/#\\\/schema\\\/logo\\\/image\\\/\"}}]}<\/script>\n<!-- \/ Yoast SEO plugin. -->","yoast_head_json":{"title":"Cigarette \u00e9lectronique Fisco - AfroSino","robots":{"index":"index","follow":"follow","max-snippet":"max-snippet:-1","max-image-preview":"max-image-preview:large","max-video-preview":"max-video-preview:-1"},"canonical":"https:\/\/afrosinogros.com\/zh\/product\/cigarette-electronique-fisco\/","og_locale":"zh_CN","og_type":"article","og_title":"Cigarette \u00e9lectronique Fisco - AfroSino","og_description":"\ud83d\udd1e R\u00e9serv\u00e9 aux adultes de 18 ans et plus. Vente interdite aux mineurs. D\u00e9couvrez la nouvelle gamme Fisco de cigarettes \u00e9lectroniques haut de gamme, disponibles en 12 parfums exclusifs pour une exp\u00e9rience unique \u00e0 chaque bouff\u00e9e.   \ud83d\udca8 Vape dense et saveurs intenses  \ud83c\udfaf Vente exclusivement en gros (minimum 10 unit\u00e9s)  \ud83d\udcb0 Prix d\u00e9gressif :   10 \u00e0 30 pi\u00e8ces : 10 000 FCFA  31 pi\u00e8ces et + : 8 500 FCFA    Faites vite, stock limit\u00e9 sur les parfums les plus demand\u00e9s !","og_url":"https:\/\/afrosinogros.com\/zh\/product\/cigarette-electronique-fisco\/","og_site_name":"AfroSino","article_modified_time":"2025-07-08T20:02:52+00:00","og_image":[{"width":1280,"height":1280,"url":"https:\/\/afrosinogros.com\/wp-content\/uploads\/2025\/07\/6f73a6d9-d6fd-46d3-b4e5-3faafef7ac2d.jpeg","type":"image\/jpeg"}],"twitter_card":"summary_large_image","twitter_misc":{"\u9884\u8ba1\u9605\u8bfb\u65f6\u95f4":"1 \u5206"},"schema":{"@context":"https:\/\/schema.org","@graph":[{"@type":"WebPage","@id":"https:\/\/afrosinogros.com\/product\/cigarette-electronique-fisco\/","url":"https:\/\/afrosinogros.com\/product\/cigarette-electronique-fisco\/","name":"Cigarette \u00e9lectronique Fisco - AfroSino","isPartOf":{"@id":"https:\/\/afrosinogros.com\/#website"},"primaryImageOfPage":{"@id":"https:\/\/afrosinogros.com\/product\/cigarette-electronique-fisco\/#primaryimage"},"image":{"@id":"https:\/\/afrosinogros.com\/product\/cigarette-electronique-fisco\/#primaryimage"},"thumbnailUrl":"https:\/\/afrosinogros.com\/wp-content\/uploads\/2025\/07\/6f73a6d9-d6fd-46d3-b4e5-3faafef7ac2d.jpeg","datePublished":"2025-07-08T13:36:45+00:00","dateModified":"2025-07-08T20:02:52+00:00","breadcrumb":{"@id":"https:\/\/afrosinogros.com\/product\/cigarette-electronique-fisco\/#breadcrumb"},"inLanguage":"zh-Hans","potentialAction":[{"@type":"ReadAction","target":["https:\/\/afrosinogros.com\/product\/cigarette-electronique-fisco\/"]}]},{"@type":"ImageObject","inLanguage":"zh-Hans","@id":"https:\/\/afrosinogros.com\/product\/cigarette-electronique-fisco\/#primaryimage","url":"https:\/\/afrosinogros.com\/wp-content\/uploads\/2025\/07\/6f73a6d9-d6fd-46d3-b4e5-3faafef7ac2d.jpeg","contentUrl":"https:\/\/afrosinogros.com\/wp-content\/uploads\/2025\/07\/6f73a6d9-d6fd-46d3-b4e5-3faafef7ac2d.jpeg","width":1280,"height":1280},{"@type":"BreadcrumbList","@id":"https:\/\/afrosinogros.com\/product\/cigarette-electronique-fisco\/#breadcrumb","itemListElement":[{"@type":"ListItem","position":1,"name":"Home","item":"https:\/\/afrosinogros.com\/"},{"@type":"ListItem","position":2,"name":"Magasin","item":"https:\/\/afrosinogros.com\/magasin\/"},{"@type":"ListItem","position":3,"name":"Cigarette \u00e9lectronique Fisco"}]},{"@type":"WebSite","@id":"https:\/\/afrosinogros.com\/#website","url":"https:\/\/afrosinogros.com\/","name":"AfroSino","description":"Officiel site web","publisher":{"@id":"https:\/\/afrosinogros.com\/#organization"},"potentialAction":[{"@type":"SearchAction","target":{"@type":"EntryPoint","urlTemplate":"https:\/\/afrosinogros.com\/?s={search_term_string}"},"query-input":{"@type":"PropertyValueSpecification","valueRequired":true,"valueName":"search_term_string"}}],"inLanguage":"zh-Hans"},{"@type":"Organization","@id":"https:\/\/afrosinogros.com\/#organization","name":"AfroSino","url":"https:\/\/afrosinogros.com\/","logo":{"@type":"ImageObject","inLanguage":"zh-Hans","@id":"https:\/\/afrosinogros.com\/#\/schema\/logo\/image\/","url":"https:\/\/afrosinogros.com\/wp-content\/uploads\/2025\/09\/cropped-afrosino_logo_optimized-removebg-preview.png","contentUrl":"https:\/\/afrosinogros.com\/wp-content\/uploads\/2025\/09\/cropped-afrosino_logo_optimized-removebg-preview.png","width":512,"height":512,"caption":"AfroSino"},"image":{"@id":"https:\/\/afrosinogros.com\/#\/schema\/logo\/image\/"}}]}},"uagb_featured_image_src":{"full":["https:\/\/afrosinogros.com\/wp-content\/uploads\/2025\/07\/6f73a6d9-d6fd-46d3-b4e5-3faafef7ac2d.jpeg",1280,1280,false],"thumbnail":["https:\/\/afrosinogros.com\/wp-content\/uploads\/2025\/07\/6f73a6d9-d6fd-46d3-b4e5-3faafef7ac2d-150x150.jpeg",150,150,true],"medium":["https:\/\/afrosinogros.com\/wp-content\/uploads\/2025\/07\/6f73a6d9-d6fd-46d3-b4e5-3faafef7ac2d-300x300.jpeg",300,300,true],"medium_large":["https:\/\/afrosinogros.com\/wp-content\/uploads\/2025\/07\/6f73a6d9-d6fd-46d3-b4e5-3faafef7ac2d-768x768.jpeg",768,768,true],"large":["https:\/\/afrosinogros.com\/wp-content\/uploads\/2025\/07\/6f73a6d9-d6fd-46d3-b4e5-3faafef7ac2d-1024x1024.jpeg",1024,1024,true],"1536x1536":["https:\/\/afrosinogros.com\/wp-content\/uploads\/2025\/07\/6f73a6d9-d6fd-46d3-b4e5-3faafef7ac2d.jpeg",1280,1280,false],"2048x2048":["https:\/\/afrosinogros.com\/wp-content\/uploads\/2025\/07\/6f73a6d9-d6fd-46d3-b4e5-3faafef7ac2d.jpeg",1280,1280,false],"trp-custom-language-flag":["https:\/\/afrosinogros.com\/wp-content\/uploads\/2025\/07\/6f73a6d9-d6fd-46d3-b4e5-3faafef7ac2d.jpeg",12,12,false],"woocommerce_archive_thumbnail":["https:\/\/afrosinogros.com\/wp-content\/uploads\/2025\/07\/6f73a6d9-d6fd-46d3-b4e5-3faafef7ac2d-300x300.jpeg",300,300,true],"woocommerce_thumbnail":["https:\/\/afrosinogros.com\/wp-content\/uploads\/2025\/07\/6f73a6d9-d6fd-46d3-b4e5-3faafef7ac2d-300x300.jpeg",300,300,true],"woocommerce_single":["https:\/\/afrosinogros.com\/wp-content\/uploads\/2025\/07\/6f73a6d9-d6fd-46d3-b4e5-3faafef7ac2d-600x600.jpeg",600,600,true],"woocommerce_gallery_thumbnail":["https:\/\/afrosinogros.com\/wp-content\/uploads\/2025\/07\/6f73a6d9-d6fd-46d3-b4e5-3faafef7ac2d-100x100.jpeg",100,100,true]},"uagb_author_info":{"display_name":"admin","author_link":"https:\/\/afrosinogros.com\/zh\/author\/"},"uagb_comment_info":0,"uagb_excerpt":"\ud83d\udd1e R\u00e9serv\u00e9 aux adultes de 18 ans et plus. Vente interdite aux mineurs. D\u00e9couvrez la nouvelle gamme Fisco de cigarettes \u00e9lectroniques haut de gamme, disponibles en 12 parfums exclusifs pour une exp\u00e9rience unique \u00e0 chaque bouff\u00e9e. \ud83d\udca8 Vape dense et saveurs intenses \ud83c\udfaf Vente exclusivement en gros (minimum 10 unit\u00e9s) \ud83d\udcb0 Prix d\u00e9gressif : 10&hellip;","jetpack_sharing_enabled":true,"_links":{"self":[{"href":"https:\/\/afrosinogros.com\/zh\/wp-json\/wp\/v2\/product\/760","targetHints":{"allow":["GET"]}}],"collection":[{"href":"https:\/\/afrosinogros.com\/zh\/wp-json\/wp\/v2\/product"}],"about":[{"href":"https:\/\/afrosinogros.com\/zh\/wp-json\/wp\/v2\/types\/product"}],"replies":[{"embeddable":true,"href":"https:\/\/afrosinogros.com\/zh\/wp-json\/wp\/v2\/comments?post=760"}],"wp:featuredmedia":[{"embeddable":true,"href":"https:\/\/afrosinogros.com\/zh\/wp-json\/wp\/v2\/media\/742"}],"wp:attachment":[{"href":"https:\/\/afrosinogros.com\/zh\/wp-json\/wp\/v2\/media?parent=760"}],"wp:term":[{"taxonomy":"product_brand","embeddable":true,"href":"https:\/\/afrosinogros.com\/zh\/wp-json\/wp\/v2\/product_brand?post=760"},{"taxonomy":"product_cat","embeddable":true,"href":"https:\/\/afrosinogros.com\/zh\/wp-json\/wp\/v2\/product_cat?post=760"},{"taxonomy":"product_tag","embeddable":true,"href":"https:\/\/afrosinogros.com\/zh\/wp-json\/wp\/v2\/product_tag?post=760"}],"curies":[{"name":"wp","href":"https:\/\/api.w.org\/{rel}","templated":true}]}}