{"id":895,"date":"2025-07-11T13:39:14","date_gmt":"2025-07-11T13:39:14","guid":{"rendered":"https:\/\/afrosinogros.com\/?post_type=product&#038;p=895"},"modified":"2025-10-02T11:22:22","modified_gmt":"2025-10-02T11:22:22","slug":"alitop-woofer-sp-6321-home-cinema","status":"publish","type":"product","link":"https:\/\/afrosinogros.com\/zh\/product\/alitop-woofer-sp-6321-home-cinema\/","title":{"rendered":"ALITOP Woofer SP-6321 Home Cin\u00e9ma"},"content":{"rendered":"<p>Apportez une exp\u00e9rience sonore immersive dans votre salon avec le <strong data-start=\"284\" data-end=\"309\">Woofer ALITOP SP-6321<\/strong>. Ce syst\u00e8me Home Cin\u00e9ma 2.1 offre un son clair, puissant et \u00e9quilibr\u00e9, id\u00e9al pour la musique, les films et les \u00e9v\u00e9nements.<\/p>","protected":false},"excerpt":{"rendered":"<p data-start=\"434\" data-end=\"471\">\ud83c\udfb5 <strong data-start=\"437\" data-end=\"469\">Caract\u00e9ristiques principales<\/strong> :<\/p>\n<ul data-start=\"472\" data-end=\"624\">\n<li data-start=\"472\" data-end=\"496\">\n<p data-start=\"474\" data-end=\"496\">Puissance : 60 W RMS<\/p>\n<\/li>\n<li data-start=\"497\" data-end=\"547\">\n<p data-start=\"499\" data-end=\"547\">Connexions : Bluetooth, USB, carte SD, FM, AUX<\/p>\n<\/li>\n<li data-start=\"548\" data-end=\"577\">\n<p data-start=\"550\" data-end=\"577\">Design \u00e9l\u00e9gant et compact<\/p>\n<\/li>\n<li data-start=\"578\" data-end=\"602\">\n<p data-start=\"580\" data-end=\"602\">T\u00e9l\u00e9commande incluse<\/p>\n<\/li>\n<li data-start=\"603\" data-end=\"624\">\n<p data-start=\"605\" data-end=\"624\">\u00c9cran LED int\u00e9gr\u00e9<\/p>\n<\/li>\n<\/ul>\n<p data-start=\"626\" data-end=\"702\">\u2705 Id\u00e9al pour les boutiques d\u2019\u00e9lectronique, revendeurs ou \u00e9v\u00e9nements sonores.<\/p>\n<p data-start=\"704\" data-end=\"762\">\ud83d\udce6 <strong data-start=\"707\" data-end=\"746\">Quantit\u00e9 minimale de commande (MOQ)<\/strong> : <strong data-start=\"749\" data-end=\"762\">10 pi\u00e8ces<\/strong><\/p>","protected":false},"featured_media":888,"comment_status":"open","ping_status":"closed","template":"","meta":{"_uag_custom_page_level_css":""},"product_brand":[97],"product_cat":[37],"product_tag":[],"class_list":{"0":"post-895","1":"product","2":"type-product","3":"status-publish","4":"has-post-thumbnail","6":"product_brand-alitop","7":"product_cat-son","9":"first","10":"instock","11":"sale","12":"taxable","13":"shipping-taxable","14":"purchasable","15":"product-type-simple"},"yoast_head":"<!-- This site is optimized with the Yoast SEO plugin v27.3 - https:\/\/yoast.com\/product\/yoast-seo-wordpress\/ -->\n<title>ALITOP Woofer SP-6321 Home Cin\u00e9ma - AfroSino<\/title>\n<meta name=\"robots\" content=\"index, follow, max-snippet:-1, max-image-preview:large, max-video-preview:-1\" \/>\n<link rel=\"canonical\" href=\"https:\/\/afrosinogros.com\/zh\/product\/alitop-woofer-sp-6321-home-cinema\/\" \/>\n<meta property=\"og:locale\" content=\"zh_CN\" \/>\n<meta property=\"og:type\" content=\"article\" \/>\n<meta property=\"og:title\" content=\"ALITOP Woofer SP-6321 Home Cin\u00e9ma - AfroSino\" \/>\n<meta property=\"og:description\" content=\"\ud83c\udfb5 Caract\u00e9ristiques principales :     Puissance : 60 W RMS    Connexions : Bluetooth, USB, carte SD, FM, AUX    Design \u00e9l\u00e9gant et compact    T\u00e9l\u00e9commande incluse    \u00c9cran LED int\u00e9gr\u00e9   \u2705 Id\u00e9al pour les boutiques d\u2019\u00e9lectronique, revendeurs ou \u00e9v\u00e9nements sonores. \ud83d\udce6 Quantit\u00e9 minimale de commande (MOQ) : 10 pi\u00e8ces\" \/>\n<meta property=\"og:url\" content=\"https:\/\/afrosinogros.com\/zh\/product\/alitop-woofer-sp-6321-home-cinema\/\" \/>\n<meta property=\"og:site_name\" content=\"AfroSino\" \/>\n<meta property=\"article:modified_time\" content=\"2025-10-02T11:22:22+00:00\" \/>\n<meta property=\"og:image\" content=\"https:\/\/afrosinogros.com\/wp-content\/uploads\/2025\/07\/SP-6321.png\" \/>\n\t<meta property=\"og:image:width\" content=\"600\" \/>\n\t<meta property=\"og:image:height\" content=\"718\" \/>\n\t<meta property=\"og:image:type\" content=\"image\/png\" \/>\n<meta name=\"twitter:card\" content=\"summary_large_image\" \/>\n<meta name=\"twitter:label1\" content=\"\u9884\u8ba1\u9605\u8bfb\u65f6\u95f4\" \/>\n\t<meta name=\"twitter:data1\" content=\"1 \u5206\" \/>\n<script type=\"application\/ld+json\" class=\"yoast-schema-graph\">{\"@context\":\"https:\\\/\\\/schema.org\",\"@graph\":[{\"@type\":\"WebPage\",\"@id\":\"https:\\\/\\\/afrosinogros.com\\\/product\\\/alitop-woofer-sp-6321-home-cinema\\\/\",\"url\":\"https:\\\/\\\/afrosinogros.com\\\/product\\\/alitop-woofer-sp-6321-home-cinema\\\/\",\"name\":\"ALITOP Woofer SP-6321 Home Cin\u00e9ma - AfroSino\",\"isPartOf\":{\"@id\":\"https:\\\/\\\/afrosinogros.com\\\/#website\"},\"primaryImageOfPage\":{\"@id\":\"https:\\\/\\\/afrosinogros.com\\\/product\\\/alitop-woofer-sp-6321-home-cinema\\\/#primaryimage\"},\"image\":{\"@id\":\"https:\\\/\\\/afrosinogros.com\\\/product\\\/alitop-woofer-sp-6321-home-cinema\\\/#primaryimage\"},\"thumbnailUrl\":\"https:\\\/\\\/afrosinogros.com\\\/wp-content\\\/uploads\\\/2025\\\/07\\\/SP-6321.png\",\"datePublished\":\"2025-07-11T13:39:14+00:00\",\"dateModified\":\"2025-10-02T11:22:22+00:00\",\"breadcrumb\":{\"@id\":\"https:\\\/\\\/afrosinogros.com\\\/product\\\/alitop-woofer-sp-6321-home-cinema\\\/#breadcrumb\"},\"inLanguage\":\"zh-Hans\",\"potentialAction\":[{\"@type\":\"ReadAction\",\"target\":[\"https:\\\/\\\/afrosinogros.com\\\/product\\\/alitop-woofer-sp-6321-home-cinema\\\/\"]}]},{\"@type\":\"ImageObject\",\"inLanguage\":\"zh-Hans\",\"@id\":\"https:\\\/\\\/afrosinogros.com\\\/product\\\/alitop-woofer-sp-6321-home-cinema\\\/#primaryimage\",\"url\":\"https:\\\/\\\/afrosinogros.com\\\/wp-content\\\/uploads\\\/2025\\\/07\\\/SP-6321.png\",\"contentUrl\":\"https:\\\/\\\/afrosinogros.com\\\/wp-content\\\/uploads\\\/2025\\\/07\\\/SP-6321.png\",\"width\":600,\"height\":718},{\"@type\":\"BreadcrumbList\",\"@id\":\"https:\\\/\\\/afrosinogros.com\\\/product\\\/alitop-woofer-sp-6321-home-cinema\\\/#breadcrumb\",\"itemListElement\":[{\"@type\":\"ListItem\",\"position\":1,\"name\":\"Home\",\"item\":\"https:\\\/\\\/afrosinogros.com\\\/\"},{\"@type\":\"ListItem\",\"position\":2,\"name\":\"Magasin\",\"item\":\"https:\\\/\\\/afrosinogros.com\\\/magasin\\\/\"},{\"@type\":\"ListItem\",\"position\":3,\"name\":\"ALITOP Woofer SP-6321 Home Cin\u00e9ma\"}]},{\"@type\":\"WebSite\",\"@id\":\"https:\\\/\\\/afrosinogros.com\\\/#website\",\"url\":\"https:\\\/\\\/afrosinogros.com\\\/\",\"name\":\"AfroSino\",\"description\":\"Officiel site web\",\"publisher\":{\"@id\":\"https:\\\/\\\/afrosinogros.com\\\/#organization\"},\"potentialAction\":[{\"@type\":\"SearchAction\",\"target\":{\"@type\":\"EntryPoint\",\"urlTemplate\":\"https:\\\/\\\/afrosinogros.com\\\/?s={search_term_string}\"},\"query-input\":{\"@type\":\"PropertyValueSpecification\",\"valueRequired\":true,\"valueName\":\"search_term_string\"}}],\"inLanguage\":\"zh-Hans\"},{\"@type\":\"Organization\",\"@id\":\"https:\\\/\\\/afrosinogros.com\\\/#organization\",\"name\":\"AfroSino\",\"url\":\"https:\\\/\\\/afrosinogros.com\\\/\",\"logo\":{\"@type\":\"ImageObject\",\"inLanguage\":\"zh-Hans\",\"@id\":\"https:\\\/\\\/afrosinogros.com\\\/#\\\/schema\\\/logo\\\/image\\\/\",\"url\":\"https:\\\/\\\/afrosinogros.com\\\/wp-content\\\/uploads\\\/2025\\\/09\\\/cropped-afrosino_logo_optimized-removebg-preview.png\",\"contentUrl\":\"https:\\\/\\\/afrosinogros.com\\\/wp-content\\\/uploads\\\/2025\\\/09\\\/cropped-afrosino_logo_optimized-removebg-preview.png\",\"width\":512,\"height\":512,\"caption\":\"AfroSino\"},\"image\":{\"@id\":\"https:\\\/\\\/afrosinogros.com\\\/#\\\/schema\\\/logo\\\/image\\\/\"}}]}<\/script>\n<!-- \/ Yoast SEO plugin. -->","yoast_head_json":{"title":"ALITOP Woofer SP-6321 Home Cin\u00e9ma - AfroSino","robots":{"index":"index","follow":"follow","max-snippet":"max-snippet:-1","max-image-preview":"max-image-preview:large","max-video-preview":"max-video-preview:-1"},"canonical":"https:\/\/afrosinogros.com\/zh\/product\/alitop-woofer-sp-6321-home-cinema\/","og_locale":"zh_CN","og_type":"article","og_title":"ALITOP Woofer SP-6321 Home Cin\u00e9ma - AfroSino","og_description":"\ud83c\udfb5 Caract\u00e9ristiques principales :     Puissance : 60 W RMS    Connexions : Bluetooth, USB, carte SD, FM, AUX    Design \u00e9l\u00e9gant et compact    T\u00e9l\u00e9commande incluse    \u00c9cran LED int\u00e9gr\u00e9   \u2705 Id\u00e9al pour les boutiques d\u2019\u00e9lectronique, revendeurs ou \u00e9v\u00e9nements sonores. \ud83d\udce6 Quantit\u00e9 minimale de commande (MOQ) : 10 pi\u00e8ces","og_url":"https:\/\/afrosinogros.com\/zh\/product\/alitop-woofer-sp-6321-home-cinema\/","og_site_name":"AfroSino","article_modified_time":"2025-10-02T11:22:22+00:00","og_image":[{"width":600,"height":718,"url":"https:\/\/afrosinogros.com\/wp-content\/uploads\/2025\/07\/SP-6321.png","type":"image\/png"}],"twitter_card":"summary_large_image","twitter_misc":{"\u9884\u8ba1\u9605\u8bfb\u65f6\u95f4":"1 \u5206"},"schema":{"@context":"https:\/\/schema.org","@graph":[{"@type":"WebPage","@id":"https:\/\/afrosinogros.com\/product\/alitop-woofer-sp-6321-home-cinema\/","url":"https:\/\/afrosinogros.com\/product\/alitop-woofer-sp-6321-home-cinema\/","name":"ALITOP Woofer SP-6321 Home Cin\u00e9ma - AfroSino","isPartOf":{"@id":"https:\/\/afrosinogros.com\/#website"},"primaryImageOfPage":{"@id":"https:\/\/afrosinogros.com\/product\/alitop-woofer-sp-6321-home-cinema\/#primaryimage"},"image":{"@id":"https:\/\/afrosinogros.com\/product\/alitop-woofer-sp-6321-home-cinema\/#primaryimage"},"thumbnailUrl":"https:\/\/afrosinogros.com\/wp-content\/uploads\/2025\/07\/SP-6321.png","datePublished":"2025-07-11T13:39:14+00:00","dateModified":"2025-10-02T11:22:22+00:00","breadcrumb":{"@id":"https:\/\/afrosinogros.com\/product\/alitop-woofer-sp-6321-home-cinema\/#breadcrumb"},"inLanguage":"zh-Hans","potentialAction":[{"@type":"ReadAction","target":["https:\/\/afrosinogros.com\/product\/alitop-woofer-sp-6321-home-cinema\/"]}]},{"@type":"ImageObject","inLanguage":"zh-Hans","@id":"https:\/\/afrosinogros.com\/product\/alitop-woofer-sp-6321-home-cinema\/#primaryimage","url":"https:\/\/afrosinogros.com\/wp-content\/uploads\/2025\/07\/SP-6321.png","contentUrl":"https:\/\/afrosinogros.com\/wp-content\/uploads\/2025\/07\/SP-6321.png","width":600,"height":718},{"@type":"BreadcrumbList","@id":"https:\/\/afrosinogros.com\/product\/alitop-woofer-sp-6321-home-cinema\/#breadcrumb","itemListElement":[{"@type":"ListItem","position":1,"name":"Home","item":"https:\/\/afrosinogros.com\/"},{"@type":"ListItem","position":2,"name":"Magasin","item":"https:\/\/afrosinogros.com\/magasin\/"},{"@type":"ListItem","position":3,"name":"ALITOP Woofer SP-6321 Home Cin\u00e9ma"}]},{"@type":"WebSite","@id":"https:\/\/afrosinogros.com\/#website","url":"https:\/\/afrosinogros.com\/","name":"AfroSino","description":"Officiel site web","publisher":{"@id":"https:\/\/afrosinogros.com\/#organization"},"potentialAction":[{"@type":"SearchAction","target":{"@type":"EntryPoint","urlTemplate":"https:\/\/afrosinogros.com\/?s={search_term_string}"},"query-input":{"@type":"PropertyValueSpecification","valueRequired":true,"valueName":"search_term_string"}}],"inLanguage":"zh-Hans"},{"@type":"Organization","@id":"https:\/\/afrosinogros.com\/#organization","name":"AfroSino","url":"https:\/\/afrosinogros.com\/","logo":{"@type":"ImageObject","inLanguage":"zh-Hans","@id":"https:\/\/afrosinogros.com\/#\/schema\/logo\/image\/","url":"https:\/\/afrosinogros.com\/wp-content\/uploads\/2025\/09\/cropped-afrosino_logo_optimized-removebg-preview.png","contentUrl":"https:\/\/afrosinogros.com\/wp-content\/uploads\/2025\/09\/cropped-afrosino_logo_optimized-removebg-preview.png","width":512,"height":512,"caption":"AfroSino"},"image":{"@id":"https:\/\/afrosinogros.com\/#\/schema\/logo\/image\/"}}]}},"uagb_featured_image_src":{"full":["https:\/\/afrosinogros.com\/wp-content\/uploads\/2025\/07\/SP-6321.png",600,718,false],"thumbnail":["https:\/\/afrosinogros.com\/wp-content\/uploads\/2025\/07\/SP-6321-150x150.png",150,150,true],"medium":["https:\/\/afrosinogros.com\/wp-content\/uploads\/2025\/07\/SP-6321-251x300.png",251,300,true],"medium_large":["https:\/\/afrosinogros.com\/wp-content\/uploads\/2025\/07\/SP-6321.png",600,718,false],"large":["https:\/\/afrosinogros.com\/wp-content\/uploads\/2025\/07\/SP-6321.png",600,718,false],"1536x1536":["https:\/\/afrosinogros.com\/wp-content\/uploads\/2025\/07\/SP-6321.png",600,718,false],"2048x2048":["https:\/\/afrosinogros.com\/wp-content\/uploads\/2025\/07\/SP-6321.png",600,718,false],"trp-custom-language-flag":["https:\/\/afrosinogros.com\/wp-content\/uploads\/2025\/07\/SP-6321-10x12.png",10,12,true],"woocommerce_archive_thumbnail":["https:\/\/afrosinogros.com\/wp-content\/uploads\/2025\/07\/SP-6321-300x359.png",300,359,true],"woocommerce_thumbnail":["https:\/\/afrosinogros.com\/wp-content\/uploads\/2025\/07\/SP-6321-300x300.png",300,300,true],"woocommerce_single":["https:\/\/afrosinogros.com\/wp-content\/uploads\/2025\/07\/SP-6321.png",600,718,false],"woocommerce_gallery_thumbnail":["https:\/\/afrosinogros.com\/wp-content\/uploads\/2025\/07\/SP-6321-100x100.png",100,100,true]},"uagb_author_info":{"display_name":"admin","author_link":"https:\/\/afrosinogros.com\/zh\/author\/"},"uagb_comment_info":0,"uagb_excerpt":"\ud83c\udfb5 Caract\u00e9ristiques principales : Puissance : 60 W RMS Connexions : Bluetooth, USB, carte SD, FM, AUX Design \u00e9l\u00e9gant et compact T\u00e9l\u00e9commande incluse \u00c9cran LED int\u00e9gr\u00e9 \u2705 Id\u00e9al pour les boutiques d\u2019\u00e9lectronique, revendeurs ou \u00e9v\u00e9nements sonores. \ud83d\udce6 Quantit\u00e9 minimale de commande (MOQ) : 10 pi\u00e8ces","jetpack_sharing_enabled":true,"_links":{"self":[{"href":"https:\/\/afrosinogros.com\/zh\/wp-json\/wp\/v2\/product\/895","targetHints":{"allow":["GET"]}}],"collection":[{"href":"https:\/\/afrosinogros.com\/zh\/wp-json\/wp\/v2\/product"}],"about":[{"href":"https:\/\/afrosinogros.com\/zh\/wp-json\/wp\/v2\/types\/product"}],"replies":[{"embeddable":true,"href":"https:\/\/afrosinogros.com\/zh\/wp-json\/wp\/v2\/comments?post=895"}],"wp:featuredmedia":[{"embeddable":true,"href":"https:\/\/afrosinogros.com\/zh\/wp-json\/wp\/v2\/media\/888"}],"wp:attachment":[{"href":"https:\/\/afrosinogros.com\/zh\/wp-json\/wp\/v2\/media?parent=895"}],"wp:term":[{"taxonomy":"product_brand","embeddable":true,"href":"https:\/\/afrosinogros.com\/zh\/wp-json\/wp\/v2\/product_brand?post=895"},{"taxonomy":"product_cat","embeddable":true,"href":"https:\/\/afrosinogros.com\/zh\/wp-json\/wp\/v2\/product_cat?post=895"},{"taxonomy":"product_tag","embeddable":true,"href":"https:\/\/afrosinogros.com\/zh\/wp-json\/wp\/v2\/product_tag?post=895"}],"curies":[{"name":"wp","href":"https:\/\/api.w.org\/{rel}","templated":true}]}}