{"id":896,"date":"2025-07-11T13:54:06","date_gmt":"2025-07-11T13:54:06","guid":{"rendered":"https:\/\/afrosinogros.com\/?post_type=product&#038;p=896"},"modified":"2025-10-02T11:22:07","modified_gmt":"2025-10-02T11:22:07","slug":"alitop-sp-6398-barre-de-son-avec-caisson-de-basse","status":"publish","type":"product","link":"https:\/\/afrosinogros.com\/zh\/product\/alitop-sp-6398-barre-de-son-avec-caisson-de-basse\/","title":{"rendered":"ALITOP SP-6398 \u2013 Barre de Son avec Caisson de Basse"},"content":{"rendered":"<p>Apportez une ambiance cin\u00e9ma dans votre salon avec la <strong data-start=\"379\" data-end=\"410\">barre de son ALITOP SP-6398<\/strong>, un syst\u00e8me audio puissant et immersif dot\u00e9 d\u2019un <strong data-start=\"460\" data-end=\"489\">caisson de basses int\u00e9gr\u00e9<\/strong> et d\u2019une connectivit\u00e9 sans fil Bluetooth.<\/p>","protected":false},"excerpt":{"rendered":"<p data-start=\"533\" data-end=\"569\"><strong data-start=\"533\" data-end=\"567\">Caract\u00e9ristiques principales :<\/strong><\/p>\n<ul data-start=\"570\" data-end=\"1290\">\n<li data-start=\"570\" data-end=\"646\">\n<p data-start=\"572\" data-end=\"646\">\ud83d\udd08 <strong data-start=\"575\" data-end=\"620\">Puissance de sortie : 35 W RMS \/ 60 W max<\/strong>, son clair et dynamique<\/p>\n<\/li>\n<li data-start=\"647\" data-end=\"744\">\n<p data-start=\"649\" data-end=\"744\">\ud83d\udcf6 <strong data-start=\"652\" data-end=\"673\">Bluetooth int\u00e9gr\u00e9<\/strong> pour une connexion sans fil facile avec smartphones, tablettes ou PC<\/p>\n<\/li>\n<li data-start=\"745\" data-end=\"817\">\n<p data-start=\"747\" data-end=\"817\">\ud83c\udfb5 <strong data-start=\"750\" data-end=\"774\">Fonction Super Basse<\/strong> : des graves puissants m\u00eame \u00e0 bas volume<\/p>\n<\/li>\n<li data-start=\"818\" data-end=\"890\">\n<p data-start=\"820\" data-end=\"890\">\ud83c\udfa4 <strong data-start=\"823\" data-end=\"839\">Mode Karaok\u00e9<\/strong> pour animer vos soir\u00e9es en famille ou entre amis<\/p>\n<\/li>\n<li data-start=\"891\" data-end=\"946\">\n<p data-start=\"893\" data-end=\"946\">\ud83d\udcbd <strong data-start=\"896\" data-end=\"922\">Entr\u00e9es USB &amp; carte SD<\/strong>, radio FM, entr\u00e9e AUX<\/p>\n<\/li>\n<li data-start=\"947\" data-end=\"1025\">\n<p data-start=\"949\" data-end=\"1025\">\u2699\ufe0f <strong data-start=\"952\" data-end=\"981\">Interrupteur marche\/arr\u00eat<\/strong>, contr\u00f4le de source, t\u00e9l\u00e9commande incluse<\/p>\n<\/li>\n<li data-start=\"1026\" data-end=\"1081\">\n<p data-start=\"1028\" data-end=\"1081\">\ud83d\udd0c Alimentation : 12 V CC \/ 220-240 V AC \u2013 50\/60 Hz<\/p>\n<\/li>\n<li data-start=\"1082\" data-end=\"1136\">\n<p data-start=\"1084\" data-end=\"1136\">\ud83d\udce6 Dimensions : 28,6 \u00d7 16,6 \u00d7 44 cm | Poids : 3 kg<\/p>\n<\/li>\n<li data-start=\"1137\" data-end=\"1212\">\n<p data-start=\"1139\" data-end=\"1212\">\ud83d\udd0a Unit\u00e9 d&rsquo;entra\u00eenement : 6.5&Prime; + 2 satellites 5090 | Imp\u00e9dance : 4 ohms<\/p>\n<\/li>\n<li data-start=\"1213\" data-end=\"1290\">\n<p data-start=\"1215\" data-end=\"1290\">\ud83d\udd27 R\u00e9ponse en fr\u00e9quence : 36 Hz \u2013 20 kHz | SIN &gt; 70 dB | Distorsion : 0,3 %<\/p>\n<\/li>\n<\/ul>\n<p data-start=\"1292\" data-end=\"1400\"><strong data-start=\"1292\" data-end=\"1302\">Mod\u00e8le<\/strong> : SP-6398<br data-start=\"1312\" data-end=\"1315\" \/><strong data-start=\"1315\" data-end=\"1338\">Pays de fabrication<\/strong> : Chine<br data-start=\"1346\" data-end=\"1349\" \/><strong data-start=\"1349\" data-end=\"1388\">MOQ (quantit\u00e9 minimale de commande)<\/strong> : 10 pi\u00e8ces<\/p>","protected":false},"featured_media":897,"comment_status":"open","ping_status":"closed","template":"","meta":{"_uag_custom_page_level_css":""},"product_brand":[97],"product_cat":[37],"product_tag":[],"class_list":{"0":"post-896","1":"product","2":"type-product","3":"status-publish","4":"has-post-thumbnail","6":"product_brand-alitop","7":"product_cat-son","9":"first","10":"instock","11":"taxable","12":"shipping-taxable","13":"purchasable","14":"product-type-simple"},"yoast_head":"<!-- This site is optimized with the Yoast SEO plugin v27.3 - https:\/\/yoast.com\/product\/yoast-seo-wordpress\/ -->\n<title>ALITOP SP-6398 \u2013 Barre de Son avec Caisson de Basse - AfroSino<\/title>\n<meta name=\"robots\" content=\"index, follow, max-snippet:-1, max-image-preview:large, max-video-preview:-1\" \/>\n<link rel=\"canonical\" href=\"https:\/\/afrosinogros.com\/zh\/product\/alitop-sp-6398-barre-de-son-avec-caisson-de-basse\/\" \/>\n<meta property=\"og:locale\" content=\"zh_CN\" \/>\n<meta property=\"og:type\" content=\"article\" \/>\n<meta property=\"og:title\" content=\"ALITOP SP-6398 \u2013 Barre de Son avec Caisson de Basse - AfroSino\" \/>\n<meta property=\"og:description\" content=\"Caract\u00e9ristiques principales :     \ud83d\udd08 Puissance de sortie : 35 W RMS \/ 60 W max, son clair et dynamique    \ud83d\udcf6 Bluetooth int\u00e9gr\u00e9 pour une connexion sans fil facile avec smartphones, tablettes ou PC    \ud83c\udfb5 Fonction Super Basse : des graves puissants m\u00eame \u00e0 bas volume    \ud83c\udfa4 Mode Karaok\u00e9 pour animer vos soir\u00e9es en famille ou entre amis    \ud83d\udcbd Entr\u00e9es USB &amp; carte SD, radio FM, entr\u00e9e AUX    \u2699\ufe0f Interrupteur marche\/arr\u00eat, contr\u00f4le de source, t\u00e9l\u00e9commande incluse    \ud83d\udd0c Alimentation : 12 V CC \/ 220-240 V AC \u2013 50\/60 Hz    \ud83d\udce6 Dimensions : 28,6 \u00d7 16,6 \u00d7 44 cm | Poids : 3 kg    \ud83d\udd0a Unit\u00e9 d&#039;entra\u00eenement : 6.5&quot; + 2 satellites 5090 | Imp\u00e9dance : 4 ohms    \ud83d\udd27 R\u00e9ponse en fr\u00e9quence : 36 Hz \u2013 20 kHz | SIN &gt; 70 dB | Distorsion : 0,3 %   Mod\u00e8le : SP-6398Pays de fabrication : ChineMOQ (quantit\u00e9 minimale de commande) : 10 pi\u00e8ces\" \/>\n<meta property=\"og:url\" content=\"https:\/\/afrosinogros.com\/zh\/product\/alitop-sp-6398-barre-de-son-avec-caisson-de-basse\/\" \/>\n<meta property=\"og:site_name\" content=\"AfroSino\" \/>\n<meta property=\"article:modified_time\" content=\"2025-10-02T11:22:07+00:00\" \/>\n<meta property=\"og:image\" content=\"https:\/\/afrosinogros.com\/wp-content\/uploads\/2025\/07\/SP-6398.jpg\" \/>\n\t<meta property=\"og:image:width\" content=\"800\" \/>\n\t<meta property=\"og:image:height\" content=\"800\" \/>\n\t<meta property=\"og:image:type\" content=\"image\/jpeg\" \/>\n<meta name=\"twitter:card\" content=\"summary_large_image\" \/>\n<meta name=\"twitter:label1\" content=\"\u9884\u8ba1\u9605\u8bfb\u65f6\u95f4\" \/>\n\t<meta name=\"twitter:data1\" content=\"1 \u5206\" \/>\n<script type=\"application\/ld+json\" class=\"yoast-schema-graph\">{\"@context\":\"https:\\\/\\\/schema.org\",\"@graph\":[{\"@type\":\"WebPage\",\"@id\":\"https:\\\/\\\/afrosinogros.com\\\/product\\\/alitop-sp-6398-barre-de-son-avec-caisson-de-basse\\\/\",\"url\":\"https:\\\/\\\/afrosinogros.com\\\/product\\\/alitop-sp-6398-barre-de-son-avec-caisson-de-basse\\\/\",\"name\":\"ALITOP SP-6398 \u2013 Barre de Son avec Caisson de Basse - AfroSino\",\"isPartOf\":{\"@id\":\"https:\\\/\\\/afrosinogros.com\\\/#website\"},\"primaryImageOfPage\":{\"@id\":\"https:\\\/\\\/afrosinogros.com\\\/product\\\/alitop-sp-6398-barre-de-son-avec-caisson-de-basse\\\/#primaryimage\"},\"image\":{\"@id\":\"https:\\\/\\\/afrosinogros.com\\\/product\\\/alitop-sp-6398-barre-de-son-avec-caisson-de-basse\\\/#primaryimage\"},\"thumbnailUrl\":\"https:\\\/\\\/afrosinogros.com\\\/wp-content\\\/uploads\\\/2025\\\/07\\\/SP-6398.jpg\",\"datePublished\":\"2025-07-11T13:54:06+00:00\",\"dateModified\":\"2025-10-02T11:22:07+00:00\",\"breadcrumb\":{\"@id\":\"https:\\\/\\\/afrosinogros.com\\\/product\\\/alitop-sp-6398-barre-de-son-avec-caisson-de-basse\\\/#breadcrumb\"},\"inLanguage\":\"zh-Hans\",\"potentialAction\":[{\"@type\":\"ReadAction\",\"target\":[\"https:\\\/\\\/afrosinogros.com\\\/product\\\/alitop-sp-6398-barre-de-son-avec-caisson-de-basse\\\/\"]}]},{\"@type\":\"ImageObject\",\"inLanguage\":\"zh-Hans\",\"@id\":\"https:\\\/\\\/afrosinogros.com\\\/product\\\/alitop-sp-6398-barre-de-son-avec-caisson-de-basse\\\/#primaryimage\",\"url\":\"https:\\\/\\\/afrosinogros.com\\\/wp-content\\\/uploads\\\/2025\\\/07\\\/SP-6398.jpg\",\"contentUrl\":\"https:\\\/\\\/afrosinogros.com\\\/wp-content\\\/uploads\\\/2025\\\/07\\\/SP-6398.jpg\",\"width\":800,\"height\":800},{\"@type\":\"BreadcrumbList\",\"@id\":\"https:\\\/\\\/afrosinogros.com\\\/product\\\/alitop-sp-6398-barre-de-son-avec-caisson-de-basse\\\/#breadcrumb\",\"itemListElement\":[{\"@type\":\"ListItem\",\"position\":1,\"name\":\"Home\",\"item\":\"https:\\\/\\\/afrosinogros.com\\\/\"},{\"@type\":\"ListItem\",\"position\":2,\"name\":\"Magasin\",\"item\":\"https:\\\/\\\/afrosinogros.com\\\/magasin\\\/\"},{\"@type\":\"ListItem\",\"position\":3,\"name\":\"ALITOP SP-6398 \u2013 Barre de Son avec Caisson de Basse\"}]},{\"@type\":\"WebSite\",\"@id\":\"https:\\\/\\\/afrosinogros.com\\\/#website\",\"url\":\"https:\\\/\\\/afrosinogros.com\\\/\",\"name\":\"AfroSino\",\"description\":\"Officiel site web\",\"publisher\":{\"@id\":\"https:\\\/\\\/afrosinogros.com\\\/#organization\"},\"potentialAction\":[{\"@type\":\"SearchAction\",\"target\":{\"@type\":\"EntryPoint\",\"urlTemplate\":\"https:\\\/\\\/afrosinogros.com\\\/?s={search_term_string}\"},\"query-input\":{\"@type\":\"PropertyValueSpecification\",\"valueRequired\":true,\"valueName\":\"search_term_string\"}}],\"inLanguage\":\"zh-Hans\"},{\"@type\":\"Organization\",\"@id\":\"https:\\\/\\\/afrosinogros.com\\\/#organization\",\"name\":\"AfroSino\",\"url\":\"https:\\\/\\\/afrosinogros.com\\\/\",\"logo\":{\"@type\":\"ImageObject\",\"inLanguage\":\"zh-Hans\",\"@id\":\"https:\\\/\\\/afrosinogros.com\\\/#\\\/schema\\\/logo\\\/image\\\/\",\"url\":\"https:\\\/\\\/afrosinogros.com\\\/wp-content\\\/uploads\\\/2025\\\/09\\\/cropped-afrosino_logo_optimized-removebg-preview.png\",\"contentUrl\":\"https:\\\/\\\/afrosinogros.com\\\/wp-content\\\/uploads\\\/2025\\\/09\\\/cropped-afrosino_logo_optimized-removebg-preview.png\",\"width\":512,\"height\":512,\"caption\":\"AfroSino\"},\"image\":{\"@id\":\"https:\\\/\\\/afrosinogros.com\\\/#\\\/schema\\\/logo\\\/image\\\/\"}}]}<\/script>\n<!-- \/ Yoast SEO plugin. -->","yoast_head_json":{"title":"ALITOP SP-6398 \u2013 Barre de Son avec Caisson de Basse - AfroSino","robots":{"index":"index","follow":"follow","max-snippet":"max-snippet:-1","max-image-preview":"max-image-preview:large","max-video-preview":"max-video-preview:-1"},"canonical":"https:\/\/afrosinogros.com\/zh\/product\/alitop-sp-6398-barre-de-son-avec-caisson-de-basse\/","og_locale":"zh_CN","og_type":"article","og_title":"ALITOP SP-6398 \u2013 Barre de Son avec Caisson de Basse - AfroSino","og_description":"Caract\u00e9ristiques principales :     \ud83d\udd08 Puissance de sortie : 35 W RMS \/ 60 W max, son clair et dynamique    \ud83d\udcf6 Bluetooth int\u00e9gr\u00e9 pour une connexion sans fil facile avec smartphones, tablettes ou PC    \ud83c\udfb5 Fonction Super Basse : des graves puissants m\u00eame \u00e0 bas volume    \ud83c\udfa4 Mode Karaok\u00e9 pour animer vos soir\u00e9es en famille ou entre amis    \ud83d\udcbd Entr\u00e9es USB &amp; carte SD, radio FM, entr\u00e9e AUX    \u2699\ufe0f Interrupteur marche\/arr\u00eat, contr\u00f4le de source, t\u00e9l\u00e9commande incluse    \ud83d\udd0c Alimentation : 12 V CC \/ 220-240 V AC \u2013 50\/60 Hz    \ud83d\udce6 Dimensions : 28,6 \u00d7 16,6 \u00d7 44 cm | Poids : 3 kg    \ud83d\udd0a Unit\u00e9 d'entra\u00eenement : 6.5\" + 2 satellites 5090 | Imp\u00e9dance : 4 ohms    \ud83d\udd27 R\u00e9ponse en fr\u00e9quence : 36 Hz \u2013 20 kHz | SIN &gt; 70 dB | Distorsion : 0,3 %   Mod\u00e8le : SP-6398Pays de fabrication : ChineMOQ (quantit\u00e9 minimale de commande) : 10 pi\u00e8ces","og_url":"https:\/\/afrosinogros.com\/zh\/product\/alitop-sp-6398-barre-de-son-avec-caisson-de-basse\/","og_site_name":"AfroSino","article_modified_time":"2025-10-02T11:22:07+00:00","og_image":[{"width":800,"height":800,"url":"https:\/\/afrosinogros.com\/wp-content\/uploads\/2025\/07\/SP-6398.jpg","type":"image\/jpeg"}],"twitter_card":"summary_large_image","twitter_misc":{"\u9884\u8ba1\u9605\u8bfb\u65f6\u95f4":"1 \u5206"},"schema":{"@context":"https:\/\/schema.org","@graph":[{"@type":"WebPage","@id":"https:\/\/afrosinogros.com\/product\/alitop-sp-6398-barre-de-son-avec-caisson-de-basse\/","url":"https:\/\/afrosinogros.com\/product\/alitop-sp-6398-barre-de-son-avec-caisson-de-basse\/","name":"ALITOP SP-6398 \u2013 Barre de Son avec Caisson de Basse - AfroSino","isPartOf":{"@id":"https:\/\/afrosinogros.com\/#website"},"primaryImageOfPage":{"@id":"https:\/\/afrosinogros.com\/product\/alitop-sp-6398-barre-de-son-avec-caisson-de-basse\/#primaryimage"},"image":{"@id":"https:\/\/afrosinogros.com\/product\/alitop-sp-6398-barre-de-son-avec-caisson-de-basse\/#primaryimage"},"thumbnailUrl":"https:\/\/afrosinogros.com\/wp-content\/uploads\/2025\/07\/SP-6398.jpg","datePublished":"2025-07-11T13:54:06+00:00","dateModified":"2025-10-02T11:22:07+00:00","breadcrumb":{"@id":"https:\/\/afrosinogros.com\/product\/alitop-sp-6398-barre-de-son-avec-caisson-de-basse\/#breadcrumb"},"inLanguage":"zh-Hans","potentialAction":[{"@type":"ReadAction","target":["https:\/\/afrosinogros.com\/product\/alitop-sp-6398-barre-de-son-avec-caisson-de-basse\/"]}]},{"@type":"ImageObject","inLanguage":"zh-Hans","@id":"https:\/\/afrosinogros.com\/product\/alitop-sp-6398-barre-de-son-avec-caisson-de-basse\/#primaryimage","url":"https:\/\/afrosinogros.com\/wp-content\/uploads\/2025\/07\/SP-6398.jpg","contentUrl":"https:\/\/afrosinogros.com\/wp-content\/uploads\/2025\/07\/SP-6398.jpg","width":800,"height":800},{"@type":"BreadcrumbList","@id":"https:\/\/afrosinogros.com\/product\/alitop-sp-6398-barre-de-son-avec-caisson-de-basse\/#breadcrumb","itemListElement":[{"@type":"ListItem","position":1,"name":"Home","item":"https:\/\/afrosinogros.com\/"},{"@type":"ListItem","position":2,"name":"Magasin","item":"https:\/\/afrosinogros.com\/magasin\/"},{"@type":"ListItem","position":3,"name":"ALITOP SP-6398 \u2013 Barre de Son avec Caisson de Basse"}]},{"@type":"WebSite","@id":"https:\/\/afrosinogros.com\/#website","url":"https:\/\/afrosinogros.com\/","name":"AfroSino","description":"Officiel site web","publisher":{"@id":"https:\/\/afrosinogros.com\/#organization"},"potentialAction":[{"@type":"SearchAction","target":{"@type":"EntryPoint","urlTemplate":"https:\/\/afrosinogros.com\/?s={search_term_string}"},"query-input":{"@type":"PropertyValueSpecification","valueRequired":true,"valueName":"search_term_string"}}],"inLanguage":"zh-Hans"},{"@type":"Organization","@id":"https:\/\/afrosinogros.com\/#organization","name":"AfroSino","url":"https:\/\/afrosinogros.com\/","logo":{"@type":"ImageObject","inLanguage":"zh-Hans","@id":"https:\/\/afrosinogros.com\/#\/schema\/logo\/image\/","url":"https:\/\/afrosinogros.com\/wp-content\/uploads\/2025\/09\/cropped-afrosino_logo_optimized-removebg-preview.png","contentUrl":"https:\/\/afrosinogros.com\/wp-content\/uploads\/2025\/09\/cropped-afrosino_logo_optimized-removebg-preview.png","width":512,"height":512,"caption":"AfroSino"},"image":{"@id":"https:\/\/afrosinogros.com\/#\/schema\/logo\/image\/"}}]}},"uagb_featured_image_src":{"full":["https:\/\/afrosinogros.com\/wp-content\/uploads\/2025\/07\/SP-6398.jpg",800,800,false],"thumbnail":["https:\/\/afrosinogros.com\/wp-content\/uploads\/2025\/07\/SP-6398-150x150.jpg",150,150,true],"medium":["https:\/\/afrosinogros.com\/wp-content\/uploads\/2025\/07\/SP-6398-300x300.jpg",300,300,true],"medium_large":["https:\/\/afrosinogros.com\/wp-content\/uploads\/2025\/07\/SP-6398-768x768.jpg",768,768,true],"large":["https:\/\/afrosinogros.com\/wp-content\/uploads\/2025\/07\/SP-6398.jpg",800,800,false],"1536x1536":["https:\/\/afrosinogros.com\/wp-content\/uploads\/2025\/07\/SP-6398.jpg",800,800,false],"2048x2048":["https:\/\/afrosinogros.com\/wp-content\/uploads\/2025\/07\/SP-6398.jpg",800,800,false],"trp-custom-language-flag":["https:\/\/afrosinogros.com\/wp-content\/uploads\/2025\/07\/SP-6398-12x12.jpg",12,12,true],"woocommerce_archive_thumbnail":["https:\/\/afrosinogros.com\/wp-content\/uploads\/2025\/07\/SP-6398-300x300.jpg",300,300,true],"woocommerce_thumbnail":["https:\/\/afrosinogros.com\/wp-content\/uploads\/2025\/07\/SP-6398-300x300.jpg",300,300,true],"woocommerce_single":["https:\/\/afrosinogros.com\/wp-content\/uploads\/2025\/07\/SP-6398-600x600.jpg",600,600,true],"woocommerce_gallery_thumbnail":["https:\/\/afrosinogros.com\/wp-content\/uploads\/2025\/07\/SP-6398-100x100.jpg",100,100,true]},"uagb_author_info":{"display_name":"admin","author_link":"https:\/\/afrosinogros.com\/zh\/author\/"},"uagb_comment_info":0,"uagb_excerpt":"Caract\u00e9ristiques principales : \ud83d\udd08 Puissance de sortie : 35 W RMS \/ 60 W max, son clair et dynamique \ud83d\udcf6 Bluetooth int\u00e9gr\u00e9 pour une connexion sans fil facile avec smartphones, tablettes ou PC \ud83c\udfb5 Fonction Super Basse : des graves puissants m\u00eame \u00e0 bas volume \ud83c\udfa4 Mode Karaok\u00e9 pour animer vos soir\u00e9es en famille ou&hellip;","jetpack_sharing_enabled":true,"_links":{"self":[{"href":"https:\/\/afrosinogros.com\/zh\/wp-json\/wp\/v2\/product\/896","targetHints":{"allow":["GET"]}}],"collection":[{"href":"https:\/\/afrosinogros.com\/zh\/wp-json\/wp\/v2\/product"}],"about":[{"href":"https:\/\/afrosinogros.com\/zh\/wp-json\/wp\/v2\/types\/product"}],"replies":[{"embeddable":true,"href":"https:\/\/afrosinogros.com\/zh\/wp-json\/wp\/v2\/comments?post=896"}],"wp:featuredmedia":[{"embeddable":true,"href":"https:\/\/afrosinogros.com\/zh\/wp-json\/wp\/v2\/media\/897"}],"wp:attachment":[{"href":"https:\/\/afrosinogros.com\/zh\/wp-json\/wp\/v2\/media?parent=896"}],"wp:term":[{"taxonomy":"product_brand","embeddable":true,"href":"https:\/\/afrosinogros.com\/zh\/wp-json\/wp\/v2\/product_brand?post=896"},{"taxonomy":"product_cat","embeddable":true,"href":"https:\/\/afrosinogros.com\/zh\/wp-json\/wp\/v2\/product_cat?post=896"},{"taxonomy":"product_tag","embeddable":true,"href":"https:\/\/afrosinogros.com\/zh\/wp-json\/wp\/v2\/product_tag?post=896"}],"curies":[{"name":"wp","href":"https:\/\/api.w.org\/{rel}","templated":true}]}}