{"id":899,"date":"2025-07-11T14:11:19","date_gmt":"2025-07-11T14:11:19","guid":{"rendered":"https:\/\/afrosinogros.com\/?post_type=product&#038;p=899"},"modified":"2025-10-02T11:21:35","modified_gmt":"2025-10-02T11:21:35","slug":"%f0%9f%94%8a-alitop-woofer-sp-6523-home-cinema-chaine-hi-fi-noir","status":"publish","type":"product","link":"https:\/\/afrosinogros.com\/zh\/product\/%f0%9f%94%8a-alitop-woofer-sp-6523-home-cinema-chaine-hi-fi-noir\/","title":{"rendered":"\ud83d\udd0a ALITOP Woofer SP-6523 Home Cin\u00e9ma \u2013 Cha\u00eene HI-FI Noir"},"content":{"rendered":"<p>D\u00e9couvrez une exp\u00e9rience sonore immersive avec le syst\u00e8me <strong data-start=\"312\" data-end=\"330\">ALITOP SP-6523<\/strong>, une cha\u00eene HI-FI puissante et \u00e9l\u00e9gante con\u00e7ue pour transformer votre espace en salle de cin\u00e9ma.<\/p>","protected":false},"excerpt":{"rendered":"<p data-start=\"429\" data-end=\"465\"><strong data-start=\"429\" data-end=\"463\">Caract\u00e9ristiques principales :<\/strong><\/p>\n<ul data-start=\"466\" data-end=\"1072\">\n<li data-start=\"466\" data-end=\"545\">\n<p data-start=\"468\" data-end=\"545\">\ud83d\udd0a <strong data-start=\"471\" data-end=\"495\">Puissance RMS : 50 W<\/strong>, avec une puissance audio maximale jusqu\u2019\u00e0 60 W<\/p>\n<\/li>\n<li data-start=\"546\" data-end=\"655\">\n<p data-start=\"548\" data-end=\"655\">\ud83c\udfb5 <strong data-start=\"551\" data-end=\"566\">Super basse<\/strong> gr\u00e2ce \u00e0 ses 3 haut-parleurs, pour des graves profonds et intenses m\u00eame \u00e0 faible volume<\/p>\n<\/li>\n<li data-start=\"656\" data-end=\"762\">\n<p data-start=\"658\" data-end=\"762\">\ud83d\udcf6 <strong data-start=\"661\" data-end=\"682\">Bluetooth int\u00e9gr\u00e9<\/strong> pour une connexion sans fil facile avec smartphones, tablettes et ordinateurs<\/p>\n<\/li>\n<li data-start=\"763\" data-end=\"849\">\n<p data-start=\"765\" data-end=\"849\">\ud83d\udcbd <strong data-start=\"768\" data-end=\"780\">Port USB<\/strong> et <strong data-start=\"784\" data-end=\"806\">port carte m\u00e9moire<\/strong> pour lire vos fichiers audio directement<\/p>\n<\/li>\n<li data-start=\"850\" data-end=\"918\">\n<p data-start=\"852\" data-end=\"918\">\ud83d\udcfb <strong data-start=\"855\" data-end=\"876\">Radio FM int\u00e9gr\u00e9e<\/strong> pour profiter de vos stations pr\u00e9f\u00e9r\u00e9es<\/p>\n<\/li>\n<li data-start=\"919\" data-end=\"945\">\n<p data-start=\"921\" data-end=\"945\">\u26a1 Fr\u00e9quence : 50-60 Hz<\/p>\n<\/li>\n<li data-start=\"946\" data-end=\"975\">\n<p data-start=\"948\" data-end=\"975\">\ud83c\udfa8 Couleur : Noir \u00e9l\u00e9gant<\/p>\n<\/li>\n<li data-start=\"976\" data-end=\"995\">\n<p data-start=\"978\" data-end=\"995\">\ud83d\udce6 Poids : 7 kg<\/p>\n<\/li>\n<li data-start=\"996\" data-end=\"1047\">\n<p data-start=\"998\" data-end=\"1047\">\ud83d\udccc Mod\u00e8le : SP-6523 | SKU : GE070EA147C8VNAFAMZ<\/p>\n<\/li>\n<li data-start=\"1048\" data-end=\"1072\">\n<p data-start=\"1050\" data-end=\"1072\">\ud83c\udde8\ud83c\uddf3 Fabriqu\u00e9 en Chine<\/p>\n<\/li>\n<li data-start=\"1048\" data-end=\"1072\">\n<p data-start=\"1050\" data-end=\"1072\"><strong data-start=\"1079\" data-end=\"1091\">R\u00e9sum\u00e9 :<\/strong><\/p>\n<p data-start=\"1079\" data-end=\"1310\">Gr\u00e2ce \u00e0 ses 3 haut-parleurs et sa technologie Super Basse, le SP-6523 remplit votre pi\u00e8ce d\u2019un son riche, clair et puissant. Son Bluetooth facilite la connexion sans fil pour profiter de toute votre musique pr\u00e9f\u00e9r\u00e9e.<\/p>\n<p data-start=\"1312\" data-end=\"1363\"><strong data-start=\"1312\" data-end=\"1351\">MOQ (quantit\u00e9 minimale de commande)<\/strong> : 10 pi\u00e8ces<\/p>\n<\/li>\n<\/ul>","protected":false},"featured_media":889,"comment_status":"open","ping_status":"closed","template":"","meta":{"_uag_custom_page_level_css":""},"product_brand":[97],"product_cat":[37],"product_tag":[],"class_list":{"0":"post-899","1":"product","2":"type-product","3":"status-publish","4":"has-post-thumbnail","6":"product_brand-alitop","7":"product_cat-son","9":"first","10":"instock","11":"sale","12":"taxable","13":"shipping-taxable","14":"purchasable","15":"product-type-simple"},"yoast_head":"<!-- This site is optimized with the Yoast SEO plugin v27.3 - https:\/\/yoast.com\/product\/yoast-seo-wordpress\/ -->\n<title>\ud83d\udd0a ALITOP Woofer SP-6523 Home Cin\u00e9ma \u2013 Cha\u00eene HI-FI Noir - AfroSino<\/title>\n<meta name=\"robots\" content=\"index, follow, max-snippet:-1, max-image-preview:large, max-video-preview:-1\" \/>\n<link rel=\"canonical\" href=\"https:\/\/afrosinogros.com\/zh\/product\/\ud83d\udd0a-alitop-woofer-sp-6523-home-cinema-chaine-hi-fi-noir\/\" \/>\n<meta property=\"og:locale\" content=\"zh_CN\" \/>\n<meta property=\"og:type\" content=\"article\" \/>\n<meta property=\"og:title\" content=\"\ud83d\udd0a ALITOP Woofer SP-6523 Home Cin\u00e9ma \u2013 Cha\u00eene HI-FI Noir - AfroSino\" \/>\n<meta property=\"og:description\" content=\"Caract\u00e9ristiques principales :     \ud83d\udd0a Puissance RMS : 50 W, avec une puissance audio maximale jusqu\u2019\u00e0 60 W    \ud83c\udfb5 Super basse gr\u00e2ce \u00e0 ses 3 haut-parleurs, pour des graves profonds et intenses m\u00eame \u00e0 faible volume    \ud83d\udcf6 Bluetooth int\u00e9gr\u00e9 pour une connexion sans fil facile avec smartphones, tablettes et ordinateurs    \ud83d\udcbd Port USB et port carte m\u00e9moire pour lire vos fichiers audio directement    \ud83d\udcfb Radio FM int\u00e9gr\u00e9e pour profiter de vos stations pr\u00e9f\u00e9r\u00e9es    \u26a1 Fr\u00e9quence : 50-60 Hz    \ud83c\udfa8 Couleur : Noir \u00e9l\u00e9gant    \ud83d\udce6 Poids : 7 kg    \ud83d\udccc Mod\u00e8le : SP-6523 | SKU : GE070EA147C8VNAFAMZ    \ud83c\udde8\ud83c\uddf3 Fabriqu\u00e9 en Chine    R\u00e9sum\u00e9 : Gr\u00e2ce \u00e0 ses 3 haut-parleurs et sa technologie Super Basse, le SP-6523 remplit votre pi\u00e8ce d\u2019un son riche, clair et puissant. Son Bluetooth facilite la connexion sans fil pour profiter de toute votre musique pr\u00e9f\u00e9r\u00e9e. MOQ (quantit\u00e9 minimale de commande) : 10 pi\u00e8ces\" \/>\n<meta property=\"og:url\" content=\"https:\/\/afrosinogros.com\/zh\/product\/\ud83d\udd0a-alitop-woofer-sp-6523-home-cinema-chaine-hi-fi-noir\/\" \/>\n<meta property=\"og:site_name\" content=\"AfroSino\" \/>\n<meta property=\"article:modified_time\" content=\"2025-10-02T11:21:35+00:00\" \/>\n<meta property=\"og:image\" content=\"https:\/\/afrosinogros.com\/wp-content\/uploads\/2025\/07\/SP-6523.jpg\" \/>\n\t<meta property=\"og:image:width\" content=\"649\" \/>\n\t<meta property=\"og:image:height\" content=\"757\" \/>\n\t<meta property=\"og:image:type\" content=\"image\/jpeg\" \/>\n<meta name=\"twitter:card\" content=\"summary_large_image\" \/>\n<meta name=\"twitter:label1\" content=\"\u9884\u8ba1\u9605\u8bfb\u65f6\u95f4\" \/>\n\t<meta name=\"twitter:data1\" content=\"1 \u5206\" \/>\n<script type=\"application\/ld+json\" class=\"yoast-schema-graph\">{\"@context\":\"https:\\\/\\\/schema.org\",\"@graph\":[{\"@type\":\"WebPage\",\"@id\":\"https:\\\/\\\/afrosinogros.com\\\/product\\\/%f0%9f%94%8a-alitop-woofer-sp-6523-home-cinema-chaine-hi-fi-noir\\\/\",\"url\":\"https:\\\/\\\/afrosinogros.com\\\/product\\\/%f0%9f%94%8a-alitop-woofer-sp-6523-home-cinema-chaine-hi-fi-noir\\\/\",\"name\":\"\ud83d\udd0a ALITOP Woofer SP-6523 Home Cin\u00e9ma \u2013 Cha\u00eene HI-FI Noir - AfroSino\",\"isPartOf\":{\"@id\":\"https:\\\/\\\/afrosinogros.com\\\/#website\"},\"primaryImageOfPage\":{\"@id\":\"https:\\\/\\\/afrosinogros.com\\\/product\\\/%f0%9f%94%8a-alitop-woofer-sp-6523-home-cinema-chaine-hi-fi-noir\\\/#primaryimage\"},\"image\":{\"@id\":\"https:\\\/\\\/afrosinogros.com\\\/product\\\/%f0%9f%94%8a-alitop-woofer-sp-6523-home-cinema-chaine-hi-fi-noir\\\/#primaryimage\"},\"thumbnailUrl\":\"https:\\\/\\\/afrosinogros.com\\\/wp-content\\\/uploads\\\/2025\\\/07\\\/SP-6523.jpg\",\"datePublished\":\"2025-07-11T14:11:19+00:00\",\"dateModified\":\"2025-10-02T11:21:35+00:00\",\"breadcrumb\":{\"@id\":\"https:\\\/\\\/afrosinogros.com\\\/product\\\/%f0%9f%94%8a-alitop-woofer-sp-6523-home-cinema-chaine-hi-fi-noir\\\/#breadcrumb\"},\"inLanguage\":\"zh-Hans\",\"potentialAction\":[{\"@type\":\"ReadAction\",\"target\":[\"https:\\\/\\\/afrosinogros.com\\\/product\\\/%f0%9f%94%8a-alitop-woofer-sp-6523-home-cinema-chaine-hi-fi-noir\\\/\"]}]},{\"@type\":\"ImageObject\",\"inLanguage\":\"zh-Hans\",\"@id\":\"https:\\\/\\\/afrosinogros.com\\\/product\\\/%f0%9f%94%8a-alitop-woofer-sp-6523-home-cinema-chaine-hi-fi-noir\\\/#primaryimage\",\"url\":\"https:\\\/\\\/afrosinogros.com\\\/wp-content\\\/uploads\\\/2025\\\/07\\\/SP-6523.jpg\",\"contentUrl\":\"https:\\\/\\\/afrosinogros.com\\\/wp-content\\\/uploads\\\/2025\\\/07\\\/SP-6523.jpg\",\"width\":649,\"height\":757},{\"@type\":\"BreadcrumbList\",\"@id\":\"https:\\\/\\\/afrosinogros.com\\\/product\\\/%f0%9f%94%8a-alitop-woofer-sp-6523-home-cinema-chaine-hi-fi-noir\\\/#breadcrumb\",\"itemListElement\":[{\"@type\":\"ListItem\",\"position\":1,\"name\":\"Home\",\"item\":\"https:\\\/\\\/afrosinogros.com\\\/\"},{\"@type\":\"ListItem\",\"position\":2,\"name\":\"Magasin\",\"item\":\"https:\\\/\\\/afrosinogros.com\\\/magasin\\\/\"},{\"@type\":\"ListItem\",\"position\":3,\"name\":\"\ud83d\udd0a ALITOP Woofer SP-6523 Home Cin\u00e9ma \u2013 Cha\u00eene HI-FI Noir\"}]},{\"@type\":\"WebSite\",\"@id\":\"https:\\\/\\\/afrosinogros.com\\\/#website\",\"url\":\"https:\\\/\\\/afrosinogros.com\\\/\",\"name\":\"AfroSino\",\"description\":\"Officiel site web\",\"publisher\":{\"@id\":\"https:\\\/\\\/afrosinogros.com\\\/#organization\"},\"potentialAction\":[{\"@type\":\"SearchAction\",\"target\":{\"@type\":\"EntryPoint\",\"urlTemplate\":\"https:\\\/\\\/afrosinogros.com\\\/?s={search_term_string}\"},\"query-input\":{\"@type\":\"PropertyValueSpecification\",\"valueRequired\":true,\"valueName\":\"search_term_string\"}}],\"inLanguage\":\"zh-Hans\"},{\"@type\":\"Organization\",\"@id\":\"https:\\\/\\\/afrosinogros.com\\\/#organization\",\"name\":\"AfroSino\",\"url\":\"https:\\\/\\\/afrosinogros.com\\\/\",\"logo\":{\"@type\":\"ImageObject\",\"inLanguage\":\"zh-Hans\",\"@id\":\"https:\\\/\\\/afrosinogros.com\\\/#\\\/schema\\\/logo\\\/image\\\/\",\"url\":\"https:\\\/\\\/afrosinogros.com\\\/wp-content\\\/uploads\\\/2025\\\/09\\\/cropped-afrosino_logo_optimized-removebg-preview.png\",\"contentUrl\":\"https:\\\/\\\/afrosinogros.com\\\/wp-content\\\/uploads\\\/2025\\\/09\\\/cropped-afrosino_logo_optimized-removebg-preview.png\",\"width\":512,\"height\":512,\"caption\":\"AfroSino\"},\"image\":{\"@id\":\"https:\\\/\\\/afrosinogros.com\\\/#\\\/schema\\\/logo\\\/image\\\/\"}}]}<\/script>\n<!-- \/ Yoast SEO plugin. -->","yoast_head_json":{"title":"\ud83d\udd0a ALITOP Woofer SP-6523 Home Cin\u00e9ma \u2013 Cha\u00eene HI-FI Noir - AfroSino","robots":{"index":"index","follow":"follow","max-snippet":"max-snippet:-1","max-image-preview":"max-image-preview:large","max-video-preview":"max-video-preview:-1"},"canonical":"https:\/\/afrosinogros.com\/zh\/product\/\ud83d\udd0a-alitop-woofer-sp-6523-home-cinema-chaine-hi-fi-noir\/","og_locale":"zh_CN","og_type":"article","og_title":"\ud83d\udd0a ALITOP Woofer SP-6523 Home Cin\u00e9ma \u2013 Cha\u00eene HI-FI Noir - AfroSino","og_description":"Caract\u00e9ristiques principales :     \ud83d\udd0a Puissance RMS : 50 W, avec une puissance audio maximale jusqu\u2019\u00e0 60 W    \ud83c\udfb5 Super basse gr\u00e2ce \u00e0 ses 3 haut-parleurs, pour des graves profonds et intenses m\u00eame \u00e0 faible volume    \ud83d\udcf6 Bluetooth int\u00e9gr\u00e9 pour une connexion sans fil facile avec smartphones, tablettes et ordinateurs    \ud83d\udcbd Port USB et port carte m\u00e9moire pour lire vos fichiers audio directement    \ud83d\udcfb Radio FM int\u00e9gr\u00e9e pour profiter de vos stations pr\u00e9f\u00e9r\u00e9es    \u26a1 Fr\u00e9quence : 50-60 Hz    \ud83c\udfa8 Couleur : Noir \u00e9l\u00e9gant    \ud83d\udce6 Poids : 7 kg    \ud83d\udccc Mod\u00e8le : SP-6523 | SKU : GE070EA147C8VNAFAMZ    \ud83c\udde8\ud83c\uddf3 Fabriqu\u00e9 en Chine    R\u00e9sum\u00e9 : Gr\u00e2ce \u00e0 ses 3 haut-parleurs et sa technologie Super Basse, le SP-6523 remplit votre pi\u00e8ce d\u2019un son riche, clair et puissant. Son Bluetooth facilite la connexion sans fil pour profiter de toute votre musique pr\u00e9f\u00e9r\u00e9e. MOQ (quantit\u00e9 minimale de commande) : 10 pi\u00e8ces","og_url":"https:\/\/afrosinogros.com\/zh\/product\/\ud83d\udd0a-alitop-woofer-sp-6523-home-cinema-chaine-hi-fi-noir\/","og_site_name":"AfroSino","article_modified_time":"2025-10-02T11:21:35+00:00","og_image":[{"width":649,"height":757,"url":"https:\/\/afrosinogros.com\/wp-content\/uploads\/2025\/07\/SP-6523.jpg","type":"image\/jpeg"}],"twitter_card":"summary_large_image","twitter_misc":{"\u9884\u8ba1\u9605\u8bfb\u65f6\u95f4":"1 \u5206"},"schema":{"@context":"https:\/\/schema.org","@graph":[{"@type":"WebPage","@id":"https:\/\/afrosinogros.com\/product\/%f0%9f%94%8a-alitop-woofer-sp-6523-home-cinema-chaine-hi-fi-noir\/","url":"https:\/\/afrosinogros.com\/product\/%f0%9f%94%8a-alitop-woofer-sp-6523-home-cinema-chaine-hi-fi-noir\/","name":"\ud83d\udd0a ALITOP Woofer SP-6523 Home Cin\u00e9ma \u2013 Cha\u00eene HI-FI Noir - AfroSino","isPartOf":{"@id":"https:\/\/afrosinogros.com\/#website"},"primaryImageOfPage":{"@id":"https:\/\/afrosinogros.com\/product\/%f0%9f%94%8a-alitop-woofer-sp-6523-home-cinema-chaine-hi-fi-noir\/#primaryimage"},"image":{"@id":"https:\/\/afrosinogros.com\/product\/%f0%9f%94%8a-alitop-woofer-sp-6523-home-cinema-chaine-hi-fi-noir\/#primaryimage"},"thumbnailUrl":"https:\/\/afrosinogros.com\/wp-content\/uploads\/2025\/07\/SP-6523.jpg","datePublished":"2025-07-11T14:11:19+00:00","dateModified":"2025-10-02T11:21:35+00:00","breadcrumb":{"@id":"https:\/\/afrosinogros.com\/product\/%f0%9f%94%8a-alitop-woofer-sp-6523-home-cinema-chaine-hi-fi-noir\/#breadcrumb"},"inLanguage":"zh-Hans","potentialAction":[{"@type":"ReadAction","target":["https:\/\/afrosinogros.com\/product\/%f0%9f%94%8a-alitop-woofer-sp-6523-home-cinema-chaine-hi-fi-noir\/"]}]},{"@type":"ImageObject","inLanguage":"zh-Hans","@id":"https:\/\/afrosinogros.com\/product\/%f0%9f%94%8a-alitop-woofer-sp-6523-home-cinema-chaine-hi-fi-noir\/#primaryimage","url":"https:\/\/afrosinogros.com\/wp-content\/uploads\/2025\/07\/SP-6523.jpg","contentUrl":"https:\/\/afrosinogros.com\/wp-content\/uploads\/2025\/07\/SP-6523.jpg","width":649,"height":757},{"@type":"BreadcrumbList","@id":"https:\/\/afrosinogros.com\/product\/%f0%9f%94%8a-alitop-woofer-sp-6523-home-cinema-chaine-hi-fi-noir\/#breadcrumb","itemListElement":[{"@type":"ListItem","position":1,"name":"Home","item":"https:\/\/afrosinogros.com\/"},{"@type":"ListItem","position":2,"name":"Magasin","item":"https:\/\/afrosinogros.com\/magasin\/"},{"@type":"ListItem","position":3,"name":"\ud83d\udd0a ALITOP Woofer SP-6523 Home Cin\u00e9ma \u2013 Cha\u00eene HI-FI Noir"}]},{"@type":"WebSite","@id":"https:\/\/afrosinogros.com\/#website","url":"https:\/\/afrosinogros.com\/","name":"AfroSino","description":"Officiel site web","publisher":{"@id":"https:\/\/afrosinogros.com\/#organization"},"potentialAction":[{"@type":"SearchAction","target":{"@type":"EntryPoint","urlTemplate":"https:\/\/afrosinogros.com\/?s={search_term_string}"},"query-input":{"@type":"PropertyValueSpecification","valueRequired":true,"valueName":"search_term_string"}}],"inLanguage":"zh-Hans"},{"@type":"Organization","@id":"https:\/\/afrosinogros.com\/#organization","name":"AfroSino","url":"https:\/\/afrosinogros.com\/","logo":{"@type":"ImageObject","inLanguage":"zh-Hans","@id":"https:\/\/afrosinogros.com\/#\/schema\/logo\/image\/","url":"https:\/\/afrosinogros.com\/wp-content\/uploads\/2025\/09\/cropped-afrosino_logo_optimized-removebg-preview.png","contentUrl":"https:\/\/afrosinogros.com\/wp-content\/uploads\/2025\/09\/cropped-afrosino_logo_optimized-removebg-preview.png","width":512,"height":512,"caption":"AfroSino"},"image":{"@id":"https:\/\/afrosinogros.com\/#\/schema\/logo\/image\/"}}]}},"uagb_featured_image_src":{"full":["https:\/\/afrosinogros.com\/wp-content\/uploads\/2025\/07\/SP-6523.jpg",649,757,false],"thumbnail":["https:\/\/afrosinogros.com\/wp-content\/uploads\/2025\/07\/SP-6523-150x150.jpg",150,150,true],"medium":["https:\/\/afrosinogros.com\/wp-content\/uploads\/2025\/07\/SP-6523-257x300.jpg",257,300,true],"medium_large":["https:\/\/afrosinogros.com\/wp-content\/uploads\/2025\/07\/SP-6523.jpg",649,757,false],"large":["https:\/\/afrosinogros.com\/wp-content\/uploads\/2025\/07\/SP-6523.jpg",649,757,false],"1536x1536":["https:\/\/afrosinogros.com\/wp-content\/uploads\/2025\/07\/SP-6523.jpg",649,757,false],"2048x2048":["https:\/\/afrosinogros.com\/wp-content\/uploads\/2025\/07\/SP-6523.jpg",649,757,false],"trp-custom-language-flag":["https:\/\/afrosinogros.com\/wp-content\/uploads\/2025\/07\/SP-6523-10x12.jpg",10,12,true],"woocommerce_archive_thumbnail":["https:\/\/afrosinogros.com\/wp-content\/uploads\/2025\/07\/SP-6523-300x350.jpg",300,350,true],"woocommerce_thumbnail":["https:\/\/afrosinogros.com\/wp-content\/uploads\/2025\/07\/SP-6523-300x300.jpg",300,300,true],"woocommerce_single":["https:\/\/afrosinogros.com\/wp-content\/uploads\/2025\/07\/SP-6523-600x700.jpg",600,700,true],"woocommerce_gallery_thumbnail":["https:\/\/afrosinogros.com\/wp-content\/uploads\/2025\/07\/SP-6523-100x100.jpg",100,100,true]},"uagb_author_info":{"display_name":"admin","author_link":"https:\/\/afrosinogros.com\/zh\/author\/"},"uagb_comment_info":0,"uagb_excerpt":"Caract\u00e9ristiques principales : \ud83d\udd0a Puissance RMS : 50 W, avec une puissance audio maximale jusqu\u2019\u00e0 60 W \ud83c\udfb5 Super basse gr\u00e2ce \u00e0 ses 3 haut-parleurs, pour des graves profonds et intenses m\u00eame \u00e0 faible volume \ud83d\udcf6 Bluetooth int\u00e9gr\u00e9 pour une connexion sans fil facile avec smartphones, tablettes et ordinateurs \ud83d\udcbd Port USB et port carte&hellip;","jetpack_sharing_enabled":true,"_links":{"self":[{"href":"https:\/\/afrosinogros.com\/zh\/wp-json\/wp\/v2\/product\/899","targetHints":{"allow":["GET"]}}],"collection":[{"href":"https:\/\/afrosinogros.com\/zh\/wp-json\/wp\/v2\/product"}],"about":[{"href":"https:\/\/afrosinogros.com\/zh\/wp-json\/wp\/v2\/types\/product"}],"replies":[{"embeddable":true,"href":"https:\/\/afrosinogros.com\/zh\/wp-json\/wp\/v2\/comments?post=899"}],"wp:featuredmedia":[{"embeddable":true,"href":"https:\/\/afrosinogros.com\/zh\/wp-json\/wp\/v2\/media\/889"}],"wp:attachment":[{"href":"https:\/\/afrosinogros.com\/zh\/wp-json\/wp\/v2\/media?parent=899"}],"wp:term":[{"taxonomy":"product_brand","embeddable":true,"href":"https:\/\/afrosinogros.com\/zh\/wp-json\/wp\/v2\/product_brand?post=899"},{"taxonomy":"product_cat","embeddable":true,"href":"https:\/\/afrosinogros.com\/zh\/wp-json\/wp\/v2\/product_cat?post=899"},{"taxonomy":"product_tag","embeddable":true,"href":"https:\/\/afrosinogros.com\/zh\/wp-json\/wp\/v2\/product_tag?post=899"}],"curies":[{"name":"wp","href":"https:\/\/api.w.org\/{rel}","templated":true}]}}