{"id":900,"date":"2025-07-11T14:26:09","date_gmt":"2025-07-11T14:26:09","guid":{"rendered":"https:\/\/afrosinogros.com\/?post_type=product&#038;p=900"},"modified":"2025-10-02T11:21:18","modified_gmt":"2025-10-02T11:21:18","slug":"alitop-woofer-sp-2510-chaine-hifi-multicolore","status":"publish","type":"product","link":"https:\/\/afrosinogros.com\/zh\/product\/alitop-woofer-sp-2510-chaine-hifi-multicolore\/","title":{"rendered":"ALITOP Woofer SP-2510 \u2013 Cha\u00eene HIFI Multicolore"},"content":{"rendered":"<p>Profitez d\u2019un son puissant et immersif dans un format compact avec la <strong data-start=\"328\" data-end=\"358\">cha\u00eene HIFI ALITOP SP-2510<\/strong>. Con\u00e7ue pour les amateurs de musique, elle allie <strong data-start=\"408\" data-end=\"432\">connectivit\u00e9 moderne<\/strong>, <strong data-start=\"434\" data-end=\"454\">basses profondes<\/strong> et <strong data-start=\"458\" data-end=\"478\">fonction karaok\u00e9<\/strong> pour animer tous vos instants.<\/p>","protected":false},"excerpt":{"rendered":"<p data-start=\"516\" data-end=\"552\"><strong data-start=\"516\" data-end=\"550\">Caract\u00e9ristiques principales :<\/strong><\/p>\n<ul data-start=\"553\" data-end=\"1076\">\n<li data-start=\"553\" data-end=\"645\">\n<p data-start=\"555\" data-end=\"645\">\ud83d\udcf6 <strong data-start=\"558\" data-end=\"579\">Bluetooth int\u00e9gr\u00e9<\/strong> : connectez facilement votre t\u00e9l\u00e9phone, tablette ou PC sans fil<\/p>\n<\/li>\n<li data-start=\"646\" data-end=\"749\">\n<p data-start=\"648\" data-end=\"749\">\ud83d\udd0a <strong data-start=\"651\" data-end=\"666\">Super Basse<\/strong> : gr\u00e2ce \u00e0 ses <strong data-start=\"681\" data-end=\"700\">2 haut-parleurs<\/strong>, profitez d\u2019un son riche, m\u00eame \u00e0 faible volume<\/p>\n<\/li>\n<li data-start=\"750\" data-end=\"831\">\n<p data-start=\"752\" data-end=\"831\">\ud83c\udfa4 <strong data-start=\"755\" data-end=\"775\">Fonction karaok\u00e9<\/strong> int\u00e9gr\u00e9e pour chanter vos morceaux pr\u00e9f\u00e9r\u00e9s chez vous<\/p>\n<\/li>\n<li data-start=\"832\" data-end=\"895\">\n<p data-start=\"834\" data-end=\"895\">\ud83d\udcbd <strong data-start=\"837\" data-end=\"878\">Lecture audio via USB \/ carte m\u00e9moire<\/strong> (selon mod\u00e8le)<\/p>\n<\/li>\n<li data-start=\"896\" data-end=\"928\">\n<p data-start=\"898\" data-end=\"928\">\ud83c\udfa8 <strong data-start=\"901\" data-end=\"912\">Couleur<\/strong> : Multicolore<\/p>\n<\/li>\n<li data-start=\"929\" data-end=\"952\">\n<p data-start=\"931\" data-end=\"952\">\u2696\ufe0f <strong data-start=\"934\" data-end=\"950\">Poids : 3 kg<\/strong><\/p>\n<\/li>\n<li data-start=\"953\" data-end=\"1012\">\n<p data-start=\"955\" data-end=\"1012\">\ud83d\udccc <strong data-start=\"958\" data-end=\"968\">Mod\u00e8le<\/strong> : SP-2510 | <strong data-start=\"981\" data-end=\"988\">SKU<\/strong> : WO062EA14PPL7NAFAMZ<\/p>\n<\/li>\n<li data-start=\"1013\" data-end=\"1041\">\n<p data-start=\"1015\" data-end=\"1041\">\ud83c\udde8\ud83c\uddf3 <strong data-start=\"1020\" data-end=\"1031\">Origine<\/strong> : Chine<\/p>\n<\/li>\n<li data-start=\"1042\" data-end=\"1076\">\n<p data-start=\"1044\" data-end=\"1076\">\ud83d\udd0a <strong data-start=\"1047\" data-end=\"1076\">Puissance maximale : 60 W<\/strong><\/p>\n<\/li>\n<\/ul>\n<hr data-start=\"1078\" data-end=\"1081\" \/>\n<p data-start=\"1083\" data-end=\"1314\"><strong data-start=\"1083\" data-end=\"1095\">R\u00e9sum\u00e9 :<\/strong><br data-start=\"1095\" data-end=\"1098\" \/>Compact mais performant, le <strong data-start=\"1126\" data-end=\"1137\">SP-2510<\/strong> d\u2019ALITOP est id\u00e9al pour les salons, les boutiques et les \u00e9v\u00e9nements. Son design color\u00e9 et ses multiples fonctionnalit\u00e9s en font un produit attractif pour tous types de clients.<\/p>\n<p data-start=\"1316\" data-end=\"1374\">\ud83d\udce6 <strong data-start=\"1319\" data-end=\"1358\">MOQ (quantit\u00e9 minimale de commande)<\/strong> : <strong data-start=\"1361\" data-end=\"1374\">10 pi\u00e8ces<\/strong><\/p>","protected":false},"featured_media":886,"comment_status":"open","ping_status":"closed","template":"","meta":{"_uag_custom_page_level_css":""},"product_brand":[97],"product_cat":[37],"product_tag":[],"class_list":{"0":"post-900","1":"product","2":"type-product","3":"status-publish","4":"has-post-thumbnail","6":"product_brand-alitop","7":"product_cat-son","9":"first","10":"instock","11":"taxable","12":"shipping-taxable","13":"purchasable","14":"product-type-simple"},"yoast_head":"<!-- This site is optimized with the Yoast SEO plugin v27.3 - https:\/\/yoast.com\/product\/yoast-seo-wordpress\/ -->\n<title>ALITOP Woofer SP-2510 \u2013 Cha\u00eene HIFI Multicolore - AfroSino<\/title>\n<meta name=\"robots\" content=\"index, follow, max-snippet:-1, max-image-preview:large, max-video-preview:-1\" \/>\n<link rel=\"canonical\" href=\"https:\/\/afrosinogros.com\/zh\/product\/alitop-woofer-sp-2510-chaine-hifi-multicolore\/\" \/>\n<meta property=\"og:locale\" content=\"zh_CN\" \/>\n<meta property=\"og:type\" content=\"article\" \/>\n<meta property=\"og:title\" content=\"ALITOP Woofer SP-2510 \u2013 Cha\u00eene HIFI Multicolore - AfroSino\" \/>\n<meta property=\"og:description\" content=\"Caract\u00e9ristiques principales :     \ud83d\udcf6 Bluetooth int\u00e9gr\u00e9 : connectez facilement votre t\u00e9l\u00e9phone, tablette ou PC sans fil    \ud83d\udd0a Super Basse : gr\u00e2ce \u00e0 ses 2 haut-parleurs, profitez d\u2019un son riche, m\u00eame \u00e0 faible volume    \ud83c\udfa4 Fonction karaok\u00e9 int\u00e9gr\u00e9e pour chanter vos morceaux pr\u00e9f\u00e9r\u00e9s chez vous    \ud83d\udcbd Lecture audio via USB \/ carte m\u00e9moire (selon mod\u00e8le)    \ud83c\udfa8 Couleur : Multicolore    \u2696\ufe0f Poids : 3 kg    \ud83d\udccc Mod\u00e8le : SP-2510 | SKU : WO062EA14PPL7NAFAMZ    \ud83c\udde8\ud83c\uddf3 Origine : Chine    \ud83d\udd0a Puissance maximale : 60 W     R\u00e9sum\u00e9 :Compact mais performant, le SP-2510 d\u2019ALITOP est id\u00e9al pour les salons, les boutiques et les \u00e9v\u00e9nements. Son design color\u00e9 et ses multiples fonctionnalit\u00e9s en font un produit attractif pour tous types de clients. \ud83d\udce6 MOQ (quantit\u00e9 minimale de commande) : 10 pi\u00e8ces\" \/>\n<meta property=\"og:url\" content=\"https:\/\/afrosinogros.com\/zh\/product\/alitop-woofer-sp-2510-chaine-hifi-multicolore\/\" \/>\n<meta property=\"og:site_name\" content=\"AfroSino\" \/>\n<meta property=\"article:modified_time\" content=\"2025-10-02T11:21:18+00:00\" \/>\n<meta property=\"og:image\" content=\"https:\/\/afrosinogros.com\/wp-content\/uploads\/2025\/07\/SP-2510.jpg\" \/>\n\t<meta property=\"og:image:width\" content=\"739\" \/>\n\t<meta property=\"og:image:height\" content=\"616\" \/>\n\t<meta property=\"og:image:type\" content=\"image\/jpeg\" \/>\n<meta name=\"twitter:card\" content=\"summary_large_image\" \/>\n<meta name=\"twitter:label1\" content=\"\u9884\u8ba1\u9605\u8bfb\u65f6\u95f4\" \/>\n\t<meta name=\"twitter:data1\" content=\"1 \u5206\" \/>\n<script type=\"application\/ld+json\" class=\"yoast-schema-graph\">{\"@context\":\"https:\\\/\\\/schema.org\",\"@graph\":[{\"@type\":\"WebPage\",\"@id\":\"https:\\\/\\\/afrosinogros.com\\\/product\\\/alitop-woofer-sp-2510-chaine-hifi-multicolore\\\/\",\"url\":\"https:\\\/\\\/afrosinogros.com\\\/product\\\/alitop-woofer-sp-2510-chaine-hifi-multicolore\\\/\",\"name\":\"ALITOP Woofer SP-2510 \u2013 Cha\u00eene HIFI Multicolore - AfroSino\",\"isPartOf\":{\"@id\":\"https:\\\/\\\/afrosinogros.com\\\/#website\"},\"primaryImageOfPage\":{\"@id\":\"https:\\\/\\\/afrosinogros.com\\\/product\\\/alitop-woofer-sp-2510-chaine-hifi-multicolore\\\/#primaryimage\"},\"image\":{\"@id\":\"https:\\\/\\\/afrosinogros.com\\\/product\\\/alitop-woofer-sp-2510-chaine-hifi-multicolore\\\/#primaryimage\"},\"thumbnailUrl\":\"https:\\\/\\\/afrosinogros.com\\\/wp-content\\\/uploads\\\/2025\\\/07\\\/SP-2510.jpg\",\"datePublished\":\"2025-07-11T14:26:09+00:00\",\"dateModified\":\"2025-10-02T11:21:18+00:00\",\"breadcrumb\":{\"@id\":\"https:\\\/\\\/afrosinogros.com\\\/product\\\/alitop-woofer-sp-2510-chaine-hifi-multicolore\\\/#breadcrumb\"},\"inLanguage\":\"zh-Hans\",\"potentialAction\":[{\"@type\":\"ReadAction\",\"target\":[\"https:\\\/\\\/afrosinogros.com\\\/product\\\/alitop-woofer-sp-2510-chaine-hifi-multicolore\\\/\"]}]},{\"@type\":\"ImageObject\",\"inLanguage\":\"zh-Hans\",\"@id\":\"https:\\\/\\\/afrosinogros.com\\\/product\\\/alitop-woofer-sp-2510-chaine-hifi-multicolore\\\/#primaryimage\",\"url\":\"https:\\\/\\\/afrosinogros.com\\\/wp-content\\\/uploads\\\/2025\\\/07\\\/SP-2510.jpg\",\"contentUrl\":\"https:\\\/\\\/afrosinogros.com\\\/wp-content\\\/uploads\\\/2025\\\/07\\\/SP-2510.jpg\",\"width\":739,\"height\":616},{\"@type\":\"BreadcrumbList\",\"@id\":\"https:\\\/\\\/afrosinogros.com\\\/product\\\/alitop-woofer-sp-2510-chaine-hifi-multicolore\\\/#breadcrumb\",\"itemListElement\":[{\"@type\":\"ListItem\",\"position\":1,\"name\":\"Home\",\"item\":\"https:\\\/\\\/afrosinogros.com\\\/\"},{\"@type\":\"ListItem\",\"position\":2,\"name\":\"Magasin\",\"item\":\"https:\\\/\\\/afrosinogros.com\\\/magasin\\\/\"},{\"@type\":\"ListItem\",\"position\":3,\"name\":\"ALITOP Woofer SP-2510 \u2013 Cha\u00eene HIFI Multicolore\"}]},{\"@type\":\"WebSite\",\"@id\":\"https:\\\/\\\/afrosinogros.com\\\/#website\",\"url\":\"https:\\\/\\\/afrosinogros.com\\\/\",\"name\":\"AfroSino\",\"description\":\"Officiel site web\",\"publisher\":{\"@id\":\"https:\\\/\\\/afrosinogros.com\\\/#organization\"},\"potentialAction\":[{\"@type\":\"SearchAction\",\"target\":{\"@type\":\"EntryPoint\",\"urlTemplate\":\"https:\\\/\\\/afrosinogros.com\\\/?s={search_term_string}\"},\"query-input\":{\"@type\":\"PropertyValueSpecification\",\"valueRequired\":true,\"valueName\":\"search_term_string\"}}],\"inLanguage\":\"zh-Hans\"},{\"@type\":\"Organization\",\"@id\":\"https:\\\/\\\/afrosinogros.com\\\/#organization\",\"name\":\"AfroSino\",\"url\":\"https:\\\/\\\/afrosinogros.com\\\/\",\"logo\":{\"@type\":\"ImageObject\",\"inLanguage\":\"zh-Hans\",\"@id\":\"https:\\\/\\\/afrosinogros.com\\\/#\\\/schema\\\/logo\\\/image\\\/\",\"url\":\"https:\\\/\\\/afrosinogros.com\\\/wp-content\\\/uploads\\\/2025\\\/09\\\/cropped-afrosino_logo_optimized-removebg-preview.png\",\"contentUrl\":\"https:\\\/\\\/afrosinogros.com\\\/wp-content\\\/uploads\\\/2025\\\/09\\\/cropped-afrosino_logo_optimized-removebg-preview.png\",\"width\":512,\"height\":512,\"caption\":\"AfroSino\"},\"image\":{\"@id\":\"https:\\\/\\\/afrosinogros.com\\\/#\\\/schema\\\/logo\\\/image\\\/\"}}]}<\/script>\n<!-- \/ Yoast SEO plugin. -->","yoast_head_json":{"title":"ALITOP Woofer SP-2510 \u2013 Cha\u00eene HIFI Multicolore - AfroSino","robots":{"index":"index","follow":"follow","max-snippet":"max-snippet:-1","max-image-preview":"max-image-preview:large","max-video-preview":"max-video-preview:-1"},"canonical":"https:\/\/afrosinogros.com\/zh\/product\/alitop-woofer-sp-2510-chaine-hifi-multicolore\/","og_locale":"zh_CN","og_type":"article","og_title":"ALITOP Woofer SP-2510 \u2013 Cha\u00eene HIFI Multicolore - AfroSino","og_description":"Caract\u00e9ristiques principales :     \ud83d\udcf6 Bluetooth int\u00e9gr\u00e9 : connectez facilement votre t\u00e9l\u00e9phone, tablette ou PC sans fil    \ud83d\udd0a Super Basse : gr\u00e2ce \u00e0 ses 2 haut-parleurs, profitez d\u2019un son riche, m\u00eame \u00e0 faible volume    \ud83c\udfa4 Fonction karaok\u00e9 int\u00e9gr\u00e9e pour chanter vos morceaux pr\u00e9f\u00e9r\u00e9s chez vous    \ud83d\udcbd Lecture audio via USB \/ carte m\u00e9moire (selon mod\u00e8le)    \ud83c\udfa8 Couleur : Multicolore    \u2696\ufe0f Poids : 3 kg    \ud83d\udccc Mod\u00e8le : SP-2510 | SKU : WO062EA14PPL7NAFAMZ    \ud83c\udde8\ud83c\uddf3 Origine : Chine    \ud83d\udd0a Puissance maximale : 60 W     R\u00e9sum\u00e9 :Compact mais performant, le SP-2510 d\u2019ALITOP est id\u00e9al pour les salons, les boutiques et les \u00e9v\u00e9nements. Son design color\u00e9 et ses multiples fonctionnalit\u00e9s en font un produit attractif pour tous types de clients. \ud83d\udce6 MOQ (quantit\u00e9 minimale de commande) : 10 pi\u00e8ces","og_url":"https:\/\/afrosinogros.com\/zh\/product\/alitop-woofer-sp-2510-chaine-hifi-multicolore\/","og_site_name":"AfroSino","article_modified_time":"2025-10-02T11:21:18+00:00","og_image":[{"width":739,"height":616,"url":"https:\/\/afrosinogros.com\/wp-content\/uploads\/2025\/07\/SP-2510.jpg","type":"image\/jpeg"}],"twitter_card":"summary_large_image","twitter_misc":{"\u9884\u8ba1\u9605\u8bfb\u65f6\u95f4":"1 \u5206"},"schema":{"@context":"https:\/\/schema.org","@graph":[{"@type":"WebPage","@id":"https:\/\/afrosinogros.com\/product\/alitop-woofer-sp-2510-chaine-hifi-multicolore\/","url":"https:\/\/afrosinogros.com\/product\/alitop-woofer-sp-2510-chaine-hifi-multicolore\/","name":"ALITOP Woofer SP-2510 \u2013 Cha\u00eene HIFI Multicolore - AfroSino","isPartOf":{"@id":"https:\/\/afrosinogros.com\/#website"},"primaryImageOfPage":{"@id":"https:\/\/afrosinogros.com\/product\/alitop-woofer-sp-2510-chaine-hifi-multicolore\/#primaryimage"},"image":{"@id":"https:\/\/afrosinogros.com\/product\/alitop-woofer-sp-2510-chaine-hifi-multicolore\/#primaryimage"},"thumbnailUrl":"https:\/\/afrosinogros.com\/wp-content\/uploads\/2025\/07\/SP-2510.jpg","datePublished":"2025-07-11T14:26:09+00:00","dateModified":"2025-10-02T11:21:18+00:00","breadcrumb":{"@id":"https:\/\/afrosinogros.com\/product\/alitop-woofer-sp-2510-chaine-hifi-multicolore\/#breadcrumb"},"inLanguage":"zh-Hans","potentialAction":[{"@type":"ReadAction","target":["https:\/\/afrosinogros.com\/product\/alitop-woofer-sp-2510-chaine-hifi-multicolore\/"]}]},{"@type":"ImageObject","inLanguage":"zh-Hans","@id":"https:\/\/afrosinogros.com\/product\/alitop-woofer-sp-2510-chaine-hifi-multicolore\/#primaryimage","url":"https:\/\/afrosinogros.com\/wp-content\/uploads\/2025\/07\/SP-2510.jpg","contentUrl":"https:\/\/afrosinogros.com\/wp-content\/uploads\/2025\/07\/SP-2510.jpg","width":739,"height":616},{"@type":"BreadcrumbList","@id":"https:\/\/afrosinogros.com\/product\/alitop-woofer-sp-2510-chaine-hifi-multicolore\/#breadcrumb","itemListElement":[{"@type":"ListItem","position":1,"name":"Home","item":"https:\/\/afrosinogros.com\/"},{"@type":"ListItem","position":2,"name":"Magasin","item":"https:\/\/afrosinogros.com\/magasin\/"},{"@type":"ListItem","position":3,"name":"ALITOP Woofer SP-2510 \u2013 Cha\u00eene HIFI Multicolore"}]},{"@type":"WebSite","@id":"https:\/\/afrosinogros.com\/#website","url":"https:\/\/afrosinogros.com\/","name":"AfroSino","description":"Officiel site web","publisher":{"@id":"https:\/\/afrosinogros.com\/#organization"},"potentialAction":[{"@type":"SearchAction","target":{"@type":"EntryPoint","urlTemplate":"https:\/\/afrosinogros.com\/?s={search_term_string}"},"query-input":{"@type":"PropertyValueSpecification","valueRequired":true,"valueName":"search_term_string"}}],"inLanguage":"zh-Hans"},{"@type":"Organization","@id":"https:\/\/afrosinogros.com\/#organization","name":"AfroSino","url":"https:\/\/afrosinogros.com\/","logo":{"@type":"ImageObject","inLanguage":"zh-Hans","@id":"https:\/\/afrosinogros.com\/#\/schema\/logo\/image\/","url":"https:\/\/afrosinogros.com\/wp-content\/uploads\/2025\/09\/cropped-afrosino_logo_optimized-removebg-preview.png","contentUrl":"https:\/\/afrosinogros.com\/wp-content\/uploads\/2025\/09\/cropped-afrosino_logo_optimized-removebg-preview.png","width":512,"height":512,"caption":"AfroSino"},"image":{"@id":"https:\/\/afrosinogros.com\/#\/schema\/logo\/image\/"}}]}},"uagb_featured_image_src":{"full":["https:\/\/afrosinogros.com\/wp-content\/uploads\/2025\/07\/SP-2510.jpg",739,616,false],"thumbnail":["https:\/\/afrosinogros.com\/wp-content\/uploads\/2025\/07\/SP-2510-150x150.jpg",150,150,true],"medium":["https:\/\/afrosinogros.com\/wp-content\/uploads\/2025\/07\/SP-2510-300x250.jpg",300,250,true],"medium_large":["https:\/\/afrosinogros.com\/wp-content\/uploads\/2025\/07\/SP-2510.jpg",739,616,false],"large":["https:\/\/afrosinogros.com\/wp-content\/uploads\/2025\/07\/SP-2510.jpg",739,616,false],"1536x1536":["https:\/\/afrosinogros.com\/wp-content\/uploads\/2025\/07\/SP-2510.jpg",739,616,false],"2048x2048":["https:\/\/afrosinogros.com\/wp-content\/uploads\/2025\/07\/SP-2510.jpg",739,616,false],"trp-custom-language-flag":["https:\/\/afrosinogros.com\/wp-content\/uploads\/2025\/07\/SP-2510-14x12.jpg",14,12,true],"woocommerce_archive_thumbnail":["https:\/\/afrosinogros.com\/wp-content\/uploads\/2025\/07\/SP-2510-300x250.jpg",300,250,true],"woocommerce_thumbnail":["https:\/\/afrosinogros.com\/wp-content\/uploads\/2025\/07\/SP-2510-300x300.jpg",300,300,true],"woocommerce_single":["https:\/\/afrosinogros.com\/wp-content\/uploads\/2025\/07\/SP-2510-600x500.jpg",600,500,true],"woocommerce_gallery_thumbnail":["https:\/\/afrosinogros.com\/wp-content\/uploads\/2025\/07\/SP-2510-100x100.jpg",100,100,true]},"uagb_author_info":{"display_name":"admin","author_link":"https:\/\/afrosinogros.com\/zh\/author\/"},"uagb_comment_info":0,"uagb_excerpt":"Caract\u00e9ristiques principales : \ud83d\udcf6 Bluetooth int\u00e9gr\u00e9 : connectez facilement votre t\u00e9l\u00e9phone, tablette ou PC sans fil \ud83d\udd0a Super Basse : gr\u00e2ce \u00e0 ses 2 haut-parleurs, profitez d\u2019un son riche, m\u00eame \u00e0 faible volume \ud83c\udfa4 Fonction karaok\u00e9 int\u00e9gr\u00e9e pour chanter vos morceaux pr\u00e9f\u00e9r\u00e9s chez vous \ud83d\udcbd Lecture audio via USB \/ carte m\u00e9moire (selon mod\u00e8le) \ud83c\udfa8&hellip;","jetpack_sharing_enabled":true,"_links":{"self":[{"href":"https:\/\/afrosinogros.com\/zh\/wp-json\/wp\/v2\/product\/900","targetHints":{"allow":["GET"]}}],"collection":[{"href":"https:\/\/afrosinogros.com\/zh\/wp-json\/wp\/v2\/product"}],"about":[{"href":"https:\/\/afrosinogros.com\/zh\/wp-json\/wp\/v2\/types\/product"}],"replies":[{"embeddable":true,"href":"https:\/\/afrosinogros.com\/zh\/wp-json\/wp\/v2\/comments?post=900"}],"wp:featuredmedia":[{"embeddable":true,"href":"https:\/\/afrosinogros.com\/zh\/wp-json\/wp\/v2\/media\/886"}],"wp:attachment":[{"href":"https:\/\/afrosinogros.com\/zh\/wp-json\/wp\/v2\/media?parent=900"}],"wp:term":[{"taxonomy":"product_brand","embeddable":true,"href":"https:\/\/afrosinogros.com\/zh\/wp-json\/wp\/v2\/product_brand?post=900"},{"taxonomy":"product_cat","embeddable":true,"href":"https:\/\/afrosinogros.com\/zh\/wp-json\/wp\/v2\/product_cat?post=900"},{"taxonomy":"product_tag","embeddable":true,"href":"https:\/\/afrosinogros.com\/zh\/wp-json\/wp\/v2\/product_tag?post=900"}],"curies":[{"name":"wp","href":"https:\/\/api.w.org\/{rel}","templated":true}]}}