{"id":903,"date":"2025-07-11T14:37:28","date_gmt":"2025-07-11T14:37:28","guid":{"rendered":"https:\/\/afrosinogros.com\/?post_type=product&#038;p=903"},"modified":"2025-10-02T11:20:47","modified_gmt":"2025-10-02T11:20:47","slug":"alitop-woofer-sp-6551-chaine-hi-fi-bluetooth-avec-5-baffles","status":"publish","type":"product","link":"https:\/\/afrosinogros.com\/zh\/product\/alitop-woofer-sp-6551-chaine-hi-fi-bluetooth-avec-5-baffles\/","title":{"rendered":"ALITOP Woofer SP-6551 \u2013 Cha\u00eene Hi-Fi Bluetooth avec 5 Baffles"},"content":{"rendered":"<p>Offrez-vous une <strong data-start=\"305\" data-end=\"341\">exp\u00e9rience sonore exceptionnelle<\/strong> avec le <strong data-start=\"350\" data-end=\"375\">Woofer ALITOP SP-6551<\/strong>, une cha\u00eene Hi-Fi \u00e9l\u00e9gante et performante dot\u00e9e de <strong data-start=\"427\" data-end=\"450\">5 baffles puissants<\/strong>, con\u00e7ue pour transformer vos moments \u00e0 la maison ou au bureau.<\/p>","protected":false},"excerpt":{"rendered":"<p data-start=\"520\" data-end=\"556\"><strong data-start=\"520\" data-end=\"554\">Caract\u00e9ristiques principales :<\/strong><\/p>\n<ul data-start=\"557\" data-end=\"1044\">\n<li data-start=\"557\" data-end=\"631\">\n<p data-start=\"559\" data-end=\"631\">\ud83d\udd0a <strong data-start=\"562\" data-end=\"595\">Syst\u00e8me audio 5 haut-parleurs<\/strong> pour un son immersif et \u00e9quilibr\u00e9<\/p>\n<\/li>\n<li data-start=\"632\" data-end=\"724\">\n<p data-start=\"634\" data-end=\"724\">\ud83d\udcf6 <strong data-start=\"637\" data-end=\"658\">Bluetooth int\u00e9gr\u00e9<\/strong> : connectez facilement vos appareils (smartphone, tablette, PC)<\/p>\n<\/li>\n<li data-start=\"725\" data-end=\"815\">\n<p data-start=\"727\" data-end=\"815\">\ud83d\udcbd <strong data-start=\"730\" data-end=\"742\">Port USB<\/strong> et <strong data-start=\"746\" data-end=\"774\">lecteur de carte m\u00e9moire<\/strong> pour \u00e9couter votre musique personnelle<\/p>\n<\/li>\n<li data-start=\"816\" data-end=\"872\">\n<p data-start=\"818\" data-end=\"872\">\ud83d\udcfb <strong data-start=\"821\" data-end=\"833\">Radio FM<\/strong> int\u00e9gr\u00e9e pour vos stations pr\u00e9f\u00e9r\u00e9es<\/p>\n<\/li>\n<li data-start=\"873\" data-end=\"919\">\n<p data-start=\"875\" data-end=\"919\">\ud83c\udfa8 <strong data-start=\"878\" data-end=\"889\">Couleur<\/strong> : Noir classique et \u00e9l\u00e9gant<\/p>\n<\/li>\n<li data-start=\"920\" data-end=\"945\">\n<p data-start=\"922\" data-end=\"945\">\u2696\ufe0f <strong data-start=\"925\" data-end=\"943\">Poids : 4,5 kg<\/strong><\/p>\n<\/li>\n<li data-start=\"946\" data-end=\"1005\">\n<p data-start=\"948\" data-end=\"1005\">\ud83d\udccc <strong data-start=\"951\" data-end=\"961\">Mod\u00e8le<\/strong> : SP-6551 | <strong data-start=\"974\" data-end=\"981\">SKU<\/strong> : GE070EA1L8AAXNAFAMZ<\/p>\n<\/li>\n<li data-start=\"1006\" data-end=\"1044\">\n<p data-start=\"1008\" data-end=\"1044\">\ud83c\udde8\ud83c\uddf3 <strong data-start=\"1013\" data-end=\"1036\">Pays de fabrication<\/strong> : Chine<\/p>\n<\/li>\n<\/ul>\n<hr data-start=\"1046\" data-end=\"1049\" \/>\n<p data-start=\"1051\" data-end=\"1348\"><strong data-start=\"1051\" data-end=\"1063\">R\u00e9sum\u00e9 :<\/strong><br data-start=\"1063\" data-end=\"1066\" \/>Le <strong data-start=\"1069\" data-end=\"1080\">SP-6551<\/strong> est con\u00e7u pour offrir une <strong data-start=\"1107\" data-end=\"1136\">exp\u00e9rience audio compl\u00e8te<\/strong>. Ses <strong data-start=\"1142\" data-end=\"1155\">5 baffles<\/strong> d\u00e9livrent un son puissant et riche, id\u00e9al pour la musique, les films ou le karaok\u00e9. Durable, fiable et performant, ce syst\u00e8me audio s\u2019adapte aussi bien \u00e0 un usage domestique que professionnel.<\/p>\n<p data-start=\"1350\" data-end=\"1408\">\ud83d\udce6 <strong data-start=\"1353\" data-end=\"1392\">MOQ (quantit\u00e9 minimale de commande)<\/strong> : <strong data-start=\"1395\" data-end=\"1408\">10 pi\u00e8ces<\/strong><\/p>","protected":false},"featured_media":890,"comment_status":"open","ping_status":"closed","template":"","meta":{"_uag_custom_page_level_css":""},"product_brand":[97],"product_cat":[37],"product_tag":[],"class_list":{"0":"post-903","1":"product","2":"type-product","3":"status-publish","4":"has-post-thumbnail","6":"product_brand-alitop","7":"product_cat-son","9":"first","10":"instock","11":"sale","12":"taxable","13":"shipping-taxable","14":"purchasable","15":"product-type-simple"},"yoast_head":"<!-- This site is optimized with the Yoast SEO plugin v27.3 - https:\/\/yoast.com\/product\/yoast-seo-wordpress\/ -->\n<title>ALITOP Woofer SP-6551 \u2013 Cha\u00eene Hi-Fi Bluetooth avec 5 Baffles - AfroSino<\/title>\n<meta name=\"robots\" content=\"index, follow, max-snippet:-1, max-image-preview:large, max-video-preview:-1\" \/>\n<link rel=\"canonical\" href=\"https:\/\/afrosinogros.com\/zh\/product\/alitop-woofer-sp-6551-chaine-hi-fi-bluetooth-avec-5-baffles\/\" \/>\n<meta property=\"og:locale\" content=\"zh_CN\" \/>\n<meta property=\"og:type\" content=\"article\" \/>\n<meta property=\"og:title\" content=\"ALITOP Woofer SP-6551 \u2013 Cha\u00eene Hi-Fi Bluetooth avec 5 Baffles - AfroSino\" \/>\n<meta property=\"og:description\" content=\"Caract\u00e9ristiques principales :     \ud83d\udd0a Syst\u00e8me audio 5 haut-parleurs pour un son immersif et \u00e9quilibr\u00e9    \ud83d\udcf6 Bluetooth int\u00e9gr\u00e9 : connectez facilement vos appareils (smartphone, tablette, PC)    \ud83d\udcbd Port USB et lecteur de carte m\u00e9moire pour \u00e9couter votre musique personnelle    \ud83d\udcfb Radio FM int\u00e9gr\u00e9e pour vos stations pr\u00e9f\u00e9r\u00e9es    \ud83c\udfa8 Couleur : Noir classique et \u00e9l\u00e9gant    \u2696\ufe0f Poids : 4,5 kg    \ud83d\udccc Mod\u00e8le : SP-6551 | SKU : GE070EA1L8AAXNAFAMZ    \ud83c\udde8\ud83c\uddf3 Pays de fabrication : Chine     R\u00e9sum\u00e9 :Le SP-6551 est con\u00e7u pour offrir une exp\u00e9rience audio compl\u00e8te. Ses 5 baffles d\u00e9livrent un son puissant et riche, id\u00e9al pour la musique, les films ou le karaok\u00e9. Durable, fiable et performant, ce syst\u00e8me audio s\u2019adapte aussi bien \u00e0 un usage domestique que professionnel. \ud83d\udce6 MOQ (quantit\u00e9 minimale de commande) : 10 pi\u00e8ces\" \/>\n<meta property=\"og:url\" content=\"https:\/\/afrosinogros.com\/zh\/product\/alitop-woofer-sp-6551-chaine-hi-fi-bluetooth-avec-5-baffles\/\" \/>\n<meta property=\"og:site_name\" content=\"AfroSino\" \/>\n<meta property=\"article:modified_time\" content=\"2025-10-02T11:20:47+00:00\" \/>\n<meta property=\"og:image\" content=\"https:\/\/afrosinogros.com\/wp-content\/uploads\/2025\/07\/SP-6551.jpg\" \/>\n\t<meta property=\"og:image:width\" content=\"800\" \/>\n\t<meta property=\"og:image:height\" content=\"587\" \/>\n\t<meta property=\"og:image:type\" content=\"image\/jpeg\" \/>\n<meta name=\"twitter:card\" content=\"summary_large_image\" \/>\n<meta name=\"twitter:label1\" content=\"\u9884\u8ba1\u9605\u8bfb\u65f6\u95f4\" \/>\n\t<meta name=\"twitter:data1\" content=\"1 \u5206\" \/>\n<script type=\"application\/ld+json\" class=\"yoast-schema-graph\">{\"@context\":\"https:\\\/\\\/schema.org\",\"@graph\":[{\"@type\":\"WebPage\",\"@id\":\"https:\\\/\\\/afrosinogros.com\\\/product\\\/alitop-woofer-sp-6551-chaine-hi-fi-bluetooth-avec-5-baffles\\\/\",\"url\":\"https:\\\/\\\/afrosinogros.com\\\/product\\\/alitop-woofer-sp-6551-chaine-hi-fi-bluetooth-avec-5-baffles\\\/\",\"name\":\"ALITOP Woofer SP-6551 \u2013 Cha\u00eene Hi-Fi Bluetooth avec 5 Baffles - AfroSino\",\"isPartOf\":{\"@id\":\"https:\\\/\\\/afrosinogros.com\\\/#website\"},\"primaryImageOfPage\":{\"@id\":\"https:\\\/\\\/afrosinogros.com\\\/product\\\/alitop-woofer-sp-6551-chaine-hi-fi-bluetooth-avec-5-baffles\\\/#primaryimage\"},\"image\":{\"@id\":\"https:\\\/\\\/afrosinogros.com\\\/product\\\/alitop-woofer-sp-6551-chaine-hi-fi-bluetooth-avec-5-baffles\\\/#primaryimage\"},\"thumbnailUrl\":\"https:\\\/\\\/afrosinogros.com\\\/wp-content\\\/uploads\\\/2025\\\/07\\\/SP-6551.jpg\",\"datePublished\":\"2025-07-11T14:37:28+00:00\",\"dateModified\":\"2025-10-02T11:20:47+00:00\",\"breadcrumb\":{\"@id\":\"https:\\\/\\\/afrosinogros.com\\\/product\\\/alitop-woofer-sp-6551-chaine-hi-fi-bluetooth-avec-5-baffles\\\/#breadcrumb\"},\"inLanguage\":\"zh-Hans\",\"potentialAction\":[{\"@type\":\"ReadAction\",\"target\":[\"https:\\\/\\\/afrosinogros.com\\\/product\\\/alitop-woofer-sp-6551-chaine-hi-fi-bluetooth-avec-5-baffles\\\/\"]}]},{\"@type\":\"ImageObject\",\"inLanguage\":\"zh-Hans\",\"@id\":\"https:\\\/\\\/afrosinogros.com\\\/product\\\/alitop-woofer-sp-6551-chaine-hi-fi-bluetooth-avec-5-baffles\\\/#primaryimage\",\"url\":\"https:\\\/\\\/afrosinogros.com\\\/wp-content\\\/uploads\\\/2025\\\/07\\\/SP-6551.jpg\",\"contentUrl\":\"https:\\\/\\\/afrosinogros.com\\\/wp-content\\\/uploads\\\/2025\\\/07\\\/SP-6551.jpg\",\"width\":800,\"height\":587},{\"@type\":\"BreadcrumbList\",\"@id\":\"https:\\\/\\\/afrosinogros.com\\\/product\\\/alitop-woofer-sp-6551-chaine-hi-fi-bluetooth-avec-5-baffles\\\/#breadcrumb\",\"itemListElement\":[{\"@type\":\"ListItem\",\"position\":1,\"name\":\"Home\",\"item\":\"https:\\\/\\\/afrosinogros.com\\\/\"},{\"@type\":\"ListItem\",\"position\":2,\"name\":\"Magasin\",\"item\":\"https:\\\/\\\/afrosinogros.com\\\/magasin\\\/\"},{\"@type\":\"ListItem\",\"position\":3,\"name\":\"ALITOP Woofer SP-6551 \u2013 Cha\u00eene Hi-Fi Bluetooth avec 5 Baffles\"}]},{\"@type\":\"WebSite\",\"@id\":\"https:\\\/\\\/afrosinogros.com\\\/#website\",\"url\":\"https:\\\/\\\/afrosinogros.com\\\/\",\"name\":\"AfroSino\",\"description\":\"Officiel site web\",\"publisher\":{\"@id\":\"https:\\\/\\\/afrosinogros.com\\\/#organization\"},\"potentialAction\":[{\"@type\":\"SearchAction\",\"target\":{\"@type\":\"EntryPoint\",\"urlTemplate\":\"https:\\\/\\\/afrosinogros.com\\\/?s={search_term_string}\"},\"query-input\":{\"@type\":\"PropertyValueSpecification\",\"valueRequired\":true,\"valueName\":\"search_term_string\"}}],\"inLanguage\":\"zh-Hans\"},{\"@type\":\"Organization\",\"@id\":\"https:\\\/\\\/afrosinogros.com\\\/#organization\",\"name\":\"AfroSino\",\"url\":\"https:\\\/\\\/afrosinogros.com\\\/\",\"logo\":{\"@type\":\"ImageObject\",\"inLanguage\":\"zh-Hans\",\"@id\":\"https:\\\/\\\/afrosinogros.com\\\/#\\\/schema\\\/logo\\\/image\\\/\",\"url\":\"https:\\\/\\\/afrosinogros.com\\\/wp-content\\\/uploads\\\/2025\\\/09\\\/cropped-afrosino_logo_optimized-removebg-preview.png\",\"contentUrl\":\"https:\\\/\\\/afrosinogros.com\\\/wp-content\\\/uploads\\\/2025\\\/09\\\/cropped-afrosino_logo_optimized-removebg-preview.png\",\"width\":512,\"height\":512,\"caption\":\"AfroSino\"},\"image\":{\"@id\":\"https:\\\/\\\/afrosinogros.com\\\/#\\\/schema\\\/logo\\\/image\\\/\"}}]}<\/script>\n<!-- \/ Yoast SEO plugin. -->","yoast_head_json":{"title":"ALITOP Woofer SP-6551 \u2013 Cha\u00eene Hi-Fi Bluetooth avec 5 Baffles - AfroSino","robots":{"index":"index","follow":"follow","max-snippet":"max-snippet:-1","max-image-preview":"max-image-preview:large","max-video-preview":"max-video-preview:-1"},"canonical":"https:\/\/afrosinogros.com\/zh\/product\/alitop-woofer-sp-6551-chaine-hi-fi-bluetooth-avec-5-baffles\/","og_locale":"zh_CN","og_type":"article","og_title":"ALITOP Woofer SP-6551 \u2013 Cha\u00eene Hi-Fi Bluetooth avec 5 Baffles - AfroSino","og_description":"Caract\u00e9ristiques principales :     \ud83d\udd0a Syst\u00e8me audio 5 haut-parleurs pour un son immersif et \u00e9quilibr\u00e9    \ud83d\udcf6 Bluetooth int\u00e9gr\u00e9 : connectez facilement vos appareils (smartphone, tablette, PC)    \ud83d\udcbd Port USB et lecteur de carte m\u00e9moire pour \u00e9couter votre musique personnelle    \ud83d\udcfb Radio FM int\u00e9gr\u00e9e pour vos stations pr\u00e9f\u00e9r\u00e9es    \ud83c\udfa8 Couleur : Noir classique et \u00e9l\u00e9gant    \u2696\ufe0f Poids : 4,5 kg    \ud83d\udccc Mod\u00e8le : SP-6551 | SKU : GE070EA1L8AAXNAFAMZ    \ud83c\udde8\ud83c\uddf3 Pays de fabrication : Chine     R\u00e9sum\u00e9 :Le SP-6551 est con\u00e7u pour offrir une exp\u00e9rience audio compl\u00e8te. Ses 5 baffles d\u00e9livrent un son puissant et riche, id\u00e9al pour la musique, les films ou le karaok\u00e9. Durable, fiable et performant, ce syst\u00e8me audio s\u2019adapte aussi bien \u00e0 un usage domestique que professionnel. \ud83d\udce6 MOQ (quantit\u00e9 minimale de commande) : 10 pi\u00e8ces","og_url":"https:\/\/afrosinogros.com\/zh\/product\/alitop-woofer-sp-6551-chaine-hi-fi-bluetooth-avec-5-baffles\/","og_site_name":"AfroSino","article_modified_time":"2025-10-02T11:20:47+00:00","og_image":[{"width":800,"height":587,"url":"https:\/\/afrosinogros.com\/wp-content\/uploads\/2025\/07\/SP-6551.jpg","type":"image\/jpeg"}],"twitter_card":"summary_large_image","twitter_misc":{"\u9884\u8ba1\u9605\u8bfb\u65f6\u95f4":"1 \u5206"},"schema":{"@context":"https:\/\/schema.org","@graph":[{"@type":"WebPage","@id":"https:\/\/afrosinogros.com\/product\/alitop-woofer-sp-6551-chaine-hi-fi-bluetooth-avec-5-baffles\/","url":"https:\/\/afrosinogros.com\/product\/alitop-woofer-sp-6551-chaine-hi-fi-bluetooth-avec-5-baffles\/","name":"ALITOP Woofer SP-6551 \u2013 Cha\u00eene Hi-Fi Bluetooth avec 5 Baffles - AfroSino","isPartOf":{"@id":"https:\/\/afrosinogros.com\/#website"},"primaryImageOfPage":{"@id":"https:\/\/afrosinogros.com\/product\/alitop-woofer-sp-6551-chaine-hi-fi-bluetooth-avec-5-baffles\/#primaryimage"},"image":{"@id":"https:\/\/afrosinogros.com\/product\/alitop-woofer-sp-6551-chaine-hi-fi-bluetooth-avec-5-baffles\/#primaryimage"},"thumbnailUrl":"https:\/\/afrosinogros.com\/wp-content\/uploads\/2025\/07\/SP-6551.jpg","datePublished":"2025-07-11T14:37:28+00:00","dateModified":"2025-10-02T11:20:47+00:00","breadcrumb":{"@id":"https:\/\/afrosinogros.com\/product\/alitop-woofer-sp-6551-chaine-hi-fi-bluetooth-avec-5-baffles\/#breadcrumb"},"inLanguage":"zh-Hans","potentialAction":[{"@type":"ReadAction","target":["https:\/\/afrosinogros.com\/product\/alitop-woofer-sp-6551-chaine-hi-fi-bluetooth-avec-5-baffles\/"]}]},{"@type":"ImageObject","inLanguage":"zh-Hans","@id":"https:\/\/afrosinogros.com\/product\/alitop-woofer-sp-6551-chaine-hi-fi-bluetooth-avec-5-baffles\/#primaryimage","url":"https:\/\/afrosinogros.com\/wp-content\/uploads\/2025\/07\/SP-6551.jpg","contentUrl":"https:\/\/afrosinogros.com\/wp-content\/uploads\/2025\/07\/SP-6551.jpg","width":800,"height":587},{"@type":"BreadcrumbList","@id":"https:\/\/afrosinogros.com\/product\/alitop-woofer-sp-6551-chaine-hi-fi-bluetooth-avec-5-baffles\/#breadcrumb","itemListElement":[{"@type":"ListItem","position":1,"name":"Home","item":"https:\/\/afrosinogros.com\/"},{"@type":"ListItem","position":2,"name":"Magasin","item":"https:\/\/afrosinogros.com\/magasin\/"},{"@type":"ListItem","position":3,"name":"ALITOP Woofer SP-6551 \u2013 Cha\u00eene Hi-Fi Bluetooth avec 5 Baffles"}]},{"@type":"WebSite","@id":"https:\/\/afrosinogros.com\/#website","url":"https:\/\/afrosinogros.com\/","name":"AfroSino","description":"Officiel site web","publisher":{"@id":"https:\/\/afrosinogros.com\/#organization"},"potentialAction":[{"@type":"SearchAction","target":{"@type":"EntryPoint","urlTemplate":"https:\/\/afrosinogros.com\/?s={search_term_string}"},"query-input":{"@type":"PropertyValueSpecification","valueRequired":true,"valueName":"search_term_string"}}],"inLanguage":"zh-Hans"},{"@type":"Organization","@id":"https:\/\/afrosinogros.com\/#organization","name":"AfroSino","url":"https:\/\/afrosinogros.com\/","logo":{"@type":"ImageObject","inLanguage":"zh-Hans","@id":"https:\/\/afrosinogros.com\/#\/schema\/logo\/image\/","url":"https:\/\/afrosinogros.com\/wp-content\/uploads\/2025\/09\/cropped-afrosino_logo_optimized-removebg-preview.png","contentUrl":"https:\/\/afrosinogros.com\/wp-content\/uploads\/2025\/09\/cropped-afrosino_logo_optimized-removebg-preview.png","width":512,"height":512,"caption":"AfroSino"},"image":{"@id":"https:\/\/afrosinogros.com\/#\/schema\/logo\/image\/"}}]}},"uagb_featured_image_src":{"full":["https:\/\/afrosinogros.com\/wp-content\/uploads\/2025\/07\/SP-6551.jpg",800,587,false],"thumbnail":["https:\/\/afrosinogros.com\/wp-content\/uploads\/2025\/07\/SP-6551-150x150.jpg",150,150,true],"medium":["https:\/\/afrosinogros.com\/wp-content\/uploads\/2025\/07\/SP-6551-300x220.jpg",300,220,true],"medium_large":["https:\/\/afrosinogros.com\/wp-content\/uploads\/2025\/07\/SP-6551-768x564.jpg",768,564,true],"large":["https:\/\/afrosinogros.com\/wp-content\/uploads\/2025\/07\/SP-6551.jpg",800,587,false],"1536x1536":["https:\/\/afrosinogros.com\/wp-content\/uploads\/2025\/07\/SP-6551.jpg",800,587,false],"2048x2048":["https:\/\/afrosinogros.com\/wp-content\/uploads\/2025\/07\/SP-6551.jpg",800,587,false],"trp-custom-language-flag":["https:\/\/afrosinogros.com\/wp-content\/uploads\/2025\/07\/SP-6551-16x12.jpg",16,12,true],"woocommerce_archive_thumbnail":["https:\/\/afrosinogros.com\/wp-content\/uploads\/2025\/07\/SP-6551-300x220.jpg",300,220,true],"woocommerce_thumbnail":["https:\/\/afrosinogros.com\/wp-content\/uploads\/2025\/07\/SP-6551-300x300.jpg",300,300,true],"woocommerce_single":["https:\/\/afrosinogros.com\/wp-content\/uploads\/2025\/07\/SP-6551-600x440.jpg",600,440,true],"woocommerce_gallery_thumbnail":["https:\/\/afrosinogros.com\/wp-content\/uploads\/2025\/07\/SP-6551-100x100.jpg",100,100,true]},"uagb_author_info":{"display_name":"admin","author_link":"https:\/\/afrosinogros.com\/zh\/author\/"},"uagb_comment_info":0,"uagb_excerpt":"Caract\u00e9ristiques principales : \ud83d\udd0a Syst\u00e8me audio 5 haut-parleurs pour un son immersif et \u00e9quilibr\u00e9 \ud83d\udcf6 Bluetooth int\u00e9gr\u00e9 : connectez facilement vos appareils (smartphone, tablette, PC) \ud83d\udcbd Port USB et lecteur de carte m\u00e9moire pour \u00e9couter votre musique personnelle \ud83d\udcfb Radio FM int\u00e9gr\u00e9e pour vos stations pr\u00e9f\u00e9r\u00e9es \ud83c\udfa8 Couleur : Noir classique et \u00e9l\u00e9gant \u2696\ufe0f Poids&hellip;","jetpack_sharing_enabled":true,"_links":{"self":[{"href":"https:\/\/afrosinogros.com\/zh\/wp-json\/wp\/v2\/product\/903","targetHints":{"allow":["GET"]}}],"collection":[{"href":"https:\/\/afrosinogros.com\/zh\/wp-json\/wp\/v2\/product"}],"about":[{"href":"https:\/\/afrosinogros.com\/zh\/wp-json\/wp\/v2\/types\/product"}],"replies":[{"embeddable":true,"href":"https:\/\/afrosinogros.com\/zh\/wp-json\/wp\/v2\/comments?post=903"}],"wp:featuredmedia":[{"embeddable":true,"href":"https:\/\/afrosinogros.com\/zh\/wp-json\/wp\/v2\/media\/890"}],"wp:attachment":[{"href":"https:\/\/afrosinogros.com\/zh\/wp-json\/wp\/v2\/media?parent=903"}],"wp:term":[{"taxonomy":"product_brand","embeddable":true,"href":"https:\/\/afrosinogros.com\/zh\/wp-json\/wp\/v2\/product_brand?post=903"},{"taxonomy":"product_cat","embeddable":true,"href":"https:\/\/afrosinogros.com\/zh\/wp-json\/wp\/v2\/product_cat?post=903"},{"taxonomy":"product_tag","embeddable":true,"href":"https:\/\/afrosinogros.com\/zh\/wp-json\/wp\/v2\/product_tag?post=903"}],"curies":[{"name":"wp","href":"https:\/\/api.w.org\/{rel}","templated":true}]}}