{"id":905,"date":"2025-07-11T14:58:10","date_gmt":"2025-07-11T14:58:10","guid":{"rendered":"https:\/\/afrosinogros.com\/?post_type=product&#038;p=905"},"modified":"2025-09-22T16:22:33","modified_gmt":"2025-09-22T16:22:33","slug":"alitop-tv-26-led-hd-hdmi-usb-tnt-integre","status":"publish","type":"product","link":"https:\/\/afrosinogros.com\/zh\/product\/alitop-tv-26-led-hd-hdmi-usb-tnt-integre\/","title":{"rendered":"ALITOP TV 26&Prime; \u2013 LED HD \u2013 HDMI \/ USB \u2013 TNT Int\u00e9gr\u00e9"},"content":{"rendered":"<p>Compact, \u00e9l\u00e9gant et performant, le <strong data-start=\"305\" data-end=\"340\">t\u00e9l\u00e9viseur LED Alitop 26 pouces<\/strong> est la solution id\u00e9ale pour les chambres, bureaux, cuisines ou petits espaces. Il allie une <strong data-start=\"433\" data-end=\"455\">qualit\u00e9 d\u2019image HD<\/strong>, une <strong data-start=\"461\" data-end=\"485\">connectivit\u00e9 moderne<\/strong> et un design soign\u00e9 pour un usage quotidien confortable.<\/p>","protected":false},"excerpt":{"rendered":"<p data-start=\"549\" data-end=\"585\"><strong data-start=\"549\" data-end=\"583\">Caract\u00e9ristiques principales :<\/strong><\/p>\n<ul data-start=\"586\" data-end=\"1226\">\n<li data-start=\"586\" data-end=\"659\">\n<p data-start=\"588\" data-end=\"659\">\u2705 <strong data-start=\"590\" data-end=\"616\">\u00c9cran LED 26&Prime; (\u224866 cm)<\/strong> : affichage lumineux avec couleurs vives<\/p>\n<\/li>\n<li data-start=\"660\" data-end=\"730\">\n<p data-start=\"662\" data-end=\"730\">\u2705 <strong data-start=\"664\" data-end=\"694\">R\u00e9solution HD (1366 x 768)<\/strong> : image nette et agr\u00e9able \u00e0 l\u2019\u0153il<\/p>\n<\/li>\n<li data-start=\"731\" data-end=\"813\">\n<p data-start=\"733\" data-end=\"813\">\u2705 <strong data-start=\"735\" data-end=\"756\">Tuner TNT int\u00e9gr\u00e9<\/strong> : recevez vos cha\u00eenes num\u00e9riques sans d\u00e9codeur externe<\/p>\n<\/li>\n<li data-start=\"814\" data-end=\"960\">\n<p data-start=\"816\" data-end=\"846\">\u2705 <strong data-start=\"818\" data-end=\"844\">Connectiques pratiques<\/strong> :<\/p>\n<ul data-start=\"849\" data-end=\"960\">\n<li data-start=\"849\" data-end=\"900\">\n<p data-start=\"851\" data-end=\"900\">2 x <strong data-start=\"855\" data-end=\"863\">HDMI<\/strong> : pour consoles, d\u00e9codeurs, lecteurs<\/p>\n<\/li>\n<li data-start=\"903\" data-end=\"960\">\n<p data-start=\"905\" data-end=\"960\">1 ou 2 x <strong data-start=\"914\" data-end=\"921\">USB<\/strong> : lecture directe depuis une cl\u00e9 USB<\/p>\n<\/li>\n<\/ul>\n<\/li>\n<li data-start=\"961\" data-end=\"1024\">\n<p data-start=\"963\" data-end=\"1024\">\u2705 <strong data-start=\"965\" data-end=\"989\">Design fin &amp; moderne<\/strong> : s\u2019adapte \u00e0 tous les int\u00e9rieurs<\/p>\n<\/li>\n<li data-start=\"1025\" data-end=\"1097\">\n<p data-start=\"1027\" data-end=\"1097\">\u2705 <strong data-start=\"1029\" data-end=\"1064\">Faible consommation \u00e9nerg\u00e9tique<\/strong> : id\u00e9al pour un usage prolong\u00e9<\/p>\n<\/li>\n<li data-start=\"1098\" data-end=\"1166\">\n<p data-start=\"1100\" data-end=\"1166\">\ud83d\udd04 <strong data-start=\"1103\" data-end=\"1131\">Taux de rafra\u00eechissement<\/strong> : 60 Hz ou 120 Hz (selon mod\u00e8le)<\/p>\n<\/li>\n<li data-start=\"1167\" data-end=\"1226\">\n<p data-start=\"1169\" data-end=\"1226\">\ud83d\udce6 <strong data-start=\"1172\" data-end=\"1194\">Poids &amp; dimensions<\/strong> : l\u00e9gers et faciles \u00e0 installer<\/p>\n<\/li>\n<\/ul>\n<hr data-start=\"1228\" data-end=\"1231\" \/>\n<p data-start=\"1233\" data-end=\"1517\"><strong data-start=\"1233\" data-end=\"1245\">R\u00e9sum\u00e9 :<\/strong><br data-start=\"1245\" data-end=\"1248\" \/>Le t\u00e9l\u00e9viseur <strong data-start=\"1262\" data-end=\"1276\">ALITOP 26\u201d<\/strong> est parfait pour les utilisateurs \u00e0 la recherche d\u2019un <strong data-start=\"1331\" data-end=\"1379\">\u00e9quipement abordable, fonctionnel et compact<\/strong>. Gr\u00e2ce \u00e0 son tuner int\u00e9gr\u00e9, vous recevez vos cha\u00eenes TNT directement, et ses ports HDMI\/USB facilitent la connexion \u00e0 tous vos appareils.<\/p>\n<p data-start=\"1519\" data-end=\"1676\">\ud83d\udccc <strong data-start=\"1522\" data-end=\"1541\">Type de produit<\/strong> : T\u00e9l\u00e9viseur LED<br data-start=\"1558\" data-end=\"1561\" \/>\ud83d\udccc <strong data-start=\"1564\" data-end=\"1574\">Mod\u00e8le<\/strong> : TV 26\u201d ALITOP<br data-start=\"1590\" data-end=\"1593\" \/>\ud83d\udccc <strong data-start=\"1596\" data-end=\"1607\">Origine<\/strong> : Chine<br data-start=\"1615\" data-end=\"1618\" \/>\ud83d\udce6 <strong data-start=\"1621\" data-end=\"1660\">MOQ (quantit\u00e9 minimale de commande)<\/strong> : <strong data-start=\"1663\" data-end=\"1676\">10 pi\u00e8ces<\/strong><\/p>","protected":false},"featured_media":893,"comment_status":"open","ping_status":"closed","template":"","meta":{"_uag_custom_page_level_css":""},"product_brand":[97],"product_cat":[98],"product_tag":[],"class_list":{"0":"post-905","1":"product","2":"type-product","3":"status-publish","4":"has-post-thumbnail","6":"product_brand-alitop","7":"product_cat-tv","9":"first","10":"instock","11":"taxable","12":"shipping-taxable","13":"purchasable","14":"product-type-simple"},"yoast_head":"<!-- This site is optimized with the Yoast SEO plugin v27.3 - https:\/\/yoast.com\/product\/yoast-seo-wordpress\/ -->\n<title>ALITOP TV 26&quot; \u2013 LED HD \u2013 HDMI \/ USB \u2013 TNT Int\u00e9gr\u00e9 - AfroSino<\/title>\n<meta name=\"robots\" content=\"index, follow, max-snippet:-1, max-image-preview:large, max-video-preview:-1\" \/>\n<link rel=\"canonical\" href=\"https:\/\/afrosinogros.com\/zh\/product\/alitop-tv-26-led-hd-hdmi-usb-tnt-integre\/\" \/>\n<meta property=\"og:locale\" content=\"zh_CN\" \/>\n<meta property=\"og:type\" content=\"article\" \/>\n<meta property=\"og:title\" content=\"ALITOP TV 26&quot; \u2013 LED HD \u2013 HDMI \/ USB \u2013 TNT Int\u00e9gr\u00e9 - AfroSino\" \/>\n<meta property=\"og:description\" content=\"Caract\u00e9ristiques principales :     \u2705 \u00c9cran LED 26&quot; (\u224866 cm) : affichage lumineux avec couleurs vives    \u2705 R\u00e9solution HD (1366 x 768) : image nette et agr\u00e9able \u00e0 l\u2019\u0153il    \u2705 Tuner TNT int\u00e9gr\u00e9 : recevez vos cha\u00eenes num\u00e9riques sans d\u00e9codeur externe    \u2705 Connectiques pratiques :     2 x HDMI : pour consoles, d\u00e9codeurs, lecteurs    1 ou 2 x USB : lecture directe depuis une cl\u00e9 USB      \u2705 Design fin &amp; moderne : s\u2019adapte \u00e0 tous les int\u00e9rieurs    \u2705 Faible consommation \u00e9nerg\u00e9tique : id\u00e9al pour un usage prolong\u00e9    \ud83d\udd04 Taux de rafra\u00eechissement : 60 Hz ou 120 Hz (selon mod\u00e8le)    \ud83d\udce6 Poids &amp; dimensions : l\u00e9gers et faciles \u00e0 installer     R\u00e9sum\u00e9 :Le t\u00e9l\u00e9viseur ALITOP 26\u201d est parfait pour les utilisateurs \u00e0 la recherche d\u2019un \u00e9quipement abordable, fonctionnel et compact. Gr\u00e2ce \u00e0 son tuner int\u00e9gr\u00e9, vous recevez vos cha\u00eenes TNT directement, et ses ports HDMI\/USB facilitent la connexion \u00e0 tous vos appareils. \ud83d\udccc Type de produit : T\u00e9l\u00e9viseur LED\ud83d\udccc Mod\u00e8le : TV 26\u201d ALITOP\ud83d\udccc Origine : Chine\ud83d\udce6 MOQ (quantit\u00e9 minimale de commande) : 10 pi\u00e8ces\" \/>\n<meta property=\"og:url\" content=\"https:\/\/afrosinogros.com\/zh\/product\/alitop-tv-26-led-hd-hdmi-usb-tnt-integre\/\" \/>\n<meta property=\"og:site_name\" content=\"AfroSino\" \/>\n<meta property=\"article:modified_time\" content=\"2025-09-22T16:22:33+00:00\" \/>\n<meta property=\"og:image\" content=\"https:\/\/afrosinogros.com\/wp-content\/uploads\/2025\/07\/T3.jpg\" \/>\n\t<meta property=\"og:image:width\" content=\"800\" \/>\n\t<meta property=\"og:image:height\" content=\"800\" \/>\n\t<meta property=\"og:image:type\" content=\"image\/jpeg\" \/>\n<meta name=\"twitter:card\" content=\"summary_large_image\" \/>\n<meta name=\"twitter:label1\" content=\"\u9884\u8ba1\u9605\u8bfb\u65f6\u95f4\" \/>\n\t<meta name=\"twitter:data1\" content=\"1 \u5206\" \/>\n<script type=\"application\/ld+json\" class=\"yoast-schema-graph\">{\"@context\":\"https:\\\/\\\/schema.org\",\"@graph\":[{\"@type\":\"WebPage\",\"@id\":\"https:\\\/\\\/afrosinogros.com\\\/product\\\/alitop-tv-26-led-hd-hdmi-usb-tnt-integre\\\/\",\"url\":\"https:\\\/\\\/afrosinogros.com\\\/product\\\/alitop-tv-26-led-hd-hdmi-usb-tnt-integre\\\/\",\"name\":\"ALITOP TV 26\\\" \u2013 LED HD \u2013 HDMI \\\/ USB \u2013 TNT Int\u00e9gr\u00e9 - AfroSino\",\"isPartOf\":{\"@id\":\"https:\\\/\\\/afrosinogros.com\\\/#website\"},\"primaryImageOfPage\":{\"@id\":\"https:\\\/\\\/afrosinogros.com\\\/product\\\/alitop-tv-26-led-hd-hdmi-usb-tnt-integre\\\/#primaryimage\"},\"image\":{\"@id\":\"https:\\\/\\\/afrosinogros.com\\\/product\\\/alitop-tv-26-led-hd-hdmi-usb-tnt-integre\\\/#primaryimage\"},\"thumbnailUrl\":\"https:\\\/\\\/afrosinogros.com\\\/wp-content\\\/uploads\\\/2025\\\/07\\\/T3.jpg\",\"datePublished\":\"2025-07-11T14:58:10+00:00\",\"dateModified\":\"2025-09-22T16:22:33+00:00\",\"breadcrumb\":{\"@id\":\"https:\\\/\\\/afrosinogros.com\\\/product\\\/alitop-tv-26-led-hd-hdmi-usb-tnt-integre\\\/#breadcrumb\"},\"inLanguage\":\"zh-Hans\",\"potentialAction\":[{\"@type\":\"ReadAction\",\"target\":[\"https:\\\/\\\/afrosinogros.com\\\/product\\\/alitop-tv-26-led-hd-hdmi-usb-tnt-integre\\\/\"]}]},{\"@type\":\"ImageObject\",\"inLanguage\":\"zh-Hans\",\"@id\":\"https:\\\/\\\/afrosinogros.com\\\/product\\\/alitop-tv-26-led-hd-hdmi-usb-tnt-integre\\\/#primaryimage\",\"url\":\"https:\\\/\\\/afrosinogros.com\\\/wp-content\\\/uploads\\\/2025\\\/07\\\/T3.jpg\",\"contentUrl\":\"https:\\\/\\\/afrosinogros.com\\\/wp-content\\\/uploads\\\/2025\\\/07\\\/T3.jpg\",\"width\":800,\"height\":800},{\"@type\":\"BreadcrumbList\",\"@id\":\"https:\\\/\\\/afrosinogros.com\\\/product\\\/alitop-tv-26-led-hd-hdmi-usb-tnt-integre\\\/#breadcrumb\",\"itemListElement\":[{\"@type\":\"ListItem\",\"position\":1,\"name\":\"Home\",\"item\":\"https:\\\/\\\/afrosinogros.com\\\/\"},{\"@type\":\"ListItem\",\"position\":2,\"name\":\"Magasin\",\"item\":\"https:\\\/\\\/afrosinogros.com\\\/magasin\\\/\"},{\"@type\":\"ListItem\",\"position\":3,\"name\":\"ALITOP TV 26&Prime; \u2013 LED HD \u2013 HDMI \\\/ USB \u2013 TNT Int\u00e9gr\u00e9\"}]},{\"@type\":\"WebSite\",\"@id\":\"https:\\\/\\\/afrosinogros.com\\\/#website\",\"url\":\"https:\\\/\\\/afrosinogros.com\\\/\",\"name\":\"AfroSino\",\"description\":\"Officiel site web\",\"publisher\":{\"@id\":\"https:\\\/\\\/afrosinogros.com\\\/#organization\"},\"potentialAction\":[{\"@type\":\"SearchAction\",\"target\":{\"@type\":\"EntryPoint\",\"urlTemplate\":\"https:\\\/\\\/afrosinogros.com\\\/?s={search_term_string}\"},\"query-input\":{\"@type\":\"PropertyValueSpecification\",\"valueRequired\":true,\"valueName\":\"search_term_string\"}}],\"inLanguage\":\"zh-Hans\"},{\"@type\":\"Organization\",\"@id\":\"https:\\\/\\\/afrosinogros.com\\\/#organization\",\"name\":\"AfroSino\",\"url\":\"https:\\\/\\\/afrosinogros.com\\\/\",\"logo\":{\"@type\":\"ImageObject\",\"inLanguage\":\"zh-Hans\",\"@id\":\"https:\\\/\\\/afrosinogros.com\\\/#\\\/schema\\\/logo\\\/image\\\/\",\"url\":\"https:\\\/\\\/afrosinogros.com\\\/wp-content\\\/uploads\\\/2025\\\/09\\\/cropped-afrosino_logo_optimized-removebg-preview.png\",\"contentUrl\":\"https:\\\/\\\/afrosinogros.com\\\/wp-content\\\/uploads\\\/2025\\\/09\\\/cropped-afrosino_logo_optimized-removebg-preview.png\",\"width\":512,\"height\":512,\"caption\":\"AfroSino\"},\"image\":{\"@id\":\"https:\\\/\\\/afrosinogros.com\\\/#\\\/schema\\\/logo\\\/image\\\/\"}}]}<\/script>\n<!-- \/ Yoast SEO plugin. -->","yoast_head_json":{"title":"ALITOP TV 26\" \u2013 LED HD \u2013 HDMI \/ USB \u2013 TNT Int\u00e9gr\u00e9 - AfroSino","robots":{"index":"index","follow":"follow","max-snippet":"max-snippet:-1","max-image-preview":"max-image-preview:large","max-video-preview":"max-video-preview:-1"},"canonical":"https:\/\/afrosinogros.com\/zh\/product\/alitop-tv-26-led-hd-hdmi-usb-tnt-integre\/","og_locale":"zh_CN","og_type":"article","og_title":"ALITOP TV 26\" \u2013 LED HD \u2013 HDMI \/ USB \u2013 TNT Int\u00e9gr\u00e9 - AfroSino","og_description":"Caract\u00e9ristiques principales :     \u2705 \u00c9cran LED 26\" (\u224866 cm) : affichage lumineux avec couleurs vives    \u2705 R\u00e9solution HD (1366 x 768) : image nette et agr\u00e9able \u00e0 l\u2019\u0153il    \u2705 Tuner TNT int\u00e9gr\u00e9 : recevez vos cha\u00eenes num\u00e9riques sans d\u00e9codeur externe    \u2705 Connectiques pratiques :     2 x HDMI : pour consoles, d\u00e9codeurs, lecteurs    1 ou 2 x USB : lecture directe depuis une cl\u00e9 USB      \u2705 Design fin &amp; moderne : s\u2019adapte \u00e0 tous les int\u00e9rieurs    \u2705 Faible consommation \u00e9nerg\u00e9tique : id\u00e9al pour un usage prolong\u00e9    \ud83d\udd04 Taux de rafra\u00eechissement : 60 Hz ou 120 Hz (selon mod\u00e8le)    \ud83d\udce6 Poids &amp; dimensions : l\u00e9gers et faciles \u00e0 installer     R\u00e9sum\u00e9 :Le t\u00e9l\u00e9viseur ALITOP 26\u201d est parfait pour les utilisateurs \u00e0 la recherche d\u2019un \u00e9quipement abordable, fonctionnel et compact. Gr\u00e2ce \u00e0 son tuner int\u00e9gr\u00e9, vous recevez vos cha\u00eenes TNT directement, et ses ports HDMI\/USB facilitent la connexion \u00e0 tous vos appareils. \ud83d\udccc Type de produit : T\u00e9l\u00e9viseur LED\ud83d\udccc Mod\u00e8le : TV 26\u201d ALITOP\ud83d\udccc Origine : Chine\ud83d\udce6 MOQ (quantit\u00e9 minimale de commande) : 10 pi\u00e8ces","og_url":"https:\/\/afrosinogros.com\/zh\/product\/alitop-tv-26-led-hd-hdmi-usb-tnt-integre\/","og_site_name":"AfroSino","article_modified_time":"2025-09-22T16:22:33+00:00","og_image":[{"width":800,"height":800,"url":"https:\/\/afrosinogros.com\/wp-content\/uploads\/2025\/07\/T3.jpg","type":"image\/jpeg"}],"twitter_card":"summary_large_image","twitter_misc":{"\u9884\u8ba1\u9605\u8bfb\u65f6\u95f4":"1 \u5206"},"schema":{"@context":"https:\/\/schema.org","@graph":[{"@type":"WebPage","@id":"https:\/\/afrosinogros.com\/product\/alitop-tv-26-led-hd-hdmi-usb-tnt-integre\/","url":"https:\/\/afrosinogros.com\/product\/alitop-tv-26-led-hd-hdmi-usb-tnt-integre\/","name":"ALITOP TV 26\" \u2013 LED HD \u2013 HDMI \/ USB \u2013 TNT Int\u00e9gr\u00e9 - AfroSino","isPartOf":{"@id":"https:\/\/afrosinogros.com\/#website"},"primaryImageOfPage":{"@id":"https:\/\/afrosinogros.com\/product\/alitop-tv-26-led-hd-hdmi-usb-tnt-integre\/#primaryimage"},"image":{"@id":"https:\/\/afrosinogros.com\/product\/alitop-tv-26-led-hd-hdmi-usb-tnt-integre\/#primaryimage"},"thumbnailUrl":"https:\/\/afrosinogros.com\/wp-content\/uploads\/2025\/07\/T3.jpg","datePublished":"2025-07-11T14:58:10+00:00","dateModified":"2025-09-22T16:22:33+00:00","breadcrumb":{"@id":"https:\/\/afrosinogros.com\/product\/alitop-tv-26-led-hd-hdmi-usb-tnt-integre\/#breadcrumb"},"inLanguage":"zh-Hans","potentialAction":[{"@type":"ReadAction","target":["https:\/\/afrosinogros.com\/product\/alitop-tv-26-led-hd-hdmi-usb-tnt-integre\/"]}]},{"@type":"ImageObject","inLanguage":"zh-Hans","@id":"https:\/\/afrosinogros.com\/product\/alitop-tv-26-led-hd-hdmi-usb-tnt-integre\/#primaryimage","url":"https:\/\/afrosinogros.com\/wp-content\/uploads\/2025\/07\/T3.jpg","contentUrl":"https:\/\/afrosinogros.com\/wp-content\/uploads\/2025\/07\/T3.jpg","width":800,"height":800},{"@type":"BreadcrumbList","@id":"https:\/\/afrosinogros.com\/product\/alitop-tv-26-led-hd-hdmi-usb-tnt-integre\/#breadcrumb","itemListElement":[{"@type":"ListItem","position":1,"name":"Home","item":"https:\/\/afrosinogros.com\/"},{"@type":"ListItem","position":2,"name":"Magasin","item":"https:\/\/afrosinogros.com\/magasin\/"},{"@type":"ListItem","position":3,"name":"ALITOP TV 26&Prime; \u2013 LED HD \u2013 HDMI \/ USB \u2013 TNT Int\u00e9gr\u00e9"}]},{"@type":"WebSite","@id":"https:\/\/afrosinogros.com\/#website","url":"https:\/\/afrosinogros.com\/","name":"AfroSino","description":"Officiel site web","publisher":{"@id":"https:\/\/afrosinogros.com\/#organization"},"potentialAction":[{"@type":"SearchAction","target":{"@type":"EntryPoint","urlTemplate":"https:\/\/afrosinogros.com\/?s={search_term_string}"},"query-input":{"@type":"PropertyValueSpecification","valueRequired":true,"valueName":"search_term_string"}}],"inLanguage":"zh-Hans"},{"@type":"Organization","@id":"https:\/\/afrosinogros.com\/#organization","name":"AfroSino","url":"https:\/\/afrosinogros.com\/","logo":{"@type":"ImageObject","inLanguage":"zh-Hans","@id":"https:\/\/afrosinogros.com\/#\/schema\/logo\/image\/","url":"https:\/\/afrosinogros.com\/wp-content\/uploads\/2025\/09\/cropped-afrosino_logo_optimized-removebg-preview.png","contentUrl":"https:\/\/afrosinogros.com\/wp-content\/uploads\/2025\/09\/cropped-afrosino_logo_optimized-removebg-preview.png","width":512,"height":512,"caption":"AfroSino"},"image":{"@id":"https:\/\/afrosinogros.com\/#\/schema\/logo\/image\/"}}]}},"uagb_featured_image_src":{"full":["https:\/\/afrosinogros.com\/wp-content\/uploads\/2025\/07\/T3.jpg",800,800,false],"thumbnail":["https:\/\/afrosinogros.com\/wp-content\/uploads\/2025\/07\/T3-150x150.jpg",150,150,true],"medium":["https:\/\/afrosinogros.com\/wp-content\/uploads\/2025\/07\/T3-300x300.jpg",300,300,true],"medium_large":["https:\/\/afrosinogros.com\/wp-content\/uploads\/2025\/07\/T3-768x768.jpg",768,768,true],"large":["https:\/\/afrosinogros.com\/wp-content\/uploads\/2025\/07\/T3.jpg",800,800,false],"1536x1536":["https:\/\/afrosinogros.com\/wp-content\/uploads\/2025\/07\/T3.jpg",800,800,false],"2048x2048":["https:\/\/afrosinogros.com\/wp-content\/uploads\/2025\/07\/T3.jpg",800,800,false],"trp-custom-language-flag":["https:\/\/afrosinogros.com\/wp-content\/uploads\/2025\/07\/T3-12x12.jpg",12,12,true],"woocommerce_archive_thumbnail":["https:\/\/afrosinogros.com\/wp-content\/uploads\/2025\/07\/T3-300x300.jpg",300,300,true],"woocommerce_thumbnail":["https:\/\/afrosinogros.com\/wp-content\/uploads\/2025\/07\/T3-300x300.jpg",300,300,true],"woocommerce_single":["https:\/\/afrosinogros.com\/wp-content\/uploads\/2025\/07\/T3-600x600.jpg",600,600,true],"woocommerce_gallery_thumbnail":["https:\/\/afrosinogros.com\/wp-content\/uploads\/2025\/07\/T3-100x100.jpg",100,100,true]},"uagb_author_info":{"display_name":"admin","author_link":"https:\/\/afrosinogros.com\/zh\/author\/"},"uagb_comment_info":0,"uagb_excerpt":"Caract\u00e9ristiques principales : \u2705 \u00c9cran LED 26\" (\u224866 cm) : affichage lumineux avec couleurs vives \u2705 R\u00e9solution HD (1366 x 768) : image nette et agr\u00e9able \u00e0 l\u2019\u0153il \u2705 Tuner TNT int\u00e9gr\u00e9 : recevez vos cha\u00eenes num\u00e9riques sans d\u00e9codeur externe \u2705 Connectiques pratiques : 2 x HDMI : pour consoles, d\u00e9codeurs, lecteurs 1 ou 2&hellip;","jetpack_sharing_enabled":true,"_links":{"self":[{"href":"https:\/\/afrosinogros.com\/zh\/wp-json\/wp\/v2\/product\/905","targetHints":{"allow":["GET"]}}],"collection":[{"href":"https:\/\/afrosinogros.com\/zh\/wp-json\/wp\/v2\/product"}],"about":[{"href":"https:\/\/afrosinogros.com\/zh\/wp-json\/wp\/v2\/types\/product"}],"replies":[{"embeddable":true,"href":"https:\/\/afrosinogros.com\/zh\/wp-json\/wp\/v2\/comments?post=905"}],"wp:featuredmedia":[{"embeddable":true,"href":"https:\/\/afrosinogros.com\/zh\/wp-json\/wp\/v2\/media\/893"}],"wp:attachment":[{"href":"https:\/\/afrosinogros.com\/zh\/wp-json\/wp\/v2\/media?parent=905"}],"wp:term":[{"taxonomy":"product_brand","embeddable":true,"href":"https:\/\/afrosinogros.com\/zh\/wp-json\/wp\/v2\/product_brand?post=905"},{"taxonomy":"product_cat","embeddable":true,"href":"https:\/\/afrosinogros.com\/zh\/wp-json\/wp\/v2\/product_cat?post=905"},{"taxonomy":"product_tag","embeddable":true,"href":"https:\/\/afrosinogros.com\/zh\/wp-json\/wp\/v2\/product_tag?post=905"}],"curies":[{"name":"wp","href":"https:\/\/api.w.org\/{rel}","templated":true}]}}