{"id":907,"date":"2025-07-11T15:11:20","date_gmt":"2025-07-11T15:11:20","guid":{"rendered":"https:\/\/afrosinogros.com\/?post_type=product&#038;p=907"},"modified":"2025-09-23T11:59:11","modified_gmt":"2025-09-23T11:59:11","slug":"alitop-tv-43-led-full-hd-hdmi-usb-tnt-integre","status":"publish","type":"product","link":"https:\/\/afrosinogros.com\/zh\/product\/alitop-tv-43-led-full-hd-hdmi-usb-tnt-integre\/","title":{"rendered":"ALITOP TV 43&Prime; \u2013 LED FULL HD \u2013 HDMI \/ USB \u2013 TNT Int\u00e9gr\u00e9"},"content":{"rendered":"<p>Le t\u00e9l\u00e9viseur <strong data-start=\"1295\" data-end=\"1315\">ALITOP 43 pouces<\/strong> combine <strong data-start=\"1324\" data-end=\"1351\">qualit\u00e9 d\u2019image Full HD<\/strong>, <strong data-start=\"1353\" data-end=\"1371\">design moderne<\/strong> et <strong data-start=\"1375\" data-end=\"1400\">connectivit\u00e9 compl\u00e8te<\/strong>. Un excellent choix pour les salons, les chambres d\u2019h\u00f4tel ou les environnements professionnels.<\/p>","protected":false},"excerpt":{"rendered":"<p data-start=\"1498\" data-end=\"1534\"><strong data-start=\"1498\" data-end=\"1532\">Caract\u00e9ristiques principales :<\/strong><\/p>\n<ul data-start=\"1535\" data-end=\"1951\">\n<li data-start=\"1535\" data-end=\"1610\">\n<p data-start=\"1537\" data-end=\"1610\">\u2705 <strong data-start=\"1539\" data-end=\"1578\">\u00c9cran LED 43&Prime; Full HD (1920 x 1080)<\/strong> : image d\u00e9taill\u00e9e et r\u00e9aliste<\/p>\n<\/li>\n<li data-start=\"1611\" data-end=\"1693\">\n<p data-start=\"1613\" data-end=\"1693\">\u2705 <strong data-start=\"1615\" data-end=\"1631\">2 ports HDMI<\/strong> + <strong data-start=\"1634\" data-end=\"1649\">2 ports USB<\/strong> : connectez tous vos appareils facilement<\/p>\n<\/li>\n<li data-start=\"1694\" data-end=\"1770\">\n<p data-start=\"1696\" data-end=\"1770\">\u2705 <strong data-start=\"1698\" data-end=\"1719\">Tuner TNT int\u00e9gr\u00e9<\/strong> : acc\u00e9dez \u00e0 vos cha\u00eenes num\u00e9riques sans d\u00e9codeur<\/p>\n<\/li>\n<li data-start=\"1771\" data-end=\"1829\">\n<p data-start=\"1773\" data-end=\"1829\">\u2705 <strong data-start=\"1775\" data-end=\"1811\">Taux de rafra\u00eechissement : 60 Hz<\/strong>, images fluides<\/p>\n<\/li>\n<li data-start=\"1830\" data-end=\"1895\">\n<p data-start=\"1832\" data-end=\"1895\">\u2705 <strong data-start=\"1834\" data-end=\"1852\">Design \u00e9l\u00e9gant<\/strong>, cadre fin, installation murale possible<\/p>\n<\/li>\n<li data-start=\"1896\" data-end=\"1951\">\n<p data-start=\"1898\" data-end=\"1951\">\u2705 <strong data-start=\"1900\" data-end=\"1926\">Consommation optimis\u00e9e<\/strong> pour un usage \u00e9conomique<\/p>\n<\/li>\n<\/ul>\n<p data-start=\"1953\" data-end=\"2032\">\ud83d\udccc <strong data-start=\"1956\" data-end=\"1966\">Mod\u00e8le<\/strong> : ALITOP TV 43&Prime;<br data-start=\"1982\" data-end=\"1985\" \/>\ud83d\udccc <strong data-start=\"1988\" data-end=\"1999\">Origine<\/strong> : Chine<br data-start=\"2007\" data-end=\"2010\" \/>\ud83d\udce6 <strong data-start=\"2013\" data-end=\"2020\">MOQ<\/strong> : 5 pi\u00e8ces<\/p>\n<p data-start=\"2034\" data-end=\"2108\">\ud83c\udfaf Recommand\u00e9 pour : salons, h\u00f4tels, r\u00e9sidences, commerces d\u2019\u00e9lectronique.<\/p>","protected":false},"featured_media":892,"comment_status":"open","ping_status":"closed","template":"","meta":{"_uag_custom_page_level_css":""},"product_brand":[97],"product_cat":[98],"product_tag":[],"class_list":{"0":"post-907","1":"product","2":"type-product","3":"status-publish","4":"has-post-thumbnail","6":"product_brand-alitop","7":"product_cat-tv","9":"first","10":"instock","11":"sale","12":"taxable","13":"shipping-taxable","14":"purchasable","15":"product-type-simple"},"yoast_head":"<!-- This site is optimized with the Yoast SEO plugin v27.3 - https:\/\/yoast.com\/product\/yoast-seo-wordpress\/ -->\n<title>ALITOP TV 43&quot; \u2013 LED FULL HD \u2013 HDMI \/ USB \u2013 TNT Int\u00e9gr\u00e9 - AfroSino<\/title>\n<meta name=\"robots\" content=\"index, follow, max-snippet:-1, max-image-preview:large, max-video-preview:-1\" \/>\n<link rel=\"canonical\" href=\"https:\/\/afrosinogros.com\/zh\/product\/alitop-tv-43-led-full-hd-hdmi-usb-tnt-integre\/\" \/>\n<meta property=\"og:locale\" content=\"zh_CN\" \/>\n<meta property=\"og:type\" content=\"article\" \/>\n<meta property=\"og:title\" content=\"ALITOP TV 43&quot; \u2013 LED FULL HD \u2013 HDMI \/ USB \u2013 TNT Int\u00e9gr\u00e9 - AfroSino\" \/>\n<meta property=\"og:description\" content=\"Caract\u00e9ristiques principales :     \u2705 \u00c9cran LED 43&quot; Full HD (1920 x 1080) : image d\u00e9taill\u00e9e et r\u00e9aliste    \u2705 2 ports HDMI + 2 ports USB : connectez tous vos appareils facilement    \u2705 Tuner TNT int\u00e9gr\u00e9 : acc\u00e9dez \u00e0 vos cha\u00eenes num\u00e9riques sans d\u00e9codeur    \u2705 Taux de rafra\u00eechissement : 60 Hz, images fluides    \u2705 Design \u00e9l\u00e9gant, cadre fin, installation murale possible    \u2705 Consommation optimis\u00e9e pour un usage \u00e9conomique   \ud83d\udccc Mod\u00e8le : ALITOP TV 43&quot;\ud83d\udccc Origine : Chine\ud83d\udce6 MOQ : 5 pi\u00e8ces \ud83c\udfaf Recommand\u00e9 pour : salons, h\u00f4tels, r\u00e9sidences, commerces d\u2019\u00e9lectronique.\" \/>\n<meta property=\"og:url\" content=\"https:\/\/afrosinogros.com\/zh\/product\/alitop-tv-43-led-full-hd-hdmi-usb-tnt-integre\/\" \/>\n<meta property=\"og:site_name\" content=\"AfroSino\" \/>\n<meta property=\"article:modified_time\" content=\"2025-09-23T11:59:11+00:00\" \/>\n<meta property=\"og:image\" content=\"https:\/\/afrosinogros.com\/wp-content\/uploads\/2025\/07\/T2.jpg\" \/>\n\t<meta property=\"og:image:width\" content=\"800\" \/>\n\t<meta property=\"og:image:height\" content=\"800\" \/>\n\t<meta property=\"og:image:type\" content=\"image\/jpeg\" \/>\n<meta name=\"twitter:card\" content=\"summary_large_image\" \/>\n<meta name=\"twitter:label1\" content=\"\u9884\u8ba1\u9605\u8bfb\u65f6\u95f4\" \/>\n\t<meta name=\"twitter:data1\" content=\"1 \u5206\" \/>\n<script type=\"application\/ld+json\" class=\"yoast-schema-graph\">{\"@context\":\"https:\\\/\\\/schema.org\",\"@graph\":[{\"@type\":\"WebPage\",\"@id\":\"https:\\\/\\\/afrosinogros.com\\\/product\\\/alitop-tv-43-led-full-hd-hdmi-usb-tnt-integre\\\/\",\"url\":\"https:\\\/\\\/afrosinogros.com\\\/product\\\/alitop-tv-43-led-full-hd-hdmi-usb-tnt-integre\\\/\",\"name\":\"ALITOP TV 43\\\" \u2013 LED FULL HD \u2013 HDMI \\\/ USB \u2013 TNT Int\u00e9gr\u00e9 - AfroSino\",\"isPartOf\":{\"@id\":\"https:\\\/\\\/afrosinogros.com\\\/#website\"},\"primaryImageOfPage\":{\"@id\":\"https:\\\/\\\/afrosinogros.com\\\/product\\\/alitop-tv-43-led-full-hd-hdmi-usb-tnt-integre\\\/#primaryimage\"},\"image\":{\"@id\":\"https:\\\/\\\/afrosinogros.com\\\/product\\\/alitop-tv-43-led-full-hd-hdmi-usb-tnt-integre\\\/#primaryimage\"},\"thumbnailUrl\":\"https:\\\/\\\/afrosinogros.com\\\/wp-content\\\/uploads\\\/2025\\\/07\\\/T2.jpg\",\"datePublished\":\"2025-07-11T15:11:20+00:00\",\"dateModified\":\"2025-09-23T11:59:11+00:00\",\"breadcrumb\":{\"@id\":\"https:\\\/\\\/afrosinogros.com\\\/product\\\/alitop-tv-43-led-full-hd-hdmi-usb-tnt-integre\\\/#breadcrumb\"},\"inLanguage\":\"zh-Hans\",\"potentialAction\":[{\"@type\":\"ReadAction\",\"target\":[\"https:\\\/\\\/afrosinogros.com\\\/product\\\/alitop-tv-43-led-full-hd-hdmi-usb-tnt-integre\\\/\"]}]},{\"@type\":\"ImageObject\",\"inLanguage\":\"zh-Hans\",\"@id\":\"https:\\\/\\\/afrosinogros.com\\\/product\\\/alitop-tv-43-led-full-hd-hdmi-usb-tnt-integre\\\/#primaryimage\",\"url\":\"https:\\\/\\\/afrosinogros.com\\\/wp-content\\\/uploads\\\/2025\\\/07\\\/T2.jpg\",\"contentUrl\":\"https:\\\/\\\/afrosinogros.com\\\/wp-content\\\/uploads\\\/2025\\\/07\\\/T2.jpg\",\"width\":800,\"height\":800},{\"@type\":\"BreadcrumbList\",\"@id\":\"https:\\\/\\\/afrosinogros.com\\\/product\\\/alitop-tv-43-led-full-hd-hdmi-usb-tnt-integre\\\/#breadcrumb\",\"itemListElement\":[{\"@type\":\"ListItem\",\"position\":1,\"name\":\"Home\",\"item\":\"https:\\\/\\\/afrosinogros.com\\\/\"},{\"@type\":\"ListItem\",\"position\":2,\"name\":\"Magasin\",\"item\":\"https:\\\/\\\/afrosinogros.com\\\/magasin\\\/\"},{\"@type\":\"ListItem\",\"position\":3,\"name\":\"ALITOP TV 43&Prime; \u2013 LED FULL HD \u2013 HDMI \\\/ USB \u2013 TNT Int\u00e9gr\u00e9\"}]},{\"@type\":\"WebSite\",\"@id\":\"https:\\\/\\\/afrosinogros.com\\\/#website\",\"url\":\"https:\\\/\\\/afrosinogros.com\\\/\",\"name\":\"AfroSino\",\"description\":\"Officiel site web\",\"publisher\":{\"@id\":\"https:\\\/\\\/afrosinogros.com\\\/#organization\"},\"potentialAction\":[{\"@type\":\"SearchAction\",\"target\":{\"@type\":\"EntryPoint\",\"urlTemplate\":\"https:\\\/\\\/afrosinogros.com\\\/?s={search_term_string}\"},\"query-input\":{\"@type\":\"PropertyValueSpecification\",\"valueRequired\":true,\"valueName\":\"search_term_string\"}}],\"inLanguage\":\"zh-Hans\"},{\"@type\":\"Organization\",\"@id\":\"https:\\\/\\\/afrosinogros.com\\\/#organization\",\"name\":\"AfroSino\",\"url\":\"https:\\\/\\\/afrosinogros.com\\\/\",\"logo\":{\"@type\":\"ImageObject\",\"inLanguage\":\"zh-Hans\",\"@id\":\"https:\\\/\\\/afrosinogros.com\\\/#\\\/schema\\\/logo\\\/image\\\/\",\"url\":\"https:\\\/\\\/afrosinogros.com\\\/wp-content\\\/uploads\\\/2025\\\/09\\\/cropped-afrosino_logo_optimized-removebg-preview.png\",\"contentUrl\":\"https:\\\/\\\/afrosinogros.com\\\/wp-content\\\/uploads\\\/2025\\\/09\\\/cropped-afrosino_logo_optimized-removebg-preview.png\",\"width\":512,\"height\":512,\"caption\":\"AfroSino\"},\"image\":{\"@id\":\"https:\\\/\\\/afrosinogros.com\\\/#\\\/schema\\\/logo\\\/image\\\/\"}}]}<\/script>\n<!-- \/ Yoast SEO plugin. -->","yoast_head_json":{"title":"ALITOP TV 43\" \u2013 LED FULL HD \u2013 HDMI \/ USB \u2013 TNT Int\u00e9gr\u00e9 - AfroSino","robots":{"index":"index","follow":"follow","max-snippet":"max-snippet:-1","max-image-preview":"max-image-preview:large","max-video-preview":"max-video-preview:-1"},"canonical":"https:\/\/afrosinogros.com\/zh\/product\/alitop-tv-43-led-full-hd-hdmi-usb-tnt-integre\/","og_locale":"zh_CN","og_type":"article","og_title":"ALITOP TV 43\" \u2013 LED FULL HD \u2013 HDMI \/ USB \u2013 TNT Int\u00e9gr\u00e9 - AfroSino","og_description":"Caract\u00e9ristiques principales :     \u2705 \u00c9cran LED 43\" Full HD (1920 x 1080) : image d\u00e9taill\u00e9e et r\u00e9aliste    \u2705 2 ports HDMI + 2 ports USB : connectez tous vos appareils facilement    \u2705 Tuner TNT int\u00e9gr\u00e9 : acc\u00e9dez \u00e0 vos cha\u00eenes num\u00e9riques sans d\u00e9codeur    \u2705 Taux de rafra\u00eechissement : 60 Hz, images fluides    \u2705 Design \u00e9l\u00e9gant, cadre fin, installation murale possible    \u2705 Consommation optimis\u00e9e pour un usage \u00e9conomique   \ud83d\udccc Mod\u00e8le : ALITOP TV 43\"\ud83d\udccc Origine : Chine\ud83d\udce6 MOQ : 5 pi\u00e8ces \ud83c\udfaf Recommand\u00e9 pour : salons, h\u00f4tels, r\u00e9sidences, commerces d\u2019\u00e9lectronique.","og_url":"https:\/\/afrosinogros.com\/zh\/product\/alitop-tv-43-led-full-hd-hdmi-usb-tnt-integre\/","og_site_name":"AfroSino","article_modified_time":"2025-09-23T11:59:11+00:00","og_image":[{"width":800,"height":800,"url":"https:\/\/afrosinogros.com\/wp-content\/uploads\/2025\/07\/T2.jpg","type":"image\/jpeg"}],"twitter_card":"summary_large_image","twitter_misc":{"\u9884\u8ba1\u9605\u8bfb\u65f6\u95f4":"1 \u5206"},"schema":{"@context":"https:\/\/schema.org","@graph":[{"@type":"WebPage","@id":"https:\/\/afrosinogros.com\/product\/alitop-tv-43-led-full-hd-hdmi-usb-tnt-integre\/","url":"https:\/\/afrosinogros.com\/product\/alitop-tv-43-led-full-hd-hdmi-usb-tnt-integre\/","name":"ALITOP TV 43\" \u2013 LED FULL HD \u2013 HDMI \/ USB \u2013 TNT Int\u00e9gr\u00e9 - AfroSino","isPartOf":{"@id":"https:\/\/afrosinogros.com\/#website"},"primaryImageOfPage":{"@id":"https:\/\/afrosinogros.com\/product\/alitop-tv-43-led-full-hd-hdmi-usb-tnt-integre\/#primaryimage"},"image":{"@id":"https:\/\/afrosinogros.com\/product\/alitop-tv-43-led-full-hd-hdmi-usb-tnt-integre\/#primaryimage"},"thumbnailUrl":"https:\/\/afrosinogros.com\/wp-content\/uploads\/2025\/07\/T2.jpg","datePublished":"2025-07-11T15:11:20+00:00","dateModified":"2025-09-23T11:59:11+00:00","breadcrumb":{"@id":"https:\/\/afrosinogros.com\/product\/alitop-tv-43-led-full-hd-hdmi-usb-tnt-integre\/#breadcrumb"},"inLanguage":"zh-Hans","potentialAction":[{"@type":"ReadAction","target":["https:\/\/afrosinogros.com\/product\/alitop-tv-43-led-full-hd-hdmi-usb-tnt-integre\/"]}]},{"@type":"ImageObject","inLanguage":"zh-Hans","@id":"https:\/\/afrosinogros.com\/product\/alitop-tv-43-led-full-hd-hdmi-usb-tnt-integre\/#primaryimage","url":"https:\/\/afrosinogros.com\/wp-content\/uploads\/2025\/07\/T2.jpg","contentUrl":"https:\/\/afrosinogros.com\/wp-content\/uploads\/2025\/07\/T2.jpg","width":800,"height":800},{"@type":"BreadcrumbList","@id":"https:\/\/afrosinogros.com\/product\/alitop-tv-43-led-full-hd-hdmi-usb-tnt-integre\/#breadcrumb","itemListElement":[{"@type":"ListItem","position":1,"name":"Home","item":"https:\/\/afrosinogros.com\/"},{"@type":"ListItem","position":2,"name":"Magasin","item":"https:\/\/afrosinogros.com\/magasin\/"},{"@type":"ListItem","position":3,"name":"ALITOP TV 43&Prime; \u2013 LED FULL HD \u2013 HDMI \/ USB \u2013 TNT Int\u00e9gr\u00e9"}]},{"@type":"WebSite","@id":"https:\/\/afrosinogros.com\/#website","url":"https:\/\/afrosinogros.com\/","name":"AfroSino","description":"Officiel site web","publisher":{"@id":"https:\/\/afrosinogros.com\/#organization"},"potentialAction":[{"@type":"SearchAction","target":{"@type":"EntryPoint","urlTemplate":"https:\/\/afrosinogros.com\/?s={search_term_string}"},"query-input":{"@type":"PropertyValueSpecification","valueRequired":true,"valueName":"search_term_string"}}],"inLanguage":"zh-Hans"},{"@type":"Organization","@id":"https:\/\/afrosinogros.com\/#organization","name":"AfroSino","url":"https:\/\/afrosinogros.com\/","logo":{"@type":"ImageObject","inLanguage":"zh-Hans","@id":"https:\/\/afrosinogros.com\/#\/schema\/logo\/image\/","url":"https:\/\/afrosinogros.com\/wp-content\/uploads\/2025\/09\/cropped-afrosino_logo_optimized-removebg-preview.png","contentUrl":"https:\/\/afrosinogros.com\/wp-content\/uploads\/2025\/09\/cropped-afrosino_logo_optimized-removebg-preview.png","width":512,"height":512,"caption":"AfroSino"},"image":{"@id":"https:\/\/afrosinogros.com\/#\/schema\/logo\/image\/"}}]}},"uagb_featured_image_src":{"full":["https:\/\/afrosinogros.com\/wp-content\/uploads\/2025\/07\/T2.jpg",800,800,false],"thumbnail":["https:\/\/afrosinogros.com\/wp-content\/uploads\/2025\/07\/T2-150x150.jpg",150,150,true],"medium":["https:\/\/afrosinogros.com\/wp-content\/uploads\/2025\/07\/T2-300x300.jpg",300,300,true],"medium_large":["https:\/\/afrosinogros.com\/wp-content\/uploads\/2025\/07\/T2-768x768.jpg",768,768,true],"large":["https:\/\/afrosinogros.com\/wp-content\/uploads\/2025\/07\/T2.jpg",800,800,false],"1536x1536":["https:\/\/afrosinogros.com\/wp-content\/uploads\/2025\/07\/T2.jpg",800,800,false],"2048x2048":["https:\/\/afrosinogros.com\/wp-content\/uploads\/2025\/07\/T2.jpg",800,800,false],"trp-custom-language-flag":["https:\/\/afrosinogros.com\/wp-content\/uploads\/2025\/07\/T2-12x12.jpg",12,12,true],"woocommerce_archive_thumbnail":["https:\/\/afrosinogros.com\/wp-content\/uploads\/2025\/07\/T2-300x300.jpg",300,300,true],"woocommerce_thumbnail":["https:\/\/afrosinogros.com\/wp-content\/uploads\/2025\/07\/T2-300x300.jpg",300,300,true],"woocommerce_single":["https:\/\/afrosinogros.com\/wp-content\/uploads\/2025\/07\/T2-600x600.jpg",600,600,true],"woocommerce_gallery_thumbnail":["https:\/\/afrosinogros.com\/wp-content\/uploads\/2025\/07\/T2-100x100.jpg",100,100,true]},"uagb_author_info":{"display_name":"admin","author_link":"https:\/\/afrosinogros.com\/zh\/author\/"},"uagb_comment_info":0,"uagb_excerpt":"Caract\u00e9ristiques principales : \u2705 \u00c9cran LED 43\" Full HD (1920 x 1080) : image d\u00e9taill\u00e9e et r\u00e9aliste \u2705 2 ports HDMI + 2 ports USB : connectez tous vos appareils facilement \u2705 Tuner TNT int\u00e9gr\u00e9 : acc\u00e9dez \u00e0 vos cha\u00eenes num\u00e9riques sans d\u00e9codeur \u2705 Taux de rafra\u00eechissement : 60 Hz, images fluides \u2705 Design \u00e9l\u00e9gant,&hellip;","jetpack_sharing_enabled":true,"_links":{"self":[{"href":"https:\/\/afrosinogros.com\/zh\/wp-json\/wp\/v2\/product\/907","targetHints":{"allow":["GET"]}}],"collection":[{"href":"https:\/\/afrosinogros.com\/zh\/wp-json\/wp\/v2\/product"}],"about":[{"href":"https:\/\/afrosinogros.com\/zh\/wp-json\/wp\/v2\/types\/product"}],"replies":[{"embeddable":true,"href":"https:\/\/afrosinogros.com\/zh\/wp-json\/wp\/v2\/comments?post=907"}],"wp:featuredmedia":[{"embeddable":true,"href":"https:\/\/afrosinogros.com\/zh\/wp-json\/wp\/v2\/media\/892"}],"wp:attachment":[{"href":"https:\/\/afrosinogros.com\/zh\/wp-json\/wp\/v2\/media?parent=907"}],"wp:term":[{"taxonomy":"product_brand","embeddable":true,"href":"https:\/\/afrosinogros.com\/zh\/wp-json\/wp\/v2\/product_brand?post=907"},{"taxonomy":"product_cat","embeddable":true,"href":"https:\/\/afrosinogros.com\/zh\/wp-json\/wp\/v2\/product_cat?post=907"},{"taxonomy":"product_tag","embeddable":true,"href":"https:\/\/afrosinogros.com\/zh\/wp-json\/wp\/v2\/product_tag?post=907"}],"curies":[{"name":"wp","href":"https:\/\/api.w.org\/{rel}","templated":true}]}}