{"id":908,"date":"2025-07-11T15:19:32","date_gmt":"2025-07-11T15:19:32","guid":{"rendered":"https:\/\/afrosinogros.com\/?post_type=product&#038;p=908"},"modified":"2025-09-23T11:57:41","modified_gmt":"2025-09-23T11:57:41","slug":"alitop-tv-50-led-full-hd-hdmi-usb-tnt-integre","status":"publish","type":"product","link":"https:\/\/afrosinogros.com\/zh\/product\/alitop-tv-50-led-full-hd-hdmi-usb-tnt-integre\/","title":{"rendered":"ALITOP TV 50&Prime; \u2013 LED FULL HD \u2013 HDMI \/ USB \u2013 TNT Int\u00e9gr\u00e9"},"content":{"rendered":"<p>D\u00e9couvrez la <strong data-start=\"2195\" data-end=\"2217\">puissance visuelle<\/strong> avec le grand \u00e9cran <strong data-start=\"2238\" data-end=\"2258\">ALITOP 50 pouces<\/strong>, con\u00e7u pour une immersion totale. Il allie <strong data-start=\"2302\" data-end=\"2321\">technologie LED<\/strong>, <strong data-start=\"2323\" data-end=\"2345\">r\u00e9solution Full HD<\/strong> et connectivit\u00e9 avanc\u00e9e pour un usage domestique ou professionnel.<\/p>","protected":false},"excerpt":{"rendered":"<p data-start=\"2414\" data-end=\"2450\"><strong data-start=\"2414\" data-end=\"2448\">Caract\u00e9ristiques principales :<\/strong><\/p>\n<ul data-start=\"2451\" data-end=\"2842\">\n<li data-start=\"2451\" data-end=\"2544\">\n<p data-start=\"2453\" data-end=\"2544\">\u2705 <strong data-start=\"2455\" data-end=\"2480\">\u00c9cran LED 50&Prime; Full HD<\/strong> : grande surface d\u2019affichage, parfaite pour les films et jeux<\/p>\n<\/li>\n<li data-start=\"2545\" data-end=\"2626\">\n<p data-start=\"2547\" data-end=\"2626\">\u2705 <strong data-start=\"2549\" data-end=\"2568\">Ports HDMI (x2)<\/strong> et <strong data-start=\"2572\" data-end=\"2584\">USB (x2)<\/strong> : prise en charge de tous vos appareils<\/p>\n<\/li>\n<li data-start=\"2627\" data-end=\"2685\">\n<p data-start=\"2629\" data-end=\"2685\">\u2705 <strong data-start=\"2631\" data-end=\"2652\">Tuner TNT int\u00e9gr\u00e9<\/strong> : cha\u00eenes num\u00e9riques en direct<\/p>\n<\/li>\n<li data-start=\"2686\" data-end=\"2752\">\n<p data-start=\"2688\" data-end=\"2752\">\u2705 <strong data-start=\"2690\" data-end=\"2719\">Design moderne et robuste<\/strong>, id\u00e9al pour murs ou meubles TV<\/p>\n<\/li>\n<li data-start=\"2753\" data-end=\"2795\">\n<p data-start=\"2755\" data-end=\"2795\">\u2705 <strong data-start=\"2757\" data-end=\"2793\">Taux de rafra\u00eechissement : 60 Hz<\/strong><\/p>\n<\/li>\n<li data-start=\"2796\" data-end=\"2842\">\n<p data-start=\"2798\" data-end=\"2842\">\u2705 <strong data-start=\"2800\" data-end=\"2842\">Faible consommation pour une taille XL<\/strong><\/p>\n<\/li>\n<\/ul>\n<p data-start=\"2844\" data-end=\"2923\">\ud83d\udccc <strong data-start=\"2847\" data-end=\"2857\">Mod\u00e8le<\/strong> : ALITOP TV 50&Prime;<br data-start=\"2873\" data-end=\"2876\" \/>\ud83d\udccc <strong data-start=\"2879\" data-end=\"2890\">Origine<\/strong> : Chine<br data-start=\"2898\" data-end=\"2901\" \/>\ud83d\udce6 <strong data-start=\"2904\" data-end=\"2911\">MOQ<\/strong> : 3 pi\u00e8ces<\/p>\n<p data-start=\"2925\" data-end=\"3014\">\ud83c\udfaf Parfait pour : grands salons, espaces publics, h\u00f4tels, salles d\u2019attente ou \u00e9v\u00e9nements.<\/p>","protected":false},"featured_media":891,"comment_status":"open","ping_status":"closed","template":"","meta":{"_uag_custom_page_level_css":""},"product_brand":[97],"product_cat":[98],"product_tag":[],"class_list":{"0":"post-908","1":"product","2":"type-product","3":"status-publish","4":"has-post-thumbnail","6":"product_brand-alitop","7":"product_cat-tv","9":"first","10":"instock","11":"sale","12":"taxable","13":"shipping-taxable","14":"purchasable","15":"product-type-simple"},"yoast_head":"<!-- This site is optimized with the Yoast SEO plugin v27.3 - https:\/\/yoast.com\/product\/yoast-seo-wordpress\/ -->\n<title>ALITOP TV 50&quot; \u2013 LED FULL HD \u2013 HDMI \/ USB \u2013 TNT Int\u00e9gr\u00e9 - AfroSino<\/title>\n<meta name=\"robots\" content=\"index, follow, max-snippet:-1, max-image-preview:large, max-video-preview:-1\" \/>\n<link rel=\"canonical\" href=\"https:\/\/afrosinogros.com\/zh\/product\/alitop-tv-50-led-full-hd-hdmi-usb-tnt-integre\/\" \/>\n<meta property=\"og:locale\" content=\"zh_CN\" \/>\n<meta property=\"og:type\" content=\"article\" \/>\n<meta property=\"og:title\" content=\"ALITOP TV 50&quot; \u2013 LED FULL HD \u2013 HDMI \/ USB \u2013 TNT Int\u00e9gr\u00e9 - AfroSino\" \/>\n<meta property=\"og:description\" content=\"Caract\u00e9ristiques principales :     \u2705 \u00c9cran LED 50&quot; Full HD : grande surface d\u2019affichage, parfaite pour les films et jeux    \u2705 Ports HDMI (x2) et USB (x2) : prise en charge de tous vos appareils    \u2705 Tuner TNT int\u00e9gr\u00e9 : cha\u00eenes num\u00e9riques en direct    \u2705 Design moderne et robuste, id\u00e9al pour murs ou meubles TV    \u2705 Taux de rafra\u00eechissement : 60 Hz    \u2705 Faible consommation pour une taille XL   \ud83d\udccc Mod\u00e8le : ALITOP TV 50&quot;\ud83d\udccc Origine : Chine\ud83d\udce6 MOQ : 3 pi\u00e8ces \ud83c\udfaf Parfait pour : grands salons, espaces publics, h\u00f4tels, salles d\u2019attente ou \u00e9v\u00e9nements.\" \/>\n<meta property=\"og:url\" content=\"https:\/\/afrosinogros.com\/zh\/product\/alitop-tv-50-led-full-hd-hdmi-usb-tnt-integre\/\" \/>\n<meta property=\"og:site_name\" content=\"AfroSino\" \/>\n<meta property=\"article:modified_time\" content=\"2025-09-23T11:57:41+00:00\" \/>\n<meta property=\"og:image\" content=\"https:\/\/afrosinogros.com\/wp-content\/uploads\/2025\/07\/T1.jpg\" \/>\n\t<meta property=\"og:image:width\" content=\"800\" \/>\n\t<meta property=\"og:image:height\" content=\"800\" \/>\n\t<meta property=\"og:image:type\" content=\"image\/jpeg\" \/>\n<meta name=\"twitter:card\" content=\"summary_large_image\" \/>\n<meta name=\"twitter:label1\" content=\"\u9884\u8ba1\u9605\u8bfb\u65f6\u95f4\" \/>\n\t<meta name=\"twitter:data1\" content=\"1 \u5206\" \/>\n<script type=\"application\/ld+json\" class=\"yoast-schema-graph\">{\"@context\":\"https:\\\/\\\/schema.org\",\"@graph\":[{\"@type\":\"WebPage\",\"@id\":\"https:\\\/\\\/afrosinogros.com\\\/product\\\/alitop-tv-50-led-full-hd-hdmi-usb-tnt-integre\\\/\",\"url\":\"https:\\\/\\\/afrosinogros.com\\\/product\\\/alitop-tv-50-led-full-hd-hdmi-usb-tnt-integre\\\/\",\"name\":\"ALITOP TV 50\\\" \u2013 LED FULL HD \u2013 HDMI \\\/ USB \u2013 TNT Int\u00e9gr\u00e9 - AfroSino\",\"isPartOf\":{\"@id\":\"https:\\\/\\\/afrosinogros.com\\\/#website\"},\"primaryImageOfPage\":{\"@id\":\"https:\\\/\\\/afrosinogros.com\\\/product\\\/alitop-tv-50-led-full-hd-hdmi-usb-tnt-integre\\\/#primaryimage\"},\"image\":{\"@id\":\"https:\\\/\\\/afrosinogros.com\\\/product\\\/alitop-tv-50-led-full-hd-hdmi-usb-tnt-integre\\\/#primaryimage\"},\"thumbnailUrl\":\"https:\\\/\\\/afrosinogros.com\\\/wp-content\\\/uploads\\\/2025\\\/07\\\/T1.jpg\",\"datePublished\":\"2025-07-11T15:19:32+00:00\",\"dateModified\":\"2025-09-23T11:57:41+00:00\",\"breadcrumb\":{\"@id\":\"https:\\\/\\\/afrosinogros.com\\\/product\\\/alitop-tv-50-led-full-hd-hdmi-usb-tnt-integre\\\/#breadcrumb\"},\"inLanguage\":\"zh-Hans\",\"potentialAction\":[{\"@type\":\"ReadAction\",\"target\":[\"https:\\\/\\\/afrosinogros.com\\\/product\\\/alitop-tv-50-led-full-hd-hdmi-usb-tnt-integre\\\/\"]}]},{\"@type\":\"ImageObject\",\"inLanguage\":\"zh-Hans\",\"@id\":\"https:\\\/\\\/afrosinogros.com\\\/product\\\/alitop-tv-50-led-full-hd-hdmi-usb-tnt-integre\\\/#primaryimage\",\"url\":\"https:\\\/\\\/afrosinogros.com\\\/wp-content\\\/uploads\\\/2025\\\/07\\\/T1.jpg\",\"contentUrl\":\"https:\\\/\\\/afrosinogros.com\\\/wp-content\\\/uploads\\\/2025\\\/07\\\/T1.jpg\",\"width\":800,\"height\":800},{\"@type\":\"BreadcrumbList\",\"@id\":\"https:\\\/\\\/afrosinogros.com\\\/product\\\/alitop-tv-50-led-full-hd-hdmi-usb-tnt-integre\\\/#breadcrumb\",\"itemListElement\":[{\"@type\":\"ListItem\",\"position\":1,\"name\":\"Home\",\"item\":\"https:\\\/\\\/afrosinogros.com\\\/\"},{\"@type\":\"ListItem\",\"position\":2,\"name\":\"Magasin\",\"item\":\"https:\\\/\\\/afrosinogros.com\\\/magasin\\\/\"},{\"@type\":\"ListItem\",\"position\":3,\"name\":\"ALITOP TV 50&Prime; \u2013 LED FULL HD \u2013 HDMI \\\/ USB \u2013 TNT Int\u00e9gr\u00e9\"}]},{\"@type\":\"WebSite\",\"@id\":\"https:\\\/\\\/afrosinogros.com\\\/#website\",\"url\":\"https:\\\/\\\/afrosinogros.com\\\/\",\"name\":\"AfroSino\",\"description\":\"Officiel site web\",\"publisher\":{\"@id\":\"https:\\\/\\\/afrosinogros.com\\\/#organization\"},\"potentialAction\":[{\"@type\":\"SearchAction\",\"target\":{\"@type\":\"EntryPoint\",\"urlTemplate\":\"https:\\\/\\\/afrosinogros.com\\\/?s={search_term_string}\"},\"query-input\":{\"@type\":\"PropertyValueSpecification\",\"valueRequired\":true,\"valueName\":\"search_term_string\"}}],\"inLanguage\":\"zh-Hans\"},{\"@type\":\"Organization\",\"@id\":\"https:\\\/\\\/afrosinogros.com\\\/#organization\",\"name\":\"AfroSino\",\"url\":\"https:\\\/\\\/afrosinogros.com\\\/\",\"logo\":{\"@type\":\"ImageObject\",\"inLanguage\":\"zh-Hans\",\"@id\":\"https:\\\/\\\/afrosinogros.com\\\/#\\\/schema\\\/logo\\\/image\\\/\",\"url\":\"https:\\\/\\\/afrosinogros.com\\\/wp-content\\\/uploads\\\/2025\\\/09\\\/cropped-afrosino_logo_optimized-removebg-preview.png\",\"contentUrl\":\"https:\\\/\\\/afrosinogros.com\\\/wp-content\\\/uploads\\\/2025\\\/09\\\/cropped-afrosino_logo_optimized-removebg-preview.png\",\"width\":512,\"height\":512,\"caption\":\"AfroSino\"},\"image\":{\"@id\":\"https:\\\/\\\/afrosinogros.com\\\/#\\\/schema\\\/logo\\\/image\\\/\"}}]}<\/script>\n<!-- \/ Yoast SEO plugin. -->","yoast_head_json":{"title":"ALITOP TV 50\" \u2013 LED FULL HD \u2013 HDMI \/ USB \u2013 TNT Int\u00e9gr\u00e9 - AfroSino","robots":{"index":"index","follow":"follow","max-snippet":"max-snippet:-1","max-image-preview":"max-image-preview:large","max-video-preview":"max-video-preview:-1"},"canonical":"https:\/\/afrosinogros.com\/zh\/product\/alitop-tv-50-led-full-hd-hdmi-usb-tnt-integre\/","og_locale":"zh_CN","og_type":"article","og_title":"ALITOP TV 50\" \u2013 LED FULL HD \u2013 HDMI \/ USB \u2013 TNT Int\u00e9gr\u00e9 - AfroSino","og_description":"Caract\u00e9ristiques principales :     \u2705 \u00c9cran LED 50\" Full HD : grande surface d\u2019affichage, parfaite pour les films et jeux    \u2705 Ports HDMI (x2) et USB (x2) : prise en charge de tous vos appareils    \u2705 Tuner TNT int\u00e9gr\u00e9 : cha\u00eenes num\u00e9riques en direct    \u2705 Design moderne et robuste, id\u00e9al pour murs ou meubles TV    \u2705 Taux de rafra\u00eechissement : 60 Hz    \u2705 Faible consommation pour une taille XL   \ud83d\udccc Mod\u00e8le : ALITOP TV 50\"\ud83d\udccc Origine : Chine\ud83d\udce6 MOQ : 3 pi\u00e8ces \ud83c\udfaf Parfait pour : grands salons, espaces publics, h\u00f4tels, salles d\u2019attente ou \u00e9v\u00e9nements.","og_url":"https:\/\/afrosinogros.com\/zh\/product\/alitop-tv-50-led-full-hd-hdmi-usb-tnt-integre\/","og_site_name":"AfroSino","article_modified_time":"2025-09-23T11:57:41+00:00","og_image":[{"width":800,"height":800,"url":"https:\/\/afrosinogros.com\/wp-content\/uploads\/2025\/07\/T1.jpg","type":"image\/jpeg"}],"twitter_card":"summary_large_image","twitter_misc":{"\u9884\u8ba1\u9605\u8bfb\u65f6\u95f4":"1 \u5206"},"schema":{"@context":"https:\/\/schema.org","@graph":[{"@type":"WebPage","@id":"https:\/\/afrosinogros.com\/product\/alitop-tv-50-led-full-hd-hdmi-usb-tnt-integre\/","url":"https:\/\/afrosinogros.com\/product\/alitop-tv-50-led-full-hd-hdmi-usb-tnt-integre\/","name":"ALITOP TV 50\" \u2013 LED FULL HD \u2013 HDMI \/ USB \u2013 TNT Int\u00e9gr\u00e9 - AfroSino","isPartOf":{"@id":"https:\/\/afrosinogros.com\/#website"},"primaryImageOfPage":{"@id":"https:\/\/afrosinogros.com\/product\/alitop-tv-50-led-full-hd-hdmi-usb-tnt-integre\/#primaryimage"},"image":{"@id":"https:\/\/afrosinogros.com\/product\/alitop-tv-50-led-full-hd-hdmi-usb-tnt-integre\/#primaryimage"},"thumbnailUrl":"https:\/\/afrosinogros.com\/wp-content\/uploads\/2025\/07\/T1.jpg","datePublished":"2025-07-11T15:19:32+00:00","dateModified":"2025-09-23T11:57:41+00:00","breadcrumb":{"@id":"https:\/\/afrosinogros.com\/product\/alitop-tv-50-led-full-hd-hdmi-usb-tnt-integre\/#breadcrumb"},"inLanguage":"zh-Hans","potentialAction":[{"@type":"ReadAction","target":["https:\/\/afrosinogros.com\/product\/alitop-tv-50-led-full-hd-hdmi-usb-tnt-integre\/"]}]},{"@type":"ImageObject","inLanguage":"zh-Hans","@id":"https:\/\/afrosinogros.com\/product\/alitop-tv-50-led-full-hd-hdmi-usb-tnt-integre\/#primaryimage","url":"https:\/\/afrosinogros.com\/wp-content\/uploads\/2025\/07\/T1.jpg","contentUrl":"https:\/\/afrosinogros.com\/wp-content\/uploads\/2025\/07\/T1.jpg","width":800,"height":800},{"@type":"BreadcrumbList","@id":"https:\/\/afrosinogros.com\/product\/alitop-tv-50-led-full-hd-hdmi-usb-tnt-integre\/#breadcrumb","itemListElement":[{"@type":"ListItem","position":1,"name":"Home","item":"https:\/\/afrosinogros.com\/"},{"@type":"ListItem","position":2,"name":"Magasin","item":"https:\/\/afrosinogros.com\/magasin\/"},{"@type":"ListItem","position":3,"name":"ALITOP TV 50&Prime; \u2013 LED FULL HD \u2013 HDMI \/ USB \u2013 TNT Int\u00e9gr\u00e9"}]},{"@type":"WebSite","@id":"https:\/\/afrosinogros.com\/#website","url":"https:\/\/afrosinogros.com\/","name":"AfroSino","description":"Officiel site web","publisher":{"@id":"https:\/\/afrosinogros.com\/#organization"},"potentialAction":[{"@type":"SearchAction","target":{"@type":"EntryPoint","urlTemplate":"https:\/\/afrosinogros.com\/?s={search_term_string}"},"query-input":{"@type":"PropertyValueSpecification","valueRequired":true,"valueName":"search_term_string"}}],"inLanguage":"zh-Hans"},{"@type":"Organization","@id":"https:\/\/afrosinogros.com\/#organization","name":"AfroSino","url":"https:\/\/afrosinogros.com\/","logo":{"@type":"ImageObject","inLanguage":"zh-Hans","@id":"https:\/\/afrosinogros.com\/#\/schema\/logo\/image\/","url":"https:\/\/afrosinogros.com\/wp-content\/uploads\/2025\/09\/cropped-afrosino_logo_optimized-removebg-preview.png","contentUrl":"https:\/\/afrosinogros.com\/wp-content\/uploads\/2025\/09\/cropped-afrosino_logo_optimized-removebg-preview.png","width":512,"height":512,"caption":"AfroSino"},"image":{"@id":"https:\/\/afrosinogros.com\/#\/schema\/logo\/image\/"}}]}},"uagb_featured_image_src":{"full":["https:\/\/afrosinogros.com\/wp-content\/uploads\/2025\/07\/T1.jpg",800,800,false],"thumbnail":["https:\/\/afrosinogros.com\/wp-content\/uploads\/2025\/07\/T1-150x150.jpg",150,150,true],"medium":["https:\/\/afrosinogros.com\/wp-content\/uploads\/2025\/07\/T1-300x300.jpg",300,300,true],"medium_large":["https:\/\/afrosinogros.com\/wp-content\/uploads\/2025\/07\/T1-768x768.jpg",768,768,true],"large":["https:\/\/afrosinogros.com\/wp-content\/uploads\/2025\/07\/T1.jpg",800,800,false],"1536x1536":["https:\/\/afrosinogros.com\/wp-content\/uploads\/2025\/07\/T1.jpg",800,800,false],"2048x2048":["https:\/\/afrosinogros.com\/wp-content\/uploads\/2025\/07\/T1.jpg",800,800,false],"trp-custom-language-flag":["https:\/\/afrosinogros.com\/wp-content\/uploads\/2025\/07\/T1-12x12.jpg",12,12,true],"woocommerce_archive_thumbnail":["https:\/\/afrosinogros.com\/wp-content\/uploads\/2025\/07\/T1-300x300.jpg",300,300,true],"woocommerce_thumbnail":["https:\/\/afrosinogros.com\/wp-content\/uploads\/2025\/07\/T1-300x300.jpg",300,300,true],"woocommerce_single":["https:\/\/afrosinogros.com\/wp-content\/uploads\/2025\/07\/T1-600x600.jpg",600,600,true],"woocommerce_gallery_thumbnail":["https:\/\/afrosinogros.com\/wp-content\/uploads\/2025\/07\/T1-100x100.jpg",100,100,true]},"uagb_author_info":{"display_name":"admin","author_link":"https:\/\/afrosinogros.com\/zh\/author\/"},"uagb_comment_info":0,"uagb_excerpt":"Caract\u00e9ristiques principales : \u2705 \u00c9cran LED 50\" Full HD : grande surface d\u2019affichage, parfaite pour les films et jeux \u2705 Ports HDMI (x2) et USB (x2) : prise en charge de tous vos appareils \u2705 Tuner TNT int\u00e9gr\u00e9 : cha\u00eenes num\u00e9riques en direct \u2705 Design moderne et robuste, id\u00e9al pour murs ou meubles TV \u2705&hellip;","jetpack_sharing_enabled":true,"_links":{"self":[{"href":"https:\/\/afrosinogros.com\/zh\/wp-json\/wp\/v2\/product\/908","targetHints":{"allow":["GET"]}}],"collection":[{"href":"https:\/\/afrosinogros.com\/zh\/wp-json\/wp\/v2\/product"}],"about":[{"href":"https:\/\/afrosinogros.com\/zh\/wp-json\/wp\/v2\/types\/product"}],"replies":[{"embeddable":true,"href":"https:\/\/afrosinogros.com\/zh\/wp-json\/wp\/v2\/comments?post=908"}],"wp:featuredmedia":[{"embeddable":true,"href":"https:\/\/afrosinogros.com\/zh\/wp-json\/wp\/v2\/media\/891"}],"wp:attachment":[{"href":"https:\/\/afrosinogros.com\/zh\/wp-json\/wp\/v2\/media?parent=908"}],"wp:term":[{"taxonomy":"product_brand","embeddable":true,"href":"https:\/\/afrosinogros.com\/zh\/wp-json\/wp\/v2\/product_brand?post=908"},{"taxonomy":"product_cat","embeddable":true,"href":"https:\/\/afrosinogros.com\/zh\/wp-json\/wp\/v2\/product_cat?post=908"},{"taxonomy":"product_tag","embeddable":true,"href":"https:\/\/afrosinogros.com\/zh\/wp-json\/wp\/v2\/product_tag?post=908"}],"curies":[{"name":"wp","href":"https:\/\/api.w.org\/{rel}","templated":true}]}}