{"id":920,"date":"2025-07-12T12:35:57","date_gmt":"2025-07-12T12:35:57","guid":{"rendered":"https:\/\/afrosinogros.com\/?post_type=product&#038;p=920"},"modified":"2025-07-12T12:35:58","modified_gmt":"2025-07-12T12:35:58","slug":"armoire-de-toilette-murale-avec-vasque-bca1001-40wd-40-cm-style-bois-fonce","status":"publish","type":"product","link":"https:\/\/afrosinogros.com\/zh\/product\/armoire-de-toilette-murale-avec-vasque-bca1001-40wd-40-cm-style-bois-fonce\/","title":{"rendered":"Armoire de Toilette Murale avec Vasque \u2013 BCA1001-40WD \u2013 40 cm \u2013 Style Bois Fonc\u00e9"},"content":{"rendered":"<p>Apportez une touche <strong data-start=\"253\" data-end=\"291\">moderne, \u00e9l\u00e9gante et fonctionnelle<\/strong> \u00e0 votre salle de bain avec l&rsquo;ensemble <strong data-start=\"330\" data-end=\"346\">BCA1001-40WD<\/strong>. Ce meuble mural compact de <strong data-start=\"375\" data-end=\"384\">40 cm<\/strong> est con\u00e7u pour les espaces r\u00e9duits sans compromettre le style. Avec sa <strong data-start=\"456\" data-end=\"479\">finition bois fonc\u00e9<\/strong>, sa <strong data-start=\"484\" data-end=\"515\">vasque en c\u00e9ramique blanche<\/strong> et son <strong data-start=\"523\" data-end=\"553\">miroir avec niche int\u00e9gr\u00e9e<\/strong>, il allie design et praticit\u00e9.<\/p>\n<h3 data-start=\"1612\" data-end=\"1648\">\ud83d\udcbc <strong data-start=\"1619\" data-end=\"1648\">Utilisation recommand\u00e9e :<\/strong><\/h3>\n<ul data-start=\"1650\" data-end=\"1760\">\n<li data-start=\"1650\" data-end=\"1686\">\n<p data-start=\"1652\" data-end=\"1686\">R\u00e9sidences, h\u00f4tels, appartements<\/p>\n<\/li>\n<li data-start=\"1687\" data-end=\"1719\">\n<p data-start=\"1689\" data-end=\"1719\">Projets immobiliers modernes<\/p>\n<\/li>\n<li data-start=\"1720\" data-end=\"1760\">\n<p data-start=\"1722\" data-end=\"1760\">Vente en gros &amp; distribution sanitaire<\/p>\n<\/li>\n<\/ul>\n<hr data-start=\"1762\" data-end=\"1765\" \/>\n<p data-start=\"1767\" data-end=\"1942\">\ud83d\udccc <strong data-start=\"1770\" data-end=\"1783\">R\u00e9f\u00e9rence<\/strong> : BCA1001-40WD<br data-start=\"1798\" data-end=\"1801\" \/>\ud83d\udccc <strong data-start=\"1804\" data-end=\"1859\">Disponible en autres tailles et coloris sur demande<\/strong><br data-start=\"1859\" data-end=\"1862\" \/>\ud83d\udccc <strong data-start=\"1865\" data-end=\"1889\">Garantie fournisseur<\/strong> : produit v\u00e9rifi\u00e9, pr\u00eat pour l\u2019export vers l\u2019Afrique<\/p>","protected":false},"excerpt":{"rendered":"<h3 data-start=\"591\" data-end=\"627\">\u2728 <strong data-start=\"597\" data-end=\"627\">Caract\u00e9ristiques produit :<\/strong><\/h3>\n<ul data-start=\"629\" data-end=\"1090\">\n<li data-start=\"629\" data-end=\"660\">\n<p data-start=\"631\" data-end=\"660\">\u2705 <strong data-start=\"633\" data-end=\"643\">Mod\u00e8le<\/strong> : BCA1001-40WD<\/p>\n<\/li>\n<li data-start=\"661\" data-end=\"699\">\n<p data-start=\"663\" data-end=\"699\">\u2705 <strong data-start=\"665\" data-end=\"679\">Dimensions<\/strong> : 40 cm (largeur)<\/p>\n<\/li>\n<li data-start=\"700\" data-end=\"750\">\n<p data-start=\"702\" data-end=\"750\">\u2705 <strong data-start=\"704\" data-end=\"712\">Type<\/strong> : Ensemble meuble + vasque + miroir<\/p>\n<\/li>\n<li data-start=\"751\" data-end=\"796\">\n<p data-start=\"753\" data-end=\"796\">\u2705 <strong data-start=\"755\" data-end=\"767\">Finition<\/strong> : Bois fonc\u00e9 (effet noyer)<\/p>\n<\/li>\n<li data-start=\"797\" data-end=\"838\">\n<p data-start=\"799\" data-end=\"838\">\u2705 <strong data-start=\"801\" data-end=\"817\">Installation<\/strong> : Murale suspendue<\/p>\n<\/li>\n<li data-start=\"839\" data-end=\"892\">\n<p data-start=\"841\" data-end=\"892\">\u2705 <strong data-start=\"843\" data-end=\"853\">Vasque<\/strong> : C\u00e9ramique blanche de haute qualit\u00e9<\/p>\n<\/li>\n<li data-start=\"893\" data-end=\"1013\">\n<p data-start=\"895\" data-end=\"912\">\u2705 <strong data-start=\"897\" data-end=\"910\">Rangement<\/strong> :<\/p>\n<ul data-start=\"915\" data-end=\"1013\">\n<li data-start=\"915\" data-end=\"960\">\n<p data-start=\"917\" data-end=\"960\">Placard inf\u00e9rieur avec poign\u00e9e noire mate<\/p>\n<\/li>\n<li data-start=\"963\" data-end=\"1013\">\n<p data-start=\"965\" data-end=\"1013\">Miroir avec \u00e9tag\u00e8re ouverte et porte-serviette<\/p>\n<\/li>\n<\/ul>\n<\/li>\n<li data-start=\"1014\" data-end=\"1058\">\n<p data-start=\"1016\" data-end=\"1058\">\u2705 <strong data-start=\"1018\" data-end=\"1034\">Robinetterie<\/strong> : Compatible standard<\/p>\n<\/li>\n<li data-start=\"1059\" data-end=\"1090\">\n<p data-start=\"1061\" data-end=\"1090\">\u2705 <strong data-start=\"1063\" data-end=\"1072\">Style<\/strong> : Moderne &amp; \u00e9pur\u00e9<\/p>\n<\/li>\n<li data-start=\"1059\" data-end=\"1090\">\n<h3 data-start=\"1097\" data-end=\"1134\">\ud83d\udce6 <strong data-start=\"1104\" data-end=\"1134\">Informations logistiques :<\/strong><\/h3>\n<ul data-start=\"1136\" data-end=\"1306\">\n<li data-start=\"1136\" data-end=\"1178\">\n<p data-start=\"1138\" data-end=\"1178\">Conditionnement : <strong data-start=\"1156\" data-end=\"1176\">1 pi\u00e8ce \/ carton<\/strong><\/p>\n<\/li>\n<li data-start=\"1179\" data-end=\"1198\">\n<p data-start=\"1181\" data-end=\"1198\">Origine : Chine<\/p>\n<\/li>\n<li data-start=\"1199\" data-end=\"1257\">\n<p data-start=\"1201\" data-end=\"1257\">Quantit\u00e9 minimale de commande (<strong data-start=\"1232\" data-end=\"1239\">MOQ<\/strong>) : <strong data-start=\"1243\" data-end=\"1255\">5 pi\u00e8ces<\/strong><\/p>\n<\/li>\n<li data-start=\"1258\" data-end=\"1306\">\n<p data-start=\"1260\" data-end=\"1306\">\u26a0\ufe0f <strong data-start=\"1263\" data-end=\"1306\">Livraison offerte \u00e0 partir de 10 pi\u00e8ces<\/strong><\/p>\n<\/li>\n<li data-start=\"1258\" data-end=\"1306\">\n<ul data-start=\"1136\" data-end=\"1306\">\n<li data-start=\"1258\" data-end=\"1306\">\n<p data-start=\"1260\" data-end=\"1306\"><strong data-start=\"1263\" data-end=\"1306\">pi\u00e8ces<\/strong><\/p>\n<\/li>\n<\/ul>\n<hr data-start=\"1308\" data-end=\"1311\" \/>\n<h3 data-start=\"1313\" data-end=\"1349\">\ud83d\ude9b <strong data-start=\"1320\" data-end=\"1349\">Conditions de livraison :<\/strong><\/h3>\n<ul data-start=\"1351\" data-end=\"1605\">\n<li data-start=\"1351\" data-end=\"1414\">\n<p data-start=\"1353\" data-end=\"1414\">\u2714\ufe0f <strong data-start=\"1356\" data-end=\"1384\">Commande de 5 \u00e0 9 pi\u00e8ces<\/strong> : Livraison <strong data-start=\"1397\" data-end=\"1412\">non incluse<\/strong><\/p>\n<\/li>\n<li data-start=\"1415\" data-end=\"1511\">\n<p data-start=\"1417\" data-end=\"1511\">\u2714\ufe0f <strong data-start=\"1420\" data-end=\"1453\">Commande de 10 pi\u00e8ces ou plus<\/strong> : Livraison <strong data-start=\"1466\" data-end=\"1478\">gratuite<\/strong> vers Abidjan et zone portuaire<\/p>\n<\/li>\n<li data-start=\"1512\" data-end=\"1605\">\n<p data-start=\"1514\" data-end=\"1605\">\ud83d\udcdd Pour toute commande sp\u00e9ciale ou volume important, nous contacter pour devis personnalis\u00e9<\/p>\n<\/li>\n<\/ul>\n<\/li>\n<\/ul>\n<\/li>\n<\/ul>","protected":false},"featured_media":912,"comment_status":"open","ping_status":"closed","template":"","meta":{"_uag_custom_page_level_css":""},"product_brand":[99],"product_cat":[63],"product_tag":[],"class_list":{"0":"post-920","1":"product","2":"type-product","3":"status-publish","4":"has-post-thumbnail","6":"product_brand-doli","7":"product_cat-equipements-de-salle-de-bain","9":"first","10":"instock","11":"sale","12":"taxable","13":"shipping-taxable","14":"purchasable","15":"product-type-simple"},"yoast_head":"<!-- This site is optimized with the Yoast SEO plugin v27.3 - https:\/\/yoast.com\/product\/yoast-seo-wordpress\/ -->\n<title>Armoire de Toilette Murale avec Vasque \u2013 BCA1001-40WD \u2013 40 cm \u2013 Style Bois Fonc\u00e9 - AfroSino<\/title>\n<meta name=\"robots\" content=\"index, follow, max-snippet:-1, max-image-preview:large, max-video-preview:-1\" \/>\n<link rel=\"canonical\" href=\"https:\/\/afrosinogros.com\/zh\/product\/armoire-de-toilette-murale-avec-vasque-bca1001-40wd-40-cm-style-bois-fonce\/\" \/>\n<meta property=\"og:locale\" content=\"zh_CN\" \/>\n<meta property=\"og:type\" content=\"article\" \/>\n<meta property=\"og:title\" content=\"Armoire de Toilette Murale avec Vasque \u2013 BCA1001-40WD \u2013 40 cm \u2013 Style Bois Fonc\u00e9 - AfroSino\" \/>\n<meta property=\"og:description\" content=\"\u2728 Caract\u00e9ristiques produit :    \u2705 Mod\u00e8le : BCA1001-40WD    \u2705 Dimensions : 40 cm (largeur)    \u2705 Type : Ensemble meuble + vasque + miroir    \u2705 Finition : Bois fonc\u00e9 (effet noyer)    \u2705 Installation : Murale suspendue    \u2705 Vasque : C\u00e9ramique blanche de haute qualit\u00e9    \u2705 Rangement :     Placard inf\u00e9rieur avec poign\u00e9e noire mate    Miroir avec \u00e9tag\u00e8re ouverte et porte-serviette      \u2705 Robinetterie : Compatible standard    \u2705 Style : Moderne &amp; \u00e9pur\u00e9    \ud83d\udce6 Informations logistiques :    Conditionnement : 1 pi\u00e8ce \/ carton    Origine : Chine    Quantit\u00e9 minimale de commande (MOQ) : 5 pi\u00e8ces    \u26a0\ufe0f Livraison offerte \u00e0 partir de 10 pi\u00e8ces       pi\u00e8ces      \ud83d\ude9b Conditions de livraison :    \u2714\ufe0f Commande de 5 \u00e0 9 pi\u00e8ces : Livraison non incluse    \u2714\ufe0f Commande de 10 pi\u00e8ces ou plus : Livraison gratuite vers Abidjan et zone portuaire    \ud83d\udcdd Pour toute commande sp\u00e9ciale ou volume important, nous contacter pour devis personnalis\u00e9\" \/>\n<meta property=\"og:url\" content=\"https:\/\/afrosinogros.com\/zh\/product\/armoire-de-toilette-murale-avec-vasque-bca1001-40wd-40-cm-style-bois-fonce\/\" \/>\n<meta property=\"og:site_name\" content=\"AfroSino\" \/>\n<meta property=\"article:modified_time\" content=\"2025-07-12T12:35:58+00:00\" \/>\n<meta property=\"og:image\" content=\"https:\/\/afrosinogros.com\/wp-content\/uploads\/2025\/07\/BCW1004-40WD.jpg\" \/>\n\t<meta property=\"og:image:width\" content=\"800\" \/>\n\t<meta property=\"og:image:height\" content=\"713\" \/>\n\t<meta property=\"og:image:type\" content=\"image\/jpeg\" \/>\n<meta name=\"twitter:card\" content=\"summary_large_image\" \/>\n<meta name=\"twitter:label1\" content=\"\u9884\u8ba1\u9605\u8bfb\u65f6\u95f4\" \/>\n\t<meta name=\"twitter:data1\" content=\"1 \u5206\" \/>\n<script type=\"application\/ld+json\" class=\"yoast-schema-graph\">{\"@context\":\"https:\\\/\\\/schema.org\",\"@graph\":[{\"@type\":\"WebPage\",\"@id\":\"https:\\\/\\\/afrosinogros.com\\\/product\\\/armoire-de-toilette-murale-avec-vasque-bca1001-40wd-40-cm-style-bois-fonce\\\/\",\"url\":\"https:\\\/\\\/afrosinogros.com\\\/product\\\/armoire-de-toilette-murale-avec-vasque-bca1001-40wd-40-cm-style-bois-fonce\\\/\",\"name\":\"Armoire de Toilette Murale avec Vasque \u2013 BCA1001-40WD \u2013 40 cm \u2013 Style Bois Fonc\u00e9 - AfroSino\",\"isPartOf\":{\"@id\":\"https:\\\/\\\/afrosinogros.com\\\/#website\"},\"primaryImageOfPage\":{\"@id\":\"https:\\\/\\\/afrosinogros.com\\\/product\\\/armoire-de-toilette-murale-avec-vasque-bca1001-40wd-40-cm-style-bois-fonce\\\/#primaryimage\"},\"image\":{\"@id\":\"https:\\\/\\\/afrosinogros.com\\\/product\\\/armoire-de-toilette-murale-avec-vasque-bca1001-40wd-40-cm-style-bois-fonce\\\/#primaryimage\"},\"thumbnailUrl\":\"https:\\\/\\\/afrosinogros.com\\\/wp-content\\\/uploads\\\/2025\\\/07\\\/BCW1004-40WD.jpg\",\"datePublished\":\"2025-07-12T12:35:57+00:00\",\"dateModified\":\"2025-07-12T12:35:58+00:00\",\"breadcrumb\":{\"@id\":\"https:\\\/\\\/afrosinogros.com\\\/product\\\/armoire-de-toilette-murale-avec-vasque-bca1001-40wd-40-cm-style-bois-fonce\\\/#breadcrumb\"},\"inLanguage\":\"zh-Hans\",\"potentialAction\":[{\"@type\":\"ReadAction\",\"target\":[\"https:\\\/\\\/afrosinogros.com\\\/product\\\/armoire-de-toilette-murale-avec-vasque-bca1001-40wd-40-cm-style-bois-fonce\\\/\"]}]},{\"@type\":\"ImageObject\",\"inLanguage\":\"zh-Hans\",\"@id\":\"https:\\\/\\\/afrosinogros.com\\\/product\\\/armoire-de-toilette-murale-avec-vasque-bca1001-40wd-40-cm-style-bois-fonce\\\/#primaryimage\",\"url\":\"https:\\\/\\\/afrosinogros.com\\\/wp-content\\\/uploads\\\/2025\\\/07\\\/BCW1004-40WD.jpg\",\"contentUrl\":\"https:\\\/\\\/afrosinogros.com\\\/wp-content\\\/uploads\\\/2025\\\/07\\\/BCW1004-40WD.jpg\",\"width\":800,\"height\":713},{\"@type\":\"BreadcrumbList\",\"@id\":\"https:\\\/\\\/afrosinogros.com\\\/product\\\/armoire-de-toilette-murale-avec-vasque-bca1001-40wd-40-cm-style-bois-fonce\\\/#breadcrumb\",\"itemListElement\":[{\"@type\":\"ListItem\",\"position\":1,\"name\":\"Home\",\"item\":\"https:\\\/\\\/afrosinogros.com\\\/\"},{\"@type\":\"ListItem\",\"position\":2,\"name\":\"Magasin\",\"item\":\"https:\\\/\\\/afrosinogros.com\\\/magasin\\\/\"},{\"@type\":\"ListItem\",\"position\":3,\"name\":\"Armoire de Toilette Murale avec Vasque \u2013 BCA1001-40WD \u2013 40 cm \u2013 Style Bois Fonc\u00e9\"}]},{\"@type\":\"WebSite\",\"@id\":\"https:\\\/\\\/afrosinogros.com\\\/#website\",\"url\":\"https:\\\/\\\/afrosinogros.com\\\/\",\"name\":\"AfroSino\",\"description\":\"Officiel site web\",\"publisher\":{\"@id\":\"https:\\\/\\\/afrosinogros.com\\\/#organization\"},\"potentialAction\":[{\"@type\":\"SearchAction\",\"target\":{\"@type\":\"EntryPoint\",\"urlTemplate\":\"https:\\\/\\\/afrosinogros.com\\\/?s={search_term_string}\"},\"query-input\":{\"@type\":\"PropertyValueSpecification\",\"valueRequired\":true,\"valueName\":\"search_term_string\"}}],\"inLanguage\":\"zh-Hans\"},{\"@type\":\"Organization\",\"@id\":\"https:\\\/\\\/afrosinogros.com\\\/#organization\",\"name\":\"AfroSino\",\"url\":\"https:\\\/\\\/afrosinogros.com\\\/\",\"logo\":{\"@type\":\"ImageObject\",\"inLanguage\":\"zh-Hans\",\"@id\":\"https:\\\/\\\/afrosinogros.com\\\/#\\\/schema\\\/logo\\\/image\\\/\",\"url\":\"https:\\\/\\\/afrosinogros.com\\\/wp-content\\\/uploads\\\/2025\\\/09\\\/cropped-afrosino_logo_optimized-removebg-preview.png\",\"contentUrl\":\"https:\\\/\\\/afrosinogros.com\\\/wp-content\\\/uploads\\\/2025\\\/09\\\/cropped-afrosino_logo_optimized-removebg-preview.png\",\"width\":512,\"height\":512,\"caption\":\"AfroSino\"},\"image\":{\"@id\":\"https:\\\/\\\/afrosinogros.com\\\/#\\\/schema\\\/logo\\\/image\\\/\"}}]}<\/script>\n<!-- \/ Yoast SEO plugin. -->","yoast_head_json":{"title":"Armoire de Toilette Murale avec Vasque \u2013 BCA1001-40WD \u2013 40 cm \u2013 Style Bois Fonc\u00e9 - AfroSino","robots":{"index":"index","follow":"follow","max-snippet":"max-snippet:-1","max-image-preview":"max-image-preview:large","max-video-preview":"max-video-preview:-1"},"canonical":"https:\/\/afrosinogros.com\/zh\/product\/armoire-de-toilette-murale-avec-vasque-bca1001-40wd-40-cm-style-bois-fonce\/","og_locale":"zh_CN","og_type":"article","og_title":"Armoire de Toilette Murale avec Vasque \u2013 BCA1001-40WD \u2013 40 cm \u2013 Style Bois Fonc\u00e9 - AfroSino","og_description":"\u2728 Caract\u00e9ristiques produit :    \u2705 Mod\u00e8le : BCA1001-40WD    \u2705 Dimensions : 40 cm (largeur)    \u2705 Type : Ensemble meuble + vasque + miroir    \u2705 Finition : Bois fonc\u00e9 (effet noyer)    \u2705 Installation : Murale suspendue    \u2705 Vasque : C\u00e9ramique blanche de haute qualit\u00e9    \u2705 Rangement :     Placard inf\u00e9rieur avec poign\u00e9e noire mate    Miroir avec \u00e9tag\u00e8re ouverte et porte-serviette      \u2705 Robinetterie : Compatible standard    \u2705 Style : Moderne &amp; \u00e9pur\u00e9    \ud83d\udce6 Informations logistiques :    Conditionnement : 1 pi\u00e8ce \/ carton    Origine : Chine    Quantit\u00e9 minimale de commande (MOQ) : 5 pi\u00e8ces    \u26a0\ufe0f Livraison offerte \u00e0 partir de 10 pi\u00e8ces       pi\u00e8ces      \ud83d\ude9b Conditions de livraison :    \u2714\ufe0f Commande de 5 \u00e0 9 pi\u00e8ces : Livraison non incluse    \u2714\ufe0f Commande de 10 pi\u00e8ces ou plus : Livraison gratuite vers Abidjan et zone portuaire    \ud83d\udcdd Pour toute commande sp\u00e9ciale ou volume important, nous contacter pour devis personnalis\u00e9","og_url":"https:\/\/afrosinogros.com\/zh\/product\/armoire-de-toilette-murale-avec-vasque-bca1001-40wd-40-cm-style-bois-fonce\/","og_site_name":"AfroSino","article_modified_time":"2025-07-12T12:35:58+00:00","og_image":[{"width":800,"height":713,"url":"https:\/\/afrosinogros.com\/wp-content\/uploads\/2025\/07\/BCW1004-40WD.jpg","type":"image\/jpeg"}],"twitter_card":"summary_large_image","twitter_misc":{"\u9884\u8ba1\u9605\u8bfb\u65f6\u95f4":"1 \u5206"},"schema":{"@context":"https:\/\/schema.org","@graph":[{"@type":"WebPage","@id":"https:\/\/afrosinogros.com\/product\/armoire-de-toilette-murale-avec-vasque-bca1001-40wd-40-cm-style-bois-fonce\/","url":"https:\/\/afrosinogros.com\/product\/armoire-de-toilette-murale-avec-vasque-bca1001-40wd-40-cm-style-bois-fonce\/","name":"Armoire de Toilette Murale avec Vasque \u2013 BCA1001-40WD \u2013 40 cm \u2013 Style Bois Fonc\u00e9 - AfroSino","isPartOf":{"@id":"https:\/\/afrosinogros.com\/#website"},"primaryImageOfPage":{"@id":"https:\/\/afrosinogros.com\/product\/armoire-de-toilette-murale-avec-vasque-bca1001-40wd-40-cm-style-bois-fonce\/#primaryimage"},"image":{"@id":"https:\/\/afrosinogros.com\/product\/armoire-de-toilette-murale-avec-vasque-bca1001-40wd-40-cm-style-bois-fonce\/#primaryimage"},"thumbnailUrl":"https:\/\/afrosinogros.com\/wp-content\/uploads\/2025\/07\/BCW1004-40WD.jpg","datePublished":"2025-07-12T12:35:57+00:00","dateModified":"2025-07-12T12:35:58+00:00","breadcrumb":{"@id":"https:\/\/afrosinogros.com\/product\/armoire-de-toilette-murale-avec-vasque-bca1001-40wd-40-cm-style-bois-fonce\/#breadcrumb"},"inLanguage":"zh-Hans","potentialAction":[{"@type":"ReadAction","target":["https:\/\/afrosinogros.com\/product\/armoire-de-toilette-murale-avec-vasque-bca1001-40wd-40-cm-style-bois-fonce\/"]}]},{"@type":"ImageObject","inLanguage":"zh-Hans","@id":"https:\/\/afrosinogros.com\/product\/armoire-de-toilette-murale-avec-vasque-bca1001-40wd-40-cm-style-bois-fonce\/#primaryimage","url":"https:\/\/afrosinogros.com\/wp-content\/uploads\/2025\/07\/BCW1004-40WD.jpg","contentUrl":"https:\/\/afrosinogros.com\/wp-content\/uploads\/2025\/07\/BCW1004-40WD.jpg","width":800,"height":713},{"@type":"BreadcrumbList","@id":"https:\/\/afrosinogros.com\/product\/armoire-de-toilette-murale-avec-vasque-bca1001-40wd-40-cm-style-bois-fonce\/#breadcrumb","itemListElement":[{"@type":"ListItem","position":1,"name":"Home","item":"https:\/\/afrosinogros.com\/"},{"@type":"ListItem","position":2,"name":"Magasin","item":"https:\/\/afrosinogros.com\/magasin\/"},{"@type":"ListItem","position":3,"name":"Armoire de Toilette Murale avec Vasque \u2013 BCA1001-40WD \u2013 40 cm \u2013 Style Bois Fonc\u00e9"}]},{"@type":"WebSite","@id":"https:\/\/afrosinogros.com\/#website","url":"https:\/\/afrosinogros.com\/","name":"AfroSino","description":"Officiel site web","publisher":{"@id":"https:\/\/afrosinogros.com\/#organization"},"potentialAction":[{"@type":"SearchAction","target":{"@type":"EntryPoint","urlTemplate":"https:\/\/afrosinogros.com\/?s={search_term_string}"},"query-input":{"@type":"PropertyValueSpecification","valueRequired":true,"valueName":"search_term_string"}}],"inLanguage":"zh-Hans"},{"@type":"Organization","@id":"https:\/\/afrosinogros.com\/#organization","name":"AfroSino","url":"https:\/\/afrosinogros.com\/","logo":{"@type":"ImageObject","inLanguage":"zh-Hans","@id":"https:\/\/afrosinogros.com\/#\/schema\/logo\/image\/","url":"https:\/\/afrosinogros.com\/wp-content\/uploads\/2025\/09\/cropped-afrosino_logo_optimized-removebg-preview.png","contentUrl":"https:\/\/afrosinogros.com\/wp-content\/uploads\/2025\/09\/cropped-afrosino_logo_optimized-removebg-preview.png","width":512,"height":512,"caption":"AfroSino"},"image":{"@id":"https:\/\/afrosinogros.com\/#\/schema\/logo\/image\/"}}]}},"uagb_featured_image_src":{"full":["https:\/\/afrosinogros.com\/wp-content\/uploads\/2025\/07\/BCW1004-40WD.jpg",800,713,false],"thumbnail":["https:\/\/afrosinogros.com\/wp-content\/uploads\/2025\/07\/BCW1004-40WD-150x150.jpg",150,150,true],"medium":["https:\/\/afrosinogros.com\/wp-content\/uploads\/2025\/07\/BCW1004-40WD-300x267.jpg",300,267,true],"medium_large":["https:\/\/afrosinogros.com\/wp-content\/uploads\/2025\/07\/BCW1004-40WD-768x684.jpg",768,684,true],"large":["https:\/\/afrosinogros.com\/wp-content\/uploads\/2025\/07\/BCW1004-40WD.jpg",800,713,false],"1536x1536":["https:\/\/afrosinogros.com\/wp-content\/uploads\/2025\/07\/BCW1004-40WD.jpg",800,713,false],"2048x2048":["https:\/\/afrosinogros.com\/wp-content\/uploads\/2025\/07\/BCW1004-40WD.jpg",800,713,false],"trp-custom-language-flag":["https:\/\/afrosinogros.com\/wp-content\/uploads\/2025\/07\/BCW1004-40WD-13x12.jpg",13,12,true],"woocommerce_archive_thumbnail":["https:\/\/afrosinogros.com\/wp-content\/uploads\/2025\/07\/BCW1004-40WD-300x267.jpg",300,267,true],"woocommerce_thumbnail":["https:\/\/afrosinogros.com\/wp-content\/uploads\/2025\/07\/BCW1004-40WD-300x300.jpg",300,300,true],"woocommerce_single":["https:\/\/afrosinogros.com\/wp-content\/uploads\/2025\/07\/BCW1004-40WD-600x535.jpg",600,535,true],"woocommerce_gallery_thumbnail":["https:\/\/afrosinogros.com\/wp-content\/uploads\/2025\/07\/BCW1004-40WD-100x100.jpg",100,100,true]},"uagb_author_info":{"display_name":"admin","author_link":"https:\/\/afrosinogros.com\/zh\/author\/"},"uagb_comment_info":0,"uagb_excerpt":"\u2728 Caract\u00e9ristiques produit : \u2705 Mod\u00e8le : BCA1001-40WD \u2705 Dimensions : 40 cm (largeur) \u2705 Type : Ensemble meuble + vasque + miroir \u2705 Finition : Bois fonc\u00e9 (effet noyer) \u2705 Installation : Murale suspendue \u2705 Vasque : C\u00e9ramique blanche de haute qualit\u00e9 \u2705 Rangement : Placard inf\u00e9rieur avec poign\u00e9e noire mate Miroir avec \u00e9tag\u00e8re&hellip;","jetpack_sharing_enabled":true,"_links":{"self":[{"href":"https:\/\/afrosinogros.com\/zh\/wp-json\/wp\/v2\/product\/920","targetHints":{"allow":["GET"]}}],"collection":[{"href":"https:\/\/afrosinogros.com\/zh\/wp-json\/wp\/v2\/product"}],"about":[{"href":"https:\/\/afrosinogros.com\/zh\/wp-json\/wp\/v2\/types\/product"}],"replies":[{"embeddable":true,"href":"https:\/\/afrosinogros.com\/zh\/wp-json\/wp\/v2\/comments?post=920"}],"wp:featuredmedia":[{"embeddable":true,"href":"https:\/\/afrosinogros.com\/zh\/wp-json\/wp\/v2\/media\/912"}],"wp:attachment":[{"href":"https:\/\/afrosinogros.com\/zh\/wp-json\/wp\/v2\/media?parent=920"}],"wp:term":[{"taxonomy":"product_brand","embeddable":true,"href":"https:\/\/afrosinogros.com\/zh\/wp-json\/wp\/v2\/product_brand?post=920"},{"taxonomy":"product_cat","embeddable":true,"href":"https:\/\/afrosinogros.com\/zh\/wp-json\/wp\/v2\/product_cat?post=920"},{"taxonomy":"product_tag","embeddable":true,"href":"https:\/\/afrosinogros.com\/zh\/wp-json\/wp\/v2\/product_tag?post=920"}],"curies":[{"name":"wp","href":"https:\/\/api.w.org\/{rel}","templated":true}]}}