{"id":921,"date":"2025-07-12T12:42:19","date_gmt":"2025-07-12T12:42:19","guid":{"rendered":"https:\/\/afrosinogros.com\/?post_type=product&#038;p=921"},"modified":"2025-07-12T12:42:20","modified_gmt":"2025-07-12T12:42:20","slug":"armoire-de-toilette-murale-avec-vasque-bcw1005-60sg-60-cm-vert-moderne","status":"publish","type":"product","link":"https:\/\/afrosinogros.com\/zh\/product\/armoire-de-toilette-murale-avec-vasque-bcw1005-60sg-60-cm-vert-moderne\/","title":{"rendered":"Armoire de Toilette Murale avec Vasque \u2013 BCW1005-60SG \u2013 60 cm \u2013 Vert Moderne"},"content":{"rendered":"<p>Transformez votre salle de bain avec ce <strong data-start=\"347\" data-end=\"383\">meuble suspendu \u00e9l\u00e9gant de 60 cm<\/strong>, con\u00e7u pour allier <strong data-start=\"403\" data-end=\"426\">design contemporain<\/strong>, <strong data-start=\"428\" data-end=\"453\">optimisation d\u2019espace<\/strong> et <strong data-start=\"457\" data-end=\"479\">rangement pratique<\/strong>. Le mod\u00e8le <strong data-start=\"491\" data-end=\"507\">BCW1005-60SG<\/strong>, avec sa <strong data-start=\"517\" data-end=\"542\">finition vert moderne<\/strong>, apporte une touche audacieuse et sophistiqu\u00e9e \u00e0 tout int\u00e9rieur.<\/p>\n<h3 data-start=\"1678\" data-end=\"1714\">\ud83d\udcbc <strong data-start=\"1685\" data-end=\"1714\">Utilisation recommand\u00e9e :<\/strong><\/h3>\n<ul data-start=\"1716\" data-end=\"1819\">\n<li data-start=\"1716\" data-end=\"1739\">\n<p data-start=\"1718\" data-end=\"1739\">R\u00e9sidences modernes<\/p>\n<\/li>\n<li data-start=\"1740\" data-end=\"1773\">\n<p data-start=\"1742\" data-end=\"1773\">Appartements, h\u00f4tels, studios<\/p>\n<\/li>\n<li data-start=\"1774\" data-end=\"1819\">\n<p data-start=\"1776\" data-end=\"1819\">Revendeurs sanitaires et distributeurs d\u00e9co<\/p>\n<\/li>\n<\/ul>","protected":false},"excerpt":{"rendered":"<h3 data-start=\"614\" data-end=\"650\">\u2728 <strong data-start=\"620\" data-end=\"650\">Caract\u00e9ristiques produit :<\/strong><\/h3>\n<ul data-start=\"652\" data-end=\"1169\">\n<li data-start=\"652\" data-end=\"683\">\n<p data-start=\"654\" data-end=\"683\">\u2705 <strong data-start=\"656\" data-end=\"666\">Mod\u00e8le<\/strong> : BCW1005-60SG<\/p>\n<\/li>\n<li data-start=\"684\" data-end=\"722\">\n<p data-start=\"686\" data-end=\"722\">\u2705 <strong data-start=\"688\" data-end=\"702\">Dimensions<\/strong> : 60 cm (largeur)<\/p>\n<\/li>\n<li data-start=\"723\" data-end=\"779\">\n<p data-start=\"725\" data-end=\"779\">\u2705 <strong data-start=\"727\" data-end=\"735\">Type<\/strong> : Ensemble meuble mural + vasque + miroir<\/p>\n<\/li>\n<li data-start=\"780\" data-end=\"835\">\n<p data-start=\"782\" data-end=\"835\">\u2705 <strong data-start=\"784\" data-end=\"796\">Finition<\/strong> : Vert moderne (effet mat ou satin\u00e9)<\/p>\n<\/li>\n<li data-start=\"836\" data-end=\"901\">\n<p data-start=\"838\" data-end=\"901\">\u2705 <strong data-start=\"840\" data-end=\"856\">Installation<\/strong> : Suspension murale (gain de place au sol)<\/p>\n<\/li>\n<li data-start=\"902\" data-end=\"952\">\n<p data-start=\"904\" data-end=\"952\">\u2705 <strong data-start=\"906\" data-end=\"916\">Vasque<\/strong> : C\u00e9ramique blanche haut de gamme<\/p>\n<\/li>\n<li data-start=\"953\" data-end=\"1061\">\n<p data-start=\"955\" data-end=\"972\">\u2705 <strong data-start=\"957\" data-end=\"970\">Rangement<\/strong> :<\/p>\n<ul data-start=\"975\" data-end=\"1061\">\n<li data-start=\"975\" data-end=\"1027\">\n<p data-start=\"977\" data-end=\"1027\">Meuble bas avec grande porte et espace int\u00e9rieur<\/p>\n<\/li>\n<li data-start=\"1030\" data-end=\"1061\">\n<p data-start=\"1032\" data-end=\"1061\">Miroir avec \u00e9tag\u00e8re ouverte<\/p>\n<\/li>\n<\/ul>\n<\/li>\n<li data-start=\"1062\" data-end=\"1121\">\n<p data-start=\"1064\" data-end=\"1121\">\u2705 <strong data-start=\"1066\" data-end=\"1082\">Robinetterie<\/strong> : Standard (non incluse, compatible)<\/p>\n<\/li>\n<li data-start=\"1122\" data-end=\"1169\">\n<p data-start=\"1124\" data-end=\"1169\">\u2705 <strong data-start=\"1126\" data-end=\"1135\">Style<\/strong> : Moderne, \u00e9l\u00e9gant et fonctionnel<\/p>\n<\/li>\n<\/ul>\n<hr data-start=\"1171\" data-end=\"1174\" \/>\n<h3 data-start=\"1176\" data-end=\"1213\">\ud83d\udce6 <strong data-start=\"1183\" data-end=\"1213\">Informations logistiques :<\/strong><\/h3>\n<ul data-start=\"1215\" data-end=\"1345\">\n<li data-start=\"1215\" data-end=\"1260\">\n<p data-start=\"1217\" data-end=\"1260\">\ud83d\udce6 Conditionnement : <strong data-start=\"1238\" data-end=\"1258\">1 pi\u00e8ce \/ carton<\/strong><\/p>\n<\/li>\n<li data-start=\"1261\" data-end=\"1293\">\n<p data-start=\"1263\" data-end=\"1293\">\ud83c\udff7\ufe0f R\u00e9f\u00e9rence : BCW1005-60SG<\/p>\n<\/li>\n<li data-start=\"1294\" data-end=\"1316\">\n<p data-start=\"1296\" data-end=\"1316\">\ud83d\udccd Origine : Chine<\/p>\n<\/li>\n<li data-start=\"1317\" data-end=\"1345\">\n<p data-start=\"1319\" data-end=\"1345\">MOQ : <strong data-start=\"1325\" data-end=\"1345\">5 pi\u00e8ces minimum<\/strong><\/p>\n<\/li>\n<\/ul>\n<hr data-start=\"1347\" data-end=\"1350\" \/>\n<h3 data-start=\"1352\" data-end=\"1399\">\ud83d\ude9b <strong data-start=\"1359\" data-end=\"1399\">Conditions de commande &amp; livraison :<\/strong><\/h3>\n<ul data-start=\"1401\" data-end=\"1671\">\n<li data-start=\"1401\" data-end=\"1464\">\n<p data-start=\"1403\" data-end=\"1464\">\ud83d\uded2 <strong data-start=\"1406\" data-end=\"1434\">Commande de 5 \u00e0 9 pi\u00e8ces<\/strong> : <strong data-start=\"1437\" data-end=\"1462\">Livraison non incluse<\/strong><\/p>\n<\/li>\n<li data-start=\"1465\" data-end=\"1579\">\n<p data-start=\"1467\" data-end=\"1579\">\ud83d\ude9a <strong data-start=\"1470\" data-end=\"1503\">Commande de 10 pi\u00e8ces ou plus<\/strong> : <strong data-start=\"1506\" data-end=\"1527\">Livraison offerte<\/strong> (zones couvertes : Abidjan, zone portuaire, etc.)<\/p>\n<\/li>\n<li data-start=\"1580\" data-end=\"1671\">\n<p data-start=\"1582\" data-end=\"1671\">\ud83d\udce6 Tarif pr\u00e9f\u00e9rentiel possible \u00e0 partir de <strong data-start=\"1625\" data-end=\"1657\">20 pi\u00e8ces ou container mixte<\/strong> (sur demande)<\/p>\n<\/li>\n<\/ul>","protected":false},"featured_media":913,"comment_status":"open","ping_status":"closed","template":"","meta":{"_uag_custom_page_level_css":""},"product_brand":[99],"product_cat":[63],"product_tag":[],"class_list":{"0":"post-921","1":"product","2":"type-product","3":"status-publish","4":"has-post-thumbnail","6":"product_brand-doli","7":"product_cat-equipements-de-salle-de-bain","9":"first","10":"instock","11":"taxable","12":"shipping-taxable","13":"purchasable","14":"product-type-simple"},"yoast_head":"<!-- This site is optimized with the Yoast SEO plugin v27.3 - https:\/\/yoast.com\/product\/yoast-seo-wordpress\/ -->\n<title>Armoire de Toilette Murale avec Vasque \u2013 BCW1005-60SG \u2013 60 cm \u2013 Vert Moderne - AfroSino<\/title>\n<meta name=\"robots\" content=\"index, follow, max-snippet:-1, max-image-preview:large, max-video-preview:-1\" \/>\n<link rel=\"canonical\" href=\"https:\/\/afrosinogros.com\/zh\/product\/armoire-de-toilette-murale-avec-vasque-bcw1005-60sg-60-cm-vert-moderne\/\" \/>\n<meta property=\"og:locale\" content=\"zh_CN\" \/>\n<meta property=\"og:type\" content=\"article\" \/>\n<meta property=\"og:title\" content=\"Armoire de Toilette Murale avec Vasque \u2013 BCW1005-60SG \u2013 60 cm \u2013 Vert Moderne - AfroSino\" \/>\n<meta property=\"og:description\" content=\"\u2728 Caract\u00e9ristiques produit :    \u2705 Mod\u00e8le : BCW1005-60SG    \u2705 Dimensions : 60 cm (largeur)    \u2705 Type : Ensemble meuble mural + vasque + miroir    \u2705 Finition : Vert moderne (effet mat ou satin\u00e9)    \u2705 Installation : Suspension murale (gain de place au sol)    \u2705 Vasque : C\u00e9ramique blanche haut de gamme    \u2705 Rangement :     Meuble bas avec grande porte et espace int\u00e9rieur    Miroir avec \u00e9tag\u00e8re ouverte      \u2705 Robinetterie : Standard (non incluse, compatible)    \u2705 Style : Moderne, \u00e9l\u00e9gant et fonctionnel      \ud83d\udce6 Informations logistiques :    \ud83d\udce6 Conditionnement : 1 pi\u00e8ce \/ carton    \ud83c\udff7\ufe0f R\u00e9f\u00e9rence : BCW1005-60SG    \ud83d\udccd Origine : Chine    MOQ : 5 pi\u00e8ces minimum      \ud83d\ude9b Conditions de commande &amp; livraison :    \ud83d\uded2 Commande de 5 \u00e0 9 pi\u00e8ces : Livraison non incluse    \ud83d\ude9a Commande de 10 pi\u00e8ces ou plus : Livraison offerte (zones couvertes : Abidjan, zone portuaire, etc.)    \ud83d\udce6 Tarif pr\u00e9f\u00e9rentiel possible \u00e0 partir de 20 pi\u00e8ces ou container mixte (sur demande)\" \/>\n<meta property=\"og:url\" content=\"https:\/\/afrosinogros.com\/zh\/product\/armoire-de-toilette-murale-avec-vasque-bcw1005-60sg-60-cm-vert-moderne\/\" \/>\n<meta property=\"og:site_name\" content=\"AfroSino\" \/>\n<meta property=\"article:modified_time\" content=\"2025-07-12T12:42:20+00:00\" \/>\n<meta property=\"og:image\" content=\"https:\/\/afrosinogros.com\/wp-content\/uploads\/2025\/07\/BCW1005-60SG.jpg\" \/>\n\t<meta property=\"og:image:width\" content=\"800\" \/>\n\t<meta property=\"og:image:height\" content=\"769\" \/>\n\t<meta property=\"og:image:type\" content=\"image\/jpeg\" \/>\n<meta name=\"twitter:card\" content=\"summary_large_image\" \/>\n<meta name=\"twitter:label1\" content=\"\u9884\u8ba1\u9605\u8bfb\u65f6\u95f4\" \/>\n\t<meta name=\"twitter:data1\" content=\"1 \u5206\" \/>\n<script type=\"application\/ld+json\" class=\"yoast-schema-graph\">{\"@context\":\"https:\\\/\\\/schema.org\",\"@graph\":[{\"@type\":\"WebPage\",\"@id\":\"https:\\\/\\\/afrosinogros.com\\\/product\\\/armoire-de-toilette-murale-avec-vasque-bcw1005-60sg-60-cm-vert-moderne\\\/\",\"url\":\"https:\\\/\\\/afrosinogros.com\\\/product\\\/armoire-de-toilette-murale-avec-vasque-bcw1005-60sg-60-cm-vert-moderne\\\/\",\"name\":\"Armoire de Toilette Murale avec Vasque \u2013 BCW1005-60SG \u2013 60 cm \u2013 Vert Moderne - AfroSino\",\"isPartOf\":{\"@id\":\"https:\\\/\\\/afrosinogros.com\\\/#website\"},\"primaryImageOfPage\":{\"@id\":\"https:\\\/\\\/afrosinogros.com\\\/product\\\/armoire-de-toilette-murale-avec-vasque-bcw1005-60sg-60-cm-vert-moderne\\\/#primaryimage\"},\"image\":{\"@id\":\"https:\\\/\\\/afrosinogros.com\\\/product\\\/armoire-de-toilette-murale-avec-vasque-bcw1005-60sg-60-cm-vert-moderne\\\/#primaryimage\"},\"thumbnailUrl\":\"https:\\\/\\\/afrosinogros.com\\\/wp-content\\\/uploads\\\/2025\\\/07\\\/BCW1005-60SG.jpg\",\"datePublished\":\"2025-07-12T12:42:19+00:00\",\"dateModified\":\"2025-07-12T12:42:20+00:00\",\"breadcrumb\":{\"@id\":\"https:\\\/\\\/afrosinogros.com\\\/product\\\/armoire-de-toilette-murale-avec-vasque-bcw1005-60sg-60-cm-vert-moderne\\\/#breadcrumb\"},\"inLanguage\":\"zh-Hans\",\"potentialAction\":[{\"@type\":\"ReadAction\",\"target\":[\"https:\\\/\\\/afrosinogros.com\\\/product\\\/armoire-de-toilette-murale-avec-vasque-bcw1005-60sg-60-cm-vert-moderne\\\/\"]}]},{\"@type\":\"ImageObject\",\"inLanguage\":\"zh-Hans\",\"@id\":\"https:\\\/\\\/afrosinogros.com\\\/product\\\/armoire-de-toilette-murale-avec-vasque-bcw1005-60sg-60-cm-vert-moderne\\\/#primaryimage\",\"url\":\"https:\\\/\\\/afrosinogros.com\\\/wp-content\\\/uploads\\\/2025\\\/07\\\/BCW1005-60SG.jpg\",\"contentUrl\":\"https:\\\/\\\/afrosinogros.com\\\/wp-content\\\/uploads\\\/2025\\\/07\\\/BCW1005-60SG.jpg\",\"width\":800,\"height\":769},{\"@type\":\"BreadcrumbList\",\"@id\":\"https:\\\/\\\/afrosinogros.com\\\/product\\\/armoire-de-toilette-murale-avec-vasque-bcw1005-60sg-60-cm-vert-moderne\\\/#breadcrumb\",\"itemListElement\":[{\"@type\":\"ListItem\",\"position\":1,\"name\":\"Home\",\"item\":\"https:\\\/\\\/afrosinogros.com\\\/\"},{\"@type\":\"ListItem\",\"position\":2,\"name\":\"Magasin\",\"item\":\"https:\\\/\\\/afrosinogros.com\\\/magasin\\\/\"},{\"@type\":\"ListItem\",\"position\":3,\"name\":\"Armoire de Toilette Murale avec Vasque \u2013 BCW1005-60SG \u2013 60 cm \u2013 Vert Moderne\"}]},{\"@type\":\"WebSite\",\"@id\":\"https:\\\/\\\/afrosinogros.com\\\/#website\",\"url\":\"https:\\\/\\\/afrosinogros.com\\\/\",\"name\":\"AfroSino\",\"description\":\"Officiel site web\",\"publisher\":{\"@id\":\"https:\\\/\\\/afrosinogros.com\\\/#organization\"},\"potentialAction\":[{\"@type\":\"SearchAction\",\"target\":{\"@type\":\"EntryPoint\",\"urlTemplate\":\"https:\\\/\\\/afrosinogros.com\\\/?s={search_term_string}\"},\"query-input\":{\"@type\":\"PropertyValueSpecification\",\"valueRequired\":true,\"valueName\":\"search_term_string\"}}],\"inLanguage\":\"zh-Hans\"},{\"@type\":\"Organization\",\"@id\":\"https:\\\/\\\/afrosinogros.com\\\/#organization\",\"name\":\"AfroSino\",\"url\":\"https:\\\/\\\/afrosinogros.com\\\/\",\"logo\":{\"@type\":\"ImageObject\",\"inLanguage\":\"zh-Hans\",\"@id\":\"https:\\\/\\\/afrosinogros.com\\\/#\\\/schema\\\/logo\\\/image\\\/\",\"url\":\"https:\\\/\\\/afrosinogros.com\\\/wp-content\\\/uploads\\\/2025\\\/09\\\/cropped-afrosino_logo_optimized-removebg-preview.png\",\"contentUrl\":\"https:\\\/\\\/afrosinogros.com\\\/wp-content\\\/uploads\\\/2025\\\/09\\\/cropped-afrosino_logo_optimized-removebg-preview.png\",\"width\":512,\"height\":512,\"caption\":\"AfroSino\"},\"image\":{\"@id\":\"https:\\\/\\\/afrosinogros.com\\\/#\\\/schema\\\/logo\\\/image\\\/\"}}]}<\/script>\n<!-- \/ Yoast SEO plugin. -->","yoast_head_json":{"title":"Armoire de Toilette Murale avec Vasque \u2013 BCW1005-60SG \u2013 60 cm \u2013 Vert Moderne - AfroSino","robots":{"index":"index","follow":"follow","max-snippet":"max-snippet:-1","max-image-preview":"max-image-preview:large","max-video-preview":"max-video-preview:-1"},"canonical":"https:\/\/afrosinogros.com\/zh\/product\/armoire-de-toilette-murale-avec-vasque-bcw1005-60sg-60-cm-vert-moderne\/","og_locale":"zh_CN","og_type":"article","og_title":"Armoire de Toilette Murale avec Vasque \u2013 BCW1005-60SG \u2013 60 cm \u2013 Vert Moderne - AfroSino","og_description":"\u2728 Caract\u00e9ristiques produit :    \u2705 Mod\u00e8le : BCW1005-60SG    \u2705 Dimensions : 60 cm (largeur)    \u2705 Type : Ensemble meuble mural + vasque + miroir    \u2705 Finition : Vert moderne (effet mat ou satin\u00e9)    \u2705 Installation : Suspension murale (gain de place au sol)    \u2705 Vasque : C\u00e9ramique blanche haut de gamme    \u2705 Rangement :     Meuble bas avec grande porte et espace int\u00e9rieur    Miroir avec \u00e9tag\u00e8re ouverte      \u2705 Robinetterie : Standard (non incluse, compatible)    \u2705 Style : Moderne, \u00e9l\u00e9gant et fonctionnel      \ud83d\udce6 Informations logistiques :    \ud83d\udce6 Conditionnement : 1 pi\u00e8ce \/ carton    \ud83c\udff7\ufe0f R\u00e9f\u00e9rence : BCW1005-60SG    \ud83d\udccd Origine : Chine    MOQ : 5 pi\u00e8ces minimum      \ud83d\ude9b Conditions de commande &amp; livraison :    \ud83d\uded2 Commande de 5 \u00e0 9 pi\u00e8ces : Livraison non incluse    \ud83d\ude9a Commande de 10 pi\u00e8ces ou plus : Livraison offerte (zones couvertes : Abidjan, zone portuaire, etc.)    \ud83d\udce6 Tarif pr\u00e9f\u00e9rentiel possible \u00e0 partir de 20 pi\u00e8ces ou container mixte (sur demande)","og_url":"https:\/\/afrosinogros.com\/zh\/product\/armoire-de-toilette-murale-avec-vasque-bcw1005-60sg-60-cm-vert-moderne\/","og_site_name":"AfroSino","article_modified_time":"2025-07-12T12:42:20+00:00","og_image":[{"width":800,"height":769,"url":"https:\/\/afrosinogros.com\/wp-content\/uploads\/2025\/07\/BCW1005-60SG.jpg","type":"image\/jpeg"}],"twitter_card":"summary_large_image","twitter_misc":{"\u9884\u8ba1\u9605\u8bfb\u65f6\u95f4":"1 \u5206"},"schema":{"@context":"https:\/\/schema.org","@graph":[{"@type":"WebPage","@id":"https:\/\/afrosinogros.com\/product\/armoire-de-toilette-murale-avec-vasque-bcw1005-60sg-60-cm-vert-moderne\/","url":"https:\/\/afrosinogros.com\/product\/armoire-de-toilette-murale-avec-vasque-bcw1005-60sg-60-cm-vert-moderne\/","name":"Armoire de Toilette Murale avec Vasque \u2013 BCW1005-60SG \u2013 60 cm \u2013 Vert Moderne - AfroSino","isPartOf":{"@id":"https:\/\/afrosinogros.com\/#website"},"primaryImageOfPage":{"@id":"https:\/\/afrosinogros.com\/product\/armoire-de-toilette-murale-avec-vasque-bcw1005-60sg-60-cm-vert-moderne\/#primaryimage"},"image":{"@id":"https:\/\/afrosinogros.com\/product\/armoire-de-toilette-murale-avec-vasque-bcw1005-60sg-60-cm-vert-moderne\/#primaryimage"},"thumbnailUrl":"https:\/\/afrosinogros.com\/wp-content\/uploads\/2025\/07\/BCW1005-60SG.jpg","datePublished":"2025-07-12T12:42:19+00:00","dateModified":"2025-07-12T12:42:20+00:00","breadcrumb":{"@id":"https:\/\/afrosinogros.com\/product\/armoire-de-toilette-murale-avec-vasque-bcw1005-60sg-60-cm-vert-moderne\/#breadcrumb"},"inLanguage":"zh-Hans","potentialAction":[{"@type":"ReadAction","target":["https:\/\/afrosinogros.com\/product\/armoire-de-toilette-murale-avec-vasque-bcw1005-60sg-60-cm-vert-moderne\/"]}]},{"@type":"ImageObject","inLanguage":"zh-Hans","@id":"https:\/\/afrosinogros.com\/product\/armoire-de-toilette-murale-avec-vasque-bcw1005-60sg-60-cm-vert-moderne\/#primaryimage","url":"https:\/\/afrosinogros.com\/wp-content\/uploads\/2025\/07\/BCW1005-60SG.jpg","contentUrl":"https:\/\/afrosinogros.com\/wp-content\/uploads\/2025\/07\/BCW1005-60SG.jpg","width":800,"height":769},{"@type":"BreadcrumbList","@id":"https:\/\/afrosinogros.com\/product\/armoire-de-toilette-murale-avec-vasque-bcw1005-60sg-60-cm-vert-moderne\/#breadcrumb","itemListElement":[{"@type":"ListItem","position":1,"name":"Home","item":"https:\/\/afrosinogros.com\/"},{"@type":"ListItem","position":2,"name":"Magasin","item":"https:\/\/afrosinogros.com\/magasin\/"},{"@type":"ListItem","position":3,"name":"Armoire de Toilette Murale avec Vasque \u2013 BCW1005-60SG \u2013 60 cm \u2013 Vert Moderne"}]},{"@type":"WebSite","@id":"https:\/\/afrosinogros.com\/#website","url":"https:\/\/afrosinogros.com\/","name":"AfroSino","description":"Officiel site web","publisher":{"@id":"https:\/\/afrosinogros.com\/#organization"},"potentialAction":[{"@type":"SearchAction","target":{"@type":"EntryPoint","urlTemplate":"https:\/\/afrosinogros.com\/?s={search_term_string}"},"query-input":{"@type":"PropertyValueSpecification","valueRequired":true,"valueName":"search_term_string"}}],"inLanguage":"zh-Hans"},{"@type":"Organization","@id":"https:\/\/afrosinogros.com\/#organization","name":"AfroSino","url":"https:\/\/afrosinogros.com\/","logo":{"@type":"ImageObject","inLanguage":"zh-Hans","@id":"https:\/\/afrosinogros.com\/#\/schema\/logo\/image\/","url":"https:\/\/afrosinogros.com\/wp-content\/uploads\/2025\/09\/cropped-afrosino_logo_optimized-removebg-preview.png","contentUrl":"https:\/\/afrosinogros.com\/wp-content\/uploads\/2025\/09\/cropped-afrosino_logo_optimized-removebg-preview.png","width":512,"height":512,"caption":"AfroSino"},"image":{"@id":"https:\/\/afrosinogros.com\/#\/schema\/logo\/image\/"}}]}},"uagb_featured_image_src":{"full":["https:\/\/afrosinogros.com\/wp-content\/uploads\/2025\/07\/BCW1005-60SG.jpg",800,769,false],"thumbnail":["https:\/\/afrosinogros.com\/wp-content\/uploads\/2025\/07\/BCW1005-60SG-150x150.jpg",150,150,true],"medium":["https:\/\/afrosinogros.com\/wp-content\/uploads\/2025\/07\/BCW1005-60SG-300x288.jpg",300,288,true],"medium_large":["https:\/\/afrosinogros.com\/wp-content\/uploads\/2025\/07\/BCW1005-60SG-768x738.jpg",768,738,true],"large":["https:\/\/afrosinogros.com\/wp-content\/uploads\/2025\/07\/BCW1005-60SG.jpg",800,769,false],"1536x1536":["https:\/\/afrosinogros.com\/wp-content\/uploads\/2025\/07\/BCW1005-60SG.jpg",800,769,false],"2048x2048":["https:\/\/afrosinogros.com\/wp-content\/uploads\/2025\/07\/BCW1005-60SG.jpg",800,769,false],"trp-custom-language-flag":["https:\/\/afrosinogros.com\/wp-content\/uploads\/2025\/07\/BCW1005-60SG-12x12.jpg",12,12,true],"woocommerce_archive_thumbnail":["https:\/\/afrosinogros.com\/wp-content\/uploads\/2025\/07\/BCW1005-60SG-300x288.jpg",300,288,true],"woocommerce_thumbnail":["https:\/\/afrosinogros.com\/wp-content\/uploads\/2025\/07\/BCW1005-60SG-300x300.jpg",300,300,true],"woocommerce_single":["https:\/\/afrosinogros.com\/wp-content\/uploads\/2025\/07\/BCW1005-60SG-600x577.jpg",600,577,true],"woocommerce_gallery_thumbnail":["https:\/\/afrosinogros.com\/wp-content\/uploads\/2025\/07\/BCW1005-60SG-100x100.jpg",100,100,true]},"uagb_author_info":{"display_name":"admin","author_link":"https:\/\/afrosinogros.com\/zh\/author\/"},"uagb_comment_info":0,"uagb_excerpt":"\u2728 Caract\u00e9ristiques produit : \u2705 Mod\u00e8le : BCW1005-60SG \u2705 Dimensions : 60 cm (largeur) \u2705 Type : Ensemble meuble mural + vasque + miroir \u2705 Finition : Vert moderne (effet mat ou satin\u00e9) \u2705 Installation : Suspension murale (gain de place au sol) \u2705 Vasque : C\u00e9ramique blanche haut de gamme \u2705 Rangement : Meuble&hellip;","jetpack_sharing_enabled":true,"_links":{"self":[{"href":"https:\/\/afrosinogros.com\/zh\/wp-json\/wp\/v2\/product\/921","targetHints":{"allow":["GET"]}}],"collection":[{"href":"https:\/\/afrosinogros.com\/zh\/wp-json\/wp\/v2\/product"}],"about":[{"href":"https:\/\/afrosinogros.com\/zh\/wp-json\/wp\/v2\/types\/product"}],"replies":[{"embeddable":true,"href":"https:\/\/afrosinogros.com\/zh\/wp-json\/wp\/v2\/comments?post=921"}],"wp:featuredmedia":[{"embeddable":true,"href":"https:\/\/afrosinogros.com\/zh\/wp-json\/wp\/v2\/media\/913"}],"wp:attachment":[{"href":"https:\/\/afrosinogros.com\/zh\/wp-json\/wp\/v2\/media?parent=921"}],"wp:term":[{"taxonomy":"product_brand","embeddable":true,"href":"https:\/\/afrosinogros.com\/zh\/wp-json\/wp\/v2\/product_brand?post=921"},{"taxonomy":"product_cat","embeddable":true,"href":"https:\/\/afrosinogros.com\/zh\/wp-json\/wp\/v2\/product_cat?post=921"},{"taxonomy":"product_tag","embeddable":true,"href":"https:\/\/afrosinogros.com\/zh\/wp-json\/wp\/v2\/product_tag?post=921"}],"curies":[{"name":"wp","href":"https:\/\/api.w.org\/{rel}","templated":true}]}}