{"id":924,"date":"2025-07-12T12:58:00","date_gmt":"2025-07-12T12:58:00","guid":{"rendered":"https:\/\/afrosinogros.com\/?post_type=product&#038;p=924"},"modified":"2025-07-12T12:58:04","modified_gmt":"2025-07-12T12:58:04","slug":"armoire-de-toilette-murale-avec-vasque-bcw1007-80wd-80-cm","status":"publish","type":"product","link":"https:\/\/afrosinogros.com\/zh\/product\/armoire-de-toilette-murale-avec-vasque-bcw1007-80wd-80-cm\/","title":{"rendered":"Armoire de Toilette Murale avec Vasque \u2013 BCW1007-80WD \u2013 80 cm"},"content":{"rendered":"<p data-start=\"313\" data-end=\"668\">Offrez \u00e0 votre salle de bain une touche <strong data-start=\"353\" data-end=\"394\">chaleureuse, moderne et fonctionnelle<\/strong> avec l\u2019ensemble <strong data-start=\"411\" data-end=\"427\">BCW1007-80WD<\/strong>. Avec sa <strong data-start=\"437\" data-end=\"453\">vasque large<\/strong>, son <strong data-start=\"459\" data-end=\"491\">meuble suspendu double porte<\/strong> et son <strong data-start=\"499\" data-end=\"526\">miroir r\u00e9tro\u00e9clair\u00e9 LED<\/strong>, ce mod\u00e8le allie design haut de gamme et praticit\u00e9. Sa <strong data-start=\"582\" data-end=\"605\">finition bois fonc\u00e9<\/strong> apporte du caract\u00e8re tout en conservant une esth\u00e9tique \u00e9pur\u00e9e.<\/p>\n<h3 data-start=\"1784\" data-end=\"1820\">\ud83d\udcbc <strong data-start=\"1791\" data-end=\"1820\">Utilisation recommand\u00e9e :<\/strong><\/h3>\n<ul data-start=\"1822\" data-end=\"1974\">\n<li data-start=\"1822\" data-end=\"1860\">\n<p data-start=\"1824\" data-end=\"1860\">Am\u00e9nagement de r\u00e9sidences modernes<\/p>\n<\/li>\n<li data-start=\"1861\" data-end=\"1912\">\n<p data-start=\"1863\" data-end=\"1912\">Projets h\u00f4teliers ou appartements haut standing<\/p>\n<\/li>\n<li data-start=\"1913\" data-end=\"1974\">\n<p data-start=\"1915\" data-end=\"1974\">Revendeurs sanitaires, showrooms, architectes et promoteurs<\/p>\n<\/li>\n<\/ul>\n<p data-start=\"1981\" data-end=\"2184\">\ud83d\udccc <strong data-start=\"2066\" data-end=\"2121\">LED basse consommation \u2013 conforme aux normes export<\/strong><br data-start=\"2121\" data-end=\"2124\" \/>\ud83d\udccc <strong data-start=\"2127\" data-end=\"2184\">Produit v\u00e9rifi\u00e9, pr\u00eat pour l\u2019Afrique \u2013 Qualit\u00e9 Donlai<\/strong><\/p>","protected":false},"excerpt":{"rendered":"<h3 data-start=\"675\" data-end=\"711\">\u2728 <strong data-start=\"681\" data-end=\"711\">Caract\u00e9ristiques produit :<\/strong><\/h3>\n<ul data-start=\"713\" data-end=\"1257\">\n<li data-start=\"713\" data-end=\"744\">\n<p data-start=\"715\" data-end=\"744\">\u2705 <strong data-start=\"717\" data-end=\"727\">Mod\u00e8le<\/strong> : BCW1007-80WD<\/p>\n<\/li>\n<li data-start=\"745\" data-end=\"783\">\n<p data-start=\"747\" data-end=\"783\">\u2705 <strong data-start=\"749\" data-end=\"763\">Dimensions<\/strong> : 80 cm (largeur)<\/p>\n<\/li>\n<li data-start=\"784\" data-end=\"840\">\n<p data-start=\"786\" data-end=\"840\">\u2705 <strong data-start=\"788\" data-end=\"796\">Type<\/strong> : Meuble mural + vasque + miroir lumineux<\/p>\n<\/li>\n<li data-start=\"841\" data-end=\"890\">\n<p data-start=\"843\" data-end=\"890\">\u2705 <strong data-start=\"845\" data-end=\"857\">Finition<\/strong> : Bois fonc\u00e9 (effet noyer mat)<\/p>\n<\/li>\n<li data-start=\"891\" data-end=\"941\">\n<p data-start=\"893\" data-end=\"941\">\u2705 <strong data-start=\"895\" data-end=\"911\">Installation<\/strong> : Fixation murale suspendue<\/p>\n<\/li>\n<li data-start=\"942\" data-end=\"996\">\n<p data-start=\"944\" data-end=\"996\">\u2705 <strong data-start=\"946\" data-end=\"956\">Vasque<\/strong> : En c\u00e9ramique blanche, forme moderne<\/p>\n<\/li>\n<li data-start=\"997\" data-end=\"1150\">\n<p data-start=\"999\" data-end=\"1016\">\u2705 <strong data-start=\"1001\" data-end=\"1014\">Rangement<\/strong> :<\/p>\n<ul data-start=\"1019\" data-end=\"1150\">\n<li data-start=\"1019\" data-end=\"1074\">\n<p data-start=\"1021\" data-end=\"1074\">Meuble bas avec <strong data-start=\"1037\" data-end=\"1072\">2 portes battantes silencieuses<\/strong><\/p>\n<\/li>\n<li data-start=\"1077\" data-end=\"1150\">\n<p data-start=\"1079\" data-end=\"1150\"><strong data-start=\"1079\" data-end=\"1106\">Miroir LED r\u00e9tro\u00e9clair\u00e9<\/strong>, avec bouton tactile (design minimaliste)<\/p>\n<\/li>\n<\/ul>\n<\/li>\n<li data-start=\"1151\" data-end=\"1209\">\n<p data-start=\"1153\" data-end=\"1209\">\u2705 <strong data-start=\"1155\" data-end=\"1171\">Robinetterie<\/strong> : Non incluse \u2013 compatible standard<\/p>\n<\/li>\n<li data-start=\"1210\" data-end=\"1257\">\n<p data-start=\"1212\" data-end=\"1257\">\u2705 <strong data-start=\"1214\" data-end=\"1223\">Style<\/strong> : Moderne, chaleureux et pratique<\/p>\n<\/li>\n<\/ul>\n<hr data-start=\"1259\" data-end=\"1262\" \/>\n<h3 data-start=\"1264\" data-end=\"1301\">\ud83d\udce6 <strong data-start=\"1271\" data-end=\"1301\">Informations logistiques :<\/strong><\/h3>\n<ul data-start=\"1303\" data-end=\"1483\">\n<li data-start=\"1303\" data-end=\"1358\">\n<p data-start=\"1305\" data-end=\"1358\">\ud83d\udce6 Conditionnement : <strong data-start=\"1326\" data-end=\"1356\">1 pi\u00e8ce \/ carton (1pc\/ctn)<\/strong><\/p>\n<\/li>\n<li data-start=\"1359\" data-end=\"1381\">\n<p data-start=\"1361\" data-end=\"1381\">\ud83d\udccd Origine : Chine<\/p>\n<\/li>\n<li data-start=\"1382\" data-end=\"1425\">\n<p data-start=\"1384\" data-end=\"1425\">\ud83d\udccf R\u00e9f\u00e9rence produit : <strong data-start=\"1407\" data-end=\"1423\">BCW1007-80WD<\/strong><\/p>\n<\/li>\n<li data-start=\"1426\" data-end=\"1483\">\n<p data-start=\"1428\" data-end=\"1483\">\u2696\ufe0f Poids &amp; dimensions : \u00e0 pr\u00e9ciser selon demande export<\/p>\n<\/li>\n<\/ul>\n<hr data-start=\"1485\" data-end=\"1488\" \/>\n<h3 data-start=\"1490\" data-end=\"1537\">\ud83d\ude9b <strong data-start=\"1497\" data-end=\"1537\">Conditions de commande &amp; livraison :<\/strong><\/h3>\n<ul data-start=\"1539\" data-end=\"1777\">\n<li data-start=\"1539\" data-end=\"1588\">\n<p data-start=\"1541\" data-end=\"1588\">\ud83d\uded2 <strong data-start=\"1544\" data-end=\"1571\">Commande minimale (MOQ)<\/strong> : <strong data-start=\"1574\" data-end=\"1586\">5 pi\u00e8ces<\/strong><\/p>\n<\/li>\n<li data-start=\"1589\" data-end=\"1640\">\n<p data-start=\"1591\" data-end=\"1640\">\ud83d\ude9a <strong data-start=\"1594\" data-end=\"1638\">Livraison gratuite \u00e0 partir de 10 pi\u00e8ces<\/strong><\/p>\n<\/li>\n<li data-start=\"1641\" data-end=\"1704\">\n<p data-start=\"1643\" data-end=\"1704\">\u26a0\ufe0f <strong data-start=\"1646\" data-end=\"1674\">Commande de 5 \u00e0 9 pi\u00e8ces<\/strong> : livraison <strong data-start=\"1687\" data-end=\"1702\">non incluse<\/strong><\/p>\n<\/li>\n<li data-start=\"1705\" data-end=\"1777\">\n<p data-start=\"1707\" data-end=\"1777\">\u2705 Commandes sp\u00e9ciales et conteneur mixte possibles (plusieurs mod\u00e8les)<\/p>\n<\/li>\n<\/ul>","protected":false},"featured_media":915,"comment_status":"open","ping_status":"closed","template":"","meta":{"_uag_custom_page_level_css":""},"product_brand":[99],"product_cat":[63],"product_tag":[],"class_list":{"0":"post-924","1":"product","2":"type-product","3":"status-publish","4":"has-post-thumbnail","6":"product_brand-doli","7":"product_cat-equipements-de-salle-de-bain","9":"first","10":"instock","11":"taxable","12":"shipping-taxable","13":"purchasable","14":"product-type-simple"},"yoast_head":"<!-- This site is optimized with the Yoast SEO plugin v27.3 - https:\/\/yoast.com\/product\/yoast-seo-wordpress\/ -->\n<title>Armoire de Toilette Murale avec Vasque \u2013 BCW1007-80WD \u2013 80 cm - AfroSino<\/title>\n<meta name=\"robots\" content=\"index, follow, max-snippet:-1, max-image-preview:large, max-video-preview:-1\" \/>\n<link rel=\"canonical\" href=\"https:\/\/afrosinogros.com\/zh\/product\/armoire-de-toilette-murale-avec-vasque-bcw1007-80wd-80-cm\/\" \/>\n<meta property=\"og:locale\" content=\"zh_CN\" \/>\n<meta property=\"og:type\" content=\"article\" \/>\n<meta property=\"og:title\" content=\"Armoire de Toilette Murale avec Vasque \u2013 BCW1007-80WD \u2013 80 cm - AfroSino\" \/>\n<meta property=\"og:description\" content=\"\u2728 Caract\u00e9ristiques produit :    \u2705 Mod\u00e8le : BCW1007-80WD    \u2705 Dimensions : 80 cm (largeur)    \u2705 Type : Meuble mural + vasque + miroir lumineux    \u2705 Finition : Bois fonc\u00e9 (effet noyer mat)    \u2705 Installation : Fixation murale suspendue    \u2705 Vasque : En c\u00e9ramique blanche, forme moderne    \u2705 Rangement :     Meuble bas avec 2 portes battantes silencieuses    Miroir LED r\u00e9tro\u00e9clair\u00e9, avec bouton tactile (design minimaliste)      \u2705 Robinetterie : Non incluse \u2013 compatible standard    \u2705 Style : Moderne, chaleureux et pratique      \ud83d\udce6 Informations logistiques :    \ud83d\udce6 Conditionnement : 1 pi\u00e8ce \/ carton (1pc\/ctn)    \ud83d\udccd Origine : Chine    \ud83d\udccf R\u00e9f\u00e9rence produit : BCW1007-80WD    \u2696\ufe0f Poids &amp; dimensions : \u00e0 pr\u00e9ciser selon demande export      \ud83d\ude9b Conditions de commande &amp; livraison :    \ud83d\uded2 Commande minimale (MOQ) : 5 pi\u00e8ces    \ud83d\ude9a Livraison gratuite \u00e0 partir de 10 pi\u00e8ces    \u26a0\ufe0f Commande de 5 \u00e0 9 pi\u00e8ces : livraison non incluse    \u2705 Commandes sp\u00e9ciales et conteneur mixte possibles (plusieurs mod\u00e8les)\" \/>\n<meta property=\"og:url\" content=\"https:\/\/afrosinogros.com\/zh\/product\/armoire-de-toilette-murale-avec-vasque-bcw1007-80wd-80-cm\/\" \/>\n<meta property=\"og:site_name\" content=\"AfroSino\" \/>\n<meta property=\"article:modified_time\" content=\"2025-07-12T12:58:04+00:00\" \/>\n<meta property=\"og:image\" content=\"https:\/\/afrosinogros.com\/wp-content\/uploads\/2025\/07\/BCW1007-80WD.jpg\" \/>\n\t<meta property=\"og:image:width\" content=\"800\" \/>\n\t<meta property=\"og:image:height\" content=\"771\" \/>\n\t<meta property=\"og:image:type\" content=\"image\/jpeg\" \/>\n<meta name=\"twitter:card\" content=\"summary_large_image\" \/>\n<meta name=\"twitter:label1\" content=\"\u9884\u8ba1\u9605\u8bfb\u65f6\u95f4\" \/>\n\t<meta name=\"twitter:data1\" content=\"1 \u5206\" \/>\n<script type=\"application\/ld+json\" class=\"yoast-schema-graph\">{\"@context\":\"https:\\\/\\\/schema.org\",\"@graph\":[{\"@type\":\"WebPage\",\"@id\":\"https:\\\/\\\/afrosinogros.com\\\/product\\\/armoire-de-toilette-murale-avec-vasque-bcw1007-80wd-80-cm\\\/\",\"url\":\"https:\\\/\\\/afrosinogros.com\\\/product\\\/armoire-de-toilette-murale-avec-vasque-bcw1007-80wd-80-cm\\\/\",\"name\":\"Armoire de Toilette Murale avec Vasque \u2013 BCW1007-80WD \u2013 80 cm - AfroSino\",\"isPartOf\":{\"@id\":\"https:\\\/\\\/afrosinogros.com\\\/#website\"},\"primaryImageOfPage\":{\"@id\":\"https:\\\/\\\/afrosinogros.com\\\/product\\\/armoire-de-toilette-murale-avec-vasque-bcw1007-80wd-80-cm\\\/#primaryimage\"},\"image\":{\"@id\":\"https:\\\/\\\/afrosinogros.com\\\/product\\\/armoire-de-toilette-murale-avec-vasque-bcw1007-80wd-80-cm\\\/#primaryimage\"},\"thumbnailUrl\":\"https:\\\/\\\/afrosinogros.com\\\/wp-content\\\/uploads\\\/2025\\\/07\\\/BCW1007-80WD.jpg\",\"datePublished\":\"2025-07-12T12:58:00+00:00\",\"dateModified\":\"2025-07-12T12:58:04+00:00\",\"breadcrumb\":{\"@id\":\"https:\\\/\\\/afrosinogros.com\\\/product\\\/armoire-de-toilette-murale-avec-vasque-bcw1007-80wd-80-cm\\\/#breadcrumb\"},\"inLanguage\":\"zh-Hans\",\"potentialAction\":[{\"@type\":\"ReadAction\",\"target\":[\"https:\\\/\\\/afrosinogros.com\\\/product\\\/armoire-de-toilette-murale-avec-vasque-bcw1007-80wd-80-cm\\\/\"]}]},{\"@type\":\"ImageObject\",\"inLanguage\":\"zh-Hans\",\"@id\":\"https:\\\/\\\/afrosinogros.com\\\/product\\\/armoire-de-toilette-murale-avec-vasque-bcw1007-80wd-80-cm\\\/#primaryimage\",\"url\":\"https:\\\/\\\/afrosinogros.com\\\/wp-content\\\/uploads\\\/2025\\\/07\\\/BCW1007-80WD.jpg\",\"contentUrl\":\"https:\\\/\\\/afrosinogros.com\\\/wp-content\\\/uploads\\\/2025\\\/07\\\/BCW1007-80WD.jpg\",\"width\":800,\"height\":771},{\"@type\":\"BreadcrumbList\",\"@id\":\"https:\\\/\\\/afrosinogros.com\\\/product\\\/armoire-de-toilette-murale-avec-vasque-bcw1007-80wd-80-cm\\\/#breadcrumb\",\"itemListElement\":[{\"@type\":\"ListItem\",\"position\":1,\"name\":\"Home\",\"item\":\"https:\\\/\\\/afrosinogros.com\\\/\"},{\"@type\":\"ListItem\",\"position\":2,\"name\":\"Magasin\",\"item\":\"https:\\\/\\\/afrosinogros.com\\\/magasin\\\/\"},{\"@type\":\"ListItem\",\"position\":3,\"name\":\"Armoire de Toilette Murale avec Vasque \u2013 BCW1007-80WD \u2013 80 cm\"}]},{\"@type\":\"WebSite\",\"@id\":\"https:\\\/\\\/afrosinogros.com\\\/#website\",\"url\":\"https:\\\/\\\/afrosinogros.com\\\/\",\"name\":\"AfroSino\",\"description\":\"Officiel site web\",\"publisher\":{\"@id\":\"https:\\\/\\\/afrosinogros.com\\\/#organization\"},\"potentialAction\":[{\"@type\":\"SearchAction\",\"target\":{\"@type\":\"EntryPoint\",\"urlTemplate\":\"https:\\\/\\\/afrosinogros.com\\\/?s={search_term_string}\"},\"query-input\":{\"@type\":\"PropertyValueSpecification\",\"valueRequired\":true,\"valueName\":\"search_term_string\"}}],\"inLanguage\":\"zh-Hans\"},{\"@type\":\"Organization\",\"@id\":\"https:\\\/\\\/afrosinogros.com\\\/#organization\",\"name\":\"AfroSino\",\"url\":\"https:\\\/\\\/afrosinogros.com\\\/\",\"logo\":{\"@type\":\"ImageObject\",\"inLanguage\":\"zh-Hans\",\"@id\":\"https:\\\/\\\/afrosinogros.com\\\/#\\\/schema\\\/logo\\\/image\\\/\",\"url\":\"https:\\\/\\\/afrosinogros.com\\\/wp-content\\\/uploads\\\/2025\\\/09\\\/cropped-afrosino_logo_optimized-removebg-preview.png\",\"contentUrl\":\"https:\\\/\\\/afrosinogros.com\\\/wp-content\\\/uploads\\\/2025\\\/09\\\/cropped-afrosino_logo_optimized-removebg-preview.png\",\"width\":512,\"height\":512,\"caption\":\"AfroSino\"},\"image\":{\"@id\":\"https:\\\/\\\/afrosinogros.com\\\/#\\\/schema\\\/logo\\\/image\\\/\"}}]}<\/script>\n<!-- \/ Yoast SEO plugin. -->","yoast_head_json":{"title":"Armoire de Toilette Murale avec Vasque \u2013 BCW1007-80WD \u2013 80 cm - AfroSino","robots":{"index":"index","follow":"follow","max-snippet":"max-snippet:-1","max-image-preview":"max-image-preview:large","max-video-preview":"max-video-preview:-1"},"canonical":"https:\/\/afrosinogros.com\/zh\/product\/armoire-de-toilette-murale-avec-vasque-bcw1007-80wd-80-cm\/","og_locale":"zh_CN","og_type":"article","og_title":"Armoire de Toilette Murale avec Vasque \u2013 BCW1007-80WD \u2013 80 cm - AfroSino","og_description":"\u2728 Caract\u00e9ristiques produit :    \u2705 Mod\u00e8le : BCW1007-80WD    \u2705 Dimensions : 80 cm (largeur)    \u2705 Type : Meuble mural + vasque + miroir lumineux    \u2705 Finition : Bois fonc\u00e9 (effet noyer mat)    \u2705 Installation : Fixation murale suspendue    \u2705 Vasque : En c\u00e9ramique blanche, forme moderne    \u2705 Rangement :     Meuble bas avec 2 portes battantes silencieuses    Miroir LED r\u00e9tro\u00e9clair\u00e9, avec bouton tactile (design minimaliste)      \u2705 Robinetterie : Non incluse \u2013 compatible standard    \u2705 Style : Moderne, chaleureux et pratique      \ud83d\udce6 Informations logistiques :    \ud83d\udce6 Conditionnement : 1 pi\u00e8ce \/ carton (1pc\/ctn)    \ud83d\udccd Origine : Chine    \ud83d\udccf R\u00e9f\u00e9rence produit : BCW1007-80WD    \u2696\ufe0f Poids &amp; dimensions : \u00e0 pr\u00e9ciser selon demande export      \ud83d\ude9b Conditions de commande &amp; livraison :    \ud83d\uded2 Commande minimale (MOQ) : 5 pi\u00e8ces    \ud83d\ude9a Livraison gratuite \u00e0 partir de 10 pi\u00e8ces    \u26a0\ufe0f Commande de 5 \u00e0 9 pi\u00e8ces : livraison non incluse    \u2705 Commandes sp\u00e9ciales et conteneur mixte possibles (plusieurs mod\u00e8les)","og_url":"https:\/\/afrosinogros.com\/zh\/product\/armoire-de-toilette-murale-avec-vasque-bcw1007-80wd-80-cm\/","og_site_name":"AfroSino","article_modified_time":"2025-07-12T12:58:04+00:00","og_image":[{"width":800,"height":771,"url":"https:\/\/afrosinogros.com\/wp-content\/uploads\/2025\/07\/BCW1007-80WD.jpg","type":"image\/jpeg"}],"twitter_card":"summary_large_image","twitter_misc":{"\u9884\u8ba1\u9605\u8bfb\u65f6\u95f4":"1 \u5206"},"schema":{"@context":"https:\/\/schema.org","@graph":[{"@type":"WebPage","@id":"https:\/\/afrosinogros.com\/product\/armoire-de-toilette-murale-avec-vasque-bcw1007-80wd-80-cm\/","url":"https:\/\/afrosinogros.com\/product\/armoire-de-toilette-murale-avec-vasque-bcw1007-80wd-80-cm\/","name":"Armoire de Toilette Murale avec Vasque \u2013 BCW1007-80WD \u2013 80 cm - AfroSino","isPartOf":{"@id":"https:\/\/afrosinogros.com\/#website"},"primaryImageOfPage":{"@id":"https:\/\/afrosinogros.com\/product\/armoire-de-toilette-murale-avec-vasque-bcw1007-80wd-80-cm\/#primaryimage"},"image":{"@id":"https:\/\/afrosinogros.com\/product\/armoire-de-toilette-murale-avec-vasque-bcw1007-80wd-80-cm\/#primaryimage"},"thumbnailUrl":"https:\/\/afrosinogros.com\/wp-content\/uploads\/2025\/07\/BCW1007-80WD.jpg","datePublished":"2025-07-12T12:58:00+00:00","dateModified":"2025-07-12T12:58:04+00:00","breadcrumb":{"@id":"https:\/\/afrosinogros.com\/product\/armoire-de-toilette-murale-avec-vasque-bcw1007-80wd-80-cm\/#breadcrumb"},"inLanguage":"zh-Hans","potentialAction":[{"@type":"ReadAction","target":["https:\/\/afrosinogros.com\/product\/armoire-de-toilette-murale-avec-vasque-bcw1007-80wd-80-cm\/"]}]},{"@type":"ImageObject","inLanguage":"zh-Hans","@id":"https:\/\/afrosinogros.com\/product\/armoire-de-toilette-murale-avec-vasque-bcw1007-80wd-80-cm\/#primaryimage","url":"https:\/\/afrosinogros.com\/wp-content\/uploads\/2025\/07\/BCW1007-80WD.jpg","contentUrl":"https:\/\/afrosinogros.com\/wp-content\/uploads\/2025\/07\/BCW1007-80WD.jpg","width":800,"height":771},{"@type":"BreadcrumbList","@id":"https:\/\/afrosinogros.com\/product\/armoire-de-toilette-murale-avec-vasque-bcw1007-80wd-80-cm\/#breadcrumb","itemListElement":[{"@type":"ListItem","position":1,"name":"Home","item":"https:\/\/afrosinogros.com\/"},{"@type":"ListItem","position":2,"name":"Magasin","item":"https:\/\/afrosinogros.com\/magasin\/"},{"@type":"ListItem","position":3,"name":"Armoire de Toilette Murale avec Vasque \u2013 BCW1007-80WD \u2013 80 cm"}]},{"@type":"WebSite","@id":"https:\/\/afrosinogros.com\/#website","url":"https:\/\/afrosinogros.com\/","name":"AfroSino","description":"Officiel site web","publisher":{"@id":"https:\/\/afrosinogros.com\/#organization"},"potentialAction":[{"@type":"SearchAction","target":{"@type":"EntryPoint","urlTemplate":"https:\/\/afrosinogros.com\/?s={search_term_string}"},"query-input":{"@type":"PropertyValueSpecification","valueRequired":true,"valueName":"search_term_string"}}],"inLanguage":"zh-Hans"},{"@type":"Organization","@id":"https:\/\/afrosinogros.com\/#organization","name":"AfroSino","url":"https:\/\/afrosinogros.com\/","logo":{"@type":"ImageObject","inLanguage":"zh-Hans","@id":"https:\/\/afrosinogros.com\/#\/schema\/logo\/image\/","url":"https:\/\/afrosinogros.com\/wp-content\/uploads\/2025\/09\/cropped-afrosino_logo_optimized-removebg-preview.png","contentUrl":"https:\/\/afrosinogros.com\/wp-content\/uploads\/2025\/09\/cropped-afrosino_logo_optimized-removebg-preview.png","width":512,"height":512,"caption":"AfroSino"},"image":{"@id":"https:\/\/afrosinogros.com\/#\/schema\/logo\/image\/"}}]}},"uagb_featured_image_src":{"full":["https:\/\/afrosinogros.com\/wp-content\/uploads\/2025\/07\/BCW1007-80WD.jpg",800,771,false],"thumbnail":["https:\/\/afrosinogros.com\/wp-content\/uploads\/2025\/07\/BCW1007-80WD-150x150.jpg",150,150,true],"medium":["https:\/\/afrosinogros.com\/wp-content\/uploads\/2025\/07\/BCW1007-80WD-300x289.jpg",300,289,true],"medium_large":["https:\/\/afrosinogros.com\/wp-content\/uploads\/2025\/07\/BCW1007-80WD-768x740.jpg",768,740,true],"large":["https:\/\/afrosinogros.com\/wp-content\/uploads\/2025\/07\/BCW1007-80WD.jpg",800,771,false],"1536x1536":["https:\/\/afrosinogros.com\/wp-content\/uploads\/2025\/07\/BCW1007-80WD.jpg",800,771,false],"2048x2048":["https:\/\/afrosinogros.com\/wp-content\/uploads\/2025\/07\/BCW1007-80WD.jpg",800,771,false],"trp-custom-language-flag":["https:\/\/afrosinogros.com\/wp-content\/uploads\/2025\/07\/BCW1007-80WD-12x12.jpg",12,12,true],"woocommerce_archive_thumbnail":["https:\/\/afrosinogros.com\/wp-content\/uploads\/2025\/07\/BCW1007-80WD-300x289.jpg",300,289,true],"woocommerce_thumbnail":["https:\/\/afrosinogros.com\/wp-content\/uploads\/2025\/07\/BCW1007-80WD-300x300.jpg",300,300,true],"woocommerce_single":["https:\/\/afrosinogros.com\/wp-content\/uploads\/2025\/07\/BCW1007-80WD-600x578.jpg",600,578,true],"woocommerce_gallery_thumbnail":["https:\/\/afrosinogros.com\/wp-content\/uploads\/2025\/07\/BCW1007-80WD-100x100.jpg",100,100,true]},"uagb_author_info":{"display_name":"admin","author_link":"https:\/\/afrosinogros.com\/zh\/author\/"},"uagb_comment_info":0,"uagb_excerpt":"\u2728 Caract\u00e9ristiques produit : \u2705 Mod\u00e8le : BCW1007-80WD \u2705 Dimensions : 80 cm (largeur) \u2705 Type : Meuble mural + vasque + miroir lumineux \u2705 Finition : Bois fonc\u00e9 (effet noyer mat) \u2705 Installation : Fixation murale suspendue \u2705 Vasque : En c\u00e9ramique blanche, forme moderne \u2705 Rangement : Meuble bas avec 2 portes battantes&hellip;","jetpack_sharing_enabled":true,"_links":{"self":[{"href":"https:\/\/afrosinogros.com\/zh\/wp-json\/wp\/v2\/product\/924","targetHints":{"allow":["GET"]}}],"collection":[{"href":"https:\/\/afrosinogros.com\/zh\/wp-json\/wp\/v2\/product"}],"about":[{"href":"https:\/\/afrosinogros.com\/zh\/wp-json\/wp\/v2\/types\/product"}],"replies":[{"embeddable":true,"href":"https:\/\/afrosinogros.com\/zh\/wp-json\/wp\/v2\/comments?post=924"}],"wp:featuredmedia":[{"embeddable":true,"href":"https:\/\/afrosinogros.com\/zh\/wp-json\/wp\/v2\/media\/915"}],"wp:attachment":[{"href":"https:\/\/afrosinogros.com\/zh\/wp-json\/wp\/v2\/media?parent=924"}],"wp:term":[{"taxonomy":"product_brand","embeddable":true,"href":"https:\/\/afrosinogros.com\/zh\/wp-json\/wp\/v2\/product_brand?post=924"},{"taxonomy":"product_cat","embeddable":true,"href":"https:\/\/afrosinogros.com\/zh\/wp-json\/wp\/v2\/product_cat?post=924"},{"taxonomy":"product_tag","embeddable":true,"href":"https:\/\/afrosinogros.com\/zh\/wp-json\/wp\/v2\/product_tag?post=924"}],"curies":[{"name":"wp","href":"https:\/\/api.w.org\/{rel}","templated":true}]}}