{"id":925,"date":"2025-07-12T13:04:54","date_gmt":"2025-07-12T13:04:54","guid":{"rendered":"https:\/\/afrosinogros.com\/?post_type=product&#038;p=925"},"modified":"2025-07-12T13:04:57","modified_gmt":"2025-07-12T13:04:57","slug":"armoire-de-toilette-murale-avec-vasque-bcw1008-80ig-80-cm","status":"publish","type":"product","link":"https:\/\/afrosinogros.com\/zh\/product\/armoire-de-toilette-murale-avec-vasque-bcw1008-80ig-80-cm\/","title":{"rendered":"Armoire de Toilette Murale avec Vasque \u2013 BCW1008-80IG \u2013 80 cm"},"content":{"rendered":"<p>Apportez une touche de fra\u00eecheur et de raffinement \u00e0 votre salle de bain avec le mod\u00e8le <strong data-start=\"367\" data-end=\"383\">BCW1008-80IG<\/strong>. Sa <strong data-start=\"388\" data-end=\"409\">finition bleu mat<\/strong>, r\u00e9solument tendance, associ\u00e9e \u00e0 un <strong data-start=\"446\" data-end=\"477\">miroir lumineux LED int\u00e9gr\u00e9<\/strong>, cr\u00e9e une ambi<\/p>\n<h3 data-start=\"1787\" data-end=\"1823\">\ud83d\udcbc <strong data-start=\"1794\" data-end=\"1823\">Utilisation recommand\u00e9e :<\/strong><\/h3>\n<ul data-start=\"1825\" data-end=\"1981\">\n<li data-start=\"1825\" data-end=\"1885\">\n<p data-start=\"1827\" data-end=\"1885\">Projets haut de gamme (r\u00e9sidences, h\u00f4tels, appartements)<\/p>\n<\/li>\n<li data-start=\"1886\" data-end=\"1928\">\n<p data-start=\"1888\" data-end=\"1928\">Agencements de salles de bain modernes<\/p>\n<\/li>\n<li data-start=\"1929\" data-end=\"1981\">\n<p data-start=\"1931\" data-end=\"1981\">Revendeurs, distributeurs et showrooms sp\u00e9cialis\u00e9s<\/p>\n<\/li>\n<\/ul>\n<p data-start=\"1988\" data-end=\"2204\">\ud83d\udccc <strong data-start=\"2071\" data-end=\"2135\">Miroir LED basse consommation, conforme aux normes CE export<\/strong><br data-start=\"2135\" data-end=\"2138\" \/>\ud83d\udccc <strong data-start=\"2141\" data-end=\"2204\">Produit test\u00e9 et valid\u00e9 \u2013 pr\u00eat pour l\u2019export vers l\u2019Afrique<\/strong><\/p>\n<p>ance haut de gamme et contemporaine. Con\u00e7u pour allier esth\u00e9tique et fonctionnalit\u00e9, cet ensemble suspendu de <strong data-start=\"602\" data-end=\"611\">80 cm<\/strong> est parfait pour les espaces modernes.<\/p>","protected":false},"excerpt":{"rendered":"<h3 data-start=\"657\" data-end=\"693\">\u2728 <strong data-start=\"663\" data-end=\"693\">Caract\u00e9ristiques produit :<\/strong><\/h3>\n<ul data-start=\"695\" data-end=\"1278\">\n<li data-start=\"695\" data-end=\"726\">\n<p data-start=\"697\" data-end=\"726\">\u2705 <strong data-start=\"699\" data-end=\"709\">Mod\u00e8le<\/strong> : BCW1008-80IG<\/p>\n<\/li>\n<li data-start=\"727\" data-end=\"752\">\n<p data-start=\"729\" data-end=\"752\">\u2705 <strong data-start=\"731\" data-end=\"742\">Largeur<\/strong> : 80 cm<\/p>\n<\/li>\n<li data-start=\"753\" data-end=\"807\">\n<p data-start=\"755\" data-end=\"807\">\u2705 <strong data-start=\"757\" data-end=\"765\">Type<\/strong> : Ensemble meuble + vasque + miroir LED<\/p>\n<\/li>\n<li data-start=\"808\" data-end=\"861\">\n<p data-start=\"810\" data-end=\"861\">\u2705 <strong data-start=\"812\" data-end=\"824\">Finition<\/strong> : Bleu mat profond \u2013 effet velout\u00e9<\/p>\n<\/li>\n<li data-start=\"862\" data-end=\"913\">\n<p data-start=\"864\" data-end=\"913\">\u2705 <strong data-start=\"866\" data-end=\"879\">Structure<\/strong> : Installation murale suspendue<\/p>\n<\/li>\n<li data-start=\"914\" data-end=\"971\">\n<p data-start=\"916\" data-end=\"971\">\u2705 <strong data-start=\"918\" data-end=\"928\">Vasque<\/strong> : En c\u00e9ramique blanche avec rebords fins<\/p>\n<\/li>\n<li data-start=\"972\" data-end=\"1103\">\n<p data-start=\"974\" data-end=\"991\">\u2705 <strong data-start=\"976\" data-end=\"989\">Rangement<\/strong> :<\/p>\n<ul data-start=\"994\" data-end=\"1103\">\n<li data-start=\"994\" data-end=\"1051\">\n<p data-start=\"996\" data-end=\"1051\">Meuble bas avec <strong data-start=\"1012\" data-end=\"1049\">portes ou tiroirs (selon version)<\/strong><\/p>\n<\/li>\n<li data-start=\"1054\" data-end=\"1103\">\n<p data-start=\"1056\" data-end=\"1103\">Miroir lumineux LED avec interrupteur tactile<\/p>\n<\/li>\n<\/ul>\n<\/li>\n<li data-start=\"1104\" data-end=\"1167\">\n<p data-start=\"1106\" data-end=\"1167\">\u2705 <strong data-start=\"1108\" data-end=\"1133\">\u00c9clairage LED int\u00e9gr\u00e9<\/strong> : id\u00e9al pour un usage quotidien<\/p>\n<\/li>\n<li data-start=\"1168\" data-end=\"1221\">\n<p data-start=\"1170\" data-end=\"1221\">\u2705 <strong data-start=\"1172\" data-end=\"1181\">Style<\/strong> : Moderne, minimaliste et sophistiqu\u00e9<\/p>\n<\/li>\n<li data-start=\"1222\" data-end=\"1278\">\n<p data-start=\"1224\" data-end=\"1278\">\u2705 <strong data-start=\"1226\" data-end=\"1242\">Robinetterie<\/strong> : Non incluse \u2013 compatible standard<\/p>\n<\/li>\n<\/ul>\n<hr data-start=\"1280\" data-end=\"1283\" \/>\n<h3 data-start=\"1285\" data-end=\"1322\">\ud83d\udce6 <strong data-start=\"1292\" data-end=\"1322\">Informations logistiques :<\/strong><\/h3>\n<ul data-start=\"1324\" data-end=\"1489\">\n<li data-start=\"1324\" data-end=\"1379\">\n<p data-start=\"1326\" data-end=\"1379\">\ud83d\udce6 Conditionnement : <strong data-start=\"1347\" data-end=\"1377\">1 pi\u00e8ce \/ carton (1pc\/ctn)<\/strong><\/p>\n<\/li>\n<li data-start=\"1380\" data-end=\"1402\">\n<p data-start=\"1382\" data-end=\"1402\">\ud83d\udccd Origine : Chine<\/p>\n<\/li>\n<li data-start=\"1403\" data-end=\"1446\">\n<p data-start=\"1405\" data-end=\"1446\">\ud83d\udccf R\u00e9f\u00e9rence produit : <strong data-start=\"1428\" data-end=\"1444\">BCW1008-80IG<\/strong><\/p>\n<\/li>\n<\/ul>\n<hr data-start=\"1491\" data-end=\"1494\" \/>\n<h3 data-start=\"1496\" data-end=\"1543\">\ud83d\ude9b <strong data-start=\"1503\" data-end=\"1543\">Conditions de commande &amp; livraison :<\/strong><\/h3>\n<ul data-start=\"1545\" data-end=\"1780\">\n<li data-start=\"1545\" data-end=\"1594\">\n<p data-start=\"1547\" data-end=\"1594\">\ud83d\uded2 <strong data-start=\"1550\" data-end=\"1577\">MOQ (quantit\u00e9 minimale)<\/strong> : <strong data-start=\"1580\" data-end=\"1592\">5 pi\u00e8ces<\/strong><\/p>\n<\/li>\n<li data-start=\"1595\" data-end=\"1646\">\n<p data-start=\"1597\" data-end=\"1646\">\ud83d\ude9a <strong data-start=\"1600\" data-end=\"1644\">Livraison gratuite \u00e0 partir de 10 pi\u00e8ces<\/strong><\/p>\n<\/li>\n<li data-start=\"1647\" data-end=\"1710\">\n<p data-start=\"1649\" data-end=\"1710\">\u26a0\ufe0f <strong data-start=\"1652\" data-end=\"1680\">Commande de 5 \u00e0 9 pi\u00e8ces<\/strong> : livraison <strong data-start=\"1693\" data-end=\"1708\">non incluse<\/strong><\/p>\n<\/li>\n<li data-start=\"1711\" data-end=\"1780\">\n<p data-start=\"1713\" data-end=\"1780\">\u2705 Commandes mixtes avec autres mod\u00e8les possibles (container group\u00e9)<\/p>\n<\/li>\n<\/ul>","protected":false},"featured_media":916,"comment_status":"open","ping_status":"closed","template":"","meta":{"_uag_custom_page_level_css":""},"product_brand":[99],"product_cat":[63],"product_tag":[],"class_list":{"0":"post-925","1":"product","2":"type-product","3":"status-publish","4":"has-post-thumbnail","6":"product_brand-doli","7":"product_cat-equipements-de-salle-de-bain","9":"first","10":"instock","11":"taxable","12":"shipping-taxable","13":"purchasable","14":"product-type-simple"},"yoast_head":"<!-- This site is optimized with the Yoast SEO plugin v27.3 - https:\/\/yoast.com\/product\/yoast-seo-wordpress\/ -->\n<title>Armoire de Toilette Murale avec Vasque \u2013 BCW1008-80IG \u2013 80 cm - AfroSino<\/title>\n<meta name=\"robots\" content=\"index, follow, max-snippet:-1, max-image-preview:large, max-video-preview:-1\" \/>\n<link rel=\"canonical\" href=\"https:\/\/afrosinogros.com\/zh\/product\/armoire-de-toilette-murale-avec-vasque-bcw1008-80ig-80-cm\/\" \/>\n<meta property=\"og:locale\" content=\"zh_CN\" \/>\n<meta property=\"og:type\" content=\"article\" \/>\n<meta property=\"og:title\" content=\"Armoire de Toilette Murale avec Vasque \u2013 BCW1008-80IG \u2013 80 cm - AfroSino\" \/>\n<meta property=\"og:description\" content=\"\u2728 Caract\u00e9ristiques produit :    \u2705 Mod\u00e8le : BCW1008-80IG    \u2705 Largeur : 80 cm    \u2705 Type : Ensemble meuble + vasque + miroir LED    \u2705 Finition : Bleu mat profond \u2013 effet velout\u00e9    \u2705 Structure : Installation murale suspendue    \u2705 Vasque : En c\u00e9ramique blanche avec rebords fins    \u2705 Rangement :     Meuble bas avec portes ou tiroirs (selon version)    Miroir lumineux LED avec interrupteur tactile      \u2705 \u00c9clairage LED int\u00e9gr\u00e9 : id\u00e9al pour un usage quotidien    \u2705 Style : Moderne, minimaliste et sophistiqu\u00e9    \u2705 Robinetterie : Non incluse \u2013 compatible standard      \ud83d\udce6 Informations logistiques :    \ud83d\udce6 Conditionnement : 1 pi\u00e8ce \/ carton (1pc\/ctn)    \ud83d\udccd Origine : Chine    \ud83d\udccf R\u00e9f\u00e9rence produit : BCW1008-80IG      \ud83d\ude9b Conditions de commande &amp; livraison :    \ud83d\uded2 MOQ (quantit\u00e9 minimale) : 5 pi\u00e8ces    \ud83d\ude9a Livraison gratuite \u00e0 partir de 10 pi\u00e8ces    \u26a0\ufe0f Commande de 5 \u00e0 9 pi\u00e8ces : livraison non incluse    \u2705 Commandes mixtes avec autres mod\u00e8les possibles (container group\u00e9)\" \/>\n<meta property=\"og:url\" content=\"https:\/\/afrosinogros.com\/zh\/product\/armoire-de-toilette-murale-avec-vasque-bcw1008-80ig-80-cm\/\" \/>\n<meta property=\"og:site_name\" content=\"AfroSino\" \/>\n<meta property=\"article:modified_time\" content=\"2025-07-12T13:04:57+00:00\" \/>\n<meta property=\"og:image\" content=\"https:\/\/afrosinogros.com\/wp-content\/uploads\/2025\/07\/BCW1008-80IG.jpg\" \/>\n\t<meta property=\"og:image:width\" content=\"800\" \/>\n\t<meta property=\"og:image:height\" content=\"806\" \/>\n\t<meta property=\"og:image:type\" content=\"image\/jpeg\" \/>\n<meta name=\"twitter:card\" content=\"summary_large_image\" \/>\n<meta name=\"twitter:label1\" content=\"\u9884\u8ba1\u9605\u8bfb\u65f6\u95f4\" \/>\n\t<meta name=\"twitter:data1\" content=\"1 \u5206\" \/>\n<script type=\"application\/ld+json\" class=\"yoast-schema-graph\">{\"@context\":\"https:\\\/\\\/schema.org\",\"@graph\":[{\"@type\":\"WebPage\",\"@id\":\"https:\\\/\\\/afrosinogros.com\\\/product\\\/armoire-de-toilette-murale-avec-vasque-bcw1008-80ig-80-cm\\\/\",\"url\":\"https:\\\/\\\/afrosinogros.com\\\/product\\\/armoire-de-toilette-murale-avec-vasque-bcw1008-80ig-80-cm\\\/\",\"name\":\"Armoire de Toilette Murale avec Vasque \u2013 BCW1008-80IG \u2013 80 cm - AfroSino\",\"isPartOf\":{\"@id\":\"https:\\\/\\\/afrosinogros.com\\\/#website\"},\"primaryImageOfPage\":{\"@id\":\"https:\\\/\\\/afrosinogros.com\\\/product\\\/armoire-de-toilette-murale-avec-vasque-bcw1008-80ig-80-cm\\\/#primaryimage\"},\"image\":{\"@id\":\"https:\\\/\\\/afrosinogros.com\\\/product\\\/armoire-de-toilette-murale-avec-vasque-bcw1008-80ig-80-cm\\\/#primaryimage\"},\"thumbnailUrl\":\"https:\\\/\\\/afrosinogros.com\\\/wp-content\\\/uploads\\\/2025\\\/07\\\/BCW1008-80IG.jpg\",\"datePublished\":\"2025-07-12T13:04:54+00:00\",\"dateModified\":\"2025-07-12T13:04:57+00:00\",\"breadcrumb\":{\"@id\":\"https:\\\/\\\/afrosinogros.com\\\/product\\\/armoire-de-toilette-murale-avec-vasque-bcw1008-80ig-80-cm\\\/#breadcrumb\"},\"inLanguage\":\"zh-Hans\",\"potentialAction\":[{\"@type\":\"ReadAction\",\"target\":[\"https:\\\/\\\/afrosinogros.com\\\/product\\\/armoire-de-toilette-murale-avec-vasque-bcw1008-80ig-80-cm\\\/\"]}]},{\"@type\":\"ImageObject\",\"inLanguage\":\"zh-Hans\",\"@id\":\"https:\\\/\\\/afrosinogros.com\\\/product\\\/armoire-de-toilette-murale-avec-vasque-bcw1008-80ig-80-cm\\\/#primaryimage\",\"url\":\"https:\\\/\\\/afrosinogros.com\\\/wp-content\\\/uploads\\\/2025\\\/07\\\/BCW1008-80IG.jpg\",\"contentUrl\":\"https:\\\/\\\/afrosinogros.com\\\/wp-content\\\/uploads\\\/2025\\\/07\\\/BCW1008-80IG.jpg\",\"width\":800,\"height\":806},{\"@type\":\"BreadcrumbList\",\"@id\":\"https:\\\/\\\/afrosinogros.com\\\/product\\\/armoire-de-toilette-murale-avec-vasque-bcw1008-80ig-80-cm\\\/#breadcrumb\",\"itemListElement\":[{\"@type\":\"ListItem\",\"position\":1,\"name\":\"Home\",\"item\":\"https:\\\/\\\/afrosinogros.com\\\/\"},{\"@type\":\"ListItem\",\"position\":2,\"name\":\"Magasin\",\"item\":\"https:\\\/\\\/afrosinogros.com\\\/magasin\\\/\"},{\"@type\":\"ListItem\",\"position\":3,\"name\":\"Armoire de Toilette Murale avec Vasque \u2013 BCW1008-80IG \u2013 80 cm\"}]},{\"@type\":\"WebSite\",\"@id\":\"https:\\\/\\\/afrosinogros.com\\\/#website\",\"url\":\"https:\\\/\\\/afrosinogros.com\\\/\",\"name\":\"AfroSino\",\"description\":\"Officiel site web\",\"publisher\":{\"@id\":\"https:\\\/\\\/afrosinogros.com\\\/#organization\"},\"potentialAction\":[{\"@type\":\"SearchAction\",\"target\":{\"@type\":\"EntryPoint\",\"urlTemplate\":\"https:\\\/\\\/afrosinogros.com\\\/?s={search_term_string}\"},\"query-input\":{\"@type\":\"PropertyValueSpecification\",\"valueRequired\":true,\"valueName\":\"search_term_string\"}}],\"inLanguage\":\"zh-Hans\"},{\"@type\":\"Organization\",\"@id\":\"https:\\\/\\\/afrosinogros.com\\\/#organization\",\"name\":\"AfroSino\",\"url\":\"https:\\\/\\\/afrosinogros.com\\\/\",\"logo\":{\"@type\":\"ImageObject\",\"inLanguage\":\"zh-Hans\",\"@id\":\"https:\\\/\\\/afrosinogros.com\\\/#\\\/schema\\\/logo\\\/image\\\/\",\"url\":\"https:\\\/\\\/afrosinogros.com\\\/wp-content\\\/uploads\\\/2025\\\/09\\\/cropped-afrosino_logo_optimized-removebg-preview.png\",\"contentUrl\":\"https:\\\/\\\/afrosinogros.com\\\/wp-content\\\/uploads\\\/2025\\\/09\\\/cropped-afrosino_logo_optimized-removebg-preview.png\",\"width\":512,\"height\":512,\"caption\":\"AfroSino\"},\"image\":{\"@id\":\"https:\\\/\\\/afrosinogros.com\\\/#\\\/schema\\\/logo\\\/image\\\/\"}}]}<\/script>\n<!-- \/ Yoast SEO plugin. -->","yoast_head_json":{"title":"Armoire de Toilette Murale avec Vasque \u2013 BCW1008-80IG \u2013 80 cm - AfroSino","robots":{"index":"index","follow":"follow","max-snippet":"max-snippet:-1","max-image-preview":"max-image-preview:large","max-video-preview":"max-video-preview:-1"},"canonical":"https:\/\/afrosinogros.com\/zh\/product\/armoire-de-toilette-murale-avec-vasque-bcw1008-80ig-80-cm\/","og_locale":"zh_CN","og_type":"article","og_title":"Armoire de Toilette Murale avec Vasque \u2013 BCW1008-80IG \u2013 80 cm - AfroSino","og_description":"\u2728 Caract\u00e9ristiques produit :    \u2705 Mod\u00e8le : BCW1008-80IG    \u2705 Largeur : 80 cm    \u2705 Type : Ensemble meuble + vasque + miroir LED    \u2705 Finition : Bleu mat profond \u2013 effet velout\u00e9    \u2705 Structure : Installation murale suspendue    \u2705 Vasque : En c\u00e9ramique blanche avec rebords fins    \u2705 Rangement :     Meuble bas avec portes ou tiroirs (selon version)    Miroir lumineux LED avec interrupteur tactile      \u2705 \u00c9clairage LED int\u00e9gr\u00e9 : id\u00e9al pour un usage quotidien    \u2705 Style : Moderne, minimaliste et sophistiqu\u00e9    \u2705 Robinetterie : Non incluse \u2013 compatible standard      \ud83d\udce6 Informations logistiques :    \ud83d\udce6 Conditionnement : 1 pi\u00e8ce \/ carton (1pc\/ctn)    \ud83d\udccd Origine : Chine    \ud83d\udccf R\u00e9f\u00e9rence produit : BCW1008-80IG      \ud83d\ude9b Conditions de commande &amp; livraison :    \ud83d\uded2 MOQ (quantit\u00e9 minimale) : 5 pi\u00e8ces    \ud83d\ude9a Livraison gratuite \u00e0 partir de 10 pi\u00e8ces    \u26a0\ufe0f Commande de 5 \u00e0 9 pi\u00e8ces : livraison non incluse    \u2705 Commandes mixtes avec autres mod\u00e8les possibles (container group\u00e9)","og_url":"https:\/\/afrosinogros.com\/zh\/product\/armoire-de-toilette-murale-avec-vasque-bcw1008-80ig-80-cm\/","og_site_name":"AfroSino","article_modified_time":"2025-07-12T13:04:57+00:00","og_image":[{"width":800,"height":806,"url":"https:\/\/afrosinogros.com\/wp-content\/uploads\/2025\/07\/BCW1008-80IG.jpg","type":"image\/jpeg"}],"twitter_card":"summary_large_image","twitter_misc":{"\u9884\u8ba1\u9605\u8bfb\u65f6\u95f4":"1 \u5206"},"schema":{"@context":"https:\/\/schema.org","@graph":[{"@type":"WebPage","@id":"https:\/\/afrosinogros.com\/product\/armoire-de-toilette-murale-avec-vasque-bcw1008-80ig-80-cm\/","url":"https:\/\/afrosinogros.com\/product\/armoire-de-toilette-murale-avec-vasque-bcw1008-80ig-80-cm\/","name":"Armoire de Toilette Murale avec Vasque \u2013 BCW1008-80IG \u2013 80 cm - AfroSino","isPartOf":{"@id":"https:\/\/afrosinogros.com\/#website"},"primaryImageOfPage":{"@id":"https:\/\/afrosinogros.com\/product\/armoire-de-toilette-murale-avec-vasque-bcw1008-80ig-80-cm\/#primaryimage"},"image":{"@id":"https:\/\/afrosinogros.com\/product\/armoire-de-toilette-murale-avec-vasque-bcw1008-80ig-80-cm\/#primaryimage"},"thumbnailUrl":"https:\/\/afrosinogros.com\/wp-content\/uploads\/2025\/07\/BCW1008-80IG.jpg","datePublished":"2025-07-12T13:04:54+00:00","dateModified":"2025-07-12T13:04:57+00:00","breadcrumb":{"@id":"https:\/\/afrosinogros.com\/product\/armoire-de-toilette-murale-avec-vasque-bcw1008-80ig-80-cm\/#breadcrumb"},"inLanguage":"zh-Hans","potentialAction":[{"@type":"ReadAction","target":["https:\/\/afrosinogros.com\/product\/armoire-de-toilette-murale-avec-vasque-bcw1008-80ig-80-cm\/"]}]},{"@type":"ImageObject","inLanguage":"zh-Hans","@id":"https:\/\/afrosinogros.com\/product\/armoire-de-toilette-murale-avec-vasque-bcw1008-80ig-80-cm\/#primaryimage","url":"https:\/\/afrosinogros.com\/wp-content\/uploads\/2025\/07\/BCW1008-80IG.jpg","contentUrl":"https:\/\/afrosinogros.com\/wp-content\/uploads\/2025\/07\/BCW1008-80IG.jpg","width":800,"height":806},{"@type":"BreadcrumbList","@id":"https:\/\/afrosinogros.com\/product\/armoire-de-toilette-murale-avec-vasque-bcw1008-80ig-80-cm\/#breadcrumb","itemListElement":[{"@type":"ListItem","position":1,"name":"Home","item":"https:\/\/afrosinogros.com\/"},{"@type":"ListItem","position":2,"name":"Magasin","item":"https:\/\/afrosinogros.com\/magasin\/"},{"@type":"ListItem","position":3,"name":"Armoire de Toilette Murale avec Vasque \u2013 BCW1008-80IG \u2013 80 cm"}]},{"@type":"WebSite","@id":"https:\/\/afrosinogros.com\/#website","url":"https:\/\/afrosinogros.com\/","name":"AfroSino","description":"Officiel site web","publisher":{"@id":"https:\/\/afrosinogros.com\/#organization"},"potentialAction":[{"@type":"SearchAction","target":{"@type":"EntryPoint","urlTemplate":"https:\/\/afrosinogros.com\/?s={search_term_string}"},"query-input":{"@type":"PropertyValueSpecification","valueRequired":true,"valueName":"search_term_string"}}],"inLanguage":"zh-Hans"},{"@type":"Organization","@id":"https:\/\/afrosinogros.com\/#organization","name":"AfroSino","url":"https:\/\/afrosinogros.com\/","logo":{"@type":"ImageObject","inLanguage":"zh-Hans","@id":"https:\/\/afrosinogros.com\/#\/schema\/logo\/image\/","url":"https:\/\/afrosinogros.com\/wp-content\/uploads\/2025\/09\/cropped-afrosino_logo_optimized-removebg-preview.png","contentUrl":"https:\/\/afrosinogros.com\/wp-content\/uploads\/2025\/09\/cropped-afrosino_logo_optimized-removebg-preview.png","width":512,"height":512,"caption":"AfroSino"},"image":{"@id":"https:\/\/afrosinogros.com\/#\/schema\/logo\/image\/"}}]}},"uagb_featured_image_src":{"full":["https:\/\/afrosinogros.com\/wp-content\/uploads\/2025\/07\/BCW1008-80IG.jpg",800,806,false],"thumbnail":["https:\/\/afrosinogros.com\/wp-content\/uploads\/2025\/07\/BCW1008-80IG-150x150.jpg",150,150,true],"medium":["https:\/\/afrosinogros.com\/wp-content\/uploads\/2025\/07\/BCW1008-80IG-298x300.jpg",298,300,true],"medium_large":["https:\/\/afrosinogros.com\/wp-content\/uploads\/2025\/07\/BCW1008-80IG-768x774.jpg",768,774,true],"large":["https:\/\/afrosinogros.com\/wp-content\/uploads\/2025\/07\/BCW1008-80IG.jpg",800,806,false],"1536x1536":["https:\/\/afrosinogros.com\/wp-content\/uploads\/2025\/07\/BCW1008-80IG.jpg",800,806,false],"2048x2048":["https:\/\/afrosinogros.com\/wp-content\/uploads\/2025\/07\/BCW1008-80IG.jpg",800,806,false],"trp-custom-language-flag":["https:\/\/afrosinogros.com\/wp-content\/uploads\/2025\/07\/BCW1008-80IG-12x12.jpg",12,12,true],"woocommerce_archive_thumbnail":["https:\/\/afrosinogros.com\/wp-content\/uploads\/2025\/07\/BCW1008-80IG-300x302.jpg",300,302,true],"woocommerce_thumbnail":["https:\/\/afrosinogros.com\/wp-content\/uploads\/2025\/07\/BCW1008-80IG-300x300.jpg",300,300,true],"woocommerce_single":["https:\/\/afrosinogros.com\/wp-content\/uploads\/2025\/07\/BCW1008-80IG-600x605.jpg",600,605,true],"woocommerce_gallery_thumbnail":["https:\/\/afrosinogros.com\/wp-content\/uploads\/2025\/07\/BCW1008-80IG-100x100.jpg",100,100,true]},"uagb_author_info":{"display_name":"admin","author_link":"https:\/\/afrosinogros.com\/zh\/author\/"},"uagb_comment_info":0,"uagb_excerpt":"\u2728 Caract\u00e9ristiques produit : \u2705 Mod\u00e8le : BCW1008-80IG \u2705 Largeur : 80 cm \u2705 Type : Ensemble meuble + vasque + miroir LED \u2705 Finition : Bleu mat profond \u2013 effet velout\u00e9 \u2705 Structure : Installation murale suspendue \u2705 Vasque : En c\u00e9ramique blanche avec rebords fins \u2705 Rangement : Meuble bas avec portes ou&hellip;","jetpack_sharing_enabled":true,"_links":{"self":[{"href":"https:\/\/afrosinogros.com\/zh\/wp-json\/wp\/v2\/product\/925","targetHints":{"allow":["GET"]}}],"collection":[{"href":"https:\/\/afrosinogros.com\/zh\/wp-json\/wp\/v2\/product"}],"about":[{"href":"https:\/\/afrosinogros.com\/zh\/wp-json\/wp\/v2\/types\/product"}],"replies":[{"embeddable":true,"href":"https:\/\/afrosinogros.com\/zh\/wp-json\/wp\/v2\/comments?post=925"}],"wp:featuredmedia":[{"embeddable":true,"href":"https:\/\/afrosinogros.com\/zh\/wp-json\/wp\/v2\/media\/916"}],"wp:attachment":[{"href":"https:\/\/afrosinogros.com\/zh\/wp-json\/wp\/v2\/media?parent=925"}],"wp:term":[{"taxonomy":"product_brand","embeddable":true,"href":"https:\/\/afrosinogros.com\/zh\/wp-json\/wp\/v2\/product_brand?post=925"},{"taxonomy":"product_cat","embeddable":true,"href":"https:\/\/afrosinogros.com\/zh\/wp-json\/wp\/v2\/product_cat?post=925"},{"taxonomy":"product_tag","embeddable":true,"href":"https:\/\/afrosinogros.com\/zh\/wp-json\/wp\/v2\/product_tag?post=925"}],"curies":[{"name":"wp","href":"https:\/\/api.w.org\/{rel}","templated":true}]}}