{"id":955,"date":"2025-07-12T14:11:43","date_gmt":"2025-07-12T14:11:43","guid":{"rendered":"https:\/\/afrosinogros.com\/?post_type=product&#038;p=955"},"modified":"2025-07-12T14:13:48","modified_gmt":"2025-07-12T14:13:48","slug":"robinet-mitigeur-bfz2004-2005-design-moderne","status":"publish","type":"product","link":"https:\/\/afrosinogros.com\/zh\/product\/robinet-mitigeur-bfz2004-2005-design-moderne\/","title":{"rendered":"Robinet mitigeur BFZ2004\/2005 \u2013 Design moderne"},"content":{"rendered":"<p data-start=\"308\" data-end=\"590\">Donnez une allure contemporaine et \u00e9l\u00e9gante \u00e0 vos cuisines ou salles de bain avec le robinet mitigeur BFZ2004\/2005. Con\u00e7u pour ceux qui recherchent la qualit\u00e9, la durabilit\u00e9 et le style, ce robinet est id\u00e9al pour les projets r\u00e9sidentiels, h\u00f4teliers ou les r\u00e9novations haut de gamme.<\/p>\n<p data-start=\"592\" data-end=\"727\">Disponible en <strong data-start=\"606\" data-end=\"625\">trois finitions<\/strong> (gris mat, inox poli, noir mat), il s\u2019int\u00e8gre parfaitement dans tout type d\u2019espace sanitaire moderne.<\/p>\n<p data-start=\"729\" data-end=\"761\">\ud83d\udcbc <strong data-start=\"732\" data-end=\"759\">Utilisation recommand\u00e9e<\/strong> :<\/p>\n<ul data-start=\"762\" data-end=\"942\">\n<li data-start=\"762\" data-end=\"811\">\n<p data-start=\"764\" data-end=\"811\">Projets r\u00e9sidentiels, h\u00f4tels, logements meubl\u00e9s<\/p>\n<\/li>\n<li data-start=\"812\" data-end=\"880\">\n<p data-start=\"814\" data-end=\"880\">Parfait pour les architectes, plombiers, d\u00e9corateurs ou revendeurs<\/p>\n<\/li>\n<li data-start=\"881\" data-end=\"942\">\n<p data-start=\"883\" data-end=\"942\">Compatible avec la majorit\u00e9 des lavabos ou \u00e9viers standards<\/p>\n<\/li>\n<\/ul>\n<p data-start=\"944\" data-end=\"1151\">\ud83d\udccc Corps r\u00e9sistant \u00e0 la corrosion, finition durable et facile \u00e0 entretenir<br data-start=\"1018\" data-end=\"1021\" \/>\ud83d\udccc Fonction eau chaude\/froide int\u00e9gr\u00e9e, avec cartouche c\u00e9ramique de pr\u00e9cision<br data-start=\"1098\" data-end=\"1101\" \/>\ud83d\udccc Produit test\u00e9 \u2013 pr\u00eat pour export vers l\u2019Afrique<\/p>","protected":false},"excerpt":{"rendered":"<h3 data-start=\"1158\" data-end=\"1194\">\u2728 <strong data-start=\"1164\" data-end=\"1194\">Caract\u00e9ristiques produit :<\/strong><\/h3>\n<p data-start=\"1196\" data-end=\"1225\">\u2705 <strong data-start=\"1198\" data-end=\"1221\">Mod\u00e8les disponibles<\/strong> :<\/p>\n<ul data-start=\"1226\" data-end=\"1311\">\n<li data-start=\"1226\" data-end=\"1254\">\n<p data-start=\"1228\" data-end=\"1254\"><strong data-start=\"1228\" data-end=\"1241\">BFZ2004BN<\/strong> \u2013 Gris mat<\/p>\n<\/li>\n<li data-start=\"1255\" data-end=\"1284\">\n<p data-start=\"1257\" data-end=\"1284\"><strong data-start=\"1257\" data-end=\"1270\">BFZ2005CP<\/strong> \u2013 Inox poli<\/p>\n<\/li>\n<li data-start=\"1285\" data-end=\"1311\">\n<p data-start=\"1287\" data-end=\"1311\"><strong data-start=\"1287\" data-end=\"1300\">BFZ2005BK<\/strong> \u2013 Noir mat<\/p>\n<\/li>\n<\/ul>\n<p data-start=\"1313\" data-end=\"1766\">\u2705 <strong data-start=\"1315\" data-end=\"1323\">Type<\/strong> : Robinet mitigeur \u00e0 levier unique (eau chaude et froide)<br data-start=\"1381\" data-end=\"1384\" \/>\u2705 <strong data-start=\"1386\" data-end=\"1404\">Poids unitaire<\/strong> : 0,80 kg<br data-start=\"1414\" data-end=\"1417\" \/>\u2705 <strong data-start=\"1419\" data-end=\"1431\">Finition<\/strong> : R\u00e9sistante \u00e0 l\u2019humidit\u00e9 et aux temp\u00e9ratures \u00e9lev\u00e9es<br data-start=\"1485\" data-end=\"1488\" \/>\u2705 <strong data-start=\"1490\" data-end=\"1506\">Installation<\/strong> : Standard universelle (G1\/2) \u2013 facile \u00e0 monter<br data-start=\"1554\" data-end=\"1557\" \/>\u2705 <strong data-start=\"1559\" data-end=\"1568\">Style<\/strong> : Moderne, \u00e9pur\u00e9, minimaliste<br data-start=\"1598\" data-end=\"1601\" \/>\u2705 <strong data-start=\"1603\" data-end=\"1615\">Mat\u00e9riau<\/strong> : Laiton ou acier inox selon mod\u00e8le, avec rev\u00eatement de finition haut de gamme<br data-start=\"1694\" data-end=\"1697\" \/>\u2705 <strong data-start=\"1699\" data-end=\"1714\">Utilisation<\/strong> : Salle de bain, cuisine, h\u00f4tel, logements locatifs<\/p>\n<hr data-start=\"1768\" data-end=\"1771\" \/>\n<p data-start=\"1773\" data-end=\"1806\">\ud83d\udce6 <strong data-start=\"1776\" data-end=\"1806\">Informations logistiques :<\/strong><\/p>\n<ul data-start=\"1808\" data-end=\"2056\">\n<li data-start=\"1808\" data-end=\"1888\">\n<p data-start=\"1810\" data-end=\"1888\"><strong data-start=\"1810\" data-end=\"1829\">Conditionnement<\/strong> : 1 pi\u00e8ce par bo\u00eete \/ 30 bo\u00eetes par carton (1pc x 30bxs)<\/p>\n<\/li>\n<li data-start=\"1889\" data-end=\"1928\">\n<p data-start=\"1891\" data-end=\"1928\"><strong data-start=\"1891\" data-end=\"1917\">Poids total par carton<\/strong> : ~24 kg<\/p>\n<\/li>\n<li data-start=\"1929\" data-end=\"1952\">\n<p data-start=\"1931\" data-end=\"1952\"><strong data-start=\"1931\" data-end=\"1942\">Origine<\/strong> : Chine<\/p>\n<\/li>\n<li data-start=\"1953\" data-end=\"2056\">\n<p data-start=\"1955\" data-end=\"1981\"><strong data-start=\"1955\" data-end=\"1977\">R\u00e9f\u00e9rences produit<\/strong> :<\/p>\n<ul data-start=\"1984\" data-end=\"2056\">\n<li data-start=\"1984\" data-end=\"2008\">\n<p data-start=\"1986\" data-end=\"2008\">BFZ2004BN (Gris mat)<\/p>\n<\/li>\n<li data-start=\"2011\" data-end=\"2031\">\n<p data-start=\"2013\" data-end=\"2031\">BFZ2005CP (Inox)<\/p>\n<\/li>\n<li data-start=\"2034\" data-end=\"2056\">\n<p data-start=\"2036\" data-end=\"2056\">BFZ2005BK (Noir mat)<\/p>\n<\/li>\n<\/ul>\n<\/li>\n<\/ul>\n<hr data-start=\"2058\" data-end=\"2061\" \/>\n<p data-start=\"2063\" data-end=\"2106\">\ud83d\ude9b <strong data-start=\"2066\" data-end=\"2106\">Conditions de commande &amp; livraison :<\/strong><\/p>\n<p data-start=\"2108\" data-end=\"2351\">\ud83d\uded2 <strong data-start=\"2111\" data-end=\"2138\">Commande minimale (MOQ)<\/strong> : 30 pi\u00e8ces (1 carton)<br data-start=\"2161\" data-end=\"2164\" \/>\ud83d\ude9a <strong data-start=\"2167\" data-end=\"2188\">Livraison offerte<\/strong> \u00e0 partir de 90 pi\u00e8ces ou plus (3 cartons)<br data-start=\"2230\" data-end=\"2233\" \/>\u26a0\ufe0f <strong data-start=\"2236\" data-end=\"2266\">Commande de 30 \u00e0 89 pi\u00e8ces<\/strong> : frais de livraison applicables<br data-start=\"2299\" data-end=\"2302\" \/>\u2705 <strong data-start=\"2304\" data-end=\"2322\">Commande mixte<\/strong> possible entre les 3 mod\u00e8les<\/p>","protected":false},"featured_media":952,"comment_status":"open","ping_status":"closed","template":"","meta":{"_uag_custom_page_level_css":""},"product_brand":[99],"product_cat":[61],"product_tag":[],"class_list":{"0":"post-955","1":"product","2":"type-product","3":"status-publish","4":"has-post-thumbnail","6":"product_brand-doli","7":"product_cat-sanitaire-plomberie","9":"first","10":"instock","11":"taxable","12":"shipping-taxable","13":"purchasable","14":"product-type-variable"},"yoast_head":"<!-- This site is optimized with the Yoast SEO plugin v27.3 - https:\/\/yoast.com\/product\/yoast-seo-wordpress\/ -->\n<title>Robinet mitigeur BFZ2004\/2005 \u2013 Design moderne - AfroSino<\/title>\n<meta name=\"robots\" content=\"index, follow, max-snippet:-1, max-image-preview:large, max-video-preview:-1\" \/>\n<link rel=\"canonical\" href=\"https:\/\/afrosinogros.com\/zh\/product\/robinet-mitigeur-bfz2004-2005-design-moderne\/\" \/>\n<meta property=\"og:locale\" content=\"zh_CN\" \/>\n<meta property=\"og:type\" content=\"article\" \/>\n<meta property=\"og:title\" content=\"Robinet mitigeur BFZ2004\/2005 \u2013 Design moderne - AfroSino\" \/>\n<meta property=\"og:description\" content=\"\u2728 Caract\u00e9ristiques produit : \u2705 Mod\u00e8les disponibles :     BFZ2004BN \u2013 Gris mat    BFZ2005CP \u2013 Inox poli    BFZ2005BK \u2013 Noir mat   \u2705 Type : Robinet mitigeur \u00e0 levier unique (eau chaude et froide)\u2705 Poids unitaire : 0,80 kg\u2705 Finition : R\u00e9sistante \u00e0 l\u2019humidit\u00e9 et aux temp\u00e9ratures \u00e9lev\u00e9es\u2705 Installation : Standard universelle (G1\/2) \u2013 facile \u00e0 monter\u2705 Style : Moderne, \u00e9pur\u00e9, minimaliste\u2705 Mat\u00e9riau : Laiton ou acier inox selon mod\u00e8le, avec rev\u00eatement de finition haut de gamme\u2705 Utilisation : Salle de bain, cuisine, h\u00f4tel, logements locatifs    \ud83d\udce6 Informations logistiques :     Conditionnement : 1 pi\u00e8ce par bo\u00eete \/ 30 bo\u00eetes par carton (1pc x 30bxs)    Poids total par carton : ~24 kg    Origine : Chine    R\u00e9f\u00e9rences produit :     BFZ2004BN (Gris mat)    BFZ2005CP (Inox)    BFZ2005BK (Noir mat)       \ud83d\ude9b Conditions de commande &amp; livraison : \ud83d\uded2 Commande minimale (MOQ) : 30 pi\u00e8ces (1 carton)\ud83d\ude9a Livraison offerte \u00e0 partir de 90 pi\u00e8ces ou plus (3 cartons)\u26a0\ufe0f Commande de 30 \u00e0 89 pi\u00e8ces : frais de livraison applicables\u2705 Commande mixte possible entre les 3 mod\u00e8les\" \/>\n<meta property=\"og:url\" content=\"https:\/\/afrosinogros.com\/zh\/product\/robinet-mitigeur-bfz2004-2005-design-moderne\/\" \/>\n<meta property=\"og:site_name\" content=\"AfroSino\" \/>\n<meta property=\"article:modified_time\" content=\"2025-07-12T14:13:48+00:00\" \/>\n<meta property=\"og:image\" content=\"https:\/\/afrosinogros.com\/wp-content\/uploads\/2025\/07\/BFZ2004BN.jpg\" \/>\n\t<meta property=\"og:image:width\" content=\"800\" \/>\n\t<meta property=\"og:image:height\" content=\"1102\" \/>\n\t<meta property=\"og:image:type\" content=\"image\/jpeg\" \/>\n<meta name=\"twitter:card\" content=\"summary_large_image\" \/>\n<meta name=\"twitter:label1\" content=\"\u9884\u8ba1\u9605\u8bfb\u65f6\u95f4\" \/>\n\t<meta name=\"twitter:data1\" content=\"1 \u5206\" \/>\n<script type=\"application\/ld+json\" class=\"yoast-schema-graph\">{\"@context\":\"https:\\\/\\\/schema.org\",\"@graph\":[{\"@type\":\"WebPage\",\"@id\":\"https:\\\/\\\/afrosinogros.com\\\/product\\\/robinet-mitigeur-bfz2004-2005-design-moderne\\\/\",\"url\":\"https:\\\/\\\/afrosinogros.com\\\/product\\\/robinet-mitigeur-bfz2004-2005-design-moderne\\\/\",\"name\":\"Robinet mitigeur BFZ2004\\\/2005 \u2013 Design moderne - AfroSino\",\"isPartOf\":{\"@id\":\"https:\\\/\\\/afrosinogros.com\\\/#website\"},\"primaryImageOfPage\":{\"@id\":\"https:\\\/\\\/afrosinogros.com\\\/product\\\/robinet-mitigeur-bfz2004-2005-design-moderne\\\/#primaryimage\"},\"image\":{\"@id\":\"https:\\\/\\\/afrosinogros.com\\\/product\\\/robinet-mitigeur-bfz2004-2005-design-moderne\\\/#primaryimage\"},\"thumbnailUrl\":\"https:\\\/\\\/afrosinogros.com\\\/wp-content\\\/uploads\\\/2025\\\/07\\\/BFZ2004BN.jpg\",\"datePublished\":\"2025-07-12T14:11:43+00:00\",\"dateModified\":\"2025-07-12T14:13:48+00:00\",\"breadcrumb\":{\"@id\":\"https:\\\/\\\/afrosinogros.com\\\/product\\\/robinet-mitigeur-bfz2004-2005-design-moderne\\\/#breadcrumb\"},\"inLanguage\":\"zh-Hans\",\"potentialAction\":[{\"@type\":\"ReadAction\",\"target\":[\"https:\\\/\\\/afrosinogros.com\\\/product\\\/robinet-mitigeur-bfz2004-2005-design-moderne\\\/\"]}]},{\"@type\":\"ImageObject\",\"inLanguage\":\"zh-Hans\",\"@id\":\"https:\\\/\\\/afrosinogros.com\\\/product\\\/robinet-mitigeur-bfz2004-2005-design-moderne\\\/#primaryimage\",\"url\":\"https:\\\/\\\/afrosinogros.com\\\/wp-content\\\/uploads\\\/2025\\\/07\\\/BFZ2004BN.jpg\",\"contentUrl\":\"https:\\\/\\\/afrosinogros.com\\\/wp-content\\\/uploads\\\/2025\\\/07\\\/BFZ2004BN.jpg\",\"width\":800,\"height\":1102},{\"@type\":\"BreadcrumbList\",\"@id\":\"https:\\\/\\\/afrosinogros.com\\\/product\\\/robinet-mitigeur-bfz2004-2005-design-moderne\\\/#breadcrumb\",\"itemListElement\":[{\"@type\":\"ListItem\",\"position\":1,\"name\":\"Home\",\"item\":\"https:\\\/\\\/afrosinogros.com\\\/\"},{\"@type\":\"ListItem\",\"position\":2,\"name\":\"Magasin\",\"item\":\"https:\\\/\\\/afrosinogros.com\\\/magasin\\\/\"},{\"@type\":\"ListItem\",\"position\":3,\"name\":\"Robinet mitigeur BFZ2004\\\/2005 \u2013 Design moderne\"}]},{\"@type\":\"WebSite\",\"@id\":\"https:\\\/\\\/afrosinogros.com\\\/#website\",\"url\":\"https:\\\/\\\/afrosinogros.com\\\/\",\"name\":\"AfroSino\",\"description\":\"Officiel site web\",\"publisher\":{\"@id\":\"https:\\\/\\\/afrosinogros.com\\\/#organization\"},\"potentialAction\":[{\"@type\":\"SearchAction\",\"target\":{\"@type\":\"EntryPoint\",\"urlTemplate\":\"https:\\\/\\\/afrosinogros.com\\\/?s={search_term_string}\"},\"query-input\":{\"@type\":\"PropertyValueSpecification\",\"valueRequired\":true,\"valueName\":\"search_term_string\"}}],\"inLanguage\":\"zh-Hans\"},{\"@type\":\"Organization\",\"@id\":\"https:\\\/\\\/afrosinogros.com\\\/#organization\",\"name\":\"AfroSino\",\"url\":\"https:\\\/\\\/afrosinogros.com\\\/\",\"logo\":{\"@type\":\"ImageObject\",\"inLanguage\":\"zh-Hans\",\"@id\":\"https:\\\/\\\/afrosinogros.com\\\/#\\\/schema\\\/logo\\\/image\\\/\",\"url\":\"https:\\\/\\\/afrosinogros.com\\\/wp-content\\\/uploads\\\/2025\\\/09\\\/cropped-afrosino_logo_optimized-removebg-preview.png\",\"contentUrl\":\"https:\\\/\\\/afrosinogros.com\\\/wp-content\\\/uploads\\\/2025\\\/09\\\/cropped-afrosino_logo_optimized-removebg-preview.png\",\"width\":512,\"height\":512,\"caption\":\"AfroSino\"},\"image\":{\"@id\":\"https:\\\/\\\/afrosinogros.com\\\/#\\\/schema\\\/logo\\\/image\\\/\"}}]}<\/script>\n<!-- \/ Yoast SEO plugin. -->","yoast_head_json":{"title":"Robinet mitigeur BFZ2004\/2005 \u2013 Design moderne - AfroSino","robots":{"index":"index","follow":"follow","max-snippet":"max-snippet:-1","max-image-preview":"max-image-preview:large","max-video-preview":"max-video-preview:-1"},"canonical":"https:\/\/afrosinogros.com\/zh\/product\/robinet-mitigeur-bfz2004-2005-design-moderne\/","og_locale":"zh_CN","og_type":"article","og_title":"Robinet mitigeur BFZ2004\/2005 \u2013 Design moderne - AfroSino","og_description":"\u2728 Caract\u00e9ristiques produit : \u2705 Mod\u00e8les disponibles :     BFZ2004BN \u2013 Gris mat    BFZ2005CP \u2013 Inox poli    BFZ2005BK \u2013 Noir mat   \u2705 Type : Robinet mitigeur \u00e0 levier unique (eau chaude et froide)\u2705 Poids unitaire : 0,80 kg\u2705 Finition : R\u00e9sistante \u00e0 l\u2019humidit\u00e9 et aux temp\u00e9ratures \u00e9lev\u00e9es\u2705 Installation : Standard universelle (G1\/2) \u2013 facile \u00e0 monter\u2705 Style : Moderne, \u00e9pur\u00e9, minimaliste\u2705 Mat\u00e9riau : Laiton ou acier inox selon mod\u00e8le, avec rev\u00eatement de finition haut de gamme\u2705 Utilisation : Salle de bain, cuisine, h\u00f4tel, logements locatifs    \ud83d\udce6 Informations logistiques :     Conditionnement : 1 pi\u00e8ce par bo\u00eete \/ 30 bo\u00eetes par carton (1pc x 30bxs)    Poids total par carton : ~24 kg    Origine : Chine    R\u00e9f\u00e9rences produit :     BFZ2004BN (Gris mat)    BFZ2005CP (Inox)    BFZ2005BK (Noir mat)       \ud83d\ude9b Conditions de commande &amp; livraison : \ud83d\uded2 Commande minimale (MOQ) : 30 pi\u00e8ces (1 carton)\ud83d\ude9a Livraison offerte \u00e0 partir de 90 pi\u00e8ces ou plus (3 cartons)\u26a0\ufe0f Commande de 30 \u00e0 89 pi\u00e8ces : frais de livraison applicables\u2705 Commande mixte possible entre les 3 mod\u00e8les","og_url":"https:\/\/afrosinogros.com\/zh\/product\/robinet-mitigeur-bfz2004-2005-design-moderne\/","og_site_name":"AfroSino","article_modified_time":"2025-07-12T14:13:48+00:00","og_image":[{"width":800,"height":1102,"url":"https:\/\/afrosinogros.com\/wp-content\/uploads\/2025\/07\/BFZ2004BN.jpg","type":"image\/jpeg"}],"twitter_card":"summary_large_image","twitter_misc":{"\u9884\u8ba1\u9605\u8bfb\u65f6\u95f4":"1 \u5206"},"schema":{"@context":"https:\/\/schema.org","@graph":[{"@type":"WebPage","@id":"https:\/\/afrosinogros.com\/product\/robinet-mitigeur-bfz2004-2005-design-moderne\/","url":"https:\/\/afrosinogros.com\/product\/robinet-mitigeur-bfz2004-2005-design-moderne\/","name":"Robinet mitigeur BFZ2004\/2005 \u2013 Design moderne - AfroSino","isPartOf":{"@id":"https:\/\/afrosinogros.com\/#website"},"primaryImageOfPage":{"@id":"https:\/\/afrosinogros.com\/product\/robinet-mitigeur-bfz2004-2005-design-moderne\/#primaryimage"},"image":{"@id":"https:\/\/afrosinogros.com\/product\/robinet-mitigeur-bfz2004-2005-design-moderne\/#primaryimage"},"thumbnailUrl":"https:\/\/afrosinogros.com\/wp-content\/uploads\/2025\/07\/BFZ2004BN.jpg","datePublished":"2025-07-12T14:11:43+00:00","dateModified":"2025-07-12T14:13:48+00:00","breadcrumb":{"@id":"https:\/\/afrosinogros.com\/product\/robinet-mitigeur-bfz2004-2005-design-moderne\/#breadcrumb"},"inLanguage":"zh-Hans","potentialAction":[{"@type":"ReadAction","target":["https:\/\/afrosinogros.com\/product\/robinet-mitigeur-bfz2004-2005-design-moderne\/"]}]},{"@type":"ImageObject","inLanguage":"zh-Hans","@id":"https:\/\/afrosinogros.com\/product\/robinet-mitigeur-bfz2004-2005-design-moderne\/#primaryimage","url":"https:\/\/afrosinogros.com\/wp-content\/uploads\/2025\/07\/BFZ2004BN.jpg","contentUrl":"https:\/\/afrosinogros.com\/wp-content\/uploads\/2025\/07\/BFZ2004BN.jpg","width":800,"height":1102},{"@type":"BreadcrumbList","@id":"https:\/\/afrosinogros.com\/product\/robinet-mitigeur-bfz2004-2005-design-moderne\/#breadcrumb","itemListElement":[{"@type":"ListItem","position":1,"name":"Home","item":"https:\/\/afrosinogros.com\/"},{"@type":"ListItem","position":2,"name":"Magasin","item":"https:\/\/afrosinogros.com\/magasin\/"},{"@type":"ListItem","position":3,"name":"Robinet mitigeur BFZ2004\/2005 \u2013 Design moderne"}]},{"@type":"WebSite","@id":"https:\/\/afrosinogros.com\/#website","url":"https:\/\/afrosinogros.com\/","name":"AfroSino","description":"Officiel site web","publisher":{"@id":"https:\/\/afrosinogros.com\/#organization"},"potentialAction":[{"@type":"SearchAction","target":{"@type":"EntryPoint","urlTemplate":"https:\/\/afrosinogros.com\/?s={search_term_string}"},"query-input":{"@type":"PropertyValueSpecification","valueRequired":true,"valueName":"search_term_string"}}],"inLanguage":"zh-Hans"},{"@type":"Organization","@id":"https:\/\/afrosinogros.com\/#organization","name":"AfroSino","url":"https:\/\/afrosinogros.com\/","logo":{"@type":"ImageObject","inLanguage":"zh-Hans","@id":"https:\/\/afrosinogros.com\/#\/schema\/logo\/image\/","url":"https:\/\/afrosinogros.com\/wp-content\/uploads\/2025\/09\/cropped-afrosino_logo_optimized-removebg-preview.png","contentUrl":"https:\/\/afrosinogros.com\/wp-content\/uploads\/2025\/09\/cropped-afrosino_logo_optimized-removebg-preview.png","width":512,"height":512,"caption":"AfroSino"},"image":{"@id":"https:\/\/afrosinogros.com\/#\/schema\/logo\/image\/"}}]}},"uagb_featured_image_src":{"full":["https:\/\/afrosinogros.com\/wp-content\/uploads\/2025\/07\/BFZ2004BN.jpg",800,1102,false],"thumbnail":["https:\/\/afrosinogros.com\/wp-content\/uploads\/2025\/07\/BFZ2004BN-150x150.jpg",150,150,true],"medium":["https:\/\/afrosinogros.com\/wp-content\/uploads\/2025\/07\/BFZ2004BN-218x300.jpg",218,300,true],"medium_large":["https:\/\/afrosinogros.com\/wp-content\/uploads\/2025\/07\/BFZ2004BN-768x1058.jpg",768,1058,true],"large":["https:\/\/afrosinogros.com\/wp-content\/uploads\/2025\/07\/BFZ2004BN-743x1024.jpg",743,1024,true],"1536x1536":["https:\/\/afrosinogros.com\/wp-content\/uploads\/2025\/07\/BFZ2004BN.jpg",800,1102,false],"2048x2048":["https:\/\/afrosinogros.com\/wp-content\/uploads\/2025\/07\/BFZ2004BN.jpg",800,1102,false],"trp-custom-language-flag":["https:\/\/afrosinogros.com\/wp-content\/uploads\/2025\/07\/BFZ2004BN-9x12.jpg",9,12,true],"woocommerce_archive_thumbnail":["https:\/\/afrosinogros.com\/wp-content\/uploads\/2025\/07\/BFZ2004BN-300x413.jpg",300,413,true],"woocommerce_thumbnail":["https:\/\/afrosinogros.com\/wp-content\/uploads\/2025\/07\/BFZ2004BN-300x300.jpg",300,300,true],"woocommerce_single":["https:\/\/afrosinogros.com\/wp-content\/uploads\/2025\/07\/BFZ2004BN-600x827.jpg",600,827,true],"woocommerce_gallery_thumbnail":["https:\/\/afrosinogros.com\/wp-content\/uploads\/2025\/07\/BFZ2004BN-100x100.jpg",100,100,true]},"uagb_author_info":{"display_name":"admin","author_link":"https:\/\/afrosinogros.com\/zh\/author\/"},"uagb_comment_info":0,"uagb_excerpt":"\u2728 Caract\u00e9ristiques produit : \u2705 Mod\u00e8les disponibles : BFZ2004BN \u2013 Gris mat BFZ2005CP \u2013 Inox poli BFZ2005BK \u2013 Noir mat \u2705 Type : Robinet mitigeur \u00e0 levier unique (eau chaude et froide)\u2705 Poids unitaire : 0,80 kg\u2705 Finition : R\u00e9sistante \u00e0 l\u2019humidit\u00e9 et aux temp\u00e9ratures \u00e9lev\u00e9es\u2705 Installation : Standard universelle (G1\/2) \u2013 facile \u00e0 monter\u2705&hellip;","jetpack_sharing_enabled":true,"_links":{"self":[{"href":"https:\/\/afrosinogros.com\/zh\/wp-json\/wp\/v2\/product\/955","targetHints":{"allow":["GET"]}}],"collection":[{"href":"https:\/\/afrosinogros.com\/zh\/wp-json\/wp\/v2\/product"}],"about":[{"href":"https:\/\/afrosinogros.com\/zh\/wp-json\/wp\/v2\/types\/product"}],"replies":[{"embeddable":true,"href":"https:\/\/afrosinogros.com\/zh\/wp-json\/wp\/v2\/comments?post=955"}],"wp:featuredmedia":[{"embeddable":true,"href":"https:\/\/afrosinogros.com\/zh\/wp-json\/wp\/v2\/media\/952"}],"wp:attachment":[{"href":"https:\/\/afrosinogros.com\/zh\/wp-json\/wp\/v2\/media?parent=955"}],"wp:term":[{"taxonomy":"product_brand","embeddable":true,"href":"https:\/\/afrosinogros.com\/zh\/wp-json\/wp\/v2\/product_brand?post=955"},{"taxonomy":"product_cat","embeddable":true,"href":"https:\/\/afrosinogros.com\/zh\/wp-json\/wp\/v2\/product_cat?post=955"},{"taxonomy":"product_tag","embeddable":true,"href":"https:\/\/afrosinogros.com\/zh\/wp-json\/wp\/v2\/product_tag?post=955"}],"curies":[{"name":"wp","href":"https:\/\/api.w.org\/{rel}","templated":true}]}}