{"id":959,"date":"2025-07-12T14:29:07","date_gmt":"2025-07-12T14:29:07","guid":{"rendered":"https:\/\/afrosinogros.com\/?post_type=product&#038;p=959"},"modified":"2025-07-12T15:36:04","modified_gmt":"2025-07-12T15:36:04","slug":"robinet-mitigeur-bfs1004-elegance-sobre-performance-au-quotidien","status":"publish","type":"product","link":"https:\/\/afrosinogros.com\/zh\/product\/robinet-mitigeur-bfs1004-elegance-sobre-performance-au-quotidien\/","title":{"rendered":"Robinet mitigeur BFS1004 \u2013 \u00c9l\u00e9gance sobre, performance au quotidien"},"content":{"rendered":"<p data-start=\"271\" data-end=\"541\">Apportez une touche moderne et raffin\u00e9e \u00e0 vos espaces sanitaires avec le robinet mitigeur BFS1004. L\u00e9ger, compact et au design \u00e9pur\u00e9, ce mod\u00e8le est con\u00e7u pour allier <strong data-start=\"437\" data-end=\"451\">efficacit\u00e9<\/strong>, <strong data-start=\"453\" data-end=\"467\">esth\u00e9tique<\/strong> et <strong data-start=\"471\" data-end=\"485\">durabilit\u00e9<\/strong>, id\u00e9al pour les cuisines et salles de bain de standing.<\/p>\n<p data-start=\"543\" data-end=\"722\">Disponible en <strong data-start=\"557\" data-end=\"569\">gris mat<\/strong> ou <strong data-start=\"573\" data-end=\"586\">inox poli<\/strong>, avec <strong data-start=\"593\" data-end=\"620\">option noir sur demande<\/strong>, il s\u2019adapte parfaitement \u00e0 tout type de projet, du logement individuel aux installations h\u00f4teli\u00e8res.<\/p>\n<p data-start=\"724\" data-end=\"756\">\ud83d\udcbc <strong data-start=\"727\" data-end=\"754\">Utilisation recommand\u00e9e<\/strong> :<\/p>\n<ul data-start=\"757\" data-end=\"926\">\n<li data-start=\"757\" data-end=\"807\">\n<p data-start=\"759\" data-end=\"807\">Projets r\u00e9sidentiels, h\u00f4tels, locations meubl\u00e9es<\/p>\n<\/li>\n<li data-start=\"808\" data-end=\"877\">\n<p data-start=\"810\" data-end=\"877\">Recommand\u00e9 pour les architectes, plombiers, d\u00e9corateurs d\u2019int\u00e9rieur<\/p>\n<\/li>\n<li data-start=\"878\" data-end=\"926\">\n<p data-start=\"880\" data-end=\"926\">Pose facile dans tout espace sanitaire moderne<\/p>\n<\/li>\n<\/ul>\n<p data-start=\"928\" data-end=\"1097\">\ud83d\udccc Finition soign\u00e9e et r\u00e9sistante \u00e0 l\u2019humidit\u00e9<br data-start=\"974\" data-end=\"977\" \/>\ud83d\udccc Double fonction eau chaude\/froide avec m\u00e9canisme fluide<br data-start=\"1035\" data-end=\"1038\" \/>\ud83d\udccc Produit test\u00e9 \u2013 pr\u00eat \u00e0 l\u2019export Afrique et international<\/p>","protected":false},"excerpt":{"rendered":"<h3 data-start=\"1104\" data-end=\"1140\">\u2728 <strong data-start=\"1110\" data-end=\"1140\">Caract\u00e9ristiques produit :<\/strong><\/h3>\n<p data-start=\"1142\" data-end=\"1171\">\u2705 <strong data-start=\"1144\" data-end=\"1167\">Mod\u00e8les disponibles<\/strong> :<\/p>\n<ul data-start=\"1172\" data-end=\"1277\">\n<li data-start=\"1172\" data-end=\"1200\">\n<p data-start=\"1174\" data-end=\"1200\"><strong data-start=\"1174\" data-end=\"1187\">BFS1004BN<\/strong> \u2013 Gris mat<\/p>\n<\/li>\n<li data-start=\"1201\" data-end=\"1230\">\n<p data-start=\"1203\" data-end=\"1230\"><strong data-start=\"1203\" data-end=\"1216\">BFS1004GP<\/strong> \u2013 Inox poli<\/p>\n<\/li>\n<li data-start=\"1201\" data-end=\"1230\">\n<p data-start=\"1203\" data-end=\"1230\"><strong data-start=\"1203\" data-end=\"1216\">BFS1004BK<\/strong> \u2013 Noir<\/p>\n<\/li>\n<li data-start=\"1231\" data-end=\"1277\"><\/li>\n<\/ul>\n<p data-start=\"1279\" data-end=\"1600\">\u2705 <strong data-start=\"1281\" data-end=\"1289\">Type<\/strong> : Robinet mitigeur \u00e0 levier unique<br data-start=\"1324\" data-end=\"1327\" \/>\u2705 <strong data-start=\"1329\" data-end=\"1347\">Poids unitaire<\/strong> : 0,70 kg<br data-start=\"1357\" data-end=\"1360\" \/>\u2705 <strong data-start=\"1362\" data-end=\"1374\">Finition<\/strong> : Anticorrosion, nettoyage facile<br data-start=\"1408\" data-end=\"1411\" \/>\u2705 <strong data-start=\"1413\" data-end=\"1429\">Installation<\/strong> : Standard (G1\/2) \u2013 montage simple et rapide<br data-start=\"1474\" data-end=\"1477\" \/>\u2705 <strong data-start=\"1479\" data-end=\"1491\">Mat\u00e9riau<\/strong> : Laiton hautement r\u00e9sistant ou inox, selon finition<br data-start=\"1544\" data-end=\"1547\" \/>\u2705 <strong data-start=\"1549\" data-end=\"1558\">Style<\/strong> : Moderne, sobre, adaptable \u00e0 tous d\u00e9cors<\/p>\n<hr data-start=\"1602\" data-end=\"1605\" \/>\n<p data-start=\"1607\" data-end=\"1640\">\ud83d\udce6 <strong data-start=\"1610\" data-end=\"1640\">Informations logistiques :<\/strong><\/p>\n<ul data-start=\"1642\" data-end=\"1896\">\n<li data-start=\"1642\" data-end=\"1722\">\n<p data-start=\"1644\" data-end=\"1722\"><strong data-start=\"1644\" data-end=\"1663\">Conditionnement<\/strong> : 1 pi\u00e8ce par bo\u00eete \/ 30 bo\u00eetes par carton (1pc x 30bxs)<\/p>\n<\/li>\n<li data-start=\"1723\" data-end=\"1762\">\n<p data-start=\"1725\" data-end=\"1762\"><strong data-start=\"1725\" data-end=\"1751\">Poids total par carton<\/strong> : ~21 kg<\/p>\n<\/li>\n<li data-start=\"1763\" data-end=\"1786\">\n<p data-start=\"1765\" data-end=\"1786\"><strong data-start=\"1765\" data-end=\"1776\">Origine<\/strong> : Chine<\/p>\n<\/li>\n<li data-start=\"1787\" data-end=\"1896\">\n<p data-start=\"1789\" data-end=\"1815\"><strong data-start=\"1789\" data-end=\"1811\">R\u00e9f\u00e9rences produit<\/strong> :<\/p>\n<ul data-start=\"1818\" data-end=\"1896\">\n<li data-start=\"1818\" data-end=\"1842\">\n<p data-start=\"1820\" data-end=\"1842\">BFS1004BN (Gris mat)<\/p>\n<\/li>\n<li data-start=\"1845\" data-end=\"1865\">\n<p data-start=\"1847\" data-end=\"1865\">BFS1004GP (Inox)<\/p>\n<\/li>\n<li data-start=\"1868\" data-end=\"1896\">\n<p data-start=\"1870\" data-end=\"1896\">Option noir (sur commande)<\/p>\n<\/li>\n<\/ul>\n<\/li>\n<\/ul>\n<hr data-start=\"1898\" data-end=\"1901\" \/>\n<p data-start=\"1903\" data-end=\"1946\">\ud83d\ude9b <strong data-start=\"1906\" data-end=\"1946\">Conditions de commande &amp; livraison :<\/strong><\/p>\n<p data-start=\"1948\" data-end=\"2205\">\ud83d\uded2 <strong data-start=\"1951\" data-end=\"1978\">Commande minimale (MOQ)<\/strong> : 30 pi\u00e8ces (1 carton)<br data-start=\"2001\" data-end=\"2004\" \/>\ud83d\ude9a <strong data-start=\"2007\" data-end=\"2028\">Livraison offerte<\/strong> \u00e0 partir de 90 pi\u00e8ces (3 cartons ou plus)<br data-start=\"2070\" data-end=\"2073\" \/>\u26a0\ufe0f <strong data-start=\"2076\" data-end=\"2110\">Commande entre 30 et 89 pi\u00e8ces<\/strong> : frais de livraison applicables<br data-start=\"2143\" data-end=\"2146\" \/>\u2705 <strong data-start=\"2148\" data-end=\"2175\">Commande mixte possible<\/strong> entre les mod\u00e8les disponibles<\/p>","protected":false},"featured_media":950,"comment_status":"open","ping_status":"closed","template":"","meta":{"_uag_custom_page_level_css":""},"product_brand":[99],"product_cat":[61],"product_tag":[],"class_list":{"0":"post-959","1":"product","2":"type-product","3":"status-publish","4":"has-post-thumbnail","6":"product_brand-doli","7":"product_cat-sanitaire-plomberie","9":"first","10":"instock","11":"taxable","12":"shipping-taxable","13":"purchasable","14":"product-type-simple"},"yoast_head":"<!-- This site is optimized with the Yoast SEO plugin v27.3 - https:\/\/yoast.com\/product\/yoast-seo-wordpress\/ -->\n<title>Robinet mitigeur BFS1004 \u2013 \u00c9l\u00e9gance sobre, performance au quotidien - AfroSino<\/title>\n<meta name=\"robots\" content=\"index, follow, max-snippet:-1, max-image-preview:large, max-video-preview:-1\" \/>\n<link rel=\"canonical\" href=\"https:\/\/afrosinogros.com\/zh\/product\/robinet-mitigeur-bfs1004-elegance-sobre-performance-au-quotidien\/\" \/>\n<meta property=\"og:locale\" content=\"zh_CN\" \/>\n<meta property=\"og:type\" content=\"article\" \/>\n<meta property=\"og:title\" content=\"Robinet mitigeur BFS1004 \u2013 \u00c9l\u00e9gance sobre, performance au quotidien - AfroSino\" \/>\n<meta property=\"og:description\" content=\"\u2728 Caract\u00e9ristiques produit : \u2705 Mod\u00e8les disponibles :     BFS1004BN \u2013 Gris mat    BFS1004GP \u2013 Inox poli    BFS1004BK \u2013 Noir     \u2705 Type : Robinet mitigeur \u00e0 levier unique\u2705 Poids unitaire : 0,70 kg\u2705 Finition : Anticorrosion, nettoyage facile\u2705 Installation : Standard (G1\/2) \u2013 montage simple et rapide\u2705 Mat\u00e9riau : Laiton hautement r\u00e9sistant ou inox, selon finition\u2705 Style : Moderne, sobre, adaptable \u00e0 tous d\u00e9cors    \ud83d\udce6 Informations logistiques :     Conditionnement : 1 pi\u00e8ce par bo\u00eete \/ 30 bo\u00eetes par carton (1pc x 30bxs)    Poids total par carton : ~21 kg    Origine : Chine    R\u00e9f\u00e9rences produit :     BFS1004BN (Gris mat)    BFS1004GP (Inox)    Option noir (sur commande)       \ud83d\ude9b Conditions de commande &amp; livraison : \ud83d\uded2 Commande minimale (MOQ) : 30 pi\u00e8ces (1 carton)\ud83d\ude9a Livraison offerte \u00e0 partir de 90 pi\u00e8ces (3 cartons ou plus)\u26a0\ufe0f Commande entre 30 et 89 pi\u00e8ces : frais de livraison applicables\u2705 Commande mixte possible entre les mod\u00e8les disponibles\" \/>\n<meta property=\"og:url\" content=\"https:\/\/afrosinogros.com\/zh\/product\/robinet-mitigeur-bfs1004-elegance-sobre-performance-au-quotidien\/\" \/>\n<meta property=\"og:site_name\" content=\"AfroSino\" \/>\n<meta property=\"article:modified_time\" content=\"2025-07-12T15:36:04+00:00\" \/>\n<meta property=\"og:image\" content=\"https:\/\/afrosinogros.com\/wp-content\/uploads\/2025\/07\/BFS1004CP.jpg\" \/>\n\t<meta property=\"og:image:width\" content=\"800\" \/>\n\t<meta property=\"og:image:height\" content=\"1067\" \/>\n\t<meta property=\"og:image:type\" content=\"image\/jpeg\" \/>\n<meta name=\"twitter:card\" content=\"summary_large_image\" \/>\n<meta name=\"twitter:label1\" content=\"\u9884\u8ba1\u9605\u8bfb\u65f6\u95f4\" \/>\n\t<meta name=\"twitter:data1\" content=\"1 \u5206\" \/>\n<script type=\"application\/ld+json\" class=\"yoast-schema-graph\">{\"@context\":\"https:\\\/\\\/schema.org\",\"@graph\":[{\"@type\":\"WebPage\",\"@id\":\"https:\\\/\\\/afrosinogros.com\\\/product\\\/robinet-mitigeur-bfs1004-elegance-sobre-performance-au-quotidien\\\/\",\"url\":\"https:\\\/\\\/afrosinogros.com\\\/product\\\/robinet-mitigeur-bfs1004-elegance-sobre-performance-au-quotidien\\\/\",\"name\":\"Robinet mitigeur BFS1004 \u2013 \u00c9l\u00e9gance sobre, performance au quotidien - AfroSino\",\"isPartOf\":{\"@id\":\"https:\\\/\\\/afrosinogros.com\\\/#website\"},\"primaryImageOfPage\":{\"@id\":\"https:\\\/\\\/afrosinogros.com\\\/product\\\/robinet-mitigeur-bfs1004-elegance-sobre-performance-au-quotidien\\\/#primaryimage\"},\"image\":{\"@id\":\"https:\\\/\\\/afrosinogros.com\\\/product\\\/robinet-mitigeur-bfs1004-elegance-sobre-performance-au-quotidien\\\/#primaryimage\"},\"thumbnailUrl\":\"https:\\\/\\\/afrosinogros.com\\\/wp-content\\\/uploads\\\/2025\\\/07\\\/BFS1004CP.jpg\",\"datePublished\":\"2025-07-12T14:29:07+00:00\",\"dateModified\":\"2025-07-12T15:36:04+00:00\",\"breadcrumb\":{\"@id\":\"https:\\\/\\\/afrosinogros.com\\\/product\\\/robinet-mitigeur-bfs1004-elegance-sobre-performance-au-quotidien\\\/#breadcrumb\"},\"inLanguage\":\"zh-Hans\",\"potentialAction\":[{\"@type\":\"ReadAction\",\"target\":[\"https:\\\/\\\/afrosinogros.com\\\/product\\\/robinet-mitigeur-bfs1004-elegance-sobre-performance-au-quotidien\\\/\"]}]},{\"@type\":\"ImageObject\",\"inLanguage\":\"zh-Hans\",\"@id\":\"https:\\\/\\\/afrosinogros.com\\\/product\\\/robinet-mitigeur-bfs1004-elegance-sobre-performance-au-quotidien\\\/#primaryimage\",\"url\":\"https:\\\/\\\/afrosinogros.com\\\/wp-content\\\/uploads\\\/2025\\\/07\\\/BFS1004CP.jpg\",\"contentUrl\":\"https:\\\/\\\/afrosinogros.com\\\/wp-content\\\/uploads\\\/2025\\\/07\\\/BFS1004CP.jpg\",\"width\":800,\"height\":1067},{\"@type\":\"BreadcrumbList\",\"@id\":\"https:\\\/\\\/afrosinogros.com\\\/product\\\/robinet-mitigeur-bfs1004-elegance-sobre-performance-au-quotidien\\\/#breadcrumb\",\"itemListElement\":[{\"@type\":\"ListItem\",\"position\":1,\"name\":\"Home\",\"item\":\"https:\\\/\\\/afrosinogros.com\\\/\"},{\"@type\":\"ListItem\",\"position\":2,\"name\":\"Magasin\",\"item\":\"https:\\\/\\\/afrosinogros.com\\\/magasin\\\/\"},{\"@type\":\"ListItem\",\"position\":3,\"name\":\"Robinet mitigeur BFS1004 \u2013 \u00c9l\u00e9gance sobre, performance au quotidien\"}]},{\"@type\":\"WebSite\",\"@id\":\"https:\\\/\\\/afrosinogros.com\\\/#website\",\"url\":\"https:\\\/\\\/afrosinogros.com\\\/\",\"name\":\"AfroSino\",\"description\":\"Officiel site web\",\"publisher\":{\"@id\":\"https:\\\/\\\/afrosinogros.com\\\/#organization\"},\"potentialAction\":[{\"@type\":\"SearchAction\",\"target\":{\"@type\":\"EntryPoint\",\"urlTemplate\":\"https:\\\/\\\/afrosinogros.com\\\/?s={search_term_string}\"},\"query-input\":{\"@type\":\"PropertyValueSpecification\",\"valueRequired\":true,\"valueName\":\"search_term_string\"}}],\"inLanguage\":\"zh-Hans\"},{\"@type\":\"Organization\",\"@id\":\"https:\\\/\\\/afrosinogros.com\\\/#organization\",\"name\":\"AfroSino\",\"url\":\"https:\\\/\\\/afrosinogros.com\\\/\",\"logo\":{\"@type\":\"ImageObject\",\"inLanguage\":\"zh-Hans\",\"@id\":\"https:\\\/\\\/afrosinogros.com\\\/#\\\/schema\\\/logo\\\/image\\\/\",\"url\":\"https:\\\/\\\/afrosinogros.com\\\/wp-content\\\/uploads\\\/2025\\\/09\\\/cropped-afrosino_logo_optimized-removebg-preview.png\",\"contentUrl\":\"https:\\\/\\\/afrosinogros.com\\\/wp-content\\\/uploads\\\/2025\\\/09\\\/cropped-afrosino_logo_optimized-removebg-preview.png\",\"width\":512,\"height\":512,\"caption\":\"AfroSino\"},\"image\":{\"@id\":\"https:\\\/\\\/afrosinogros.com\\\/#\\\/schema\\\/logo\\\/image\\\/\"}}]}<\/script>\n<!-- \/ Yoast SEO plugin. -->","yoast_head_json":{"title":"Robinet mitigeur BFS1004 \u2013 \u00c9l\u00e9gance sobre, performance au quotidien - AfroSino","robots":{"index":"index","follow":"follow","max-snippet":"max-snippet:-1","max-image-preview":"max-image-preview:large","max-video-preview":"max-video-preview:-1"},"canonical":"https:\/\/afrosinogros.com\/zh\/product\/robinet-mitigeur-bfs1004-elegance-sobre-performance-au-quotidien\/","og_locale":"zh_CN","og_type":"article","og_title":"Robinet mitigeur BFS1004 \u2013 \u00c9l\u00e9gance sobre, performance au quotidien - AfroSino","og_description":"\u2728 Caract\u00e9ristiques produit : \u2705 Mod\u00e8les disponibles :     BFS1004BN \u2013 Gris mat    BFS1004GP \u2013 Inox poli    BFS1004BK \u2013 Noir     \u2705 Type : Robinet mitigeur \u00e0 levier unique\u2705 Poids unitaire : 0,70 kg\u2705 Finition : Anticorrosion, nettoyage facile\u2705 Installation : Standard (G1\/2) \u2013 montage simple et rapide\u2705 Mat\u00e9riau : Laiton hautement r\u00e9sistant ou inox, selon finition\u2705 Style : Moderne, sobre, adaptable \u00e0 tous d\u00e9cors    \ud83d\udce6 Informations logistiques :     Conditionnement : 1 pi\u00e8ce par bo\u00eete \/ 30 bo\u00eetes par carton (1pc x 30bxs)    Poids total par carton : ~21 kg    Origine : Chine    R\u00e9f\u00e9rences produit :     BFS1004BN (Gris mat)    BFS1004GP (Inox)    Option noir (sur commande)       \ud83d\ude9b Conditions de commande &amp; livraison : \ud83d\uded2 Commande minimale (MOQ) : 30 pi\u00e8ces (1 carton)\ud83d\ude9a Livraison offerte \u00e0 partir de 90 pi\u00e8ces (3 cartons ou plus)\u26a0\ufe0f Commande entre 30 et 89 pi\u00e8ces : frais de livraison applicables\u2705 Commande mixte possible entre les mod\u00e8les disponibles","og_url":"https:\/\/afrosinogros.com\/zh\/product\/robinet-mitigeur-bfs1004-elegance-sobre-performance-au-quotidien\/","og_site_name":"AfroSino","article_modified_time":"2025-07-12T15:36:04+00:00","og_image":[{"width":800,"height":1067,"url":"https:\/\/afrosinogros.com\/wp-content\/uploads\/2025\/07\/BFS1004CP.jpg","type":"image\/jpeg"}],"twitter_card":"summary_large_image","twitter_misc":{"\u9884\u8ba1\u9605\u8bfb\u65f6\u95f4":"1 \u5206"},"schema":{"@context":"https:\/\/schema.org","@graph":[{"@type":"WebPage","@id":"https:\/\/afrosinogros.com\/product\/robinet-mitigeur-bfs1004-elegance-sobre-performance-au-quotidien\/","url":"https:\/\/afrosinogros.com\/product\/robinet-mitigeur-bfs1004-elegance-sobre-performance-au-quotidien\/","name":"Robinet mitigeur BFS1004 \u2013 \u00c9l\u00e9gance sobre, performance au quotidien - AfroSino","isPartOf":{"@id":"https:\/\/afrosinogros.com\/#website"},"primaryImageOfPage":{"@id":"https:\/\/afrosinogros.com\/product\/robinet-mitigeur-bfs1004-elegance-sobre-performance-au-quotidien\/#primaryimage"},"image":{"@id":"https:\/\/afrosinogros.com\/product\/robinet-mitigeur-bfs1004-elegance-sobre-performance-au-quotidien\/#primaryimage"},"thumbnailUrl":"https:\/\/afrosinogros.com\/wp-content\/uploads\/2025\/07\/BFS1004CP.jpg","datePublished":"2025-07-12T14:29:07+00:00","dateModified":"2025-07-12T15:36:04+00:00","breadcrumb":{"@id":"https:\/\/afrosinogros.com\/product\/robinet-mitigeur-bfs1004-elegance-sobre-performance-au-quotidien\/#breadcrumb"},"inLanguage":"zh-Hans","potentialAction":[{"@type":"ReadAction","target":["https:\/\/afrosinogros.com\/product\/robinet-mitigeur-bfs1004-elegance-sobre-performance-au-quotidien\/"]}]},{"@type":"ImageObject","inLanguage":"zh-Hans","@id":"https:\/\/afrosinogros.com\/product\/robinet-mitigeur-bfs1004-elegance-sobre-performance-au-quotidien\/#primaryimage","url":"https:\/\/afrosinogros.com\/wp-content\/uploads\/2025\/07\/BFS1004CP.jpg","contentUrl":"https:\/\/afrosinogros.com\/wp-content\/uploads\/2025\/07\/BFS1004CP.jpg","width":800,"height":1067},{"@type":"BreadcrumbList","@id":"https:\/\/afrosinogros.com\/product\/robinet-mitigeur-bfs1004-elegance-sobre-performance-au-quotidien\/#breadcrumb","itemListElement":[{"@type":"ListItem","position":1,"name":"Home","item":"https:\/\/afrosinogros.com\/"},{"@type":"ListItem","position":2,"name":"Magasin","item":"https:\/\/afrosinogros.com\/magasin\/"},{"@type":"ListItem","position":3,"name":"Robinet mitigeur BFS1004 \u2013 \u00c9l\u00e9gance sobre, performance au quotidien"}]},{"@type":"WebSite","@id":"https:\/\/afrosinogros.com\/#website","url":"https:\/\/afrosinogros.com\/","name":"AfroSino","description":"Officiel site web","publisher":{"@id":"https:\/\/afrosinogros.com\/#organization"},"potentialAction":[{"@type":"SearchAction","target":{"@type":"EntryPoint","urlTemplate":"https:\/\/afrosinogros.com\/?s={search_term_string}"},"query-input":{"@type":"PropertyValueSpecification","valueRequired":true,"valueName":"search_term_string"}}],"inLanguage":"zh-Hans"},{"@type":"Organization","@id":"https:\/\/afrosinogros.com\/#organization","name":"AfroSino","url":"https:\/\/afrosinogros.com\/","logo":{"@type":"ImageObject","inLanguage":"zh-Hans","@id":"https:\/\/afrosinogros.com\/#\/schema\/logo\/image\/","url":"https:\/\/afrosinogros.com\/wp-content\/uploads\/2025\/09\/cropped-afrosino_logo_optimized-removebg-preview.png","contentUrl":"https:\/\/afrosinogros.com\/wp-content\/uploads\/2025\/09\/cropped-afrosino_logo_optimized-removebg-preview.png","width":512,"height":512,"caption":"AfroSino"},"image":{"@id":"https:\/\/afrosinogros.com\/#\/schema\/logo\/image\/"}}]}},"uagb_featured_image_src":{"full":["https:\/\/afrosinogros.com\/wp-content\/uploads\/2025\/07\/BFS1004CP.jpg",800,1067,false],"thumbnail":["https:\/\/afrosinogros.com\/wp-content\/uploads\/2025\/07\/BFS1004CP-150x150.jpg",150,150,true],"medium":["https:\/\/afrosinogros.com\/wp-content\/uploads\/2025\/07\/BFS1004CP-225x300.jpg",225,300,true],"medium_large":["https:\/\/afrosinogros.com\/wp-content\/uploads\/2025\/07\/BFS1004CP-768x1024.jpg",768,1024,true],"large":["https:\/\/afrosinogros.com\/wp-content\/uploads\/2025\/07\/BFS1004CP-768x1024.jpg",768,1024,true],"1536x1536":["https:\/\/afrosinogros.com\/wp-content\/uploads\/2025\/07\/BFS1004CP.jpg",800,1067,false],"2048x2048":["https:\/\/afrosinogros.com\/wp-content\/uploads\/2025\/07\/BFS1004CP.jpg",800,1067,false],"trp-custom-language-flag":["https:\/\/afrosinogros.com\/wp-content\/uploads\/2025\/07\/BFS1004CP-9x12.jpg",9,12,true],"woocommerce_archive_thumbnail":["https:\/\/afrosinogros.com\/wp-content\/uploads\/2025\/07\/BFS1004CP-300x400.jpg",300,400,true],"woocommerce_thumbnail":["https:\/\/afrosinogros.com\/wp-content\/uploads\/2025\/07\/BFS1004CP-300x300.jpg",300,300,true],"woocommerce_single":["https:\/\/afrosinogros.com\/wp-content\/uploads\/2025\/07\/BFS1004CP-600x800.jpg",600,800,true],"woocommerce_gallery_thumbnail":["https:\/\/afrosinogros.com\/wp-content\/uploads\/2025\/07\/BFS1004CP-100x100.jpg",100,100,true]},"uagb_author_info":{"display_name":"admin","author_link":"https:\/\/afrosinogros.com\/zh\/author\/"},"uagb_comment_info":0,"uagb_excerpt":"\u2728 Caract\u00e9ristiques produit : \u2705 Mod\u00e8les disponibles : BFS1004BN \u2013 Gris mat BFS1004GP \u2013 Inox poli BFS1004BK \u2013 Noir \u2705 Type : Robinet mitigeur \u00e0 levier unique\u2705 Poids unitaire : 0,70 kg\u2705 Finition : Anticorrosion, nettoyage facile\u2705 Installation : Standard (G1\/2) \u2013 montage simple et rapide\u2705 Mat\u00e9riau : Laiton hautement r\u00e9sistant ou inox, selon finition\u2705&hellip;","jetpack_sharing_enabled":true,"_links":{"self":[{"href":"https:\/\/afrosinogros.com\/zh\/wp-json\/wp\/v2\/product\/959","targetHints":{"allow":["GET"]}}],"collection":[{"href":"https:\/\/afrosinogros.com\/zh\/wp-json\/wp\/v2\/product"}],"about":[{"href":"https:\/\/afrosinogros.com\/zh\/wp-json\/wp\/v2\/types\/product"}],"replies":[{"embeddable":true,"href":"https:\/\/afrosinogros.com\/zh\/wp-json\/wp\/v2\/comments?post=959"}],"wp:featuredmedia":[{"embeddable":true,"href":"https:\/\/afrosinogros.com\/zh\/wp-json\/wp\/v2\/media\/950"}],"wp:attachment":[{"href":"https:\/\/afrosinogros.com\/zh\/wp-json\/wp\/v2\/media?parent=959"}],"wp:term":[{"taxonomy":"product_brand","embeddable":true,"href":"https:\/\/afrosinogros.com\/zh\/wp-json\/wp\/v2\/product_brand?post=959"},{"taxonomy":"product_cat","embeddable":true,"href":"https:\/\/afrosinogros.com\/zh\/wp-json\/wp\/v2\/product_cat?post=959"},{"taxonomy":"product_tag","embeddable":true,"href":"https:\/\/afrosinogros.com\/zh\/wp-json\/wp\/v2\/product_tag?post=959"}],"curies":[{"name":"wp","href":"https:\/\/api.w.org\/{rel}","templated":true}]}}