{"id":986,"date":"2025-07-12T15:46:26","date_gmt":"2025-07-12T15:46:26","guid":{"rendered":"https:\/\/afrosinogros.com\/?post_type=product&#038;p=986"},"modified":"2025-07-12T15:46:27","modified_gmt":"2025-07-12T15:46:27","slug":"robinet-pour-douche-sfz3005cp-inox-poli-pour-une-salle-de-bain-moderne-et-fonctionnelle","status":"publish","type":"product","link":"https:\/\/afrosinogros.com\/zh\/product\/robinet-pour-douche-sfz3005cp-inox-poli-pour-une-salle-de-bain-moderne-et-fonctionnelle\/","title":{"rendered":"Robinet pour douche SFZ3005CP \u2013 Inox poli pour une salle de bain moderne et fonctionnelle"},"content":{"rendered":"<p data-start=\"250\" data-end=\"527\">Le robinet de douche <strong data-start=\"271\" data-end=\"284\">SFZ3005CP<\/strong> associe <strong data-start=\"293\" data-end=\"311\">design \u00e9l\u00e9gant<\/strong>, <strong data-start=\"313\" data-end=\"340\">r\u00e9sistance \u00e0 l\u2019humidit\u00e9<\/strong> et <strong data-start=\"344\" data-end=\"374\">fonctionnalit\u00e9 quotidienne<\/strong>. Con\u00e7u en <strong data-start=\"385\" data-end=\"407\">finition inox poli<\/strong>, il est parfait pour \u00e9quiper les salles de bain de mani\u00e8re durable tout en maintenant un aspect propre et contemporain.<\/p>\n<p data-start=\"529\" data-end=\"702\">Ce mod\u00e8le s\u2019adapte \u00e0 la plupart des installations standards et convient aussi bien \u00e0 des projets r\u00e9sidentiels qu\u2019\u00e0 des logements locatifs, h\u00f4tels ou chantiers de r\u00e9novation.<\/p>\n<p data-start=\"704\" data-end=\"736\">\ud83d\udcbc <strong data-start=\"707\" data-end=\"734\">Utilisation recommand\u00e9e<\/strong> :<\/p>\n<ul data-start=\"737\" data-end=\"952\">\n<li data-start=\"737\" data-end=\"797\">\n<p data-start=\"739\" data-end=\"797\">Salles de bain r\u00e9sidentielles, h\u00f4tels, logements meubl\u00e9s<\/p>\n<\/li>\n<li data-start=\"798\" data-end=\"884\">\n<p data-start=\"800\" data-end=\"884\">Convient aux professionnels de l\u2019installation sanitaire, promoteurs, distributeurs<\/p>\n<\/li>\n<li data-start=\"885\" data-end=\"952\">\n<p data-start=\"887\" data-end=\"952\">Id\u00e9al pour remplacement ou installation dans des douches modernes<\/p>\n<\/li>\n<\/ul>\n<p data-start=\"954\" data-end=\"1102\">\ud83d\udccc Finition inox brillante facile \u00e0 entretenir<br data-start=\"1000\" data-end=\"1003\" \/>\ud83d\udccc R\u00e9sistance \u00e0 la corrosion et \u00e0 l\u2019humidit\u00e9<br data-start=\"1047\" data-end=\"1050\" \/>\ud83d\udccc Produit test\u00e9 \u2013 conforme aux normes pour l\u2019export<\/p>","protected":false},"excerpt":{"rendered":"<h3 data-start=\"1109\" data-end=\"1145\">\u2728 <strong data-start=\"1115\" data-end=\"1145\">Caract\u00e9ristiques produit :<\/strong><\/h3>\n<p data-start=\"1147\" data-end=\"1512\">\u2705 <strong data-start=\"1149\" data-end=\"1159\">Mod\u00e8le<\/strong> : SFZ3005CP<br data-start=\"1171\" data-end=\"1174\" \/>\u2705 <strong data-start=\"1176\" data-end=\"1184\">Type<\/strong> : Robinet pour douche (simple ou mitigeur selon installation)<br data-start=\"1246\" data-end=\"1249\" \/>\u2705 <strong data-start=\"1251\" data-end=\"1263\">Finition<\/strong> : Inox poli (CP \u2013 Chrome Polish)<br data-start=\"1296\" data-end=\"1299\" \/>\u2705 <strong data-start=\"1301\" data-end=\"1319\">Poids unitaire<\/strong> : 0,72 kg<br data-start=\"1329\" data-end=\"1332\" \/>\u2705 <strong data-start=\"1334\" data-end=\"1350\">Installation<\/strong> : Raccords standard muraux \u2013 montage simple<br data-start=\"1394\" data-end=\"1397\" \/>\u2705 <strong data-start=\"1399\" data-end=\"1411\">Mat\u00e9riau<\/strong> : Laiton ou alliage renforc\u00e9 avec finition inox poli<br data-start=\"1464\" data-end=\"1467\" \/>\u2705 <strong data-start=\"1469\" data-end=\"1478\">Style<\/strong> : Moderne, discret et fonctionnel<\/p>\n<hr data-start=\"1514\" data-end=\"1517\" \/>\n<p data-start=\"1519\" data-end=\"1552\">\ud83d\udce6 <strong data-start=\"1522\" data-end=\"1552\">Informations logistiques :<\/strong><\/p>\n<ul data-start=\"1554\" data-end=\"1736\">\n<li data-start=\"1554\" data-end=\"1634\">\n<p data-start=\"1556\" data-end=\"1634\"><strong data-start=\"1556\" data-end=\"1575\">Conditionnement<\/strong> : 1 pi\u00e8ce par bo\u00eete \/ 30 bo\u00eetes par carton (1pc x 30bxs)<\/p>\n<\/li>\n<li data-start=\"1635\" data-end=\"1676\">\n<p data-start=\"1637\" data-end=\"1676\"><strong data-start=\"1637\" data-end=\"1663\">Poids total par carton<\/strong> : ~21,6 kg<\/p>\n<\/li>\n<li data-start=\"1677\" data-end=\"1700\">\n<p data-start=\"1679\" data-end=\"1700\"><strong data-start=\"1679\" data-end=\"1690\">Origine<\/strong> : Chine<\/p>\n<\/li>\n<li data-start=\"1701\" data-end=\"1736\">\n<p data-start=\"1703\" data-end=\"1736\"><strong data-start=\"1703\" data-end=\"1724\">R\u00e9f\u00e9rence produit<\/strong> : SFZ3005CP<\/p>\n<\/li>\n<\/ul>\n<hr data-start=\"1738\" data-end=\"1741\" \/>\n<p data-start=\"1743\" data-end=\"1786\">\ud83d\ude9b <strong data-start=\"1746\" data-end=\"1786\">Conditions de commande &amp; livraison :<\/strong><\/p>\n<p data-start=\"1788\" data-end=\"2043\">\ud83d\uded2 <strong data-start=\"1791\" data-end=\"1818\">Commande minimale (MOQ)<\/strong> : 30 pi\u00e8ces (1 carton)<br data-start=\"1841\" data-end=\"1844\" \/>\ud83d\ude9a <strong data-start=\"1847\" data-end=\"1868\">Livraison offerte<\/strong> \u00e0 partir de 90 pi\u00e8ces (3 cartons ou plus)<br data-start=\"1910\" data-end=\"1913\" \/>\u26a0\ufe0f <strong data-start=\"1916\" data-end=\"1950\">Commande entre 30 et 89 pi\u00e8ces<\/strong> : frais de livraison applicables<br data-start=\"1983\" data-end=\"1986\" \/>\u2705 <strong data-start=\"1988\" data-end=\"2043\">Disponible exclusivement en finition inox poli (CP)<\/strong><\/p>","protected":false},"featured_media":981,"comment_status":"open","ping_status":"closed","template":"","meta":{"_uag_custom_page_level_css":""},"product_brand":[99],"product_cat":[61],"product_tag":[],"class_list":{"0":"post-986","1":"product","2":"type-product","3":"status-publish","4":"has-post-thumbnail","6":"product_brand-doli","7":"product_cat-sanitaire-plomberie","9":"first","10":"instock","11":"taxable","12":"shipping-taxable","13":"purchasable","14":"product-type-simple"},"yoast_head":"<!-- This site is optimized with the Yoast SEO plugin v27.3 - https:\/\/yoast.com\/product\/yoast-seo-wordpress\/ -->\n<title>Robinet pour douche SFZ3005CP \u2013 Inox poli pour une salle de bain moderne et fonctionnelle - AfroSino<\/title>\n<meta name=\"robots\" content=\"index, follow, max-snippet:-1, max-image-preview:large, max-video-preview:-1\" \/>\n<link rel=\"canonical\" href=\"https:\/\/afrosinogros.com\/zh\/product\/robinet-pour-douche-sfz3005cp-inox-poli-pour-une-salle-de-bain-moderne-et-fonctionnelle\/\" \/>\n<meta property=\"og:locale\" content=\"zh_CN\" \/>\n<meta property=\"og:type\" content=\"article\" \/>\n<meta property=\"og:title\" content=\"Robinet pour douche SFZ3005CP \u2013 Inox poli pour une salle de bain moderne et fonctionnelle - AfroSino\" \/>\n<meta property=\"og:description\" content=\"\u2728 Caract\u00e9ristiques produit : \u2705 Mod\u00e8le : SFZ3005CP\u2705 Type : Robinet pour douche (simple ou mitigeur selon installation)\u2705 Finition : Inox poli (CP \u2013 Chrome Polish)\u2705 Poids unitaire : 0,72 kg\u2705 Installation : Raccords standard muraux \u2013 montage simple\u2705 Mat\u00e9riau : Laiton ou alliage renforc\u00e9 avec finition inox poli\u2705 Style : Moderne, discret et fonctionnel    \ud83d\udce6 Informations logistiques :     Conditionnement : 1 pi\u00e8ce par bo\u00eete \/ 30 bo\u00eetes par carton (1pc x 30bxs)    Poids total par carton : ~21,6 kg    Origine : Chine    R\u00e9f\u00e9rence produit : SFZ3005CP     \ud83d\ude9b Conditions de commande &amp; livraison : \ud83d\uded2 Commande minimale (MOQ) : 30 pi\u00e8ces (1 carton)\ud83d\ude9a Livraison offerte \u00e0 partir de 90 pi\u00e8ces (3 cartons ou plus)\u26a0\ufe0f Commande entre 30 et 89 pi\u00e8ces : frais de livraison applicables\u2705 Disponible exclusivement en finition inox poli (CP)\" \/>\n<meta property=\"og:url\" content=\"https:\/\/afrosinogros.com\/zh\/product\/robinet-pour-douche-sfz3005cp-inox-poli-pour-une-salle-de-bain-moderne-et-fonctionnelle\/\" \/>\n<meta property=\"og:site_name\" content=\"AfroSino\" \/>\n<meta property=\"article:modified_time\" content=\"2025-07-12T15:46:27+00:00\" \/>\n<meta property=\"og:image\" content=\"https:\/\/afrosinogros.com\/wp-content\/uploads\/2025\/07\/SFZ3005CP.jpg\" \/>\n\t<meta property=\"og:image:width\" content=\"800\" \/>\n\t<meta property=\"og:image:height\" content=\"565\" \/>\n\t<meta property=\"og:image:type\" content=\"image\/jpeg\" \/>\n<meta name=\"twitter:card\" content=\"summary_large_image\" \/>\n<meta name=\"twitter:label1\" content=\"\u9884\u8ba1\u9605\u8bfb\u65f6\u95f4\" \/>\n\t<meta name=\"twitter:data1\" content=\"1 \u5206\" \/>\n<script type=\"application\/ld+json\" class=\"yoast-schema-graph\">{\"@context\":\"https:\\\/\\\/schema.org\",\"@graph\":[{\"@type\":\"WebPage\",\"@id\":\"https:\\\/\\\/afrosinogros.com\\\/product\\\/robinet-pour-douche-sfz3005cp-inox-poli-pour-une-salle-de-bain-moderne-et-fonctionnelle\\\/\",\"url\":\"https:\\\/\\\/afrosinogros.com\\\/product\\\/robinet-pour-douche-sfz3005cp-inox-poli-pour-une-salle-de-bain-moderne-et-fonctionnelle\\\/\",\"name\":\"Robinet pour douche SFZ3005CP \u2013 Inox poli pour une salle de bain moderne et fonctionnelle - AfroSino\",\"isPartOf\":{\"@id\":\"https:\\\/\\\/afrosinogros.com\\\/#website\"},\"primaryImageOfPage\":{\"@id\":\"https:\\\/\\\/afrosinogros.com\\\/product\\\/robinet-pour-douche-sfz3005cp-inox-poli-pour-une-salle-de-bain-moderne-et-fonctionnelle\\\/#primaryimage\"},\"image\":{\"@id\":\"https:\\\/\\\/afrosinogros.com\\\/product\\\/robinet-pour-douche-sfz3005cp-inox-poli-pour-une-salle-de-bain-moderne-et-fonctionnelle\\\/#primaryimage\"},\"thumbnailUrl\":\"https:\\\/\\\/afrosinogros.com\\\/wp-content\\\/uploads\\\/2025\\\/07\\\/SFZ3005CP.jpg\",\"datePublished\":\"2025-07-12T15:46:26+00:00\",\"dateModified\":\"2025-07-12T15:46:27+00:00\",\"breadcrumb\":{\"@id\":\"https:\\\/\\\/afrosinogros.com\\\/product\\\/robinet-pour-douche-sfz3005cp-inox-poli-pour-une-salle-de-bain-moderne-et-fonctionnelle\\\/#breadcrumb\"},\"inLanguage\":\"zh-Hans\",\"potentialAction\":[{\"@type\":\"ReadAction\",\"target\":[\"https:\\\/\\\/afrosinogros.com\\\/product\\\/robinet-pour-douche-sfz3005cp-inox-poli-pour-une-salle-de-bain-moderne-et-fonctionnelle\\\/\"]}]},{\"@type\":\"ImageObject\",\"inLanguage\":\"zh-Hans\",\"@id\":\"https:\\\/\\\/afrosinogros.com\\\/product\\\/robinet-pour-douche-sfz3005cp-inox-poli-pour-une-salle-de-bain-moderne-et-fonctionnelle\\\/#primaryimage\",\"url\":\"https:\\\/\\\/afrosinogros.com\\\/wp-content\\\/uploads\\\/2025\\\/07\\\/SFZ3005CP.jpg\",\"contentUrl\":\"https:\\\/\\\/afrosinogros.com\\\/wp-content\\\/uploads\\\/2025\\\/07\\\/SFZ3005CP.jpg\",\"width\":800,\"height\":565},{\"@type\":\"BreadcrumbList\",\"@id\":\"https:\\\/\\\/afrosinogros.com\\\/product\\\/robinet-pour-douche-sfz3005cp-inox-poli-pour-une-salle-de-bain-moderne-et-fonctionnelle\\\/#breadcrumb\",\"itemListElement\":[{\"@type\":\"ListItem\",\"position\":1,\"name\":\"Home\",\"item\":\"https:\\\/\\\/afrosinogros.com\\\/\"},{\"@type\":\"ListItem\",\"position\":2,\"name\":\"Magasin\",\"item\":\"https:\\\/\\\/afrosinogros.com\\\/magasin\\\/\"},{\"@type\":\"ListItem\",\"position\":3,\"name\":\"Robinet pour douche SFZ3005CP \u2013 Inox poli pour une salle de bain moderne et fonctionnelle\"}]},{\"@type\":\"WebSite\",\"@id\":\"https:\\\/\\\/afrosinogros.com\\\/#website\",\"url\":\"https:\\\/\\\/afrosinogros.com\\\/\",\"name\":\"AfroSino\",\"description\":\"Officiel site web\",\"publisher\":{\"@id\":\"https:\\\/\\\/afrosinogros.com\\\/#organization\"},\"potentialAction\":[{\"@type\":\"SearchAction\",\"target\":{\"@type\":\"EntryPoint\",\"urlTemplate\":\"https:\\\/\\\/afrosinogros.com\\\/?s={search_term_string}\"},\"query-input\":{\"@type\":\"PropertyValueSpecification\",\"valueRequired\":true,\"valueName\":\"search_term_string\"}}],\"inLanguage\":\"zh-Hans\"},{\"@type\":\"Organization\",\"@id\":\"https:\\\/\\\/afrosinogros.com\\\/#organization\",\"name\":\"AfroSino\",\"url\":\"https:\\\/\\\/afrosinogros.com\\\/\",\"logo\":{\"@type\":\"ImageObject\",\"inLanguage\":\"zh-Hans\",\"@id\":\"https:\\\/\\\/afrosinogros.com\\\/#\\\/schema\\\/logo\\\/image\\\/\",\"url\":\"https:\\\/\\\/afrosinogros.com\\\/wp-content\\\/uploads\\\/2025\\\/09\\\/cropped-afrosino_logo_optimized-removebg-preview.png\",\"contentUrl\":\"https:\\\/\\\/afrosinogros.com\\\/wp-content\\\/uploads\\\/2025\\\/09\\\/cropped-afrosino_logo_optimized-removebg-preview.png\",\"width\":512,\"height\":512,\"caption\":\"AfroSino\"},\"image\":{\"@id\":\"https:\\\/\\\/afrosinogros.com\\\/#\\\/schema\\\/logo\\\/image\\\/\"}}]}<\/script>\n<!-- \/ Yoast SEO plugin. -->","yoast_head_json":{"title":"Robinet pour douche SFZ3005CP \u2013 Inox poli pour une salle de bain moderne et fonctionnelle - AfroSino","robots":{"index":"index","follow":"follow","max-snippet":"max-snippet:-1","max-image-preview":"max-image-preview:large","max-video-preview":"max-video-preview:-1"},"canonical":"https:\/\/afrosinogros.com\/zh\/product\/robinet-pour-douche-sfz3005cp-inox-poli-pour-une-salle-de-bain-moderne-et-fonctionnelle\/","og_locale":"zh_CN","og_type":"article","og_title":"Robinet pour douche SFZ3005CP \u2013 Inox poli pour une salle de bain moderne et fonctionnelle - AfroSino","og_description":"\u2728 Caract\u00e9ristiques produit : \u2705 Mod\u00e8le : SFZ3005CP\u2705 Type : Robinet pour douche (simple ou mitigeur selon installation)\u2705 Finition : Inox poli (CP \u2013 Chrome Polish)\u2705 Poids unitaire : 0,72 kg\u2705 Installation : Raccords standard muraux \u2013 montage simple\u2705 Mat\u00e9riau : Laiton ou alliage renforc\u00e9 avec finition inox poli\u2705 Style : Moderne, discret et fonctionnel    \ud83d\udce6 Informations logistiques :     Conditionnement : 1 pi\u00e8ce par bo\u00eete \/ 30 bo\u00eetes par carton (1pc x 30bxs)    Poids total par carton : ~21,6 kg    Origine : Chine    R\u00e9f\u00e9rence produit : SFZ3005CP     \ud83d\ude9b Conditions de commande &amp; livraison : \ud83d\uded2 Commande minimale (MOQ) : 30 pi\u00e8ces (1 carton)\ud83d\ude9a Livraison offerte \u00e0 partir de 90 pi\u00e8ces (3 cartons ou plus)\u26a0\ufe0f Commande entre 30 et 89 pi\u00e8ces : frais de livraison applicables\u2705 Disponible exclusivement en finition inox poli (CP)","og_url":"https:\/\/afrosinogros.com\/zh\/product\/robinet-pour-douche-sfz3005cp-inox-poli-pour-une-salle-de-bain-moderne-et-fonctionnelle\/","og_site_name":"AfroSino","article_modified_time":"2025-07-12T15:46:27+00:00","og_image":[{"width":800,"height":565,"url":"https:\/\/afrosinogros.com\/wp-content\/uploads\/2025\/07\/SFZ3005CP.jpg","type":"image\/jpeg"}],"twitter_card":"summary_large_image","twitter_misc":{"\u9884\u8ba1\u9605\u8bfb\u65f6\u95f4":"1 \u5206"},"schema":{"@context":"https:\/\/schema.org","@graph":[{"@type":"WebPage","@id":"https:\/\/afrosinogros.com\/product\/robinet-pour-douche-sfz3005cp-inox-poli-pour-une-salle-de-bain-moderne-et-fonctionnelle\/","url":"https:\/\/afrosinogros.com\/product\/robinet-pour-douche-sfz3005cp-inox-poli-pour-une-salle-de-bain-moderne-et-fonctionnelle\/","name":"Robinet pour douche SFZ3005CP \u2013 Inox poli pour une salle de bain moderne et fonctionnelle - AfroSino","isPartOf":{"@id":"https:\/\/afrosinogros.com\/#website"},"primaryImageOfPage":{"@id":"https:\/\/afrosinogros.com\/product\/robinet-pour-douche-sfz3005cp-inox-poli-pour-une-salle-de-bain-moderne-et-fonctionnelle\/#primaryimage"},"image":{"@id":"https:\/\/afrosinogros.com\/product\/robinet-pour-douche-sfz3005cp-inox-poli-pour-une-salle-de-bain-moderne-et-fonctionnelle\/#primaryimage"},"thumbnailUrl":"https:\/\/afrosinogros.com\/wp-content\/uploads\/2025\/07\/SFZ3005CP.jpg","datePublished":"2025-07-12T15:46:26+00:00","dateModified":"2025-07-12T15:46:27+00:00","breadcrumb":{"@id":"https:\/\/afrosinogros.com\/product\/robinet-pour-douche-sfz3005cp-inox-poli-pour-une-salle-de-bain-moderne-et-fonctionnelle\/#breadcrumb"},"inLanguage":"zh-Hans","potentialAction":[{"@type":"ReadAction","target":["https:\/\/afrosinogros.com\/product\/robinet-pour-douche-sfz3005cp-inox-poli-pour-une-salle-de-bain-moderne-et-fonctionnelle\/"]}]},{"@type":"ImageObject","inLanguage":"zh-Hans","@id":"https:\/\/afrosinogros.com\/product\/robinet-pour-douche-sfz3005cp-inox-poli-pour-une-salle-de-bain-moderne-et-fonctionnelle\/#primaryimage","url":"https:\/\/afrosinogros.com\/wp-content\/uploads\/2025\/07\/SFZ3005CP.jpg","contentUrl":"https:\/\/afrosinogros.com\/wp-content\/uploads\/2025\/07\/SFZ3005CP.jpg","width":800,"height":565},{"@type":"BreadcrumbList","@id":"https:\/\/afrosinogros.com\/product\/robinet-pour-douche-sfz3005cp-inox-poli-pour-une-salle-de-bain-moderne-et-fonctionnelle\/#breadcrumb","itemListElement":[{"@type":"ListItem","position":1,"name":"Home","item":"https:\/\/afrosinogros.com\/"},{"@type":"ListItem","position":2,"name":"Magasin","item":"https:\/\/afrosinogros.com\/magasin\/"},{"@type":"ListItem","position":3,"name":"Robinet pour douche SFZ3005CP \u2013 Inox poli pour une salle de bain moderne et fonctionnelle"}]},{"@type":"WebSite","@id":"https:\/\/afrosinogros.com\/#website","url":"https:\/\/afrosinogros.com\/","name":"AfroSino","description":"Officiel site web","publisher":{"@id":"https:\/\/afrosinogros.com\/#organization"},"potentialAction":[{"@type":"SearchAction","target":{"@type":"EntryPoint","urlTemplate":"https:\/\/afrosinogros.com\/?s={search_term_string}"},"query-input":{"@type":"PropertyValueSpecification","valueRequired":true,"valueName":"search_term_string"}}],"inLanguage":"zh-Hans"},{"@type":"Organization","@id":"https:\/\/afrosinogros.com\/#organization","name":"AfroSino","url":"https:\/\/afrosinogros.com\/","logo":{"@type":"ImageObject","inLanguage":"zh-Hans","@id":"https:\/\/afrosinogros.com\/#\/schema\/logo\/image\/","url":"https:\/\/afrosinogros.com\/wp-content\/uploads\/2025\/09\/cropped-afrosino_logo_optimized-removebg-preview.png","contentUrl":"https:\/\/afrosinogros.com\/wp-content\/uploads\/2025\/09\/cropped-afrosino_logo_optimized-removebg-preview.png","width":512,"height":512,"caption":"AfroSino"},"image":{"@id":"https:\/\/afrosinogros.com\/#\/schema\/logo\/image\/"}}]}},"uagb_featured_image_src":{"full":["https:\/\/afrosinogros.com\/wp-content\/uploads\/2025\/07\/SFZ3005CP.jpg",800,565,false],"thumbnail":["https:\/\/afrosinogros.com\/wp-content\/uploads\/2025\/07\/SFZ3005CP-150x150.jpg",150,150,true],"medium":["https:\/\/afrosinogros.com\/wp-content\/uploads\/2025\/07\/SFZ3005CP-300x212.jpg",300,212,true],"medium_large":["https:\/\/afrosinogros.com\/wp-content\/uploads\/2025\/07\/SFZ3005CP-768x542.jpg",768,542,true],"large":["https:\/\/afrosinogros.com\/wp-content\/uploads\/2025\/07\/SFZ3005CP.jpg",800,565,false],"1536x1536":["https:\/\/afrosinogros.com\/wp-content\/uploads\/2025\/07\/SFZ3005CP.jpg",800,565,false],"2048x2048":["https:\/\/afrosinogros.com\/wp-content\/uploads\/2025\/07\/SFZ3005CP.jpg",800,565,false],"trp-custom-language-flag":["https:\/\/afrosinogros.com\/wp-content\/uploads\/2025\/07\/SFZ3005CP-18x12.jpg",18,12,true],"woocommerce_archive_thumbnail":["https:\/\/afrosinogros.com\/wp-content\/uploads\/2025\/07\/SFZ3005CP-300x212.jpg",300,212,true],"woocommerce_thumbnail":["https:\/\/afrosinogros.com\/wp-content\/uploads\/2025\/07\/SFZ3005CP-300x300.jpg",300,300,true],"woocommerce_single":["https:\/\/afrosinogros.com\/wp-content\/uploads\/2025\/07\/SFZ3005CP-600x424.jpg",600,424,true],"woocommerce_gallery_thumbnail":["https:\/\/afrosinogros.com\/wp-content\/uploads\/2025\/07\/SFZ3005CP-100x100.jpg",100,100,true]},"uagb_author_info":{"display_name":"admin","author_link":"https:\/\/afrosinogros.com\/zh\/author\/"},"uagb_comment_info":0,"uagb_excerpt":"\u2728 Caract\u00e9ristiques produit : \u2705 Mod\u00e8le : SFZ3005CP\u2705 Type : Robinet pour douche (simple ou mitigeur selon installation)\u2705 Finition : Inox poli (CP \u2013 Chrome Polish)\u2705 Poids unitaire : 0,72 kg\u2705 Installation : Raccords standard muraux \u2013 montage simple\u2705 Mat\u00e9riau : Laiton ou alliage renforc\u00e9 avec finition inox poli\u2705 Style : Moderne, discret et fonctionnel&hellip;","jetpack_sharing_enabled":true,"_links":{"self":[{"href":"https:\/\/afrosinogros.com\/zh\/wp-json\/wp\/v2\/product\/986","targetHints":{"allow":["GET"]}}],"collection":[{"href":"https:\/\/afrosinogros.com\/zh\/wp-json\/wp\/v2\/product"}],"about":[{"href":"https:\/\/afrosinogros.com\/zh\/wp-json\/wp\/v2\/types\/product"}],"replies":[{"embeddable":true,"href":"https:\/\/afrosinogros.com\/zh\/wp-json\/wp\/v2\/comments?post=986"}],"wp:featuredmedia":[{"embeddable":true,"href":"https:\/\/afrosinogros.com\/zh\/wp-json\/wp\/v2\/media\/981"}],"wp:attachment":[{"href":"https:\/\/afrosinogros.com\/zh\/wp-json\/wp\/v2\/media?parent=986"}],"wp:term":[{"taxonomy":"product_brand","embeddable":true,"href":"https:\/\/afrosinogros.com\/zh\/wp-json\/wp\/v2\/product_brand?post=986"},{"taxonomy":"product_cat","embeddable":true,"href":"https:\/\/afrosinogros.com\/zh\/wp-json\/wp\/v2\/product_cat?post=986"},{"taxonomy":"product_tag","embeddable":true,"href":"https:\/\/afrosinogros.com\/zh\/wp-json\/wp\/v2\/product_tag?post=986"}],"curies":[{"name":"wp","href":"https:\/\/api.w.org\/{rel}","templated":true}]}}