{"id":989,"date":"2025-07-12T16:02:59","date_gmt":"2025-07-12T16:02:59","guid":{"rendered":"https:\/\/afrosinogros.com\/?post_type=product&#038;p=989"},"modified":"2025-10-25T12:40:16","modified_gmt":"2025-10-25T12:40:16","slug":"pommeau-de-douche-shp1002cp-wt-confort-dutilisation-et-design-epure","status":"publish","type":"product","link":"https:\/\/afrosinogros.com\/zh\/product\/pommeau-de-douche-shp1002cp-wt-confort-dutilisation-et-design-epure\/","title":{"rendered":"Pommeau de douche SHP1002CP\/WT \u2013 Confort d\u2019utilisation et design \u00e9pur\u00e9"},"content":{"rendered":"<p data-start=\"249\" data-end=\"582\">Le <strong data-start=\"252\" data-end=\"286\">pommeau de douche SHP1002CP\/WT<\/strong> est une solution simple et efficace pour moderniser n\u2019importe quelle salle de bain. L\u00e9ger, fonctionnel et dot\u00e9 d\u2019un <strong data-start=\"403\" data-end=\"419\">design \u00e9pur\u00e9<\/strong>, il est disponible en deux finitions \u00e9l\u00e9gantes : <strong data-start=\"469\" data-end=\"489\">chrome poli (CP)<\/strong> pour une brillance moderne, ou <strong data-start=\"521\" data-end=\"539\">blanc mat (WT)<\/strong> pour une touche plus sobre et minimaliste.<\/p>\n<p data-start=\"584\" data-end=\"728\">Parfait pour une installation rapide en r\u00e9sidentiel ou en h\u00f4tellerie, ce mod\u00e8le est pens\u00e9 pour offrir un d\u00e9bit optimis\u00e9, agr\u00e9able et \u00e9conomique.<\/p>\n<p data-start=\"730\" data-end=\"762\">\ud83d\udcbc <strong data-start=\"733\" data-end=\"760\">Utilisation recommand\u00e9e<\/strong> :<\/p>\n<ul data-start=\"763\" data-end=\"959\">\n<li data-start=\"763\" data-end=\"812\">\n<p data-start=\"765\" data-end=\"812\">Logements meubl\u00e9s, h\u00f4tels, r\u00e9sidences priv\u00e9es<\/p>\n<\/li>\n<li data-start=\"813\" data-end=\"882\">\n<p data-start=\"815\" data-end=\"882\">Convient pour les chantiers de r\u00e9novation ou les projets locatifs<\/p>\n<\/li>\n<li data-start=\"883\" data-end=\"959\">\n<p data-start=\"885\" data-end=\"959\">Recommand\u00e9 pour les installateurs, distributeurs sanitaires et d\u00e9corateurs<\/p>\n<\/li>\n<\/ul>\n<p data-start=\"961\" data-end=\"1136\">\ud83d\udccc Conception ergonomique \u2013 prise en main confortable<br data-start=\"1014\" data-end=\"1017\" \/>\ud83d\udccc Finition r\u00e9sistante \u00e0 l\u2019humidit\u00e9 et aux d\u00e9p\u00f4ts de calcaire<br data-start=\"1078\" data-end=\"1081\" \/>\ud83d\udccc Produit test\u00e9 \u2013 conforme aux standards d\u2019exportation<\/p>","protected":false},"excerpt":{"rendered":"<h3 data-start=\"1143\" data-end=\"1179\">\u2728 <strong data-start=\"1149\" data-end=\"1179\">Caract\u00e9ristiques produit :<\/strong><\/h3>\n<p data-start=\"1181\" data-end=\"1210\">\u2705 <strong data-start=\"1183\" data-end=\"1206\">Mod\u00e8les disponibles<\/strong> :<\/p>\n<ul data-start=\"1211\" data-end=\"1290\">\n<li data-start=\"1211\" data-end=\"1251\">\n<p data-start=\"1213\" data-end=\"1251\"><strong data-start=\"1213\" data-end=\"1226\">SHP1002CP<\/strong> \u2013 Finition chrome poli<\/p>\n<\/li>\n<li data-start=\"1252\" data-end=\"1290\">\n<p data-start=\"1254\" data-end=\"1290\"><strong data-start=\"1254\" data-end=\"1267\">SHP1002WT<\/strong> \u2013 Finition blanc mat<\/p>\n<\/li>\n<\/ul>\n<p data-start=\"1292\" data-end=\"1641\">\u2705 <strong data-start=\"1294\" data-end=\"1302\">Type<\/strong> : Pommeau de douche standard<br data-start=\"1331\" data-end=\"1334\" \/>\u2705 <strong data-start=\"1336\" data-end=\"1354\">Poids unitaire<\/strong> : 0,40 kg<br data-start=\"1364\" data-end=\"1367\" \/>\u2705 <strong data-start=\"1369\" data-end=\"1378\">D\u00e9bit<\/strong> : Optimis\u00e9 pour confort et \u00e9conomie d\u2019eau<br data-start=\"1420\" data-end=\"1423\" \/>\u2705 <strong data-start=\"1425\" data-end=\"1441\">Installation<\/strong> : Raccord universel \u2013 compatible avec tous les flexibles standards<br data-start=\"1508\" data-end=\"1511\" \/>\u2705 <strong data-start=\"1513\" data-end=\"1525\">Mat\u00e9riau<\/strong> : Plastique ABS renforc\u00e9 avec finition chrome ou peinture blanche<br data-start=\"1591\" data-end=\"1594\" \/>\u2705 <strong data-start=\"1596\" data-end=\"1605\">Style<\/strong> : Moderne, sobre, facile \u00e0 assortir<\/p>\n<hr data-start=\"1643\" data-end=\"1646\" \/>\n<p data-start=\"1648\" data-end=\"1681\">\ud83d\udce6 <strong data-start=\"1651\" data-end=\"1681\">Informations logistiques :<\/strong><\/p>\n<ul data-start=\"1683\" data-end=\"1912\">\n<li data-start=\"1683\" data-end=\"1763\">\n<p data-start=\"1685\" data-end=\"1763\"><strong data-start=\"1685\" data-end=\"1704\">Conditionnement<\/strong> : 1 pi\u00e8ce par bo\u00eete \/ 60 bo\u00eetes par carton (1pc x 60bxs)<\/p>\n<\/li>\n<li data-start=\"1764\" data-end=\"1803\">\n<p data-start=\"1766\" data-end=\"1803\"><strong data-start=\"1766\" data-end=\"1792\">Poids total par carton<\/strong> : ~24 kg<\/p>\n<\/li>\n<li data-start=\"1804\" data-end=\"1827\">\n<p data-start=\"1806\" data-end=\"1827\"><strong data-start=\"1806\" data-end=\"1817\">Origine<\/strong> : Chine<\/p>\n<\/li>\n<li data-start=\"1828\" data-end=\"1912\">\n<p data-start=\"1830\" data-end=\"1856\"><strong data-start=\"1830\" data-end=\"1852\">R\u00e9f\u00e9rences produit<\/strong> :<\/p>\n<ul data-start=\"1859\" data-end=\"1912\">\n<li data-start=\"1859\" data-end=\"1886\">\n<p data-start=\"1861\" data-end=\"1886\">SHP1002CP (Chrome poli)<\/p>\n<\/li>\n<li data-start=\"1889\" data-end=\"1912\">\n<p data-start=\"1891\" data-end=\"1912\">SHP1002WT (Blanc mat)<\/p>\n<\/li>\n<\/ul>\n<\/li>\n<\/ul>\n<hr data-start=\"1914\" data-end=\"1917\" \/>\n<p data-start=\"1919\" data-end=\"1962\">\ud83d\ude9b <strong data-start=\"1922\" data-end=\"1962\">Conditions de commande &amp; livraison :<\/strong><\/p>\n<p data-start=\"1964\" data-end=\"2215\">\ud83d\uded2 <strong data-start=\"1967\" data-end=\"1994\">Commande minimale (MOQ)<\/strong> : 60 pi\u00e8ces (1 carton)<br data-start=\"2017\" data-end=\"2020\" \/>\ud83d\ude9a <strong data-start=\"2023\" data-end=\"2044\">Livraison offerte<\/strong> \u00e0 partir de 180 pi\u00e8ces (3 cartons ou plus)<br data-start=\"2087\" data-end=\"2090\" \/>\u26a0\ufe0f <strong data-start=\"2093\" data-end=\"2128\">Commande entre 60 et 179 pi\u00e8ces<\/strong> : livraison non incluse<br data-start=\"2152\" data-end=\"2155\" \/>\u2705 <strong data-start=\"2157\" data-end=\"2215\">Commande mixte possible entre les deux mod\u00e8les (CP\/WT)<\/strong><\/p>","protected":false},"featured_media":982,"comment_status":"open","ping_status":"closed","template":"","meta":{"_uag_custom_page_level_css":""},"product_brand":[99],"product_cat":[61],"product_tag":[],"class_list":{"0":"post-989","1":"product","2":"type-product","3":"status-publish","4":"has-post-thumbnail","6":"product_brand-doli","7":"product_cat-sanitaire-plomberie","9":"first","10":"instock","11":"taxable","12":"shipping-taxable","13":"purchasable","14":"product-type-simple"},"yoast_head":"<!-- This site is optimized with the Yoast SEO plugin v27.3 - https:\/\/yoast.com\/product\/yoast-seo-wordpress\/ -->\n<title>Pommeau de douche SHP1002CP\/WT \u2013 Confort d\u2019utilisation et design \u00e9pur\u00e9 - AfroSino<\/title>\n<meta name=\"robots\" content=\"index, follow, max-snippet:-1, max-image-preview:large, max-video-preview:-1\" \/>\n<link rel=\"canonical\" href=\"https:\/\/afrosinogros.com\/zh\/product\/pommeau-de-douche-shp1002cp-wt-confort-dutilisation-et-design-epure\/\" \/>\n<meta property=\"og:locale\" content=\"zh_CN\" \/>\n<meta property=\"og:type\" content=\"article\" \/>\n<meta property=\"og:title\" content=\"Pommeau de douche SHP1002CP\/WT \u2013 Confort d\u2019utilisation et design \u00e9pur\u00e9 - AfroSino\" \/>\n<meta property=\"og:description\" content=\"\u2728 Caract\u00e9ristiques produit : \u2705 Mod\u00e8les disponibles :     SHP1002CP \u2013 Finition chrome poli    SHP1002WT \u2013 Finition blanc mat   \u2705 Type : Pommeau de douche standard\u2705 Poids unitaire : 0,40 kg\u2705 D\u00e9bit : Optimis\u00e9 pour confort et \u00e9conomie d\u2019eau\u2705 Installation : Raccord universel \u2013 compatible avec tous les flexibles standards\u2705 Mat\u00e9riau : Plastique ABS renforc\u00e9 avec finition chrome ou peinture blanche\u2705 Style : Moderne, sobre, facile \u00e0 assortir    \ud83d\udce6 Informations logistiques :     Conditionnement : 1 pi\u00e8ce par bo\u00eete \/ 60 bo\u00eetes par carton (1pc x 60bxs)    Poids total par carton : ~24 kg    Origine : Chine    R\u00e9f\u00e9rences produit :     SHP1002CP (Chrome poli)    SHP1002WT (Blanc mat)       \ud83d\ude9b Conditions de commande &amp; livraison : \ud83d\uded2 Commande minimale (MOQ) : 60 pi\u00e8ces (1 carton)\ud83d\ude9a Livraison offerte \u00e0 partir de 180 pi\u00e8ces (3 cartons ou plus)\u26a0\ufe0f Commande entre 60 et 179 pi\u00e8ces : livraison non incluse\u2705 Commande mixte possible entre les deux mod\u00e8les (CP\/WT)\" \/>\n<meta property=\"og:url\" content=\"https:\/\/afrosinogros.com\/zh\/product\/pommeau-de-douche-shp1002cp-wt-confort-dutilisation-et-design-epure\/\" \/>\n<meta property=\"og:site_name\" content=\"AfroSino\" \/>\n<meta property=\"article:modified_time\" content=\"2025-10-25T12:40:16+00:00\" \/>\n<meta property=\"og:image\" content=\"https:\/\/afrosinogros.com\/wp-content\/uploads\/2025\/07\/SH1002CPWT.jpg\" \/>\n\t<meta property=\"og:image:width\" content=\"800\" \/>\n\t<meta property=\"og:image:height\" content=\"1067\" \/>\n\t<meta property=\"og:image:type\" content=\"image\/jpeg\" \/>\n<meta name=\"twitter:card\" content=\"summary_large_image\" \/>\n<meta name=\"twitter:label1\" content=\"\u9884\u8ba1\u9605\u8bfb\u65f6\u95f4\" \/>\n\t<meta name=\"twitter:data1\" content=\"1 \u5206\" \/>\n<script type=\"application\/ld+json\" class=\"yoast-schema-graph\">{\"@context\":\"https:\\\/\\\/schema.org\",\"@graph\":[{\"@type\":\"WebPage\",\"@id\":\"https:\\\/\\\/afrosinogros.com\\\/product\\\/pommeau-de-douche-shp1002cp-wt-confort-dutilisation-et-design-epure\\\/\",\"url\":\"https:\\\/\\\/afrosinogros.com\\\/product\\\/pommeau-de-douche-shp1002cp-wt-confort-dutilisation-et-design-epure\\\/\",\"name\":\"Pommeau de douche SHP1002CP\\\/WT \u2013 Confort d\u2019utilisation et design \u00e9pur\u00e9 - AfroSino\",\"isPartOf\":{\"@id\":\"https:\\\/\\\/afrosinogros.com\\\/#website\"},\"primaryImageOfPage\":{\"@id\":\"https:\\\/\\\/afrosinogros.com\\\/product\\\/pommeau-de-douche-shp1002cp-wt-confort-dutilisation-et-design-epure\\\/#primaryimage\"},\"image\":{\"@id\":\"https:\\\/\\\/afrosinogros.com\\\/product\\\/pommeau-de-douche-shp1002cp-wt-confort-dutilisation-et-design-epure\\\/#primaryimage\"},\"thumbnailUrl\":\"https:\\\/\\\/afrosinogros.com\\\/wp-content\\\/uploads\\\/2025\\\/07\\\/SH1002CPWT.jpg\",\"datePublished\":\"2025-07-12T16:02:59+00:00\",\"dateModified\":\"2025-10-25T12:40:16+00:00\",\"breadcrumb\":{\"@id\":\"https:\\\/\\\/afrosinogros.com\\\/product\\\/pommeau-de-douche-shp1002cp-wt-confort-dutilisation-et-design-epure\\\/#breadcrumb\"},\"inLanguage\":\"zh-Hans\",\"potentialAction\":[{\"@type\":\"ReadAction\",\"target\":[\"https:\\\/\\\/afrosinogros.com\\\/product\\\/pommeau-de-douche-shp1002cp-wt-confort-dutilisation-et-design-epure\\\/\"]}]},{\"@type\":\"ImageObject\",\"inLanguage\":\"zh-Hans\",\"@id\":\"https:\\\/\\\/afrosinogros.com\\\/product\\\/pommeau-de-douche-shp1002cp-wt-confort-dutilisation-et-design-epure\\\/#primaryimage\",\"url\":\"https:\\\/\\\/afrosinogros.com\\\/wp-content\\\/uploads\\\/2025\\\/07\\\/SH1002CPWT.jpg\",\"contentUrl\":\"https:\\\/\\\/afrosinogros.com\\\/wp-content\\\/uploads\\\/2025\\\/07\\\/SH1002CPWT.jpg\",\"width\":800,\"height\":1067},{\"@type\":\"BreadcrumbList\",\"@id\":\"https:\\\/\\\/afrosinogros.com\\\/product\\\/pommeau-de-douche-shp1002cp-wt-confort-dutilisation-et-design-epure\\\/#breadcrumb\",\"itemListElement\":[{\"@type\":\"ListItem\",\"position\":1,\"name\":\"Home\",\"item\":\"https:\\\/\\\/afrosinogros.com\\\/\"},{\"@type\":\"ListItem\",\"position\":2,\"name\":\"Magasin\",\"item\":\"https:\\\/\\\/afrosinogros.com\\\/magasin\\\/\"},{\"@type\":\"ListItem\",\"position\":3,\"name\":\"Pommeau de douche SHP1002CP\\\/WT \u2013 Confort d\u2019utilisation et design \u00e9pur\u00e9\"}]},{\"@type\":\"WebSite\",\"@id\":\"https:\\\/\\\/afrosinogros.com\\\/#website\",\"url\":\"https:\\\/\\\/afrosinogros.com\\\/\",\"name\":\"AfroSino\",\"description\":\"Officiel site web\",\"publisher\":{\"@id\":\"https:\\\/\\\/afrosinogros.com\\\/#organization\"},\"potentialAction\":[{\"@type\":\"SearchAction\",\"target\":{\"@type\":\"EntryPoint\",\"urlTemplate\":\"https:\\\/\\\/afrosinogros.com\\\/?s={search_term_string}\"},\"query-input\":{\"@type\":\"PropertyValueSpecification\",\"valueRequired\":true,\"valueName\":\"search_term_string\"}}],\"inLanguage\":\"zh-Hans\"},{\"@type\":\"Organization\",\"@id\":\"https:\\\/\\\/afrosinogros.com\\\/#organization\",\"name\":\"AfroSino\",\"url\":\"https:\\\/\\\/afrosinogros.com\\\/\",\"logo\":{\"@type\":\"ImageObject\",\"inLanguage\":\"zh-Hans\",\"@id\":\"https:\\\/\\\/afrosinogros.com\\\/#\\\/schema\\\/logo\\\/image\\\/\",\"url\":\"https:\\\/\\\/afrosinogros.com\\\/wp-content\\\/uploads\\\/2025\\\/09\\\/cropped-afrosino_logo_optimized-removebg-preview.png\",\"contentUrl\":\"https:\\\/\\\/afrosinogros.com\\\/wp-content\\\/uploads\\\/2025\\\/09\\\/cropped-afrosino_logo_optimized-removebg-preview.png\",\"width\":512,\"height\":512,\"caption\":\"AfroSino\"},\"image\":{\"@id\":\"https:\\\/\\\/afrosinogros.com\\\/#\\\/schema\\\/logo\\\/image\\\/\"}}]}<\/script>\n<!-- \/ Yoast SEO plugin. -->","yoast_head_json":{"title":"Pommeau de douche SHP1002CP\/WT \u2013 Confort d\u2019utilisation et design \u00e9pur\u00e9 - AfroSino","robots":{"index":"index","follow":"follow","max-snippet":"max-snippet:-1","max-image-preview":"max-image-preview:large","max-video-preview":"max-video-preview:-1"},"canonical":"https:\/\/afrosinogros.com\/zh\/product\/pommeau-de-douche-shp1002cp-wt-confort-dutilisation-et-design-epure\/","og_locale":"zh_CN","og_type":"article","og_title":"Pommeau de douche SHP1002CP\/WT \u2013 Confort d\u2019utilisation et design \u00e9pur\u00e9 - AfroSino","og_description":"\u2728 Caract\u00e9ristiques produit : \u2705 Mod\u00e8les disponibles :     SHP1002CP \u2013 Finition chrome poli    SHP1002WT \u2013 Finition blanc mat   \u2705 Type : Pommeau de douche standard\u2705 Poids unitaire : 0,40 kg\u2705 D\u00e9bit : Optimis\u00e9 pour confort et \u00e9conomie d\u2019eau\u2705 Installation : Raccord universel \u2013 compatible avec tous les flexibles standards\u2705 Mat\u00e9riau : Plastique ABS renforc\u00e9 avec finition chrome ou peinture blanche\u2705 Style : Moderne, sobre, facile \u00e0 assortir    \ud83d\udce6 Informations logistiques :     Conditionnement : 1 pi\u00e8ce par bo\u00eete \/ 60 bo\u00eetes par carton (1pc x 60bxs)    Poids total par carton : ~24 kg    Origine : Chine    R\u00e9f\u00e9rences produit :     SHP1002CP (Chrome poli)    SHP1002WT (Blanc mat)       \ud83d\ude9b Conditions de commande &amp; livraison : \ud83d\uded2 Commande minimale (MOQ) : 60 pi\u00e8ces (1 carton)\ud83d\ude9a Livraison offerte \u00e0 partir de 180 pi\u00e8ces (3 cartons ou plus)\u26a0\ufe0f Commande entre 60 et 179 pi\u00e8ces : livraison non incluse\u2705 Commande mixte possible entre les deux mod\u00e8les (CP\/WT)","og_url":"https:\/\/afrosinogros.com\/zh\/product\/pommeau-de-douche-shp1002cp-wt-confort-dutilisation-et-design-epure\/","og_site_name":"AfroSino","article_modified_time":"2025-10-25T12:40:16+00:00","og_image":[{"width":800,"height":1067,"url":"https:\/\/afrosinogros.com\/wp-content\/uploads\/2025\/07\/SH1002CPWT.jpg","type":"image\/jpeg"}],"twitter_card":"summary_large_image","twitter_misc":{"\u9884\u8ba1\u9605\u8bfb\u65f6\u95f4":"1 \u5206"},"schema":{"@context":"https:\/\/schema.org","@graph":[{"@type":"WebPage","@id":"https:\/\/afrosinogros.com\/product\/pommeau-de-douche-shp1002cp-wt-confort-dutilisation-et-design-epure\/","url":"https:\/\/afrosinogros.com\/product\/pommeau-de-douche-shp1002cp-wt-confort-dutilisation-et-design-epure\/","name":"Pommeau de douche SHP1002CP\/WT \u2013 Confort d\u2019utilisation et design \u00e9pur\u00e9 - AfroSino","isPartOf":{"@id":"https:\/\/afrosinogros.com\/#website"},"primaryImageOfPage":{"@id":"https:\/\/afrosinogros.com\/product\/pommeau-de-douche-shp1002cp-wt-confort-dutilisation-et-design-epure\/#primaryimage"},"image":{"@id":"https:\/\/afrosinogros.com\/product\/pommeau-de-douche-shp1002cp-wt-confort-dutilisation-et-design-epure\/#primaryimage"},"thumbnailUrl":"https:\/\/afrosinogros.com\/wp-content\/uploads\/2025\/07\/SH1002CPWT.jpg","datePublished":"2025-07-12T16:02:59+00:00","dateModified":"2025-10-25T12:40:16+00:00","breadcrumb":{"@id":"https:\/\/afrosinogros.com\/product\/pommeau-de-douche-shp1002cp-wt-confort-dutilisation-et-design-epure\/#breadcrumb"},"inLanguage":"zh-Hans","potentialAction":[{"@type":"ReadAction","target":["https:\/\/afrosinogros.com\/product\/pommeau-de-douche-shp1002cp-wt-confort-dutilisation-et-design-epure\/"]}]},{"@type":"ImageObject","inLanguage":"zh-Hans","@id":"https:\/\/afrosinogros.com\/product\/pommeau-de-douche-shp1002cp-wt-confort-dutilisation-et-design-epure\/#primaryimage","url":"https:\/\/afrosinogros.com\/wp-content\/uploads\/2025\/07\/SH1002CPWT.jpg","contentUrl":"https:\/\/afrosinogros.com\/wp-content\/uploads\/2025\/07\/SH1002CPWT.jpg","width":800,"height":1067},{"@type":"BreadcrumbList","@id":"https:\/\/afrosinogros.com\/product\/pommeau-de-douche-shp1002cp-wt-confort-dutilisation-et-design-epure\/#breadcrumb","itemListElement":[{"@type":"ListItem","position":1,"name":"Home","item":"https:\/\/afrosinogros.com\/"},{"@type":"ListItem","position":2,"name":"Magasin","item":"https:\/\/afrosinogros.com\/magasin\/"},{"@type":"ListItem","position":3,"name":"Pommeau de douche SHP1002CP\/WT \u2013 Confort d\u2019utilisation et design \u00e9pur\u00e9"}]},{"@type":"WebSite","@id":"https:\/\/afrosinogros.com\/#website","url":"https:\/\/afrosinogros.com\/","name":"AfroSino","description":"Officiel site web","publisher":{"@id":"https:\/\/afrosinogros.com\/#organization"},"potentialAction":[{"@type":"SearchAction","target":{"@type":"EntryPoint","urlTemplate":"https:\/\/afrosinogros.com\/?s={search_term_string}"},"query-input":{"@type":"PropertyValueSpecification","valueRequired":true,"valueName":"search_term_string"}}],"inLanguage":"zh-Hans"},{"@type":"Organization","@id":"https:\/\/afrosinogros.com\/#organization","name":"AfroSino","url":"https:\/\/afrosinogros.com\/","logo":{"@type":"ImageObject","inLanguage":"zh-Hans","@id":"https:\/\/afrosinogros.com\/#\/schema\/logo\/image\/","url":"https:\/\/afrosinogros.com\/wp-content\/uploads\/2025\/09\/cropped-afrosino_logo_optimized-removebg-preview.png","contentUrl":"https:\/\/afrosinogros.com\/wp-content\/uploads\/2025\/09\/cropped-afrosino_logo_optimized-removebg-preview.png","width":512,"height":512,"caption":"AfroSino"},"image":{"@id":"https:\/\/afrosinogros.com\/#\/schema\/logo\/image\/"}}]}},"uagb_featured_image_src":{"full":["https:\/\/afrosinogros.com\/wp-content\/uploads\/2025\/07\/SH1002CPWT.jpg",800,1067,false],"thumbnail":["https:\/\/afrosinogros.com\/wp-content\/uploads\/2025\/07\/SH1002CPWT-150x150.jpg",150,150,true],"medium":["https:\/\/afrosinogros.com\/wp-content\/uploads\/2025\/07\/SH1002CPWT-225x300.jpg",225,300,true],"medium_large":["https:\/\/afrosinogros.com\/wp-content\/uploads\/2025\/07\/SH1002CPWT-768x1024.jpg",768,1024,true],"large":["https:\/\/afrosinogros.com\/wp-content\/uploads\/2025\/07\/SH1002CPWT-768x1024.jpg",768,1024,true],"1536x1536":["https:\/\/afrosinogros.com\/wp-content\/uploads\/2025\/07\/SH1002CPWT.jpg",800,1067,false],"2048x2048":["https:\/\/afrosinogros.com\/wp-content\/uploads\/2025\/07\/SH1002CPWT.jpg",800,1067,false],"trp-custom-language-flag":["https:\/\/afrosinogros.com\/wp-content\/uploads\/2025\/07\/SH1002CPWT-9x12.jpg",9,12,true],"woocommerce_archive_thumbnail":["https:\/\/afrosinogros.com\/wp-content\/uploads\/2025\/07\/SH1002CPWT-300x400.jpg",300,400,true],"woocommerce_thumbnail":["https:\/\/afrosinogros.com\/wp-content\/uploads\/2025\/07\/SH1002CPWT-300x300.jpg",300,300,true],"woocommerce_single":["https:\/\/afrosinogros.com\/wp-content\/uploads\/2025\/07\/SH1002CPWT-600x800.jpg",600,800,true],"woocommerce_gallery_thumbnail":["https:\/\/afrosinogros.com\/wp-content\/uploads\/2025\/07\/SH1002CPWT-100x100.jpg",100,100,true]},"uagb_author_info":{"display_name":"admin","author_link":"https:\/\/afrosinogros.com\/zh\/author\/"},"uagb_comment_info":0,"uagb_excerpt":"\u2728 Caract\u00e9ristiques produit : \u2705 Mod\u00e8les disponibles : SHP1002CP \u2013 Finition chrome poli SHP1002WT \u2013 Finition blanc mat \u2705 Type : Pommeau de douche standard\u2705 Poids unitaire : 0,40 kg\u2705 D\u00e9bit : Optimis\u00e9 pour confort et \u00e9conomie d\u2019eau\u2705 Installation : Raccord universel \u2013 compatible avec tous les flexibles standards\u2705 Mat\u00e9riau : Plastique ABS renforc\u00e9 avec&hellip;","jetpack_sharing_enabled":true,"_links":{"self":[{"href":"https:\/\/afrosinogros.com\/zh\/wp-json\/wp\/v2\/product\/989","targetHints":{"allow":["GET"]}}],"collection":[{"href":"https:\/\/afrosinogros.com\/zh\/wp-json\/wp\/v2\/product"}],"about":[{"href":"https:\/\/afrosinogros.com\/zh\/wp-json\/wp\/v2\/types\/product"}],"replies":[{"embeddable":true,"href":"https:\/\/afrosinogros.com\/zh\/wp-json\/wp\/v2\/comments?post=989"}],"wp:featuredmedia":[{"embeddable":true,"href":"https:\/\/afrosinogros.com\/zh\/wp-json\/wp\/v2\/media\/982"}],"wp:attachment":[{"href":"https:\/\/afrosinogros.com\/zh\/wp-json\/wp\/v2\/media?parent=989"}],"wp:term":[{"taxonomy":"product_brand","embeddable":true,"href":"https:\/\/afrosinogros.com\/zh\/wp-json\/wp\/v2\/product_brand?post=989"},{"taxonomy":"product_cat","embeddable":true,"href":"https:\/\/afrosinogros.com\/zh\/wp-json\/wp\/v2\/product_cat?post=989"},{"taxonomy":"product_tag","embeddable":true,"href":"https:\/\/afrosinogros.com\/zh\/wp-json\/wp\/v2\/product_tag?post=989"}],"curies":[{"name":"wp","href":"https:\/\/api.w.org\/{rel}","templated":true}]}}